{"id":3065,"date":"2023-01-09T16:51:01","date_gmt":"2023-01-09T08:51:01","guid":{"rendered":"https:\/\/shuliybaler.com\/?post_type=product&#038;p=3065"},"modified":"2023-01-09T17:10:55","modified_gmt":"2023-01-09T09:10:55","slug":"trash-compactor-machine","status":"publish","type":"product","link":"https:\/\/shuliybaler.com\/vi\/product\/trash-compactor-machine\/","title":{"rendered":"M\u00e1y n\u00e9n r\u00e1c | m\u00e1y n\u00e9n r\u00e1c th\u1ea3i"},"content":{"rendered":"<p class=\"translation-block\">M\u00e1y n\u00e9n r\u00e1c c\u00f2n g\u1ecdi l\u00e0 <a href=\"https:\/\/shuliybaler.com\/vi\/product\/scrap-metal-baler\/\" data-type=\"URL\" data-id=\"https:\/\/shuliybaler.com\/product\/scrap-metal-baler\/\">m\u00e1y n\u00e9n r\u00e1c<\/a>, d\u00f9ng l\u1ef1c \u00e9p \u0111\u1ec3 \u0111\u1ea9y kh\u00ed, ch\u1ea5t l\u1ecfng v\u00e0 n\u01b0\u1edbc ra ngo\u00e0i, gi\u1ea3m th\u1ec3 t\u00edch r\u00e1c th\u00f4ng qua n\u00e9n \u0111\u1ec3 gi\u1ea3m di\u1ec7n t\u00edch ch\u00f4n l\u1ea5p. <a href=\"https:\/\/shuliybaler.com\/vi\/product\/vertical-metal-baler\/\" data-type=\"URL\" data-id=\"https:\/\/shuliybaler.com\/product\/vertical-metal-baler\/\">M\u00e1y n\u00e9n r\u00e1c<\/a> \u0111\u00e3 tr\u1edf th\u00e0nh thi\u1ebft b\u1ecb x\u1eed l\u00fd quan tr\u1ecdng cho b\u1ea3o v\u1ec7 m\u00f4i tr\u01b0\u1eddng.<\/p>   <div class=\"wp-block-image\"> <figure class=\"aligncenter size-full\"><img loading=\"lazy\" decoding=\"async\" width=\"720\" height=\"540\" src=\"https:\/\/shuliybaler.com\/wp-content\/uploads\/2023\/01\/Trash-compactor-machine-1.webp\" alt=\"M\u00e1y n\u00e9n r\u00e1c\" class=\"wp-image-3067\" title=\"\" srcset=\"https:\/\/shuliybaler.com\/wp-content\/uploads\/2023\/01\/Trash-compactor-machine-1.webp 720w, https:\/\/shuliybaler.com\/wp-content\/uploads\/2023\/01\/Trash-compactor-machine-1-360x270.webp 360w, https:\/\/shuliybaler.com\/wp-content\/uploads\/2023\/01\/Trash-compactor-machine-1-180x135.webp 180w\" sizes=\"auto, (max-width: 720px) 100vw, 720px\" \/><figcaption class=\"wp-element-caption\">M\u00e1y n\u00e9n r\u00e1c<\/figcaption><\/figure> <\/div>   <h2 class=\"wp-block-heading\">C\u00e1c ng\u00e0nh c\u00f4ng nghi\u1ec7p n\u00e0o s\u1eed d\u1ee5ng m\u00e1y n\u00e9n r\u00e1c?<\/h2>    <p>M\u1ecdi lo\u1ea1i h\u00ecnh kinh doanh \u0111\u1ec1u ph\u00e1t sinh m\u1ed9t s\u1ed1 d\u1ea1ng ch\u1ea5t th\u1ea3i c\u1ea7n lo\u1ea1i b\u1ecf v\u00e0 \u0111\u1ed5 b\u1ecf. K\u00edch th\u01b0\u1edbc v\u00e0 kh\u1ed1i l\u01b0\u1ee3ng c\u00f4ng vi\u1ec7c c\u1ee7a doanh nghi\u1ec7p t\u0103ng l\u00ean \u0111\u00f2i h\u1ecfi ph\u1ea3i s\u1eed d\u1ee5ng c\u00e1c m\u00e1y n\u00e9n.<\/p>    <figure class=\"wp-block-gallery has-nested-images columns-4 is-cropped wp-block-gallery-2 is-layout-flex wp-block-gallery-is-layout-flex\"> <figure class=\"wp-block-image size-large\"><img loading=\"lazy\" decoding=\"async\" width=\"720\" height=\"540\" data-id=\"3075\" src=\"https:\/\/shuliybaler.com\/wp-content\/uploads\/2023\/01\/waste-paper-packaging.webp\" alt=\"\" class=\"wp-image-3075\" title=\"\" srcset=\"https:\/\/shuliybaler.com\/wp-content\/uploads\/2023\/01\/waste-paper-packaging.webp 720w, https:\/\/shuliybaler.com\/wp-content\/uploads\/2023\/01\/waste-paper-packaging-360x270.webp 360w, https:\/\/shuliybaler.com\/wp-content\/uploads\/2023\/01\/waste-paper-packaging-180x135.webp 180w\" sizes=\"auto, (max-width: 720px) 100vw, 720px\" \/><figcaption class=\"wp-element-caption\">Baling r\u01a1m<\/figcaption><\/figure>    <figure class=\"wp-block-image size-large\"><img loading=\"lazy\" decoding=\"async\" width=\"720\" height=\"540\" data-id=\"3076\" src=\"https:\/\/shuliybaler.com\/wp-content\/uploads\/2023\/01\/straw-baling.webp\" alt=\"\u0111\u00f3ng r\u01a1m\" class=\"wp-image-3076\" title=\"\" srcset=\"https:\/\/shuliybaler.com\/wp-content\/uploads\/2023\/01\/straw-baling.webp 720w, https:\/\/shuliybaler.com\/wp-content\/uploads\/2023\/01\/straw-baling-360x270.webp 360w, https:\/\/shuliybaler.com\/wp-content\/uploads\/2023\/01\/straw-baling-180x135.webp 180w\" sizes=\"auto, (max-width: 720px) 100vw, 720px\" \/><figcaption class=\"wp-element-caption\">Baling r\u01a1m<\/figcaption><\/figure>    <figure class=\"wp-block-image size-large\"><img loading=\"lazy\" decoding=\"async\" width=\"720\" height=\"540\" data-id=\"3077\" src=\"https:\/\/shuliybaler.com\/wp-content\/uploads\/2023\/01\/Corrugated-box-packaging.webp\" alt=\"Bao b\u00ec h\u1ed9p s\u00f3ng\" class=\"wp-image-3077\" title=\"\" srcset=\"https:\/\/shuliybaler.com\/wp-content\/uploads\/2023\/01\/Corrugated-box-packaging.webp 720w, https:\/\/shuliybaler.com\/wp-content\/uploads\/2023\/01\/Corrugated-box-packaging-360x270.webp 360w, https:\/\/shuliybaler.com\/wp-content\/uploads\/2023\/01\/Corrugated-box-packaging-180x135.webp 180w\" sizes=\"auto, (max-width: 720px) 100vw, 720px\" \/><figcaption class=\"wp-element-caption\">Bao b\u00ec h\u1ed9p s\u00f3ng<\/figcaption><\/figure>    <figure class=\"wp-block-image size-large\"><img loading=\"lazy\" decoding=\"async\" width=\"720\" height=\"540\" data-id=\"3078\" src=\"https:\/\/shuliybaler.com\/wp-content\/uploads\/2023\/01\/plastic-bottle-baling.webp\" alt=\"n\u00e9n chai nh\u1ef1a\" class=\"wp-image-3078\" title=\"\" srcset=\"https:\/\/shuliybaler.com\/wp-content\/uploads\/2023\/01\/plastic-bottle-baling.webp 720w, https:\/\/shuliybaler.com\/wp-content\/uploads\/2023\/01\/plastic-bottle-baling-360x270.webp 360w, https:\/\/shuliybaler.com\/wp-content\/uploads\/2023\/01\/plastic-bottle-baling-180x135.webp 180w\" sizes=\"auto, (max-width: 720px) 100vw, 720px\" \/><figcaption class=\"wp-element-caption\">N\u00e9n chai nh\u1ef1a<\/figcaption><\/figure> <\/figure>    <h3 class=\"wp-block-heading\">Nh\u00e0 h\u00e0ng v\u00e0 kh\u00e1ch s\u1ea1n<\/h3>    <p>Vi\u1ec7c s\u1eed d\u1ee5ng ph\u1ed5 bi\u1ebfn nh\u1ea5t c\u1ee7a c\u00e1c m\u00e1y n\u00e9n l\u00e0 trong c\u00e1c ho\u1ea1t \u0111\u1ed9ng b\u00e1n l\u1ebb, nh\u00e0 h\u00e0ng v\u00e0 kh\u00e1ch s\u1ea1n, t\u1ea1o ra r\u00e1c t\u1eeb c\u00e1c v\u1eadt li\u1ec7u \u0111\u00f3ng g\u00f3i, h\u1ed9p \u0111\u1ef1ng \u0111\u1ebfn th\u1ee9c \u0103n th\u1eeba. R\u00e1c \u01b0\u1edbt \u0111\u01b0\u1ee3c \u0111\u01b0a v\u00e0o m\u00e1y n\u00e9n, n\u01a1i \u0111\u1ea7u n\u00e9n nghi\u1ec1n n\u00e1t v\u1eadt li\u1ec7u \u0111\u1ebfn 75% th\u1ec3 t\u00edch ban \u0111\u1ea7u.<\/p>    <h3 class=\"wp-block-heading\">V\u1ec7 sinh y t\u1ebf<\/h3>    <p class=\"translation-block\">Trong h\u1ec7 th\u1ed1ng <a href=\"https:\/\/en.wikipedia.org\/wiki\/Health_system\" data-type=\"URL\" data-id=\"https:\/\/en.wikipedia.org\/wiki\/Health_system\" target=\"_blank\" rel=\"noopener\">ch\u0103m s\u00f3c s\u1ee9c kh\u1ecfe<\/a>, c\u00f3 r\u1ea5t nhi\u1ec1u ch\u1ea5t th\u1ea3i, nh\u01b0ng ph\u1ea7n l\u1edbn kh\u00f4ng th\u1ec3 x\u1eed l\u00fd m\u1ed9t c\u00e1ch t\u00f9y ti\u1ec7n, v\u00e0 c\u00e1c m\u00e1y n\u00e9n ch\u1ea5t th\u1ea3i y t\u1ebf \u0111\u01b0\u1ee3c thi\u1ebft k\u1ebf \u0111\u1ec3 t\u00edch h\u1ee3p ch\u1ee9a \u0111\u1ef1ng, l\u01b0u tr\u1eef v\u00e0 v\u1eadn chuy\u1ec3n nh\u1eb1m ng\u0103n ch\u1eb7n ch\u1ea5t th\u1ea3i ti\u1ebfp x\u00fac v\u1edbi c\u00f4ng ch\u00fang. M\u00e1y n\u00e9n r\u00e1c c\u00f3 th\u1ec3 thu gom c\u00e1c ch\u1ea5t th\u1ea3i y t\u1ebf n\u00e0y, n\u00e9n ch\u00fang v\u00e0 \u0111\u00f3ng g\u00f3i \u0111\u1ec3 x\u1eed l\u00fd th\u1ed1ng nh\u1ea5t.<\/p>    <h3 class=\"wp-block-heading\">Tr\u01b0\u1eddng h\u1ecdc<\/h3>    <figure class=\"wp-block-gallery has-nested-images columns-default is-cropped wp-block-gallery-3 is-layout-flex wp-block-gallery-is-layout-flex\"> <figure class=\"wp-block-image size-large\"><img loading=\"lazy\" decoding=\"async\" width=\"720\" height=\"540\" data-id=\"3079\" src=\"https:\/\/shuliybaler.com\/wp-content\/uploads\/2023\/01\/after-baling.webp\" alt=\"sau khi n\u00e9n\" class=\"wp-image-3079\" title=\"\" srcset=\"https:\/\/shuliybaler.com\/wp-content\/uploads\/2023\/01\/after-baling.webp 720w, https:\/\/shuliybaler.com\/wp-content\/uploads\/2023\/01\/after-baling-360x270.webp 360w, https:\/\/shuliybaler.com\/wp-content\/uploads\/2023\/01\/after-baling-180x135.webp 180w\" sizes=\"auto, (max-width: 720px) 100vw, 720px\" \/><figcaption class=\"wp-element-caption\">Sau khi \u0111\u00f3ng g\u00f3i<\/figcaption><\/figure>    <figure class=\"wp-block-image size-large\"><img loading=\"lazy\" decoding=\"async\" width=\"720\" height=\"540\" data-id=\"3082\" src=\"https:\/\/shuliybaler.com\/wp-content\/uploads\/2023\/01\/after-baling-3.webp\" alt=\"sau khi n\u00e9n\" class=\"wp-image-3082\" title=\"\" srcset=\"https:\/\/shuliybaler.com\/wp-content\/uploads\/2023\/01\/after-baling-3.webp 720w, https:\/\/shuliybaler.com\/wp-content\/uploads\/2023\/01\/after-baling-3-360x270.webp 360w, https:\/\/shuliybaler.com\/wp-content\/uploads\/2023\/01\/after-baling-3-180x135.webp 180w\" sizes=\"auto, (max-width: 720px) 100vw, 720px\" \/><figcaption class=\"wp-element-caption\">Sau khi \u0111\u00f3ng g\u00f3i<\/figcaption><\/figure>    <figure class=\"wp-block-image size-large\"><img loading=\"lazy\" decoding=\"async\" width=\"720\" height=\"540\" data-id=\"3080\" src=\"https:\/\/shuliybaler.com\/wp-content\/uploads\/2023\/01\/after-baling-1.webp\" alt=\"sau khi n\u00e9n\" class=\"wp-image-3080\" title=\"\" srcset=\"https:\/\/shuliybaler.com\/wp-content\/uploads\/2023\/01\/after-baling-1.webp 720w, https:\/\/shuliybaler.com\/wp-content\/uploads\/2023\/01\/after-baling-1-360x270.webp 360w, https:\/\/shuliybaler.com\/wp-content\/uploads\/2023\/01\/after-baling-1-180x135.webp 180w\" sizes=\"auto, (max-width: 720px) 100vw, 720px\" \/><figcaption class=\"wp-element-caption\">Sau khi \u0111\u00f3ng g\u00f3i<\/figcaption><\/figure>    <figure class=\"wp-block-image size-large\"><img loading=\"lazy\" decoding=\"async\" width=\"720\" height=\"540\" data-id=\"3081\" src=\"https:\/\/shuliybaler.com\/wp-content\/uploads\/2023\/01\/after-baling-2.webp\" alt=\"sau khi n\u00e9n\" class=\"wp-image-3081\" title=\"\" srcset=\"https:\/\/shuliybaler.com\/wp-content\/uploads\/2023\/01\/after-baling-2.webp 720w, https:\/\/shuliybaler.com\/wp-content\/uploads\/2023\/01\/after-baling-2-360x270.webp 360w, https:\/\/shuliybaler.com\/wp-content\/uploads\/2023\/01\/after-baling-2-180x135.webp 180w\" sizes=\"auto, (max-width: 720px) 100vw, 720px\" \/><figcaption class=\"wp-element-caption\">Sau khi \u0111\u00f3ng g\u00f3i<\/figcaption><\/figure> <\/figure>    <p>Tr\u01b0\u1eddng h\u1ecdc c\u00f3 nhi\u1ec1u gi\u1ea5y v\u1ee5n, b\u00e0n c\u0169, gh\u1ebf c\u0169 c\u1ea7n \u0111\u01b0\u1ee3c t\u00e1i ch\u1ebf v\u00e0 \u0111\u00f3ng g\u00f3i. Vi\u1ec7c s\u1eed d\u1ee5ng m\u00e1y n\u00e9n r\u00e1c trong tr\u01b0\u1eddng h\u1ecdc r\u1ea5t h\u1eefu \u00edch. \u0110\u1eb7c bi\u1ec7t, m\u1ed9t s\u1ed1 gi\u1ea5y c\u00f3 th\u1ec3 \u0111\u01b0\u1ee3c t\u00e1i ch\u1ebf, c\u00f3 l\u1ee3i cho b\u1ea3o v\u1ec7 m\u00f4i tr\u01b0\u1eddng.<\/p>    <h2 class=\"wp-block-heading\">L\u1ee3i \u00edch c\u1ee7a vi\u1ec7c s\u1eed d\u1ee5ng m\u00e1y n\u00e9n r\u00e1c<\/h2>    <figure class=\"wp-block-gallery has-nested-images columns-2 is-cropped wp-block-gallery-4 is-layout-flex wp-block-gallery-is-layout-flex\"> <figure class=\"wp-block-image size-large\"><img loading=\"lazy\" decoding=\"async\" width=\"720\" height=\"540\" data-id=\"3070\" src=\"https:\/\/shuliybaler.com\/wp-content\/uploads\/2023\/01\/Trash-compactor-machine-2.webp\" alt=\"M\u00e1y n\u00e9n r\u00e1c\" class=\"wp-image-3070\" title=\"\" srcset=\"https:\/\/shuliybaler.com\/wp-content\/uploads\/2023\/01\/Trash-compactor-machine-2.webp 720w, https:\/\/shuliybaler.com\/wp-content\/uploads\/2023\/01\/Trash-compactor-machine-2-360x270.webp 360w, https:\/\/shuliybaler.com\/wp-content\/uploads\/2023\/01\/Trash-compactor-machine-2-180x135.webp 180w\" sizes=\"auto, (max-width: 720px) 100vw, 720px\" \/><figcaption class=\"wp-element-caption\">M\u00e1y n\u00e9n r\u00e1c<\/figcaption><\/figure>    <figure class=\"wp-block-image size-large\"><img loading=\"lazy\" decoding=\"async\" width=\"720\" height=\"540\" data-id=\"3071\" src=\"https:\/\/shuliybaler.com\/wp-content\/uploads\/2023\/01\/Trash-compactor-machine-3.webp\" alt=\"M\u00e1y n\u00e9n r\u00e1c\" class=\"wp-image-3071\" title=\"\" srcset=\"https:\/\/shuliybaler.com\/wp-content\/uploads\/2023\/01\/Trash-compactor-machine-3.webp 720w, https:\/\/shuliybaler.com\/wp-content\/uploads\/2023\/01\/Trash-compactor-machine-3-360x270.webp 360w, https:\/\/shuliybaler.com\/wp-content\/uploads\/2023\/01\/Trash-compactor-machine-3-180x135.webp 180w\" sizes=\"auto, (max-width: 720px) 100vw, 720px\" \/><figcaption class=\"wp-element-caption\">M\u00e1y n\u00e9n r\u00e1c<\/figcaption><\/figure>    <figure class=\"wp-block-image size-large\"><img loading=\"lazy\" decoding=\"async\" width=\"720\" height=\"540\" data-id=\"3073\" src=\"https:\/\/shuliybaler.com\/wp-content\/uploads\/2023\/01\/Trash-compactor-machine-5.webp\" alt=\"M\u00e1y n\u00e9n r\u00e1c \" class=\"wp-image-3073\" title=\"\" srcset=\"https:\/\/shuliybaler.com\/wp-content\/uploads\/2023\/01\/Trash-compactor-machine-5.webp 720w, https:\/\/shuliybaler.com\/wp-content\/uploads\/2023\/01\/Trash-compactor-machine-5-360x270.webp 360w, https:\/\/shuliybaler.com\/wp-content\/uploads\/2023\/01\/Trash-compactor-machine-5-180x135.webp 180w\" sizes=\"auto, (max-width: 720px) 100vw, 720px\" \/><figcaption class=\"wp-element-caption\">M\u00e1y n\u00e9n r\u00e1c <\/figcaption><\/figure>    <figure class=\"wp-block-image size-large\"><img loading=\"lazy\" decoding=\"async\" width=\"720\" height=\"540\" data-id=\"3072\" src=\"https:\/\/shuliybaler.com\/wp-content\/uploads\/2023\/01\/Trash-compactor-machine-4.webp\" alt=\"Nh\u00e0 m\u00e1y s\u1ea3n xu\u1ea5t m\u00e1y n\u00e9n r\u00e1c \" class=\"wp-image-3072\" title=\"\" srcset=\"https:\/\/shuliybaler.com\/wp-content\/uploads\/2023\/01\/Trash-compactor-machine-4.webp 720w, https:\/\/shuliybaler.com\/wp-content\/uploads\/2023\/01\/Trash-compactor-machine-4-360x270.webp 360w, https:\/\/shuliybaler.com\/wp-content\/uploads\/2023\/01\/Trash-compactor-machine-4-180x135.webp 180w\" sizes=\"auto, (max-width: 720px) 100vw, 720px\" \/><figcaption class=\"wp-element-caption\">Nh\u00e0 m\u00e1y s\u1ea3n xu\u1ea5t m\u00e1y n\u00e9n r\u00e1c <\/figcaption><\/figure> <\/figure>    <h2 class=\"wp-block-heading\">Gi\u1ea3m chi ph\u00ed v\u1eadn h\u00e0nh<\/h2>    <p>Qu\u1ea3n l\u00fd v\u00e0 ki\u1ec3m so\u00e1t ch\u1ea5t th\u1ea3i \u0111\u00fang c\u00e1ch c\u00f3 th\u1ec3 gi\u1ea3m chi ph\u00ed v\u1eadn h\u00e0nh. N\u00e9n ch\u1ea5t th\u1ea3i, r\u00e1c th\u1ea3i v\u00e0 r\u00e1c th\u1ea3i l\u00e0m gi\u1ea3m nhu c\u1ea7u thu gom r\u00e1c, c\u0169ng nh\u01b0 nhu c\u1ea7u v\u1ec1 th\u00f9ng ch\u1ee9a v\u00e0 c\u00e1c d\u1ee5ng c\u1ee5 ch\u1ee9a r\u00e1c.<\/p>    <h2 class=\"wp-block-heading\">C\u1ea3i thi\u1ec7n hi\u1ec7u qu\u1ea3 x\u1eed l\u00fd ch\u1ea5t th\u1ea3i<\/h2>    <p>X\u1eed l\u00fd r\u00e1c l\u00e0 m\u1ed9t d\u1ef1 \u00e1n r\u1ea5t l\u1edbn, m\u1ea5t nhi\u1ec1u th\u1eddi gian \u0111\u1ec3 x\u1eed l\u00fd r\u00e1c. Sau khi n\u00e9n th\u1ec3 t\u00edch r\u00e1c, s\u1ebd ti\u1ebft ki\u1ec7m th\u1eddi gian trong x\u1eed l\u00fd v\u00e0 v\u1eadn chuy\u1ec3n.<\/p>    <h2 class=\"wp-block-heading\">T\u0103ng kh\u00f4ng gian<\/h2>   <div class=\"wp-block-image\"> <figure class=\"aligncenter size-full\"><img loading=\"lazy\" decoding=\"async\" width=\"720\" height=\"540\" src=\"https:\/\/shuliybaler.com\/wp-content\/uploads\/2023\/01\/garbage-baler-machine.webp\" alt=\"m\u00e1y n\u00e9n r\u00e1c th\u1ea3i baler r\u00e1c m\u00e1y n\u00e9n r\u00e1c th\u1ea3i baler r\u00e1c m\u00e1y n\u00e9n r\u00e1c th\u1ea3i\" class=\"wp-image-3083\" title=\"\" srcset=\"https:\/\/shuliybaler.com\/wp-content\/uploads\/2023\/01\/garbage-baler-machine.webp 720w, https:\/\/shuliybaler.com\/wp-content\/uploads\/2023\/01\/garbage-baler-machine-360x270.webp 360w, https:\/\/shuliybaler.com\/wp-content\/uploads\/2023\/01\/garbage-baler-machine-180x135.webp 180w\" sizes=\"auto, (max-width: 720px) 100vw, 720px\" \/><figcaption class=\"wp-element-caption\">m\u00e1y n\u00e9n r\u00e1c<\/figcaption><\/figure> <\/div>   <p>M\u00e1y n\u00e9n r\u00e1c c\u00f3 th\u1ec3 x\u1eed l\u00fd r\u00e1c th\u1ea3i c\u1ed3ng k\u1ec1nh v\u00e0 chi\u1ebfm nhi\u1ec1u kh\u00f4ng gian, gi\u1ea3m d\u1ea5u ch\u00e2n c\u1ee7a c\u00f4ng ty b\u1ea1n. C\u00e1c m\u1ea3nh r\u00e1c l\u1edbn c\u00f3 th\u1ec3 \u0111\u01b0\u1ee3c chuy\u1ec3n \u0111\u1ed5i th\u00e0nh c\u00e1c kh\u1ed1i nh\u1ecf ho\u1eb7c kh\u1ed1i d\u1ec5 qu\u1ea3n l\u00fd, l\u00e0m cho vi\u1ec7c x\u1eed l\u00fd r\u00e1c d\u1ec5 d\u00e0ng h\u01a1n v\u00e0 chi\u1ebfm \u00edt kh\u00f4ng gian h\u01a1n.<\/p>    <h2 class=\"wp-block-heading\">D\u1ec5 s\u1eed d\u1ee5ng<\/h2>    <p>Vi\u1ec7c l\u1eafp \u0111\u1eb7t v\u00e0 s\u1eed d\u1ee5ng m\u00e1y n\u00e9n l\u00e0 \u0111\u01a1n gi\u1ea3n, thu\u1eadn ti\u1ec7n v\u00e0 hi\u1ec7u qu\u1ea3. Ng\u01b0\u1eddi d\u00f9ng ch\u1ec9 c\u1ea7n v\u1eadn h\u00e0nh n\u00fat b\u1ea5m, v\u00e0 b\u1ea5t k\u1ef3 th\u00e0nh vi\u00ean n\u00e0o trong nh\u00e2n vi\u00ean c\u00f4ng ty \u0111\u1ec1u c\u00f3 th\u1ec3 v\u1eadn h\u00e0nh m\u00e1y n\u00e9n d\u01b0\u1edbi s\u1ef1 h\u01b0\u1edbng d\u1eabn ph\u00f9 h\u1ee3p.<\/p>    <h2 class=\"wp-block-heading\">An to\u00e0n c\u1ee7a m\u00e1y n\u00e9n r\u00e1c<\/h2>   <div class=\"wp-block-image\"> <figure class=\"aligncenter size-full\"><img loading=\"lazy\" decoding=\"async\" width=\"720\" height=\"540\" src=\"https:\/\/shuliybaler.com\/wp-content\/uploads\/2023\/01\/Trash-compactor-machine-6.webp\" alt=\"M\u00e1y n\u00e9n r\u00e1c \" class=\"wp-image-3074\" title=\"\" srcset=\"https:\/\/shuliybaler.com\/wp-content\/uploads\/2023\/01\/Trash-compactor-machine-6.webp 720w, https:\/\/shuliybaler.com\/wp-content\/uploads\/2023\/01\/Trash-compactor-machine-6-360x270.webp 360w, https:\/\/shuliybaler.com\/wp-content\/uploads\/2023\/01\/Trash-compactor-machine-6-180x135.webp 180w\" sizes=\"auto, (max-width: 720px) 100vw, 720px\" \/><figcaption class=\"wp-element-caption\">M\u00e1y n\u00e9n r\u00e1c <\/figcaption><\/figure> <\/div>   <p>R\u00e1c t\u00edch t\u1ee5 l\u00e2u ng\u00e0y s\u1ebd c\u00f3 t\u00ednh ch\u1ea5t c\u00f3 h\u1ea1i. Khi r\u00e1c \u01b0\u1edbt \u0111\u01b0\u1ee3c ph\u00e9p l\u01b0u tr\u1eef, n\u00f3 s\u1ebd th\u1ed1i r\u1eefa v\u00e0 ph\u00e1t sinh m\u00f9i h\u00f4i, c\u00f3 th\u1ec3 g\u00e2y h\u1ea1i v\u00e0 nguy hi\u1ec3m. R\u00e1c v\u00e0 ch\u1ea5t th\u1ea3i c\u00f3 th\u1ec3 d\u1ec5 d\u00e0ng x\u1eed l\u00fd b\u1eb1ng m\u00e1y n\u00e9n r\u00e1c, gi\u00fap n\u00e9n r\u00e1c c\u00f3 m\u00f9i h\u00f4i v\u00e0 ng\u0103n ch\u1eb7n vi\u1ec7c s\u1ea3n xu\u1ea5t ra l\u01b0\u1ee3ng l\u1edbn h\u00f3a ch\u1ea5t \u0111\u1ed9c h\u1ea1i.<\/p>    <h2 class=\"wp-block-heading\">Th\u00f4ng s\u1ed1 k\u1ef9 thu\u1eadt c\u1ee7a m\u00e1y n\u00e9n r\u00e1c<\/h2>    <figure class=\"wp-block-table\"><table><tbody><tr><td>M\u1eabu m\u00e3<\/td><td>L\u1ef1c danh ngh\u0129a (kn)<\/td><td>Bu\u1ed3ng n\u00e9n (mm)<\/td><td>K\u00edch th\u01b0\u1edbc kh\u1ed1i<br>(mm)<\/td><td>M\u1eadt \u0111\u1ed9 kh\u1ed1i (kg\/m 3 )<\/td><td>C\u00f4ng su\u1ea5t (kg\/h)<\/td><td>c\u00f4ng su\u1ea5t (kW)<\/td><td>Quy tr\u00ecnh x\u1ea3 kh\u1ed1i<\/td><\/tr><tr><td>Y81-1600<\/td><td>1600<\/td><td>1600\u00d7 1000\u00d7800<\/td><td>300\u00d7300\u00d7(400-800)<\/td><td>\u22652000<\/td><td>2000KG\/H-3000KG\/H<\/td><td>22<\/td><td>V\u1eadn h\u00e0nh van th\u1ee7 c\u00f4ng, quay v\u00f2ng<\/td><\/tr><\/tbody><\/table><figcaption class=\"wp-element-caption\">Th\u00f4ng s\u1ed1 k\u1ef9 thu\u1eadt c\u1ee7a m\u00e1y n\u00e9n r\u00e1c<\/figcaption><\/figure>","protected":false},"excerpt":{"rendered":"<p>M\u00e1y n\u00e9n r\u00e1c c\u00f2n g\u1ecdi l\u00e0 m\u00e1y n\u00e9n r\u00e1c th\u1ea3i, \u00e9p kh\u00ed, ch\u1ea5t l\u1ecfng v\u00e0 n\u01b0\u1edbc ra ngo\u00e0i, gi\u1ea3m th\u1ec3 t\u00edch r\u00e1c th\u1ea3i qua n\u00e9n \u0111\u1ec3 gi\u1ea3m di\u1ec7n t\u00edch ch\u00f4n l\u1ea5p. C\u00e1c m\u00e1y n\u00e9n r\u00e1c \u0111\u00e3 tr\u1edf th\u00e0nh thi\u1ebft b\u1ecb x\u1eed l\u00fd quan tr\u1ecdng cho b\u1ea3o v\u1ec7 m\u00f4i tr\u01b0\u1eddng.<\/p>","protected":false},"author":1,"featured_media":3066,"parent":0,"template":"","tags":[],"product-type":[41],"class_list":["post-3065","product","type-product","status-publish","has-post-thumbnail","hentry","product-type-metal-baler-machine"],"_links":{"self":[{"href":"https:\/\/shuliybaler.com\/vi\/wp-json\/wp\/v2\/product\/3065","targetHints":{"allow":["GET"]}}],"collection":[{"href":"https:\/\/shuliybaler.com\/vi\/wp-json\/wp\/v2\/product"}],"about":[{"href":"https:\/\/shuliybaler.com\/vi\/wp-json\/wp\/v2\/types\/product"}],"author":[{"embeddable":true,"href":"https:\/\/shuliybaler.com\/vi\/wp-json\/wp\/v2\/users\/1"}],"wp:featuredmedia":[{"embeddable":true,"href":"https:\/\/shuliybaler.com\/vi\/wp-json\/wp\/v2\/media\/3066"}],"wp:attachment":[{"href":"https:\/\/shuliybaler.com\/vi\/wp-json\/wp\/v2\/media?parent=3065"}],"wp:term":[{"taxonomy":"post_tag","embeddable":true,"href":"https:\/\/shuliybaler.com\/vi\/wp-json\/wp\/v2\/tags?post=3065"},{"taxonomy":"product-type","embeddable":true,"href":"https:\/\/shuliybaler.com\/vi\/wp-json\/wp\/v2\/product-type?post=3065"}],"curies":[{"name":"wp","href":"https:\/\/api.w.org\/{rel}","templated":true}]}}