{"id":3091,"date":"2023-01-17T16:45:15","date_gmt":"2023-01-17T08:45:15","guid":{"rendered":"https:\/\/shuliybaler.com\/?post_type=product&#038;p=3091"},"modified":"2023-01-18T09:01:05","modified_gmt":"2023-01-18T01:01:05","slug":"used-clothes-baling-machine","status":"publish","type":"product","link":"https:\/\/shuliybaler.com\/vi\/product\/used-clothes-baling-machine\/","title":{"rendered":"M\u00e1y \u0111\u00f3ng g\u00f3i qu\u1ea7n \u00e1o \u0111\u00e3 qua s\u1eed d\u1ee5ng \u0111\u1ec3 \u00e9p"},"content":{"rendered":"<p>M\u00e1y \u0111\u00f3ng g\u00f3i qu\u1ea7n \u00e1o d\u00f9ng \u0111\u1ec3 \u0111\u00f3ng g\u00f3i v\u00e0 n\u00e9n c\u00e1c v\u1eadt li\u1ec7u r\u1eddi nh\u01b0 qu\u1ea7n \u00e1o c\u0169, b\u00f4ng, qu\u1ea7n \u00e1o, s\u1ee3i cotton, v.v. M\u00e1y n\u00e9n s\u1ebd \u0111\u1ea9y ra c\u00e1c kho\u1ea3ng tr\u1ed1ng trong qu\u1ea7n \u00e1o \u0111\u1ec3 gi\u1ea3m di\u1ec7n t\u00edch chi\u1ebfm d\u1ee5ng. M\u00e1y \u0111\u00f3ng g\u00f3i qu\u1ea7n \u00e1o th\u01b0\u1eddng d\u00f9ng \u0111\u1ec3 t\u00e1i ch\u1ebf qu\u1ea7n \u00e1o v\u00e0 gi\u00e0y c\u0169, gi\u00fap ti\u1ebft ki\u1ec7m 80% kh\u00f4ng gian sau khi n\u00e9n. M\u00e1y n\u00e9n l\u00e0 c\u00e1c m\u00e1y ph\u1ed5 bi\u1ebfn trong ng\u00e0nh m\u00f4i tr\u01b0\u1eddng v\u00e0 t\u00e1i ch\u1ebf.<\/p>    <h2 class=\"wp-block-heading\">Hai lo\u1ea1i m\u00e1y \u0111\u00f3ng g\u00f3i qu\u1ea7n \u00e1o<\/h2>    <figure class=\"wp-block-gallery has-nested-images columns-default is-cropped wp-block-gallery-2 is-layout-flex wp-block-gallery-is-layout-flex\"> <figure class=\"wp-block-image size-large\"><img loading=\"lazy\" decoding=\"async\" width=\"720\" height=\"540\" data-id=\"3094\" src=\"https:\/\/shuliybaler.com\/wp-content\/uploads\/2023\/01\/Horizontal-clothes-baling-machine.webp\" alt=\"M\u00e1y \u0111\u00f3ng g\u00f3i qu\u1ea7n \u00e1o ngang\" class=\"wp-image-3094\" title=\"\" srcset=\"https:\/\/shuliybaler.com\/wp-content\/uploads\/2023\/01\/Horizontal-clothes-baling-machine.webp 720w, https:\/\/shuliybaler.com\/wp-content\/uploads\/2023\/01\/Horizontal-clothes-baling-machine-360x270.webp 360w, https:\/\/shuliybaler.com\/wp-content\/uploads\/2023\/01\/Horizontal-clothes-baling-machine-180x135.webp 180w\" sizes=\"auto, (max-width: 720px) 100vw, 720px\" \/><figcaption class=\"wp-element-caption\">M\u00e1y \u0111\u00f3ng g\u00f3i qu\u1ea7n \u00e1o ngang<\/figcaption><\/figure>    <figure class=\"wp-block-image size-large\"><img loading=\"lazy\" decoding=\"async\" width=\"720\" height=\"540\" data-id=\"3093\" src=\"https:\/\/shuliybaler.com\/wp-content\/uploads\/2023\/01\/Vertical-clothes-baling-machine.webp\" alt=\"M\u00e1y \u0111\u00f3ng g\u00f3i qu\u1ea7n \u00e1o d\u1ecdc\" class=\"wp-image-3093\" title=\"\" srcset=\"https:\/\/shuliybaler.com\/wp-content\/uploads\/2023\/01\/Vertical-clothes-baling-machine.webp 720w, https:\/\/shuliybaler.com\/wp-content\/uploads\/2023\/01\/Vertical-clothes-baling-machine-360x270.webp 360w, https:\/\/shuliybaler.com\/wp-content\/uploads\/2023\/01\/Vertical-clothes-baling-machine-180x135.webp 180w\" sizes=\"auto, (max-width: 720px) 100vw, 720px\" \/><figcaption class=\"wp-element-caption\">M\u00e1y \u0111\u00f3ng g\u00f3i qu\u1ea7n \u00e1o d\u1ecdc<\/figcaption><\/figure> <\/figure>    <h3 class=\"wp-block-heading\">M\u00e1y \u0111\u00f3ng g\u00f3i qu\u1ea7n \u00e1o d\u1ecdc<\/h3>    <p class=\"translation-block\"><a href=\"https:\/\/shuliybaler.com\/vi\/product\/vertical-metal-baler\/\" data-type=\"URL\" data-id=\"https:\/\/shuliybaler.com\/product\/vertical-metal-baler\/\">Baler d\u1ecdc<\/a> l\u00e0 m\u1ed9t lo\u1ea1i baler nh\u1ecf, c\u00f3 th\u1ec3 b\u1ecf qu\u1ea7n \u00e1o c\u0169 v\u00e0o ph\u1ec5u, sau \u0111\u00f3 m\u00e1y n\u00e9n th\u1ee7y l\u1ef1c c\u00f3 th\u1ec3 n\u00e9n qu\u1ea7n \u00e1o.<\/p>    <h4 class=\"wp-block-heading\">Th\u00f4ng s\u1ed1 k\u1ef9 thu\u1eadt c\u1ee7a baler d\u1ecdc<\/h4>   <div class=\"wp-block-image\"> <figure class=\"aligncenter size-full\"><img loading=\"lazy\" decoding=\"async\" width=\"720\" height=\"540\" src=\"https:\/\/shuliybaler.com\/wp-content\/uploads\/2023\/01\/Vertical-balers.webp\" alt=\"Baler d\u1ecdc\" class=\"wp-image-3095\" title=\"\" srcset=\"https:\/\/shuliybaler.com\/wp-content\/uploads\/2023\/01\/Vertical-balers.webp 720w, https:\/\/shuliybaler.com\/wp-content\/uploads\/2023\/01\/Vertical-balers-360x270.webp 360w, https:\/\/shuliybaler.com\/wp-content\/uploads\/2023\/01\/Vertical-balers-180x135.webp 180w\" sizes=\"auto, (max-width: 720px) 100vw, 720px\" \/><figcaption class=\"wp-element-caption\">Baler d\u1ecdc<\/figcaption><\/figure> <\/div>   <figure class=\"wp-block-table\"><table><tbody><tr><td>M\u1eabu m\u00e3<\/td><td>SL-10T<\/td><td>SL-20T<\/td><td>SL-30T<\/td><td>SL-60T<\/td><td>SL-80T<\/td><\/tr><tr><td>C\u00f4ng su\u1ea5t\uff08kW\uff09<\/td><td>5.5<\/td><td>7.5<\/td><td>11<\/td><td>15<\/td><td>17<\/td><\/tr><tr><td>bao b\u00ec (mm)<\/td><td>800*400*800<\/td><td>800*400*800<\/td><td>800*400*600<\/td><td>1150*750*1000<\/td><td>1150*750*1000<\/td><\/tr><tr><td>\u00e1p l\u1ef1c (mm)<\/td><td>1000<\/td><td>1000<\/td><td>1000<\/td><td>1100<\/td><td>1100<\/td><\/tr><tr><td>k\u00edch th\u01b0\u1edbc\uff08mm\uff09<\/td><td>1400*700*2900<\/td><td>1400*700*2950<\/td><td>1450*800*2950<\/td><td>1700*1000*3200<\/td><td>1800*1000*3200<\/td><\/tr><tr><td>Xi lanh d\u1ea7u<\/td><td>125<\/td><td>160<\/td><td>160<\/td><td>160<\/td><td>180<\/td><\/tr><tr><td>T\u1ed1c \u0111\u1ed9 \u0111\u00f3ng g\u00f3i (m\/ph\u00fat)<\/td><td>8-10<\/td><td>8-10<\/td><td>8-10<\/td><td>6-10<\/td><td>6-10<\/td><\/tr><tr><td>Tr\u1ecdng l\u01b0\u1ee3ng\uff08kg\uff09<\/td><td>400<\/td><td>850<\/td><td>950<\/td><td>1600<\/td><td>2000<\/td><\/tr><\/tbody><\/table><figcaption class=\"wp-element-caption\">Th\u00f4ng s\u1ed1 k\u1ef9 thu\u1eadt c\u1ee7a baler d\u1ecdc<\/figcaption><\/figure>    <h3 class=\"wp-block-heading\">M\u00e1y \u0111\u00f3ng g\u00f3i qu\u1ea7n \u00e1o ngang<\/h3>    <figure class=\"wp-block-gallery has-nested-images columns-default is-cropped wp-block-gallery-3 is-layout-flex wp-block-gallery-is-layout-flex\"> <figure class=\"wp-block-image size-large\"><img loading=\"lazy\" decoding=\"async\" width=\"720\" height=\"540\" data-id=\"3097\" src=\"https:\/\/shuliybaler.com\/wp-content\/uploads\/2023\/01\/Automatic-horizontal-baler.webp\" alt=\"M\u00e1y n\u00e9n baler ngang t\u1ef1 \u0111\u1ed9ng\" class=\"wp-image-3097\" title=\"\" srcset=\"https:\/\/shuliybaler.com\/wp-content\/uploads\/2023\/01\/Automatic-horizontal-baler.webp 720w, https:\/\/shuliybaler.com\/wp-content\/uploads\/2023\/01\/Automatic-horizontal-baler-360x270.webp 360w, https:\/\/shuliybaler.com\/wp-content\/uploads\/2023\/01\/Automatic-horizontal-baler-180x135.webp 180w\" sizes=\"auto, (max-width: 720px) 100vw, 720px\" \/><figcaption class=\"wp-element-caption\">Baler ngang t\u1ef1 \u0111\u1ed9ng<\/figcaption><\/figure>    <figure class=\"wp-block-image size-large\"><img loading=\"lazy\" decoding=\"async\" width=\"720\" height=\"540\" data-id=\"3096\" src=\"https:\/\/shuliybaler.com\/wp-content\/uploads\/2023\/01\/Automatic-horizontal-baler-conveyor-belt.webp\" alt=\"B\u0103ng chuy\u1ec1n baler ngang t\u1ef1 \u0111\u1ed9ng\" class=\"wp-image-3096\" title=\"\" srcset=\"https:\/\/shuliybaler.com\/wp-content\/uploads\/2023\/01\/Automatic-horizontal-baler-conveyor-belt.webp 720w, https:\/\/shuliybaler.com\/wp-content\/uploads\/2023\/01\/Automatic-horizontal-baler-conveyor-belt-360x270.webp 360w, https:\/\/shuliybaler.com\/wp-content\/uploads\/2023\/01\/Automatic-horizontal-baler-conveyor-belt-180x135.webp 180w\" sizes=\"auto, (max-width: 720px) 100vw, 720px\" \/><figcaption class=\"wp-element-caption\">B\u0103ng chuy\u1ec1n m\u00e1y \u0111\u00f3ng g\u00f3i baler ngang t\u1ef1 \u0111\u1ed9ng<\/figcaption><\/figure> <\/figure>    <p class=\"translation-block\"><a href=\"https:\/\/shuliybaler.com\/vi\/product\/waste-paper-baler-machine\/\" data-type=\"URL\" data-id=\"https:\/\/shuliybaler.com\/product\/waste-paper-baler-machine\/\">Baler ngang<\/a> l\u00e0 lo\u1ea1i baler l\u1edbn h\u01a1n, ph\u00f9 h\u1ee3p cho s\u1ea3n xu\u1ea5t ho\u00e0n to\u00e0n t\u1ef1 \u0111\u1ed9ng, c\u00f3 th\u1ec3 k\u1ebft h\u1ee3p v\u1edbi b\u0103ng chuy\u1ec1n \u0111\u1ec3 \u0111\u01b0a qu\u1ea7n \u00e1o \u0111\u00e3 qua s\u1eed d\u1ee5ng tr\u1ef1c ti\u1ebfp l\u00ean b\u0103ng chuy\u1ec1n, sau \u0111\u00f3 v\u1eadn chuy\u1ec3n \u0111\u1ebfn baler ngang \u0111\u1ec3 \u0111\u00f3ng g\u00f3i v\u00e0 n\u00e9n.<\/p>    <h4 class=\"wp-block-heading\">Th\u00f4ng s\u1ed1 k\u1ef9 thu\u1eadt c\u1ee7a baler ngang<\/h4>    <figure class=\"wp-block-gallery has-nested-images columns-2 is-cropped wp-block-gallery-4 is-layout-flex wp-block-gallery-is-layout-flex\"> <figure class=\"wp-block-image size-large\"><img loading=\"lazy\" decoding=\"async\" width=\"720\" height=\"540\" data-id=\"3098\" src=\"https:\/\/shuliybaler.com\/wp-content\/uploads\/2023\/01\/Horizontal-baler-parameters.webp\" alt=\"M\u00e1y n\u00e9n ngang \" class=\"wp-image-3098\" title=\"\" srcset=\"https:\/\/shuliybaler.com\/wp-content\/uploads\/2023\/01\/Horizontal-baler-parameters.webp 720w, https:\/\/shuliybaler.com\/wp-content\/uploads\/2023\/01\/Horizontal-baler-parameters-360x270.webp 360w, https:\/\/shuliybaler.com\/wp-content\/uploads\/2023\/01\/Horizontal-baler-parameters-180x135.webp 180w\" sizes=\"auto, (max-width: 720px) 100vw, 720px\" \/><figcaption class=\"wp-element-caption\">Baler ngang <\/figcaption><\/figure>    <figure class=\"wp-block-image size-large\"><img loading=\"lazy\" decoding=\"async\" width=\"720\" height=\"540\" data-id=\"3099\" src=\"https:\/\/shuliybaler.com\/wp-content\/uploads\/2023\/01\/Horizontal-baler-parameters-1.webp\" alt=\"M\u00e1y n\u00e9n ngang \" class=\"wp-image-3099\" title=\"\" srcset=\"https:\/\/shuliybaler.com\/wp-content\/uploads\/2023\/01\/Horizontal-baler-parameters-1.webp 720w, https:\/\/shuliybaler.com\/wp-content\/uploads\/2023\/01\/Horizontal-baler-parameters-1-360x270.webp 360w, https:\/\/shuliybaler.com\/wp-content\/uploads\/2023\/01\/Horizontal-baler-parameters-1-180x135.webp 180w\" sizes=\"auto, (max-width: 720px) 100vw, 720px\" \/><figcaption class=\"wp-element-caption\">Baler ngang <\/figcaption><\/figure>    <figure class=\"wp-block-image size-large\"><img loading=\"lazy\" decoding=\"async\" width=\"720\" height=\"540\" data-id=\"3101\" src=\"https:\/\/shuliybaler.com\/wp-content\/uploads\/2023\/01\/Horizontal-baler-parameters-3.webp\" alt=\"M\u00e1y n\u00e9n ngang \" class=\"wp-image-3101\" title=\"\" srcset=\"https:\/\/shuliybaler.com\/wp-content\/uploads\/2023\/01\/Horizontal-baler-parameters-3.webp 720w, https:\/\/shuliybaler.com\/wp-content\/uploads\/2023\/01\/Horizontal-baler-parameters-3-360x270.webp 360w, https:\/\/shuliybaler.com\/wp-content\/uploads\/2023\/01\/Horizontal-baler-parameters-3-180x135.webp 180w\" sizes=\"auto, (max-width: 720px) 100vw, 720px\" \/><figcaption class=\"wp-element-caption\">Baler ngang <\/figcaption><\/figure>    <figure class=\"wp-block-image size-large\"><img loading=\"lazy\" decoding=\"async\" width=\"720\" height=\"540\" data-id=\"3100\" src=\"https:\/\/shuliybaler.com\/wp-content\/uploads\/2023\/01\/Horizontal-baler-parameters-2.webp\" alt=\"M\u00e1y n\u00e9n ngang \" class=\"wp-image-3100\" title=\"\" srcset=\"https:\/\/shuliybaler.com\/wp-content\/uploads\/2023\/01\/Horizontal-baler-parameters-2.webp 720w, https:\/\/shuliybaler.com\/wp-content\/uploads\/2023\/01\/Horizontal-baler-parameters-2-360x270.webp 360w, https:\/\/shuliybaler.com\/wp-content\/uploads\/2023\/01\/Horizontal-baler-parameters-2-180x135.webp 180w\" sizes=\"auto, (max-width: 720px) 100vw, 720px\" \/><figcaption class=\"wp-element-caption\">Baler ngang <\/figcaption><\/figure> <\/figure>    <figure class=\"wp-block-table\"><table><tbody><tr><td>M\u1eaaU<\/td><td>ZW-B<\/td><\/tr><tr><td>\u0110\u01b0\u1eddng k\u00ednh ngo\u00e0i t\u1ed1i \u0111a c\u1ee7a l\u1ed1p<\/td><td>750mm<\/td><\/tr><tr><td>\u0110\u01b0\u1eddng k\u00ednh trong t\u1ed1i thi\u1ec3u c\u1ee7a l\u1ed1p<\/td><td>300mm<\/td><\/tr><tr><td>Chi\u1ec1u r\u1ed9ng t\u1ed1i \u0111a c\u1ee7a l\u1ed1p<\/td><td>280mm<\/td><\/tr><tr><td>\u0110\u01b0\u1eddng k\u00ednh t\u1ed1i \u0111a c\u1ee7a t\u00fai&nbsp;<\/td><td>200mm<\/td><\/tr><tr><td>Chi\u1ec1u r\u1ed9ng c\u1ee7a b\u0103ng d\u00e1n \u0111\u00f3ng g\u00f3i&nbsp;<\/td><td>40-70mm<\/td><\/tr><tr><td>\u0110i\u1ec7n \u00e1p ngu\u1ed3n cung c\u1ea5p&nbsp;<\/td><td>380v<\/td><\/tr><tr><td>T\u1ed1c \u0111\u1ed9 l\u00e0m vi\u1ec7c&nbsp;<\/td><td>20-30 gi\u00e2y\/m\u00e0ng<\/td><\/tr><tr><td>M\u1eabu m\u00e3<\/td><td>LZW-3H<\/td><\/tr><tr><td>Ph\u1ea1m vi \u0111\u01b0\u1eddng k\u00ednh trong c\u1ee7a l\u1ed1p \u0111\u00f3ng g\u00f3i&nbsp;<\/td><td>305-510mm<\/td><\/tr><tr><td>Chi\u1ec1u r\u1ed9ng c\u1ee7a l\u1ed1p \u0111\u00f3ng g\u00f3i&nbsp;<\/td><td>150-280mm<\/td><\/tr><tr><td>\u0110\u01b0\u1eddng k\u00ednh ngo\u00e0i c\u1ee7a l\u1ed1p \u0111\u00f3ng g\u00f3i&nbsp;<\/td><td>750mm<\/td><\/tr><tr><td>V\u1eadt li\u1ec7u \u0111\u00f3ng g\u00f3i&nbsp;<\/td><td>B\u0103ng d\u00e1n \u0111\u00f3ng g\u00f3i, b\u0103ng gi\u1ea5y h\u1ee3p ch\u1ea5t, phim qu\u1ea5n stretch<\/td><\/tr><tr><td>Chi\u1ec1u r\u1ed9ng c\u1ee7a b\u0103ng d\u00e1n \u0111\u00f3ng g\u00f3i&nbsp;<\/td><td>60-80mm<\/td><\/tr><tr><td>\u0110\u01b0\u1eddng k\u00ednh ngo\u00e0i c\u1ee7a b\u0103ng d\u00e1n \u0111\u00f3ng g\u00f3i&nbsp;<\/td><td>200mm\uff08t\u1ed1i \u0111a\uff09<\/td><\/tr><tr><td>Chi\u1ec1u cao c\u1ee7a con l\u0103n&nbsp;<\/td><td>360mm<\/td><\/tr><tr><td>Con l\u0103n \u0111\u1ee1&nbsp;<\/td><td>200kg<\/td><\/tr><tr><td>Ph\u1ea1m vi ch\u1ed3ng gh\u00e9p b\u0103ng d\u00e1n \u0111\u00f3ng g\u00f3i&nbsp;<\/td><td>30%-70%<\/td><\/tr><tr><td>Hi\u1ec7u qu\u1ea3 s\u1ea3n xu\u1ea5t<\/td><td>750\/R20<\/td><\/tr><\/tbody><\/table><figcaption class=\"wp-element-caption\">Th\u00f4ng s\u1ed1 k\u1ef9 thu\u1eadt c\u1ee7a baler ngang<\/figcaption><\/figure>    <h2 class=\"wp-block-heading\">C\u00e1c v\u1eadt li\u1ec7u c\u00f3 th\u1ec3 x\u1eed l\u00fd b\u1edfi m\u00e1y \u0111\u00f3ng g\u00f3i qu\u1ea7n \u00e1o<\/h2>    <figure class=\"wp-block-gallery has-nested-images columns-default is-cropped wp-block-gallery-5 is-layout-flex wp-block-gallery-is-layout-flex\"> <figure class=\"wp-block-image size-large\"><img loading=\"lazy\" decoding=\"async\" width=\"720\" height=\"540\" data-id=\"3102\" src=\"https:\/\/shuliybaler.com\/wp-content\/uploads\/2023\/01\/clothes-baling-machine.webp\" alt=\"M\u00e1y \u0111\u00f3ng g\u00f3i qu\u1ea7n \u00e1o\" class=\"wp-image-3102\" title=\"\" srcset=\"https:\/\/shuliybaler.com\/wp-content\/uploads\/2023\/01\/clothes-baling-machine.webp 720w, https:\/\/shuliybaler.com\/wp-content\/uploads\/2023\/01\/clothes-baling-machine-360x270.webp 360w, https:\/\/shuliybaler.com\/wp-content\/uploads\/2023\/01\/clothes-baling-machine-180x135.webp 180w\" sizes=\"auto, (max-width: 720px) 100vw, 720px\" \/><figcaption class=\"wp-element-caption\">Baler qu\u1ea7n \u00e1o<\/figcaption><\/figure>    <figure class=\"wp-block-image size-large\"><img loading=\"lazy\" decoding=\"async\" width=\"720\" height=\"540\" data-id=\"3103\" src=\"https:\/\/shuliybaler.com\/wp-content\/uploads\/2023\/01\/clothes-baling-machine-1.webp\" alt=\"M\u00e1y \u0111\u00f3ng g\u00f3i qu\u1ea7n \u00e1o\" class=\"wp-image-3103\" title=\"\" srcset=\"https:\/\/shuliybaler.com\/wp-content\/uploads\/2023\/01\/clothes-baling-machine-1.webp 720w, https:\/\/shuliybaler.com\/wp-content\/uploads\/2023\/01\/clothes-baling-machine-1-360x270.webp 360w, https:\/\/shuliybaler.com\/wp-content\/uploads\/2023\/01\/clothes-baling-machine-1-180x135.webp 180w\" sizes=\"auto, (max-width: 720px) 100vw, 720px\" \/><figcaption class=\"wp-element-caption\">Baler qu\u1ea7n \u00e1o<\/figcaption><\/figure> <\/figure>    <p class=\"translation-block\">C\u00e1c v\u1eadt li\u1ec7u c\u00f3 th\u1ec3 \u0111\u00f3ng g\u00f3i b\u1eb1ng baler bao g\u1ed3m <a href=\"https:\/\/en.wikipedia.org\/wiki\/Cotton\" data-type=\"URL\" data-id=\"https:\/\/en.wikipedia.org\/wiki\/Cotton\" target=\"_blank\" rel=\"noopener\">b\u00f4ng<\/a>, r\u00e1c t\u00e1i ch\u1ebf, gi\u1ea5y v\u1ee5n, <a href=\"https:\/\/en.wikipedia.org\/wiki\/Scrap\" data-type=\"URL\" data-id=\"https:\/\/en.wikipedia.org\/wiki\/Scrap\" target=\"_blank\" rel=\"noopener\">kim lo\u1ea1i ph\u1ebf li\u1ec7u<\/a>, chai nh\u1ef1a, lon, t\u00fai nh\u1ef1a, v.v., \u0111\u1eb7c bi\u1ec7t \u0111\u1ed1i v\u1edbi c\u00e1c s\u1ea3n ph\u1ea9m c\u00f3 khe h\u1edf l\u1edbn v\u00e0 kh\u00f4ng gian l\u1edbn, hi\u1ec7u qu\u1ea3 s\u1ebd r\u00f5 r\u00e0ng h\u01a1n.<\/p>    <h2 class=\"wp-block-heading\">T\u1ea1i sao s\u1eed d\u1ee5ng m\u00e1y \u0111\u00f3ng g\u00f3i qu\u1ea7n \u00e1o?<\/h2>    <figure class=\"wp-block-gallery has-nested-images columns-default is-cropped wp-block-gallery-6 is-layout-flex wp-block-gallery-is-layout-flex\"> <figure class=\"wp-block-image size-large\"><img loading=\"lazy\" decoding=\"async\" width=\"720\" height=\"540\" data-id=\"3108\" src=\"https:\/\/shuliybaler.com\/wp-content\/uploads\/2023\/01\/clothes-baling-3.webp\" alt=\"n\u00e9n qu\u1ea7n \u00e1o\" class=\"wp-image-3108\" title=\"\" srcset=\"https:\/\/shuliybaler.com\/wp-content\/uploads\/2023\/01\/clothes-baling-3.webp 720w, https:\/\/shuliybaler.com\/wp-content\/uploads\/2023\/01\/clothes-baling-3-360x270.webp 360w, https:\/\/shuliybaler.com\/wp-content\/uploads\/2023\/01\/clothes-baling-3-180x135.webp 180w\" sizes=\"auto, (max-width: 720px) 100vw, 720px\" \/><figcaption class=\"wp-element-caption\">Baler qu\u1ea7n \u00e1o<\/figcaption><\/figure>    <figure class=\"wp-block-image size-large\"><img loading=\"lazy\" decoding=\"async\" width=\"720\" height=\"540\" data-id=\"3104\" src=\"https:\/\/shuliybaler.com\/wp-content\/uploads\/2023\/01\/clothes-baling.webp\" alt=\"n\u00e9n qu\u1ea7n \u00e1o\" class=\"wp-image-3104\" title=\"\" srcset=\"https:\/\/shuliybaler.com\/wp-content\/uploads\/2023\/01\/clothes-baling.webp 720w, https:\/\/shuliybaler.com\/wp-content\/uploads\/2023\/01\/clothes-baling-360x270.webp 360w, https:\/\/shuliybaler.com\/wp-content\/uploads\/2023\/01\/clothes-baling-180x135.webp 180w\" sizes=\"auto, (max-width: 720px) 100vw, 720px\" \/><figcaption class=\"wp-element-caption\">Baler qu\u1ea7n \u00e1o<\/figcaption><\/figure>    <figure class=\"wp-block-image size-large\"><img loading=\"lazy\" decoding=\"async\" width=\"720\" height=\"540\" data-id=\"3105\" src=\"https:\/\/shuliybaler.com\/wp-content\/uploads\/2023\/01\/clothes-baling-1.webp\" alt=\"n\u00e9n qu\u1ea7n \u00e1o\" class=\"wp-image-3105\" title=\"\" srcset=\"https:\/\/shuliybaler.com\/wp-content\/uploads\/2023\/01\/clothes-baling-1.webp 720w, https:\/\/shuliybaler.com\/wp-content\/uploads\/2023\/01\/clothes-baling-1-360x270.webp 360w, https:\/\/shuliybaler.com\/wp-content\/uploads\/2023\/01\/clothes-baling-1-180x135.webp 180w\" sizes=\"auto, (max-width: 720px) 100vw, 720px\" \/><figcaption class=\"wp-element-caption\">Baler qu\u1ea7n \u00e1o<\/figcaption><\/figure> <\/figure>    <ol class=\"wp-block-list\"> <li>Gi\u1ea3m kh\u1ed1i l\u01b0\u1ee3ng x\u1eed l\u00fd v\u1eadt li\u1ec7u v\u00e0 n\u00e2ng cao hi\u1ec7u qu\u1ea3 v\u1eadn chuy\u1ec3n<\/li>    <li>Ti\u1ebft ki\u1ec7m t\u1eeb vi\u1ec7c tr\u00e1nh x\u1eed l\u00fd v\u1eadt li\u1ec7u<\/li>    <li>T\u1ea1o thu nh\u1eadp t\u1eeb vi\u1ec7c b\u00e1n v\u1eadt li\u1ec7u \u0111\u00f3ng g\u00f3i<\/li>    <li>\u0110\u00e1p \u1ee9ng ho\u1eb7c v\u01b0\u1ee3t ti\u00eau chu\u1ea9n ng\u00e0nh \u0111\u1ec3 t\u1ed1i \u0111a h\u00f3a gi\u00e1 tr\u1ecb s\u1ea3n ph\u1ea9m<\/li> <\/ol>    <figure class=\"wp-block-embed is-type-video is-provider-youtube wp-block-embed-youtube wp-embed-aspect-16-9 wp-has-aspect-ratio\"><div class=\"wp-block-embed__wrapper\"> <iframe loading=\"lazy\" title=\"Hai lo\u1ea1i m\u00e1y \u0111\u00f3ng g\u00f3i qu\u1ea7n \u00e1o c\u0169 | baler qu\u1ea7n \u00e1o d\u1ecdc | baler qu\u1ea7n \u00e1o ngang\" width=\"500\" height=\"281\" src=\"https:\/\/www.youtube.com\/embed\/UJUC6do1EKU?feature=oembed\" frameborder=\"0\" allow=\"accelerometer; autoplay; clipboard-write; encrypted-media; gyroscope; picture-in-picture; web-share\" referrerpolicy=\"strict-origin-when-cross-origin\" allowfullscreen><\/iframe> <\/div><figcaption class=\"wp-element-caption\">M\u00e1y \u0111\u00f3ng g\u00f3i qu\u1ea7n \u00e1o<\/figcaption><\/figure>","protected":false},"excerpt":{"rendered":"<p>M\u00e1y n\u00e9n qu\u1ea7n \u00e1o d\u00f9ng \u0111\u1ec3 \u0111\u00f3ng g\u00f3i v\u00e0 n\u00e9n c\u00e1c v\u1eadt li\u1ec7u r\u1eddi nh\u01b0 qu\u1ea7n \u00e1o c\u0169, cotton, qu\u1ea7n \u00e1o, s\u1ee3i cotton, v.v. M\u00e1y n\u00e9n \u00e9p kh\u00ed trong qu\u1ea7n \u00e1o \u0111\u1ec3 gi\u1ea3m di\u1ec7n t\u00edch chi\u1ebfm d\u1ee5ng. M\u00e1y n\u00e9n qu\u1ea7n \u00e1o th\u01b0\u1eddng d\u00f9ng \u0111\u1ec3 t\u00e1i ch\u1ebf qu\u1ea7n \u00e1o v\u00e0 gi\u00e0y c\u0169, gi\u00fap ti\u1ebft ki\u1ec7m 80% kh\u00f4ng gian sau khi n\u00e9n. M\u00e1y n\u00e9n l\u00e0 c\u00e1c m\u00e1y ph\u1ed5 bi\u1ebfn trong ng\u00e0nh m\u00f4i tr\u01b0\u1eddng v\u00e0 t\u00e1i ch\u1ebf.<\/p>","protected":false},"author":1,"featured_media":3092,"parent":0,"template":"","tags":[59],"product-type":[41],"class_list":["post-3091","product","type-product","status-publish","has-post-thumbnail","hentry","tag-used-clothes-baling-machine","product-type-metal-baler-machine"],"_links":{"self":[{"href":"https:\/\/shuliybaler.com\/vi\/wp-json\/wp\/v2\/product\/3091","targetHints":{"allow":["GET"]}}],"collection":[{"href":"https:\/\/shuliybaler.com\/vi\/wp-json\/wp\/v2\/product"}],"about":[{"href":"https:\/\/shuliybaler.com\/vi\/wp-json\/wp\/v2\/types\/product"}],"author":[{"embeddable":true,"href":"https:\/\/shuliybaler.com\/vi\/wp-json\/wp\/v2\/users\/1"}],"wp:featuredmedia":[{"embeddable":true,"href":"https:\/\/shuliybaler.com\/vi\/wp-json\/wp\/v2\/media\/3092"}],"wp:attachment":[{"href":"https:\/\/shuliybaler.com\/vi\/wp-json\/wp\/v2\/media?parent=3091"}],"wp:term":[{"taxonomy":"post_tag","embeddable":true,"href":"https:\/\/shuliybaler.com\/vi\/wp-json\/wp\/v2\/tags?post=3091"},{"taxonomy":"product-type","embeddable":true,"href":"https:\/\/shuliybaler.com\/vi\/wp-json\/wp\/v2\/product-type?post=3091"}],"curies":[{"name":"wp","href":"https:\/\/api.w.org\/{rel}","templated":true}]}}