{"id":3150,"date":"2023-03-22T16:47:23","date_gmt":"2023-03-22T08:47:23","guid":{"rendered":"https:\/\/shuliybaler.com\/?post_type=product&#038;p=3150"},"modified":"2024-01-18T17:44:05","modified_gmt":"2024-01-18T09:44:05","slug":"scrap-hydraulic-tyre-baling-machine","status":"publish","type":"product","link":"https:\/\/shuliybaler.com\/vi\/product\/scrap-hydraulic-tyre-baling-machine\/","title":{"rendered":"M\u00e1y \u00e9p l\u1ed1p t\u00e1i ch\u1ebf \u0111\u1eb7c Scrap hydraulic baler"},"content":{"rendered":"<p class=\"translation-block\">M\u00e1y \u00e9p l\u1ed1p  s\u1eed d\u1ee5ng m\u1ed9t h\u1ec7 th\u1ed1ng th\u1ee7y l\u1ef1c \u0111\u1ec3 n\u00e9n l\u1ed1p xe t\u1ea3i, l\u1ed1p \u00f4 t\u00f4, v.v th\u00e0nh bale, ti\u1ebft ki\u1ec7m kh\u00f4ng gian l\u01b0u tr\u1eef v\u00e0 v\u1eadn chuy\u1ec3n. <\/p>    <p class=\"translation-block\">C\u00f3 hai lo\u1ea1i m\u00e1y \u00e9p l\u1ed1p, <strong>m\u00e1y \u00e9p d\u1ecdc<\/strong> v\u00e0 <strong>m\u00e1y \u00e9p ngang<\/strong>, c\u1ea3 hai \u0111\u1ec1u c\u00f3 th\u1ec3 \u0111\u00f3ng g\u00f3i l\u1ed1p. S\u1ea3n l\u01b0\u1ee3ng c\u1ee7a hai lo\u1ea1i kh\u00e1c nhau. M\u00e1y \u00e9p l\u1ed1p \u0111\u00e3 \u0111\u01b0\u1ee3c \u1ee9ng d\u1ee5ng r\u1ed9ng r\u00e3i trong ng\u00e0nh t\u00e1i ch\u1ebf. <\/p>    <p>V\u00ec v\u1eady, n\u1ebfu b\u1ea1n mu\u1ed1n t\u00e1i ch\u1ebf l\u1ed1p, h\u00e3y li\u00ean h\u1ec7 v\u1edbi ch\u00fang t\u00f4i \u0111\u1ec3 bi\u1ebft th\u00eam chi ti\u1ebft m\u00e1y v\u00e0 gi\u00e1 c\u1ea3!<\/p>    <figure class=\"wp-block-embed is-type-video is-provider-youtube wp-block-embed-youtube wp-embed-aspect-16-9 wp-has-aspect-ratio\"><div class=\"wp-block-embed__wrapper\"> <iframe loading=\"lazy\" title=\"M\u00e1y \u00e9p baling l\u1ed1p ph\u1ebf li\u1ec7u \u0111\u01b0\u1ee3c xu\u1ea5t kh\u1ea9u sang Indonesia | m\u00e1y \u00e9p baling ph\u1ebf li\u1ec7u l\u1ed1p\" width=\"500\" height=\"281\" src=\"https:\/\/www.youtube.com\/embed\/1_gq1TGwO4w?feature=oembed\" frameborder=\"0\" allow=\"accelerometer; autoplay; clipboard-write; encrypted-media; gyroscope; picture-in-picture; web-share\" referrerpolicy=\"strict-origin-when-cross-origin\" allowfullscreen><\/iframe> <\/div><figcaption class=\"wp-element-caption\">video c\u1ee7a m\u00e1y \u00e9p l\u1ed1p ngang<\/figcaption><\/figure>    <h2 class=\"wp-block-heading\"><strong>C\u00e1c lo\u1ea1i m\u00e1y \u00e9p l\u1ed1p \u0111ang b\u00e1n<\/strong><\/h2>    <h3 class=\"wp-block-heading\"><strong>Gi\u1edbi thi\u1ec7u m\u00e1y \u00e9p l\u1ed1p ngang<\/strong><\/h3>    <div class=\"wp-block-media-text alignwide is-stacked-on-mobile\"><figure class=\"wp-block-media-text__media\"><img loading=\"lazy\" decoding=\"async\" width=\"750\" height=\"750\" src=\"https:\/\/shuliybaler.com\/wp-content\/uploads\/2023\/03\/horizontal-tyre-baling-machine.webp\" alt=\" m\u00e1y \u00e9p l\u1ed1p ngang\" class=\"wp-image-3152 size-full\" title=\"\" srcset=\"https:\/\/shuliybaler.com\/wp-content\/uploads\/2023\/03\/horizontal-tyre-baling-machine.webp 750w, https:\/\/shuliybaler.com\/wp-content\/uploads\/2023\/03\/horizontal-tyre-baling-machine-270x270.webp 270w, https:\/\/shuliybaler.com\/wp-content\/uploads\/2023\/03\/horizontal-tyre-baling-machine-540x540.webp 540w\" sizes=\"auto, (max-width: 750px) 100vw, 750px\" \/><\/figure><div class=\"wp-block-media-text__content\"> <p>M\u00e1y \u00e9p ngang n\u00e0y c\u00f3 s\u1ea3n l\u01b0\u1ee3ng kh\u00e1 l\u1edbn. C\u00f3 t\u1ed5ng c\u1ed9ng 4 model. <\/p>    <p>M\u00e1y \u00e9p ngang n\u00e0y c\u00f3 th\u1ec3 \u0111\u00f3ng g\u00f3i 6-8 t\u00fai m\u1ed7i gi\u1edd trung b\u00ecnh. Tr\u1ecdng l\u01b0\u1ee3ng m\u1ed7i t\u00fai l\u1ed1p kh\u00e1c nhau t\u00f9y model. <\/p>    <p>D\u0129 nhi\u00ean, c\u00e0ng l\u1edbn m\u00f4 h\u00ecnh, c\u00e0ng nhi\u1ec1u l\u1ed1p m\u1ed7i t\u00fai v\u00e0 c\u00e0ng n\u1eb7ng.<\/p> <\/div><\/div>    <figure class=\"wp-block-table\"><table><tbody><tr><td>M\u1eabu m\u00e3<\/td><td>SL-DB-100<\/td><td>SL-DB-160<\/td><td>SL-DB-180<\/td><td>SL-DB-200<\/td><\/tr><tr><td>\u00c1p su\u1ea5t<\/td><td>1000KN<\/td><td>1600 KN<\/td><td>1800 KN<\/td><td>2000 KN<\/td><\/tr><tr><td>C\u00f4ng su\u1ea5t ch\u00ednh<\/td><td>22KW 1.5KW 4kw<\/td><td>37KW 1.5KW 4kw<\/td><td>45KW 3KW 5kw<\/td><td>55KW 13KW 5.5kw<\/td><\/tr><tr><td>S\u1ed1 l\u01b0\u1ee3ng d\u00e2y baling<\/td><td>4\/5<\/td><td>4\/5<\/td><td>5<\/td><td>5<\/td><\/tr><tr><td>K\u00edch th\u01b0\u1edbc bale<\/td><td>W1150mm*<br>H1050mm<br>*L(\u0111i\u1ec1u ch\u1ec9nh \u0111\u01b0\u1ee3c)<\/td><td>W1150mm*<br>H1250mm<br>*L(\u0111i\u1ec1u ch\u1ec9nh \u0111\u01b0\u1ee3c)<\/td><td>W1150mm*<br>H1350mm<br>*L(\u0111i\u1ec1u ch\u1ec9nh \u0111\u01b0\u1ee3c)<\/td><td>W1150mm*<br>H1450mm<br>*L(\u0111i\u1ec1u ch\u1ec9nh \u0111\u01b0\u1ee3c)<\/td><\/tr><tr><td>D\u00e2y th\u00e9p<\/td><td>D\u00e2y \u0111\u00e3 luy\u1ec7n 3mm(12#) ho\u1eb7c d\u00e2y nh\u1ef1a<\/td><td>D\u00e2y \u0111\u00e3 luy\u1ec7n 3mm(12#)ho\u1eb7c d\u00e2y nh\u1ef1a<\/td><td>D\u00e2y \u0111\u00e3 luy\u1ec7n 3mm(12#)ho\u1eb7c d\u00e2y nh\u1ef1a<\/td><td>D\u00e2y \u0111\u00e3 luy\u1ec7n 3mm(12#)ho\u1eb7c d\u00e2y nh\u1ef1a<\/td><\/tr><tr><td>\u0110i\u1ec7n \u00e1p<\/td><td>380V\/50HZ<\/td><td>380V\/50HZ<\/td><td>380V\/50HZ<\/td><td>380V\/50HZ<\/td><\/tr><tr><td>Ph\u01b0\u01a1ng ph\u00e1p bu\u1ed9c<\/td><td>B\u1eadt\/ T\u1ef1 \u0111\u1ed9ng<\/td><td>B\u1eadt\/ T\u1ef1 \u0111\u1ed9ng<\/td><td>B\u1eadt\/ T\u1ef1 \u0111\u1ed9ng<\/td><td>B\u1eadt\/ T\u1ef1 \u0111\u1ed9ng<\/td><\/tr><tr><td>Dung l\u01b0\u1ee3ng<\/td><td>6-8 bale\/h<\/td><td>6-8 bale\/h<\/td><td>6-8 bale\/h<\/td><td>6-8 bale\/h<\/td><\/tr><tr><td>Tr\u1ecdng l\u01b0\u1ee3ng bale<\/td><td>500-1000kg<\/td><td>1000-1300kg<\/td><td>1000-1300kg<\/td><td>1000-1300kg<\/td><\/tr><tr><td>K\u00edch th\u01b0\u1edbc b\u0103ng t\u1ea3i<\/td><td>6530*<em>1400<\/em>*3200mm<\/td><td>7113*<em>1555<\/em>*3360mm<\/td><td>7800*<em>1655<\/em>*3360mm<\/td><td>8200*<em>1700<\/em>*3360mm<\/td><\/tr><tr><td>Ph\u01b0\u01a1ng ph\u00e1p v\u1eadn h\u00e0nh<\/td><td>Thao t\u00e1c\/ PLC<\/td><td>Thao t\u00e1c\/ PLC<\/td><td>Thao t\u00e1c\/ PLC<\/td><td>Thao t\u00e1c\/ PLC<\/td><\/tr><\/tbody><\/table><figcaption class=\"wp-element-caption\">th\u00f4ng s\u1ed1 m\u00e1y \u00e9p l\u1ed1p ngang<\/figcaption><\/figure>    <figure class=\"wp-block-gallery has-nested-images columns-default is-cropped wp-block-gallery-2 is-layout-flex wp-block-gallery-is-layout-flex\"> <figure class=\"wp-block-image size-large\"><img loading=\"lazy\" decoding=\"async\" width=\"720\" height=\"540\" data-id=\"3161\" src=\"https:\/\/shuliybaler.com\/wp-content\/uploads\/2023\/03\/horizontal-tyre-baling-machine-1.webp\" alt=\"m\u00e1y n\u00e9n l\u1ed1p xe ngang \u0111\u1ec3 b\u00e1n\" class=\"wp-image-3161\" title=\"\" srcset=\"https:\/\/shuliybaler.com\/wp-content\/uploads\/2023\/03\/horizontal-tyre-baling-machine-1.webp 720w, https:\/\/shuliybaler.com\/wp-content\/uploads\/2023\/03\/horizontal-tyre-baling-machine-1-360x270.webp 360w, https:\/\/shuliybaler.com\/wp-content\/uploads\/2023\/03\/horizontal-tyre-baling-machine-1-180x135.webp 180w\" sizes=\"auto, (max-width: 720px) 100vw, 720px\" \/><figcaption class=\"wp-element-caption\">M\u00e1y \u00e9p l\u1ed1p ngang \u0111\u1ec3 b\u00e1n<\/figcaption><\/figure>    <figure class=\"wp-block-image size-large\"><img loading=\"lazy\" decoding=\"async\" width=\"720\" height=\"540\" data-id=\"3163\" src=\"https:\/\/shuliybaler.com\/wp-content\/uploads\/2023\/03\/horizontal-tyre-baling-machine-3.webp\" alt=\"m\u00e1y \u00e9p l\u1ed1p ngang\" class=\"wp-image-3163\" title=\"\" srcset=\"https:\/\/shuliybaler.com\/wp-content\/uploads\/2023\/03\/horizontal-tyre-baling-machine-3.webp 720w, https:\/\/shuliybaler.com\/wp-content\/uploads\/2023\/03\/horizontal-tyre-baling-machine-3-360x270.webp 360w, https:\/\/shuliybaler.com\/wp-content\/uploads\/2023\/03\/horizontal-tyre-baling-machine-3-180x135.webp 180w\" sizes=\"auto, (max-width: 720px) 100vw, 720px\" \/><figcaption class=\"wp-element-caption\">M\u00e1y \u00e9p l\u1ed1p ngang<\/figcaption><\/figure>    <figure class=\"wp-block-image size-large\"><img loading=\"lazy\" decoding=\"async\" width=\"720\" height=\"540\" data-id=\"3164\" src=\"https:\/\/shuliybaler.com\/wp-content\/uploads\/2023\/03\/horizontal-tyre-baler-machine.webp\" alt=\"m\u00e1y n\u00e9n l\u1ed1p xe ngang\" class=\"wp-image-3164\" title=\"\" srcset=\"https:\/\/shuliybaler.com\/wp-content\/uploads\/2023\/03\/horizontal-tyre-baler-machine.webp 720w, https:\/\/shuliybaler.com\/wp-content\/uploads\/2023\/03\/horizontal-tyre-baler-machine-360x270.webp 360w, https:\/\/shuliybaler.com\/wp-content\/uploads\/2023\/03\/horizontal-tyre-baler-machine-180x135.webp 180w\" sizes=\"auto, (max-width: 720px) 100vw, 720px\" \/><figcaption class=\"wp-element-caption\">M\u00e1y \u00e9p l\u1ed1p ngang<\/figcaption><\/figure>    <figure class=\"wp-block-image size-large\"><img loading=\"lazy\" decoding=\"async\" width=\"720\" height=\"540\" data-id=\"3162\" src=\"https:\/\/shuliybaler.com\/wp-content\/uploads\/2023\/03\/horizontal-tyre-baling-machine-2.webp\" alt=\"M\u00e1y \u00e9p l\u1ed1p d\u1ecdc\" class=\"wp-image-3162\" title=\"\" srcset=\"https:\/\/shuliybaler.com\/wp-content\/uploads\/2023\/03\/horizontal-tyre-baling-machine-2.webp 720w, https:\/\/shuliybaler.com\/wp-content\/uploads\/2023\/03\/horizontal-tyre-baling-machine-2-360x270.webp 360w, https:\/\/shuliybaler.com\/wp-content\/uploads\/2023\/03\/horizontal-tyre-baling-machine-2-180x135.webp 180w\" sizes=\"auto, (max-width: 720px) 100vw, 720px\" \/><figcaption class=\"wp-element-caption\">M\u00e1y \u00e9p l\u1ed1p ngang<\/figcaption><\/figure>    <figure class=\"wp-block-image size-large\"><img loading=\"lazy\" decoding=\"async\" width=\"720\" height=\"540\" data-id=\"3165\" src=\"https:\/\/shuliybaler.com\/wp-content\/uploads\/2023\/03\/horizontal-tire-baling-machine.webp\" alt=\"m\u00e1y n\u00e9n l\u1ed1p xe ngang\" class=\"wp-image-3165\" title=\"\" srcset=\"https:\/\/shuliybaler.com\/wp-content\/uploads\/2023\/03\/horizontal-tire-baling-machine.webp 720w, https:\/\/shuliybaler.com\/wp-content\/uploads\/2023\/03\/horizontal-tire-baling-machine-360x270.webp 360w, https:\/\/shuliybaler.com\/wp-content\/uploads\/2023\/03\/horizontal-tire-baling-machine-180x135.webp 180w\" sizes=\"auto, (max-width: 720px) 100vw, 720px\" \/><figcaption class=\"wp-element-caption\">M\u00e1y \u00e9p l\u1ed1p ngang<\/figcaption><\/figure> <\/figure>    <h3 class=\"wp-block-heading\"><strong>Gi\u1edbi thi\u1ec7u m\u00e1y \u00e9p l\u1ed1p \u0111\u1ee9ng<\/strong><br><\/h3>    <div class=\"wp-block-media-text alignwide has-media-on-the-right is-stacked-on-mobile\"><div class=\"wp-block-media-text__content\"> <p class=\"translation-block\">M\u00e1y \u00e9p d\u1ecdc  chi\u1ebfm \u00edt kh\u00f4ng gian v\u00e0 t\u1ef7 l\u1ec7 n\u00e9n 5:1. <\/p>    <p>C\u00f3 n\u0103m model c\u1ee7a m\u00e1y \u00e9p l\u1ed1p \u0111\u1ee9ng, c\u00f3 th\u1ec3 \u0111\u00f3ng g\u00f3i trung b\u00ecnh 6-10 bale m\u1ed7i gi\u1edd. <\/p>    <p>C\u00e1c model kh\u00e1c nhau c\u00f3 tr\u1ecdng l\u01b0\u1ee3ng kh\u00e1c nhau cho m\u1ed7i t\u00fai l\u1ed1p. M\u1ed7i g\u00f3i c\u1ee7a m\u00f4 h\u00ecnh 80 \u0111\u1ea1t 2000kg.<\/p> <\/div><figure class=\"wp-block-media-text__media\"><img loading=\"lazy\" decoding=\"async\" width=\"720\" height=\"540\" src=\"https:\/\/shuliybaler.com\/wp-content\/uploads\/2023\/03\/vertical-tire-baling-machine.webp\" alt=\"M\u00e1y \u00e9p l\u1ed1p \u0111\u1ee9ng\" class=\"wp-image-3153 size-full\" title=\"\" srcset=\"https:\/\/shuliybaler.com\/wp-content\/uploads\/2023\/03\/vertical-tire-baling-machine.webp 720w, https:\/\/shuliybaler.com\/wp-content\/uploads\/2023\/03\/vertical-tire-baling-machine-360x270.webp 360w, https:\/\/shuliybaler.com\/wp-content\/uploads\/2023\/03\/vertical-tire-baling-machine-180x135.webp 180w\" sizes=\"auto, (max-width: 720px) 100vw, 720px\" \/><\/figure><\/div>    <figure class=\"wp-block-table\"><table><tbody><tr><td>M\u1eabu m\u00e3<\/td><td>SL-10T<\/td><td>SL-20T<\/td><td>SL-30T<\/td><td>SL-60T<\/td><td>SL-80T<\/td><\/tr><tr><td>C\u00f4ng su\u1ea5t\uff08kw\uff09<\/td><td>5.5<\/td><td>7.5<\/td><td>11<\/td><td>15<\/td><td>17<\/td><\/tr><tr><td>bao g\u00f3i\uff08<br>mm\uff09<\/td><td>800*400*800<\/td><td>800*400*800<\/td><td>800*<em>400<\/em>*600<\/td><td>1150*<em>750<\/em>*1000<\/td><td>1150*<em>750<\/em>*1000<\/td><\/tr><tr><td>\u00e1p su\u1ea5t\uff08<br>mm\uff09<\/td><td>1000<\/td><td>1000<\/td><td>1000<\/td><td>1100<\/td><td>1100<\/td><\/tr><tr><td>k\u00edch th\u01b0\u1edbc\uff08mm\uff09<\/td><td>1400*<em>700<\/em>*2900<\/td><td>1400*<em>700<\/em>*2950<\/td><td>1450*<em>700<\/em>*2950<\/td><td>1700*<em>1000<\/em>*3200<\/td><td>1800*<em>1000<\/em>*3200<\/td><\/tr><tr><td>Xi lanh d\u1ea7u<\/td><td>125<\/td><td>160<\/td><td>160<\/td><td>160<\/td><td>180<\/td><\/tr><tr><td>T\u1ed1c \u0111\u1ed9 \u0111\u00f3ng bale<br>(t\/p\/ph\u00fat)<\/td><td>8-10<\/td><td>8-10<\/td><td>8-10<\/td><td>6-10<\/td><td>6-10<\/td><\/tr><tr><td>Tr\u1ecdng l\u01b0\u1ee3ng\uff08kg\uff09<\/td><td>400<\/td><td>850<\/td><td>950<\/td><td>1600<\/td><td>2000<\/td><\/tr><\/tbody><\/table><figcaption class=\"wp-element-caption\">th\u00f4ng s\u1ed1 m\u00e1y \u00e9p l\u1ed1p d\u1ecdc<\/figcaption><\/figure>    <figure class=\"wp-block-gallery has-nested-images columns-default is-cropped wp-block-gallery-3 is-layout-flex wp-block-gallery-is-layout-flex\"> <figure class=\"wp-block-image size-large\"><img loading=\"lazy\" decoding=\"async\" width=\"750\" height=\"750\" data-id=\"3160\" src=\"https:\/\/shuliybaler.com\/wp-content\/uploads\/2023\/03\/vertical-tire-baler-machine.webp\" alt=\"M\u00e1y n\u00e9n l\u1ed1p d\u1ecdc\" class=\"wp-image-3160\" title=\"\" srcset=\"https:\/\/shuliybaler.com\/wp-content\/uploads\/2023\/03\/vertical-tire-baler-machine.webp 750w, https:\/\/shuliybaler.com\/wp-content\/uploads\/2023\/03\/vertical-tire-baler-machine-270x270.webp 270w, https:\/\/shuliybaler.com\/wp-content\/uploads\/2023\/03\/vertical-tire-baler-machine-540x540.webp 540w\" sizes=\"auto, (max-width: 750px) 100vw, 750px\" \/><figcaption class=\"wp-element-caption\">M\u00e1y \u00e9p l\u1ed1p \u0111\u1ee9ng<\/figcaption><\/figure>    <figure class=\"wp-block-image size-large\"><img loading=\"lazy\" decoding=\"async\" width=\"750\" height=\"750\" data-id=\"3159\" src=\"https:\/\/shuliybaler.com\/wp-content\/uploads\/2023\/03\/vertical-tire-baling-machine-1.webp\" alt=\"M\u00e1y n\u00e9n l\u1ed1p d\u1ecdc\" class=\"wp-image-3159\" title=\"\" srcset=\"https:\/\/shuliybaler.com\/wp-content\/uploads\/2023\/03\/vertical-tire-baling-machine-1.webp 750w, https:\/\/shuliybaler.com\/wp-content\/uploads\/2023\/03\/vertical-tire-baling-machine-1-270x270.webp 270w, https:\/\/shuliybaler.com\/wp-content\/uploads\/2023\/03\/vertical-tire-baling-machine-1-540x540.webp 540w\" sizes=\"auto, (max-width: 750px) 100vw, 750px\" \/><figcaption class=\"wp-element-caption\">M\u00e1y \u00e9p l\u1ed1p \u0111\u1ee9ng<\/figcaption><\/figure> <\/figure>    <h2 class=\"wp-block-heading\"><strong>\u1ee8ng d\u1ee5ng c\u1ee7a m\u00e1y \u00e9p l\u1ed1p xe t\u1ea3i<\/strong><\/h2>    <p>M\u00e1y \u00e9p l\u1ed1p ph\u1ebf li\u1ec7u ch\u1ee7 y\u1ebfu \u0111\u01b0\u1ee3c s\u1eed d\u1ee5ng trong ng\u00e0nh t\u00e1i ch\u1ebf l\u1ed1p. N\u1ebfu ph\u1ebf li\u1ec7u l\u1ed1p kh\u00f4ng \u0111\u01b0\u1ee3c x\u1eed l\u00fd, d\u1ec5 g\u00e2y \u00f4 nhi\u1ec5m m\u00f4i tr\u01b0\u1eddng. <\/p>    <p>Sau khi \u0111\u01b0\u1ee3c x\u1eed l\u00fd b\u1eb1ng m\u00e1y \u00e9p l\u1ed1p, l\u1ed1p c\u00f3 th\u1ec3 b\u1ecb n\u00e9n th\u00e0nh kh\u1ed1i r\u1eafn, gi\u1ea3m th\u1ec3 t\u00edch v\u00e0 gi\u1ea3m chi ph\u00ed v\u1eadn chuy\u1ec3n v\u00e0 x\u1eed l\u00fd, \u0111\u1ed3ng th\u1eddi gi\u1ea3m r\u1ee7i ro \u00f4 nhi\u1ec5m m\u00f4i tr\u01b0\u1eddng.<\/p>    <figure class=\"wp-block-gallery has-nested-images columns-default is-cropped wp-block-gallery-4 is-layout-flex wp-block-gallery-is-layout-flex\"> <figure class=\"wp-block-image size-large\"><img loading=\"lazy\" decoding=\"async\" width=\"720\" height=\"540\" data-id=\"3157\" src=\"https:\/\/shuliybaler.com\/wp-content\/uploads\/2023\/03\/Scrap-tires.webp\" alt=\"\" class=\"wp-image-3157\" title=\"\" srcset=\"https:\/\/shuliybaler.com\/wp-content\/uploads\/2023\/03\/Scrap-tires.webp 720w, https:\/\/shuliybaler.com\/wp-content\/uploads\/2023\/03\/Scrap-tires-360x270.webp 360w, https:\/\/shuliybaler.com\/wp-content\/uploads\/2023\/03\/Scrap-tires-180x135.webp 180w\" sizes=\"auto, (max-width: 720px) 100vw, 720px\" \/><figcaption class=\"wp-element-caption\">L\u1ed1p xe th\u1ea3i<\/figcaption><\/figure>    <figure class=\"wp-block-image size-large\"><img loading=\"lazy\" decoding=\"async\" width=\"720\" height=\"540\" data-id=\"3158\" src=\"https:\/\/shuliybaler.com\/wp-content\/uploads\/2023\/03\/Scrap-tires-after-baling.webp\" alt=\"L\u1ed1p xe ph\u1ebf li\u1ec7u sau khi \u0111\u00f3ng ki\u1ec7n\" class=\"wp-image-3158\" title=\"\" srcset=\"https:\/\/shuliybaler.com\/wp-content\/uploads\/2023\/03\/Scrap-tires-after-baling.webp 720w, https:\/\/shuliybaler.com\/wp-content\/uploads\/2023\/03\/Scrap-tires-after-baling-360x270.webp 360w, https:\/\/shuliybaler.com\/wp-content\/uploads\/2023\/03\/Scrap-tires-after-baling-180x135.webp 180w\" sizes=\"auto, (max-width: 720px) 100vw, 720px\" \/><figcaption class=\"wp-element-caption\">L\u1ed1p xe th\u1ea3i sau khi \u0111\u00f3ng ki\u1ec7n<\/figcaption><\/figure> <\/figure>    <ul class=\"wp-block-list\"> <li><strong>L\u01b0u tr\u1eef l\u1ed1p xe<\/strong>: M\u00e1y n\u00e9n c\u00f3 th\u1ec3 n\u00e9n l\u1ed1p xe th\u00e0nh th\u1ec3 t\u00edch nh\u1ecf h\u01a1n \u0111\u1ec3 d\u1ec5 d\u00e0ng l\u01b0u tr\u1eef, \u0111\u1eb7c bi\u1ec7t khi kh\u00f4ng gian l\u01b0u tr\u1eef l\u1ed1p xe h\u1ea1n ch\u1ebf, m\u00e1y n\u00e9n c\u00f3 th\u1ec3 t\u1ed1i \u0111a h\u00f3a kh\u00f4ng gian \u0111\u1ec3 \u0111\u1ea1t hi\u1ec7u qu\u1ea3 l\u01b0u tr\u1eef l\u1ed1p xe.<\/li>    <li><strong>V\u1eadn chuy\u1ec3n l\u1ed1p xe<\/strong>: L\u1ed1p xe \u0111\u00e3 \u0111\u00f3ng g\u00f3i d\u1ec5 v\u1eadn chuy\u1ec3n v\u00e0 x\u1eed l\u00fd h\u01a1n so v\u1edbi l\u1ed1p ch\u01b0a n\u00e9n, gi\u1ea3m chi ph\u00ed v\u1eadn chuy\u1ec3n v\u00e0 lao \u0111\u1ed9ng.<\/li> <\/ul>    <h2 class=\"wp-block-heading\"><strong>M\u00e1y \u00e9p l\u1ed1p c\u00f3 th\u1ec3 x\u1eed l\u00fd th\u00eam nguy\u00ean li\u1ec7u n\u00e0o?<\/strong><\/h2>    <p class=\"translation-block\">M\u00e1y \u00e9p l\u1ed1p c\u00f2n \u0111\u01b0\u1ee3c s\u1eed d\u1ee5ng \u0111\u1ec3 \u0111\u00f3ng g\u00f3i <strong>\u00e1o qu\u1ea7n c\u0169 v\u00e0 gi\u00e0y d\u00e9p, \u0111\u00f3ng g\u00f3i v\u1ee5n m\u1ed9c tr\u1ea5u,<\/strong>, <strong>\u0111\u00f3ng g\u00f3i gi\u1ea5y ph\u1ebf li\u1ec7u, \u0111\u00f3ng g\u00f3i b\u00eca, \u0111\u00f3ng g\u00f3i chai PET<\/strong>, v.v. M\u00e1y \u00e9p l\u1ed1p c\u00f3 ph\u1ea1m vi s\u1eed d\u1ee5ng r\u1ed9ng.<\/p>    <figure class=\"wp-block-gallery has-nested-images columns-default is-cropped wp-block-gallery-5 is-layout-flex wp-block-gallery-is-layout-flex\"> <figure class=\"wp-block-image size-large\"><img loading=\"lazy\" decoding=\"async\" width=\"720\" height=\"540\" data-id=\"3154\" src=\"https:\/\/shuliybaler.com\/wp-content\/uploads\/2023\/03\/waste-paper-baling.webp\" alt=\"n\u00e9n gi\u1ea5y th\u1ea3i\" class=\"wp-image-3154\" title=\"\" srcset=\"https:\/\/shuliybaler.com\/wp-content\/uploads\/2023\/03\/waste-paper-baling.webp 720w, https:\/\/shuliybaler.com\/wp-content\/uploads\/2023\/03\/waste-paper-baling-360x270.webp 360w, https:\/\/shuliybaler.com\/wp-content\/uploads\/2023\/03\/waste-paper-baling-180x135.webp 180w\" sizes=\"auto, (max-width: 720px) 100vw, 720px\" \/><figcaption class=\"wp-element-caption\">Baling Gi\u1ea5y ph\u1ebf li\u1ec7u<\/figcaption><\/figure>    <figure class=\"wp-block-image size-large\"><img loading=\"lazy\" decoding=\"async\" width=\"720\" height=\"540\" data-id=\"3155\" src=\"https:\/\/shuliybaler.com\/wp-content\/uploads\/2023\/03\/straw-baling.webp\" alt=\"\u0111\u00f3ng r\u01a1m\" class=\"wp-image-3155\" title=\"\" srcset=\"https:\/\/shuliybaler.com\/wp-content\/uploads\/2023\/03\/straw-baling.webp 720w, https:\/\/shuliybaler.com\/wp-content\/uploads\/2023\/03\/straw-baling-360x270.webp 360w, https:\/\/shuliybaler.com\/wp-content\/uploads\/2023\/03\/straw-baling-180x135.webp 180w\" sizes=\"auto, (max-width: 720px) 100vw, 720px\" \/><figcaption class=\"wp-element-caption\">Baling r\u01a1m<\/figcaption><\/figure>    <figure class=\"wp-block-image size-large\"><img loading=\"lazy\" decoding=\"async\" width=\"720\" height=\"540\" data-id=\"3156\" src=\"https:\/\/shuliybaler.com\/wp-content\/uploads\/2023\/03\/Waste-cans-baling.webp\" alt=\"Baling th\u00f9ng kim lo\u1ea1i ph\u1ebf li\u1ec7u\" class=\"wp-image-3156\" title=\"\" srcset=\"https:\/\/shuliybaler.com\/wp-content\/uploads\/2023\/03\/Waste-cans-baling.webp 720w, https:\/\/shuliybaler.com\/wp-content\/uploads\/2023\/03\/Waste-cans-baling-360x270.webp 360w, https:\/\/shuliybaler.com\/wp-content\/uploads\/2023\/03\/Waste-cans-baling-180x135.webp 180w\" sizes=\"auto, (max-width: 720px) 100vw, 720px\" \/><figcaption class=\"wp-element-caption\">Baling th\u00f9ng kim lo\u1ea1i ph\u1ebf li\u1ec7u<\/figcaption><\/figure> <\/figure>    <h2 class=\"wp-block-heading\"><strong>C\u1ea5u tr\u00fac c\u1ee7a m\u00e1y \u00e9p l\u1ed1p \u00f4 t\u00f4<\/strong><\/h2>    <p>M\u1ed9t m\u00e1y \u0111\u00f3ng g\u00f3i l\u1ed1p l\u00e0 m\u1ed9t thi\u1ebft b\u1ecb \u0111\u01b0\u1ee3c s\u1eed d\u1ee5ng \u0111\u1ec3 n\u00e9n l\u1ed1p th\u00e0nh c\u00e1c g\u00f3i n\u00e9n. Thi\u1ebft b\u1ecb ch\u1ee7 y\u1ebfu bao g\u1ed3m khung, h\u1ec7 th\u1ed1ng th\u1ee7y l\u1ef1c, h\u1ec7 th\u1ed1ng \u0111i\u1ec1u khi\u1ec3n v\u00e0 bu\u1ed3ng n\u00e9n.<\/p>    <h2 class=\"wp-block-heading\"><strong>B\u1eaft \u0111\u1ea7u t\u00e1i ch\u1ebf l\u1ed1p ph\u1ebf th\u1ea3i c\u1ee7a b\u1ea1n ngay!<\/strong><\/h2>    <p class=\"translation-block\">B\u1eaft \u0111\u1ea7u <a href=\"https:\/\/en.wikipedia.org\/wiki\/Tire_recycling\" target=\"_blank\" rel=\"noopener\">doanh nghi\u1ec7p t\u00e1i ch\u1ebf l\u1ed1p ph\u1ebf th\u1ea3i<\/a> c\u1ee7a b\u1ea1n ngay b\u00e2y gi\u1edd! Li\u00ean h\u1ec7 v\u1edbi ch\u00fang t\u00f4i ng\u00e0y h\u00f4m nay \u0111\u1ec3 c\u00f3 gi\u1ea3i ph\u00e1p t\u00e1i ch\u1ebf l\u1ed1p chuy\u00ean nghi\u1ec7p gi\u00fap b\u1ea1n qu\u1ea3n l\u00fd ch\u1ea5t th\u1ea3i. T\u1eeb c\u1ea5u h\u00ecnh thi\u1ebft b\u1ecb \u0111\u1ebfn h\u1ed7 tr\u1ee3 k\u1ef9 thu\u1eadt, ch\u00fang t\u00f4i s\u1eb5n s\u00e0ng ph\u1ee5c v\u1ee5 \u0111\u1ec3 t\u1ea1o ra m\u1ed9t n\u1ec1n kinh t\u1ebf tu\u1ea7n ho\u00e0n xanh. H\u00e3y h\u00e0nh \u0111\u1ed9ng ngay v\u00e0 b\u1eaft \u0111\u1ea7u h\u00e0nh tr\u00ecnh t\u00e1i ch\u1ebf l\u1ed1p ph\u1ebf th\u1ea3i c\u1ee7a b\u1ea1n c\u00f9ng nhau!<\/p>","protected":false},"excerpt":{"rendered":"<p>M\u00e1y n\u00e9n l\u1ed1p s\u1eed d\u1ee5ng h\u1ec7 th\u1ed1ng th\u1ee7y l\u1ef1c \u0111\u1ec3 n\u00e9n l\u1ed1p, ti\u1ebft ki\u1ec7m kh\u00f4ng gian l\u01b0u tr\u1eef v\u00e0 v\u1eadn chuy\u1ec3n. C\u00f3 hai lo\u1ea1i m\u00e1y n\u00e9n l\u1ed1p, m\u00e1y n\u00e9n d\u1ecdc v\u00e0 m\u00e1y n\u00e9n ngang, c\u1ea3 hai \u0111\u1ec1u c\u00f3 th\u1ec3 d\u00f9ng \u0111\u1ec3 \u0111\u00f3ng g\u00f3i l\u1ed1p. Ch\u00e0o m\u1eebng b\u1ea1n \u0111\u1ecdc th\u00eam chi ti\u1ebft v\u1ec1 m\u00e1y m\u00f3c!<\/p>","protected":false},"author":1,"featured_media":3151,"parent":0,"template":"","tags":[66],"product-type":[41],"class_list":["post-3150","product","type-product","status-publish","has-post-thumbnail","hentry","tag-tyre-baling-machine","product-type-metal-baler-machine"],"_links":{"self":[{"href":"https:\/\/shuliybaler.com\/vi\/wp-json\/wp\/v2\/product\/3150","targetHints":{"allow":["GET"]}}],"collection":[{"href":"https:\/\/shuliybaler.com\/vi\/wp-json\/wp\/v2\/product"}],"about":[{"href":"https:\/\/shuliybaler.com\/vi\/wp-json\/wp\/v2\/types\/product"}],"author":[{"embeddable":true,"href":"https:\/\/shuliybaler.com\/vi\/wp-json\/wp\/v2\/users\/1"}],"wp:featuredmedia":[{"embeddable":true,"href":"https:\/\/shuliybaler.com\/vi\/wp-json\/wp\/v2\/media\/3151"}],"wp:attachment":[{"href":"https:\/\/shuliybaler.com\/vi\/wp-json\/wp\/v2\/media?parent=3150"}],"wp:term":[{"taxonomy":"post_tag","embeddable":true,"href":"https:\/\/shuliybaler.com\/vi\/wp-json\/wp\/v2\/tags?post=3150"},{"taxonomy":"product-type","embeddable":true,"href":"https:\/\/shuliybaler.com\/vi\/wp-json\/wp\/v2\/product-type?post=3150"}],"curies":[{"name":"wp","href":"https:\/\/api.w.org\/{rel}","templated":true}]}}