{"id":3170,"date":"2023-03-23T14:23:07","date_gmt":"2023-03-23T06:23:07","guid":{"rendered":"https:\/\/shuliybaler.com\/?post_type=product&#038;p=3170"},"modified":"2023-03-23T14:23:09","modified_gmt":"2023-03-23T06:23:09","slug":"a-solution-to-waste-tire-management","status":"publish","type":"product","link":"https:\/\/shuliybaler.com\/vi\/product\/a-solution-to-waste-tire-management\/","title":{"rendered":"Gi\u1ea3i ph\u00e1p cho qu\u1ea3n l\u00fd r\u00e1c th\u1ea3i l\u1ed1p xe"},"content":{"rendered":"<p class=\"translation-block\">L\u1ed1p xe th\u1ea3i l\u00e0 m\u1ed9t trong nh\u1eefng v\u1eadt li\u1ec7u kh\u00f3 x\u1eed l\u00fd nh\u1ea5t do th\u1ec3 t\u00edch l\u1edbn v\u00e0 \u0111\u1ed9 b\u1ec1n c\u1ee7a ch\u00fang. V\u1edbi h\u01a1n m\u1ed9t t\u1ef7 l\u1ed1p b\u1ecb lo\u1ea1i b\u1ecf m\u1ed7i n\u0103m tr\u00ean to\u00e0n c\u1ea7u, vi\u1ec7c t\u00ecm ra gi\u1ea3i ph\u00e1p b\u1ec1n v\u1eefng cho qu\u1ea3n l\u00fd r\u00e1c th\u1ea3i l\u1ed1p xe l\u00e0 r\u1ea5t quan tr\u1ecdng. M\u1ed9t gi\u1ea3i ph\u00e1p s\u00e1ng t\u1ea1o cho v\u1ea5n \u0111\u1ec1 n\u00e0y l\u00e0 <a href=\"https:\/\/shuliybaler.com\/vi\/product\/scrap-hydraulic-tyre-baling-machine\/\" data-type=\"URL\" data-id=\"https:\/\/shuliybaler.com\/product\/scrap-hydraulic-tyre-baling-machine\/\">m\u00e1y n\u00e9n l\u1ed1p<\/a>.<\/p>    <h2 class=\"wp-block-heading\">M\u00e1y n\u00e9n l\u1ed1p xe l\u00e0 g\u00ec?<\/h2>    <figure class=\"wp-block-gallery has-nested-images columns-default is-cropped wp-block-gallery-2 is-layout-flex wp-block-gallery-is-layout-flex\"> <figure class=\"wp-block-image size-large\"><img loading=\"lazy\" decoding=\"async\" width=\"720\" height=\"540\" data-id=\"3172\" src=\"https:\/\/shuliybaler.com\/wp-content\/uploads\/2023\/03\/tire-baler.webp\" alt=\"m\u00e1y \u00e9p l\u1ed1p xe\" class=\"wp-image-3172\" title=\"\" srcset=\"https:\/\/shuliybaler.com\/wp-content\/uploads\/2023\/03\/tire-baler.webp 720w, https:\/\/shuliybaler.com\/wp-content\/uploads\/2023\/03\/tire-baler-360x270.webp 360w, https:\/\/shuliybaler.com\/wp-content\/uploads\/2023\/03\/tire-baler-180x135.webp 180w\" sizes=\"auto, (max-width: 720px) 100vw, 720px\" \/><figcaption class=\"wp-element-caption\">M\u00e1y n\u00e9n l\u1ed1p xe<\/figcaption><\/figure>    <figure class=\"wp-block-image size-large\"><img loading=\"lazy\" decoding=\"async\" width=\"720\" height=\"540\" data-id=\"3173\" src=\"https:\/\/shuliybaler.com\/wp-content\/uploads\/2023\/03\/baling-tire.webp\" alt=\"\u0111\u00f3ng b\u00e1nh l\u1ed1p\" class=\"wp-image-3173\" title=\"\" srcset=\"https:\/\/shuliybaler.com\/wp-content\/uploads\/2023\/03\/baling-tire.webp 720w, https:\/\/shuliybaler.com\/wp-content\/uploads\/2023\/03\/baling-tire-360x270.webp 360w, https:\/\/shuliybaler.com\/wp-content\/uploads\/2023\/03\/baling-tire-180x135.webp 180w\" sizes=\"auto, (max-width: 720px) 100vw, 720px\" \/><figcaption class=\"wp-element-caption\">B\u0103ng t\u1ea3i l\u1ed1p xe<\/figcaption><\/figure> <\/figure>    <p class=\"translation-block\">M\u1ed9t <a href=\"https:\/\/shuliybaler.com\/vi\/product\/vertical-metal-baler\/\" data-type=\"URL\" data-id=\"https:\/\/shuliybaler.com\/product\/vertical-metal-baler\/\">m\u00e1y n\u00e9n l\u1ed1p xe<\/a> l\u00e0 m\u1ed9t m\u00e1y n\u00e9n r\u00e1c th\u1ea3i l\u1ed1p th\u00e0nh c\u00e1c b\u00f3 d\u00e0y \u0111\u1eb7c, d\u1ec5 qu\u1ea3n l\u00fd. M\u00e1y s\u1eed d\u1ee5ng \u00e1p l\u1ef1c th\u1ee7y l\u1ef1c \u0111\u1ec3 n\u00e9n ch\u1eb7t l\u1ed1p xe l\u1ea1i v\u1edbi nhau, gi\u1ea3m th\u1ec3 t\u00edch c\u1ee7a ch\u00fang \u0111\u00e1ng k\u1ec3. Sau khi n\u00e9n, c\u00e1c b\u00f3 l\u1ed1p c\u00f3 th\u1ec3 \u0111\u01b0\u1ee3c v\u1eadn chuy\u1ec3n hi\u1ec7u qu\u1ea3 h\u01a1n v\u00e0 d\u1ec5 d\u00e0ng l\u01b0u tr\u1eef h\u01a1n, l\u00e0m cho n\u00f3 tr\u1edf th\u00e0nh m\u1ed9t gi\u1ea3i ph\u00e1p l\u00fd t\u01b0\u1edfng cho qu\u1ea3n l\u00fd r\u00e1c th\u1ea3i l\u1ed1p xe.<\/p>    <h2 class=\"wp-block-heading\">L\u1ee3i \u00edch c\u1ee7a vi\u1ec7c s\u1eed d\u1ee5ng m\u00e1y n\u00e9n l\u1ed1p xe<\/h2>    <p>L\u1ee3i \u00edch c\u1ee7a vi\u1ec7c s\u1eed d\u1ee5ng m\u00e1y n\u00e9n l\u1ed1p xe l\u00e0 \u0111\u00e1ng k\u1ec3. Tr\u01b0\u1edbc ti\u00ean, c\u00e1c b\u00f3 n\u00e9n chi\u1ebfm \u00edt kh\u00f4ng gian h\u01a1n trong c\u00e1c kho l\u01b0u tr\u1eef v\u00e0 trong qu\u00e1 tr\u00ecnh v\u1eadn chuy\u1ec3n, gi\u1ea3m s\u1ed1 chuy\u1ebfn \u0111i c\u1ea7n thi\u1ebft \u0111\u1ec3 v\u1eadn chuy\u1ec3n ch\u00fang. Hi\u1ec7u qu\u1ea3 n\u00e0y gi\u00fap gi\u1ea3m chi ph\u00ed v\u1eadn chuy\u1ec3n v\u00e0 gi\u1ea3m l\u01b0\u1ee3ng kh\u00ed th\u1ea3i carbon li\u00ean quan \u0111\u1ebfn qu\u1ea3n l\u00fd r\u00e1c th\u1ea3i l\u1ed1p xe. Th\u1ee9 hai, c\u00e1c b\u00f3 n\u00e9n d\u1ec5 d\u00e0ng x\u1eed l\u00fd h\u01a1n, gi\u1ea3m nguy c\u01a1 tai n\u1ea1n lao \u0111\u1ed9ng v\u00e0 n\u00e2ng cao an to\u00e0n n\u01a1i l\u00e0m vi\u1ec7c. Cu\u1ed1i c\u00f9ng, vi\u1ec7c s\u1eed d\u1ee5ng m\u00e1y n\u00e9n l\u1ed1p xe gi\u1ea3m di\u1ec7n t\u00edch c\u1ea7n thi\u1ebft \u0111\u1ec3 l\u01b0u tr\u1eef l\u1ed1p xe, gi\u1ea3i ph\u00f3ng kh\u00f4ng gian qu\u00fd gi\u00e1 cho c\u00e1c m\u1ee5c \u0111\u00edch kh\u00e1c.<\/p>    <h2 class=\"wp-block-heading\">Ai c\u1ea7n m\u00e1y n\u00e9n l\u1ed1p xe?<\/h2>   <div class=\"wp-block-image\"> <figure class=\"aligncenter size-full\"><img loading=\"lazy\" decoding=\"async\" width=\"720\" height=\"540\" src=\"https:\/\/shuliybaler.com\/wp-content\/uploads\/2023\/03\/waste-tire-management-1.webp\" alt=\"qu\u1ea3n l\u00fd r\u00e1c th\u1ea3i l\u1ed1p xe\" class=\"wp-image-3177\" title=\"\" srcset=\"https:\/\/shuliybaler.com\/wp-content\/uploads\/2023\/03\/waste-tire-management-1.webp 720w, https:\/\/shuliybaler.com\/wp-content\/uploads\/2023\/03\/waste-tire-management-1-360x270.webp 360w, https:\/\/shuliybaler.com\/wp-content\/uploads\/2023\/03\/waste-tire-management-1-180x135.webp 180w\" sizes=\"auto, (max-width: 720px) 100vw, 720px\" \/><figcaption class=\"wp-element-caption\">qu\u1ea3n l\u00fd r\u00e1c th\u1ea3i l\u1ed1p xe<\/figcaption><\/figure> <\/div>   <p>M\u00e1y n\u00e9n l\u1ed1p xe l\u00e0 m\u1ed9t m\u00e1y \u0111a n\u0103ng c\u00f3 th\u1ec3 \u0111\u01b0\u1ee3c s\u1eed d\u1ee5ng trong nhi\u1ec1u ng\u00e0nh c\u00f4ng nghi\u1ec7p kh\u00e1c nhau, bao g\u1ed3m \u00f4 t\u00f4, x\u00e2y d\u1ef1ng v\u00e0 qu\u1ea3n l\u00fd ch\u1ea5t th\u1ea3i. Trong ng\u00e0nh c\u00f4ng nghi\u1ec7p \u00f4 t\u00f4, m\u00e1y n\u00e9n l\u1ed1p \u0111\u01b0\u1ee3c s\u1eed d\u1ee5ng \u0111\u1ec3 n\u00e9n r\u00e1c th\u1ea3i l\u1ed1p xe do c\u00e1c nh\u00e0 s\u1ea3n xu\u1ea5t l\u1ed1p v\u00e0 c\u00e1c c\u1eeda h\u00e0ng s\u1eeda ch\u1eefa l\u1ed1p t\u1ea1o ra. Trong ng\u00e0nh x\u00e2y d\u1ef1ng, ch\u00fang \u0111\u01b0\u1ee3c d\u00f9ng \u0111\u1ec3 n\u00e9n l\u1ed1p c\u1ee7a c\u00e1c thi\u1ebft b\u1ecb n\u1eb7ng nh\u01b0 m\u00e1y x\u00fac v\u00e0 m\u00e1y \u1ee7i. Trong ng\u00e0nh qu\u1ea3n l\u00fd ch\u1ea5t th\u1ea3i, m\u00e1y n\u00e9n l\u1ed1p \u0111\u01b0\u1ee3c d\u00f9ng \u0111\u1ec3 n\u00e9n l\u1ed1p ph\u00e1t sinh t\u1eeb c\u00e1c c\u01a1 s\u1edf qu\u1ea3n l\u00fd ch\u1ea5t th\u1ea3i \u0111\u00f4 th\u1ecb.<\/p>    <h2 class=\"wp-block-heading\">S\u1ea3n ph\u1ea9m c\u1ee7a m\u00e1y \u00e9p l\u1ed1p th\u1ea3i<\/h2>    <figure class=\"wp-block-gallery has-nested-images columns-default is-cropped wp-block-gallery-3 is-layout-flex wp-block-gallery-is-layout-flex\"> <figure class=\"wp-block-image size-large\"><img loading=\"lazy\" decoding=\"async\" width=\"720\" height=\"540\" data-id=\"3178\" src=\"https:\/\/shuliybaler.com\/wp-content\/uploads\/2023\/03\/waste-tire-pressing-machine.webp\" alt=\"m\u00e1y \u00e9p l\u1ed1p xe th\u1ea3i\" class=\"wp-image-3178\" title=\"\" srcset=\"https:\/\/shuliybaler.com\/wp-content\/uploads\/2023\/03\/waste-tire-pressing-machine.webp 720w, https:\/\/shuliybaler.com\/wp-content\/uploads\/2023\/03\/waste-tire-pressing-machine-360x270.webp 360w, https:\/\/shuliybaler.com\/wp-content\/uploads\/2023\/03\/waste-tire-pressing-machine-180x135.webp 180w\" sizes=\"auto, (max-width: 720px) 100vw, 720px\" \/><figcaption class=\"wp-element-caption\">M\u00e1y \u00e9p r\u00e1c th\u1ea3i l\u1ed1p xe<\/figcaption><\/figure>    <figure class=\"wp-block-image size-large\"><img loading=\"lazy\" decoding=\"async\" width=\"720\" height=\"540\" data-id=\"3179\" src=\"https:\/\/shuliybaler.com\/wp-content\/uploads\/2023\/03\/waste-tire-pressing-machine-1.webp\" alt=\"m\u00e1y \u00e9p l\u1ed1p xe th\u1ea3i\" class=\"wp-image-3179\" title=\"\" srcset=\"https:\/\/shuliybaler.com\/wp-content\/uploads\/2023\/03\/waste-tire-pressing-machine-1.webp 720w, https:\/\/shuliybaler.com\/wp-content\/uploads\/2023\/03\/waste-tire-pressing-machine-1-360x270.webp 360w, https:\/\/shuliybaler.com\/wp-content\/uploads\/2023\/03\/waste-tire-pressing-machine-1-180x135.webp 180w\" sizes=\"auto, (max-width: 720px) 100vw, 720px\" \/><figcaption class=\"wp-element-caption\">M\u00e1y \u00e9p r\u00e1c th\u1ea3i l\u1ed1p xe<\/figcaption><\/figure>    <figure class=\"wp-block-image size-large\"><img loading=\"lazy\" decoding=\"async\" width=\"720\" height=\"540\" data-id=\"3180\" src=\"https:\/\/shuliybaler.com\/wp-content\/uploads\/2023\/03\/waste-tire-pressing-machine-2.webp\" alt=\"m\u00e1y \u00e9p l\u1ed1p xe th\u1ea3i\" class=\"wp-image-3180\" title=\"\" srcset=\"https:\/\/shuliybaler.com\/wp-content\/uploads\/2023\/03\/waste-tire-pressing-machine-2.webp 720w, https:\/\/shuliybaler.com\/wp-content\/uploads\/2023\/03\/waste-tire-pressing-machine-2-360x270.webp 360w, https:\/\/shuliybaler.com\/wp-content\/uploads\/2023\/03\/waste-tire-pressing-machine-2-180x135.webp 180w\" sizes=\"auto, (max-width: 720px) 100vw, 720px\" \/><figcaption class=\"wp-element-caption\">M\u00e1y \u00e9p r\u00e1c th\u1ea3i l\u1ed1p xe<\/figcaption><\/figure> <\/figure>    <p>C\u00f3 nhi\u1ec1u lo\u1ea1i m\u00e1y n\u00e9n l\u1ed1p xe, t\u1eeb c\u00e1c m\u00e1y nh\u1ecf di \u0111\u1ed9ng \u0111\u1ebfn c\u00e1c m\u00e1y c\u00f4ng nghi\u1ec7p l\u1edbn. K\u00edch th\u01b0\u1edbc c\u1ee7a m\u00e1y ph\u1ee5 thu\u1ed9c v\u00e0o th\u1ec3 t\u00edch l\u1ed1p c\u1ea7n n\u00e9n v\u00e0 kh\u00f4ng gian s\u1eb5n c\u00f3 cho thi\u1ebft b\u1ecb. C\u00e1c m\u00e1y n\u00e9n nh\u1ecf nh\u1ea5t c\u00f3 th\u1ec3 n\u00e9n c\u00f9ng l\u00fac t\u1edbi b\u1ed1n l\u1ed1p xe du l\u1ecbch, trong khi c\u00e1c m\u00e1y l\u1edbn nh\u1ea5t c\u00f3 th\u1ec3 n\u00e9n t\u1edbi 100 l\u1ed1p xe t\u1ea3i trong m\u1ed9t chu tr\u00ecnh.<\/p>    <h2 class=\"wp-block-heading\">Nhi\u1ec1u ph\u01b0\u01a1ng ph\u00e1p qu\u1ea3n l\u00fd r\u00e1c th\u1ea3i l\u1ed1p xe<\/h2>    <figure class=\"wp-block-gallery has-nested-images columns-default is-cropped wp-block-gallery-4 is-layout-flex wp-block-gallery-is-layout-flex\"> <figure class=\"wp-block-image size-large\"><img loading=\"lazy\" decoding=\"async\" width=\"750\" height=\"750\" data-id=\"3175\" src=\"https:\/\/shuliybaler.com\/wp-content\/uploads\/2023\/03\/tyre-crushing-machine.webp\" alt=\"m\u00e1y nghi\u1ec1n l\u1ed1p xe\" class=\"wp-image-3175\" title=\"\" srcset=\"https:\/\/shuliybaler.com\/wp-content\/uploads\/2023\/03\/tyre-crushing-machine.webp 750w, https:\/\/shuliybaler.com\/wp-content\/uploads\/2023\/03\/tyre-crushing-machine-270x270.webp 270w, https:\/\/shuliybaler.com\/wp-content\/uploads\/2023\/03\/tyre-crushing-machine-540x540.webp 540w\" sizes=\"auto, (max-width: 750px) 100vw, 750px\" \/><figcaption class=\"wp-element-caption\">M\u00e1y nghi\u1ec1n l\u1ed1p xe<\/figcaption><\/figure>    <figure class=\"wp-block-image size-large\"><img loading=\"lazy\" decoding=\"async\" width=\"750\" height=\"750\" data-id=\"3176\" src=\"https:\/\/shuliybaler.com\/wp-content\/uploads\/2023\/03\/tire-shredder-machine.webp\" alt=\"m\u00e1y nghi\u1ec1n l\u1ed1p xe\" class=\"wp-image-3176\" title=\"\" srcset=\"https:\/\/shuliybaler.com\/wp-content\/uploads\/2023\/03\/tire-shredder-machine.webp 750w, https:\/\/shuliybaler.com\/wp-content\/uploads\/2023\/03\/tire-shredder-machine-270x270.webp 270w, https:\/\/shuliybaler.com\/wp-content\/uploads\/2023\/03\/tire-shredder-machine-540x540.webp 540w\" sizes=\"auto, (max-width: 750px) 100vw, 750px\" \/><figcaption class=\"wp-element-caption\">M\u00e1y nghi\u1ec1n l\u1ed1p xe<\/figcaption><\/figure> <\/figure>    <p class=\"translation-block\">Ngo\u00e0i m\u00e1y n\u00e9n l\u1ed1p xe, c\u00f2n c\u00f3 th\u1ec3 s\u1eed d\u1ee5ng c\u00e1c m\u00e1y m\u00f3c kh\u00e1c ph\u1ed1i h\u1ee3p \u0111\u1ec3 qu\u1ea3n l\u00fd r\u00e1c th\u1ea3i l\u1ed1p xe hi\u1ec7u qu\u1ea3. <a href=\"https:\/\/shuliybaler.com\/vi\/product\/scrap-metal-shredder-machine\/\" data-type=\"URL\" data-id=\"https:\/\/shuliybaler.com\/product\/scrap-metal-shredder-machine\/\">M\u00e1y xay l\u1ed1p<\/a>, v\u00ed d\u1ee5, \u0111\u01b0\u1ee3c d\u00f9ng \u0111\u1ec3 ph\u00e1 v\u1ee1 l\u1ed1p th\u00e0nh c\u00e1c m\u1ea3nh nh\u1ecf h\u01a1n, c\u00f3 th\u1ec3 \u0111\u01b0a v\u00e0o m\u00e1y n\u00e9n l\u1ed1p \u0111\u1ec3 n\u00e9n. C\u00e1c m\u00e1y pyrolysis l\u1ed1p c\u00f3 th\u1ec3 chuy\u1ec3n \u0111\u1ed5i r\u00e1c th\u1ea3i l\u1ed1p th\u00e0nh c\u00e1c s\u1ea3n ph\u1ea9m ph\u1ee5 c\u00f3 gi\u00e1 tr\u1ecb nh\u01b0 d\u1ea7u v\u00e0 than carbon.<\/p>    <h2 class=\"wp-block-heading\">M\u00e1y n\u00e9n l\u1ed1p xe l\u00e0 m\u1ed9t gi\u1ea3i ph\u00e1p hi\u1ec7u qu\u1ea3 cho qu\u1ea3n l\u00fd r\u00e1c th\u1ea3i l\u1ed1p xe<\/h2>    <p>K\u1ebft lu\u1eadn, m\u00e1y n\u00e9n l\u1ed1p xe l\u00e0 m\u1ed9t gi\u1ea3i ph\u00e1p kh\u1ea3 thi cho qu\u1ea3n l\u00fd l\u1ed1p xe th\u1ea3i, mang l\u1ea1i l\u1ee3i \u00edch \u0111\u00e1ng k\u1ec3 cho m\u00f4i tr\u01b0\u1eddng, an to\u00e0n n\u01a1i l\u00e0m vi\u1ec7c v\u00e0 hi\u1ec7u qu\u1ea3 v\u1eadn h\u00e0nh. B\u1eb1ng c\u00e1ch n\u00e9n l\u1ed1p xe th\u1ea3i th\u00e0nh c\u00e1c b\u00f3, m\u00e1y n\u00e9n l\u1ed1p gi\u1ea3m th\u1ec3 t\u00edch c\u1ee7a l\u1ed1p xe, gi\u00fap d\u1ec5 d\u00e0ng v\u00e0 ti\u1ebft ki\u1ec7m chi ph\u00ed h\u01a1n trong vi\u1ec7c v\u1eadn chuy\u1ec3n v\u00e0 l\u01b0u tr\u1eef ch\u00fang. V\u1edbi nhu c\u1ea7u ng\u00e0y c\u00e0ng t\u0103ng v\u1ec1 c\u00e1c ph\u01b0\u01a1ng ph\u00e1p qu\u1ea3n l\u00fd ch\u1ea5t th\u1ea3i b\u1ec1n v\u1eefng, m\u00e1y n\u00e9n l\u1ed1p xe mang l\u1ea1i m\u1ed9t gi\u1ea3i ph\u00e1p \u0111\u1ea7y h\u1ee9a h\u1eb9n cho v\u1ea5n \u0111\u1ec1 r\u00e1c th\u1ea3i l\u1ed1p xe.<\/p>","protected":false},"excerpt":{"rendered":"<p>L\u1ed1p xe th\u1ea3i l\u00e0 m\u1ed9t trong nh\u1eefng v\u1eadt li\u1ec7u kh\u00f3 x\u1eed l\u00fd nh\u1ea5t do kh\u1ed1i l\u01b0\u1ee3ng l\u1edbn v\u00e0 \u0111\u1ed9 b\u1ec1n c\u1ee7a ch\u00fang. V\u1edbi h\u01a1n m\u1ed9t t\u1ef7 l\u1ed1p xe b\u1ecb lo\u1ea1i b\u1ecf m\u1ed7i n\u0103m tr\u00ean to\u00e0n c\u1ea7u, vi\u1ec7c t\u00ecm ra gi\u1ea3i ph\u00e1p b\u1ec1n v\u1eefng cho qu\u1ea3n l\u00fd ch\u1ea5t th\u1ea3i l\u1ed1p xe l\u00e0 r\u1ea5t quan tr\u1ecdng. M\u1ed9t gi\u1ea3i ph\u00e1p s\u00e1ng t\u1ea1o cho v\u1ea5n \u0111\u1ec1 n\u00e0y l\u00e0 m\u00e1y \u0111\u00f3ng ki\u1ec7n l\u1ed1p xe.<\/p>","protected":false},"author":1,"featured_media":3171,"parent":0,"template":"","tags":[67],"product-type":[48],"class_list":["post-3170","product","type-product","status-publish","has-post-thumbnail","hentry","tag-waste-tire-management","product-type-solution"],"_links":{"self":[{"href":"https:\/\/shuliybaler.com\/vi\/wp-json\/wp\/v2\/product\/3170","targetHints":{"allow":["GET"]}}],"collection":[{"href":"https:\/\/shuliybaler.com\/vi\/wp-json\/wp\/v2\/product"}],"about":[{"href":"https:\/\/shuliybaler.com\/vi\/wp-json\/wp\/v2\/types\/product"}],"author":[{"embeddable":true,"href":"https:\/\/shuliybaler.com\/vi\/wp-json\/wp\/v2\/users\/1"}],"wp:featuredmedia":[{"embeddable":true,"href":"https:\/\/shuliybaler.com\/vi\/wp-json\/wp\/v2\/media\/3171"}],"wp:attachment":[{"href":"https:\/\/shuliybaler.com\/vi\/wp-json\/wp\/v2\/media?parent=3170"}],"wp:term":[{"taxonomy":"post_tag","embeddable":true,"href":"https:\/\/shuliybaler.com\/vi\/wp-json\/wp\/v2\/tags?post=3170"},{"taxonomy":"product-type","embeddable":true,"href":"https:\/\/shuliybaler.com\/vi\/wp-json\/wp\/v2\/product-type?post=3170"}],"curies":[{"name":"wp","href":"https:\/\/api.w.org\/{rel}","templated":true}]}}