{"id":3407,"date":"2025-12-31T14:50:32","date_gmt":"2025-12-31T06:50:32","guid":{"rendered":"https:\/\/shuliybaler.com\/?post_type=product&#038;p=3407"},"modified":"2026-01-04T17:52:20","modified_gmt":"2026-01-04T09:52:20","slug":"ball-mill-grinder-for-metal-polishing","status":"publish","type":"product","link":"https:\/\/shuliybaler.com\/vi\/product\/ball-mill-grinder-for-metal-polishing\/","title":{"rendered":"M\u00e1y nghi\u1ec1n bi \u0111\u1ec3 l\u00e0m s\u1ea1ch r\u1ec9 s\u00e9t v\u00e0 \u0111\u00e1nh b\u00f3ng b\u1ec1 m\u1eb7t kim lo\u1ea1i"},"content":{"rendered":"<p class=\"translation-block\">M\u1ed9t <strong>m\u00e1y nghi\u1ec1n bi<\/strong> l\u00e0 m\u1ed9t m\u00e1y nghi\u1ec1n v\u00e0 \u0111\u00e1nh b\u00f3ng d\u1ea1ng tr\u1ed1ng c\u00f4ng nghi\u1ec7p \u0111\u01b0\u1ee3c thi\u1ebft k\u1ebf \u0111\u1ec3 ho\u00e0n thi\u1ec7n b\u1ec1 m\u1eb7t hi\u1ec7u qu\u1ea3 c\u1ee7a c\u00e1c th\u00e0nh ph\u1ea7n kim lo\u1ea1i v\u00e0 phi kim lo\u1ea1i. N\u00f3 \u0111\u01b0\u1ee3c s\u1eed d\u1ee5ng r\u1ed9ng r\u00e3i \u0111\u1ec3 lo\u1ea1i b\u1ecf burr, r\u1ec9 s\u00e9t, l\u00e0m tr\u00f2n c\u1ea1nh v\u00e0 \u0111\u00e1nh b\u00f3ng s\u00e1ng, \u0111\u1eb7c bi\u1ec7t cho c\u00e1c b\u1ed9 ph\u1eadn d\u1ec5 bi\u1ebfn d\u1ea1ng.<\/p>    <p>Shuli Machinery&#8217;s ball mills feature a robust mechanical structure, stable operation, and high grinding efficiency, making them an ideal solution for processing medium to large workpieces in industries such as metal recycling, machining, and surface treatment.<\/p>    <figure class=\"wp-block-embed aligncenter is-type-video is-provider-youtube wp-block-embed-youtube wp-embed-aspect-16-9 wp-has-aspect-ratio\"><div class=\"wp-block-embed__wrapper\"> <iframe loading=\"lazy\" title=\"Heavy-Duty Dry Ball Mill for Metal &amp; Aluminum Scrap Contact:+8617703863868\" width=\"500\" height=\"281\" src=\"https:\/\/www.youtube.com\/embed\/knRo2Nmixj4?feature=oembed\" frameborder=\"0\" allow=\"accelerometer; autoplay; clipboard-write; encrypted-media; gyroscope; picture-in-picture; web-share\" referrerpolicy=\"strict-origin-when-cross-origin\" allowfullscreen><\/iframe> <\/div><figcaption class=\"wp-element-caption\">Video ho\u1ea1t \u0111\u1ed9ng c\u1ee7a m\u00e1y nghi\u1ec1n bi<\/figcaption><\/figure>    <h2 class=\"wp-block-heading\"><strong>M\u00e1y nghi\u1ec1n bi l\u00e0 g\u00ec?<\/strong><\/h2>    <p>M\u00e1y nghi\u1ec1n bi kh\u00f4 ch\u1ee7 y\u1ebfu d\u00f9ng \u0111\u1ec3 \u0111\u00e1nh b\u00f3ng v\u00e0 lo\u1ea1i b\u1ecf r\u1ec9 s\u00e9t c\u1ee7a c\u00e1c v\u1eadt li\u1ec7u kim lo\u1ea1i v\u00e0 nh\u00f4m c\u00f3 \u0111\u01b0\u1eddng k\u00ednh d\u01b0\u1edbi 400 mm. \u0110\u1ed9ng c\u01a1 \u0111i\u1ec7n d\u1eabn \u0111\u1ed9ng b\u1ed9 gi\u1ea3m t\u1ed1c, l\u00e0m tr\u1ed1ng h\u00ecnh tr\u1ee5 quay, trong khi v\u1eadt li\u1ec7u v\u00e0 qu\u1eb7ng \u0111\u01b0\u1ee3c c\u1ea5p v\u00e0o tr\u1ed1ng qua b\u0103ng chuy\u1ec1n.<\/p>    <p>Nguy\u00ean l\u00fd ho\u1ea1t \u0111\u1ed9ng c\u1ee7a m\u00e1y nghi\u1ec1n bi l\u00e0 quay m\u1ed9t tr\u1ed1ng h\u00ecnh tr\u1ee5 ch\u1ee9a media nghi\u1ec1n (nh\u01b0 c\u00e1t kho\u00e1ng ho\u1eb7c b\u00f3ng th\u00e9p). Khi tr\u1ed1ng quay, c\u00e1c v\u1eadt li\u1ec7u b\u00ean trong li\u00ean t\u1ee5c b\u1ecb l\u1eadt, n\u00e9m, c\u1ecd x\u00e1t v\u00e0 tr\u1ed9n l\u1eabn, hi\u1ec7u qu\u1ea3 lo\u1ea1i b\u1ecf d\u1ea7u b\u1ec1 m\u1eb7t, r\u1ec9 s\u00e9t v\u00e0 burrs.<\/p>    <p>C\u00e1c chi ti\u1ebft gia c\u00f4ng kh\u00f4ng ch\u1ec9 gi\u1eef nguy\u00ean h\u00ecnh d\u1ea1ng v\u00e0 \u0111\u1ed9 ch\u00ednh x\u00e1c k\u00edch th\u01b0\u1edbc ban \u0111\u1ea7u m\u00e0 c\u00f2n \u0111\u1ea1t \u0111\u01b0\u1ee3c b\u1ec1 m\u1eb7t m\u1ecbn h\u01a1n, s\u00e1ng h\u01a1n v\u00e0 s\u1ea1ch h\u01a1n. \u0110\u1ed9 nh\u00e1m b\u1ec1 m\u1eb7t c\u1ee7a s\u1ea3n ph\u1ea9m cu\u1ed1i c\u00f9ng \u0111\u01b0\u1ee3c c\u1ea3i thi\u1ec7n 1-2 c\u1ea5p. V\u00ec v\u1eady, m\u00e1y nghi\u1ec1n bi \u0111\u1eb7c bi\u1ec7t ph\u00f9 h\u1ee3p \u0111\u1ec3 ho\u00e0n thi\u1ec7n b\u1ec1 m\u1eb7t c\u00e1c b\u1ed9 ph\u1eadn d\u1ec5 bi\u1ebfn d\u1ea1ng.<\/p>   <div class=\"wp-block-image\"> <figure class=\"aligncenter size-full\"><img loading=\"lazy\" decoding=\"async\" width=\"720\" height=\"540\" src=\"https:\/\/shuliybaler.com\/wp-content\/uploads\/2025\/12\/horizontal-dry-ball-mill.webp\" alt=\"m\u00e1y nghi\u1ec1n bi kh\u00f4 ngang\" class=\"wp-image-3419\" title=\"\" srcset=\"https:\/\/shuliybaler.com\/wp-content\/uploads\/2025\/12\/horizontal-dry-ball-mill.webp 720w, https:\/\/shuliybaler.com\/wp-content\/uploads\/2025\/12\/horizontal-dry-ball-mill-360x270.webp 360w, https:\/\/shuliybaler.com\/wp-content\/uploads\/2025\/12\/horizontal-dry-ball-mill-180x135.webp 180w, https:\/\/shuliybaler.com\/wp-content\/uploads\/2025\/12\/horizontal-dry-ball-mill-16x12.webp 16w\" sizes=\"auto, (max-width: 720px) 100vw, 720px\" \/><figcaption class=\"wp-element-caption\">m\u00e1y nghi\u1ec1n bi kh\u00f4 ngang<\/figcaption><\/figure> <\/div>   <h2 class=\"wp-block-heading\"><strong>C\u00e1c l\u1ee3i \u00edch ch\u00ednh c\u1ee7a m\u00e1y nghi\u1ec1n bi Shuliy<\/strong><\/h2>    <ol class=\"wp-block-list\"> <li>B\u00e1nh r\u0103ng l\u1ed7 c\u1ee7a m\u00e1y nghi\u1ec1n bi qu\u1eb7ng s\u1eaft s\u1eed d\u1ee5ng h\u1ec7 truy\u1ec1n \u0111\u1ed9ng b\u00e1nh r\u0103ng c\u01b0\u1eddng \u0111\u1ed9 cao v\u00e0 c\u1ea5u tr\u00fac \u0111\u00fac t\u00edch h\u1ee3p, mang l\u1ea1i \u0111\u1ed9 \u1ed5n \u0111\u1ecbnh cao h\u01a1n, truy\u1ec1n ch\u00ednh x\u00e1c h\u01a1n, tu\u1ed5i th\u1ecd l\u00e2u h\u01a1n v\u00e0 ho\u1ea1t \u0111\u1ed9ng m\u01b0\u1ee3t m\u00e0 h\u01a1n.<\/li>    <li>C\u00e1c m\u00e1y nghi\u1ec1n kh\u00f4 c\u1ee7a ch\u00fang t\u00f4i \u0111\u01b0\u1ee3c ch\u1ebf t\u1ea1o b\u1eb1ng th\u00e9p d\u00e0y \u0111\u1eb7c, s\u1eed d\u1ee5ng c\u00f4ng ngh\u1ec7 h\u00e0n cao c\u1ea5p v\u00e0 x\u1eed l\u00fd \u0111\u00e1nh b\u00f3ng b\u1ec1 m\u1eb7t, mang l\u1ea1i kh\u1ea3 n\u0103ng ch\u1ed1ng m\u00e0i m\u00f2n v\u00e0 va \u0111\u1eadp xu\u1ea5t s\u1eafc, ph\u00f9 h\u1ee3p cho ho\u1ea1t \u0111\u1ed9ng c\u00f4ng nghi\u1ec7p n\u1eb7ng.<\/li>    <li>Th\u00f4ng qua c\u00e1c n\u00e2ng c\u1ea5p, ch\u00fang t\u00f4i \u0111\u00e3 t\u0103ng c\u00f4ng su\u1ea5t c\u1ee7a ph\u1ec5u \u0111\u1ec3 ng\u0103n ch\u1eb7n vi\u1ec7c x\u1ea3 kh\u00f4ng \u0111\u1ec1u v\u00e0 qu\u00e1 t\u1ea3i, c\u1ea3i thi\u1ec7n \u0111\u00e1ng k\u1ec3 hi\u1ec7u qu\u1ea3 nghi\u1ec1n t\u1ed5ng th\u1ec3 v\u00e0 \u0111\u1ea3m b\u1ea3o c\u1ea5p li\u1ec7u v\u1eadt li\u1ec7u \u0111\u1ed3ng \u0111\u1ec1u, k\u1ebft qu\u1ea3 x\u1eed l\u00fd nh\u1ea5t qu\u00e1n.<\/li>    <li>In addition to strict manufacturing standards, we provide a comprehensive maintenance system and clear operating procedures after the customer purchases the machine, ensuring worry-free equipment delivery and operation, and earning customers&#8217; satisfaction and recognition.<\/li> <\/ol>    <figure class=\"wp-block-gallery has-nested-images columns-2 is-cropped wp-block-gallery-2 is-layout-flex wp-block-gallery-is-layout-flex\"> <figure class=\"wp-block-image size-large\"><img loading=\"lazy\" decoding=\"async\" width=\"720\" height=\"540\" data-id=\"3415\" src=\"https:\/\/shuliybaler.com\/wp-content\/uploads\/2025\/12\/Aperture-gear.webp\" alt=\"B\u00e1nh r\u0103ng l\u1ed7\" class=\"wp-image-3415\" title=\"\" srcset=\"https:\/\/shuliybaler.com\/wp-content\/uploads\/2025\/12\/Aperture-gear.webp 720w, https:\/\/shuliybaler.com\/wp-content\/uploads\/2025\/12\/Aperture-gear-360x270.webp 360w, https:\/\/shuliybaler.com\/wp-content\/uploads\/2025\/12\/Aperture-gear-180x135.webp 180w, https:\/\/shuliybaler.com\/wp-content\/uploads\/2025\/12\/Aperture-gear-16x12.webp 16w\" sizes=\"auto, (max-width: 720px) 100vw, 720px\" \/><figcaption class=\"wp-element-caption\">B\u00e1nh r\u0103ng l\u1ed7<\/figcaption><\/figure>    <figure class=\"wp-block-image size-large\"><img loading=\"lazy\" decoding=\"async\" width=\"720\" height=\"540\" data-id=\"3416\" src=\"https:\/\/shuliybaler.com\/wp-content\/uploads\/2025\/12\/Feeding-hopper.webp\" alt=\"Ph\u1ec5u c\u1ea5p li\u1ec7u\" class=\"wp-image-3416\" title=\"\" srcset=\"https:\/\/shuliybaler.com\/wp-content\/uploads\/2025\/12\/Feeding-hopper.webp 720w, https:\/\/shuliybaler.com\/wp-content\/uploads\/2025\/12\/Feeding-hopper-360x270.webp 360w, https:\/\/shuliybaler.com\/wp-content\/uploads\/2025\/12\/Feeding-hopper-180x135.webp 180w, https:\/\/shuliybaler.com\/wp-content\/uploads\/2025\/12\/Feeding-hopper-16x12.webp 16w\" sizes=\"auto, (max-width: 720px) 100vw, 720px\" \/><figcaption class=\"wp-element-caption\">Ph\u1ec5u c\u1ea5p li\u1ec7u<\/figcaption><\/figure>    <figure class=\"wp-block-image size-large\"><img loading=\"lazy\" decoding=\"async\" width=\"720\" height=\"540\" data-id=\"3418\" src=\"https:\/\/shuliybaler.com\/wp-content\/uploads\/2025\/12\/seive-plate-of-dry-ball-mill.webp\" alt=\"seive plate of dry ball mill\" class=\"wp-image-3418\" title=\"\" srcset=\"https:\/\/shuliybaler.com\/wp-content\/uploads\/2025\/12\/seive-plate-of-dry-ball-mill.webp 720w, https:\/\/shuliybaler.com\/wp-content\/uploads\/2025\/12\/seive-plate-of-dry-ball-mill-360x270.webp 360w, https:\/\/shuliybaler.com\/wp-content\/uploads\/2025\/12\/seive-plate-of-dry-ball-mill-180x135.webp 180w, https:\/\/shuliybaler.com\/wp-content\/uploads\/2025\/12\/seive-plate-of-dry-ball-mill-16x12.webp 16w\" sizes=\"auto, (max-width: 720px) 100vw, 720px\" \/><figcaption class=\"wp-element-caption\">L\u01b0\u1edbi s\u00e0ng c\u1ee7a m\u00e1y nghi\u1ec1n bi kh\u00f4<\/figcaption><\/figure>    <figure class=\"wp-block-image size-large\"><img loading=\"lazy\" decoding=\"async\" width=\"720\" height=\"540\" data-id=\"3417\" src=\"https:\/\/shuliybaler.com\/wp-content\/uploads\/2025\/12\/metal-rust-remover-machine.webp\" alt=\"m\u00e1y lo\u1ea1i b\u1ecf r\u1ec9 s\u00e9t kim lo\u1ea1i\" class=\"wp-image-3417\" title=\"\" srcset=\"https:\/\/shuliybaler.com\/wp-content\/uploads\/2025\/12\/metal-rust-remover-machine.webp 720w, https:\/\/shuliybaler.com\/wp-content\/uploads\/2025\/12\/metal-rust-remover-machine-360x270.webp 360w, https:\/\/shuliybaler.com\/wp-content\/uploads\/2025\/12\/metal-rust-remover-machine-180x135.webp 180w, https:\/\/shuliybaler.com\/wp-content\/uploads\/2025\/12\/metal-rust-remover-machine-16x12.webp 16w\" sizes=\"auto, (max-width: 720px) 100vw, 720px\" \/><figcaption class=\"wp-element-caption\">M\u00e1y lo\u1ea1i b\u1ecf r\u1ec9 s\u00e9t kim lo\u1ea1i<\/figcaption><\/figure> <\/figure>    <h2 class=\"wp-block-heading\"><strong>\u1ee8ng d\u1ee5ng c\u1ee7a m\u00e1y lo\u1ea1i b\u1ecf r\u1ec9 s\u00e9t kim lo\u1ea1i<\/strong><\/h2>    <p>M\u00e1y nghi\u1ec1n bi \u0111\u01b0\u1ee3c s\u1eed d\u1ee5ng r\u1ed9ng r\u00e3i trong nhi\u1ec1u ng\u00e0nh c\u00f4ng nghi\u1ec7p v\u00e0 c\u00f3 th\u1ec3 x\u1eed l\u00fd nhi\u1ec1u lo\u1ea1i v\u1eadt li\u1ec7u, bao g\u1ed3m:<\/p>    <ol class=\"wp-block-list\"> <li>C\u00e1c b\u1ed9 ph\u1eadn kim lo\u1ea1i v\u00e0 linh ki\u1ec7n, s\u1eaft nung k\u1ebft v\u00e0 kim lo\u1ea1i nhi\u1ec7t luy\u1ec7n, kim lo\u1ea1i ph\u1ebf li\u1ec7u nghi\u1ec1n, ph\u1ebf li\u1ec7u nh\u00f4m b\u1ecb d\u1ea7u ho\u1eb7c r\u1ec9 s\u00e9t, v.v.<\/li>    <li>Ch\u00fang c\u0169ng c\u00f3 th\u1ec3 x\u1eed l\u00fd kim lo\u1ea1i phi ferrous (\u0111\u1ed3ng, h\u1ee3p kim nh\u00f4m, v.v.) v\u00e0 c\u00e1c b\u1ed9 ph\u1eadn phi kim lo\u1ea1i c\u1ea7n \u0111\u00e1nh b\u00f3ng b\u1ec1 m\u1eb7t.<\/li> <\/ol>    <p>C\u00e1c \u0111\u1eb7c t\u00ednh xu\u1ea5t s\u1eafc c\u1ee7a n\u00f3 khi\u1ebfn n\u00f3 \u0111\u1eb7c bi\u1ec7t ph\u00f9 h\u1ee3p cho c\u00e1c chi ti\u1ebft trung b\u00ecnh \u0111\u1ebfn l\u1edbn c\u1ea7n x\u1eed l\u00fd b\u1ec1 m\u1eb7t ch\u1ea5t l\u01b0\u1ee3ng cao. <\/p>    <p>H\u1ea7u h\u1ebft kh\u00e1ch h\u00e0ng c\u1ee7a ch\u00fang t\u00f4i s\u1eed d\u1ee5ng n\u00f3 \u0111\u1ec3 ti\u1ec1n x\u1eed l\u00fd t\u00e1i ch\u1ebf kim lo\u1ea1i, m\u00e0i v\u00e0 \u0111\u00e1nh b\u00f3ng sau s\u1ea3n xu\u1ea5t ph\u1ea7n c\u1ee9ng v\u00e0 \u1ed1c v\u00edt, ti\u1ec1n x\u1eed l\u00fd b\u1ec1 m\u1eb7t tr\u01b0\u1edbc khi ph\u1ee7 ho\u1eb7c m\u1ea1 \u0111i\u1ec7n, v\u00e0 nhi\u1ec1u h\u01a1n n\u1eefa.<\/p>    <h2 class=\"wp-block-heading\"><strong>Lo\u1ea1i m\u00e1y nghi\u1ec1n bi c\u00f4ng nghi\u1ec7p<\/strong><\/h2>    <p>\u0110\u1ec3 \u0111\u00e1p \u1ee9ng c\u00e1c nhu c\u1ea7u x\u1eed l\u00fd \u0111a d\u1ea1ng, Shuli cung c\u1ea5p nhi\u1ec1u m\u1eabu m\u00e1y nghi\u1ec1n bi v\u1edbi c\u00e1c \u0111\u01b0\u1eddng k\u00ednh, chi\u1ec1u d\u00e0i v\u00e0 c\u00f4ng su\u1ea5t kh\u00e1c nhau.<\/p>    <figure class=\"wp-block-table\"><table class=\"has-fixed-layout\"><tbody><tr><td>\u0110\u01b0\u1eddng k\u00ednh<\/td><td>Chi\u1ec1u d\u00e0i<\/td><td>S\u1ea3n ph\u1ea9m \u0111\u1ea7u ra<\/td><td>C\u00f4ng su\u1ea5t motor<\/td><\/tr><tr><td>1.2x3m<\/td><td>5.5m<\/td><td>2t\/h<\/td><td>15kw<\/td><\/tr><tr><td>1.5x6m<\/td><td>8m<\/td><td>4t\/h<\/td><td>30kw<\/td><\/tr><tr><td>1.8x6m<\/td><td>9m<\/td><td>6t\/h <\/td><td>45kw<\/td><\/tr><\/tbody><\/table><figcaption class=\"wp-element-caption\">Th\u00f4ng s\u1ed1 \u0111\u01a1n gi\u1ea3n c\u1ee7a m\u00e1y nghi\u1ec1n bi c\u00f4ng nghi\u1ec7p<\/figcaption><\/figure>    <p>T\u1eeb c\u00e1c m\u1eabu ph\u00f9 h\u1ee3p cho c\u00e1c x\u01b0\u1edfng nh\u1ecf v\u00e0 v\u1eeba c\u00f3 c\u00f4ng su\u1ea5t 2 t\u1ea5n m\u1ed7i gi\u1edd, \u0111\u1ebfn c\u00e1c m\u1eabu cho s\u1ea3n xu\u1ea5t c\u00f4ng nghi\u1ec7p quy m\u00f4 l\u1edbn v\u1edbi c\u00f4ng su\u1ea5t 6 t\u1ea5n m\u1ed7i gi\u1edd, kh\u00e1ch h\u00e0ng c\u00f3 th\u1ec3 ch\u1ecdn m\u00f4 h\u00ecnh ph\u00f9 h\u1ee3p nh\u1ea5t d\u1ef1a tr\u00ean lo\u1ea1i v\u1eadt li\u1ec7u, kh\u1ed1i l\u01b0\u1ee3ng c\u00f4ng vi\u1ec7c v\u00e0 kh\u00f4ng gian nh\u00e0 m\u00e1y.<\/p>    <p>N\u1ebfu b\u1ea1n kh\u00f4ng ch\u1eafc ch\u1eafn model n\u00e0o ph\u00f9 h\u1ee3p v\u1edbi \u1ee9ng d\u1ee5ng c\u1ee7a m\u00ecnh, c\u00e1c k\u1ef9 s\u01b0 c\u1ee7a ch\u00fang t\u00f4i c\u00f3 th\u1ec3 \u0111\u1ec1 xu\u1ea5t ho\u1eb7c t\u00f9y ch\u1ec9nh gi\u1ea3i ph\u00e1p d\u1ef1a tr\u00ean k\u00edch th\u01b0\u1edbc v\u1eadt li\u1ec7u, m\u1ee9c \u0111\u1ed9 \u0103n m\u00f2n v\u00e0 hi\u1ec7u qu\u1ea3 x\u1eed l\u00fd b\u1ec1 m\u1eb7t mong mu\u1ed1n. Li\u00ean h\u1ec7 v\u1edbi ch\u00fang t\u00f4i n\u1ebfu b\u1ea1n c\u00f3 b\u1ea5t k\u1ef3 c\u00e2u h\u1ecfi n\u00e0o v\u1ec1 m\u00e1y nghi\u1ec1n bi n\u00e0y!.<\/p>   <div class=\"wp-block-image\"> <figure class=\"aligncenter size-full\"><img loading=\"lazy\" decoding=\"async\" width=\"720\" height=\"540\" src=\"https:\/\/shuliybaler.com\/wp-content\/uploads\/2025\/12\/Drum-type-dry-metal-grinding-mill.webp\" alt=\"M\u00e1y nghi\u1ec1n kim lo\u1ea1i kh\u00f4 d\u1ea1ng tr\u1ed1ng\" class=\"wp-image-3420\" title=\"\" srcset=\"https:\/\/shuliybaler.com\/wp-content\/uploads\/2025\/12\/Drum-type-dry-metal-grinding-mill.webp 720w, https:\/\/shuliybaler.com\/wp-content\/uploads\/2025\/12\/Drum-type-dry-metal-grinding-mill-360x270.webp 360w, https:\/\/shuliybaler.com\/wp-content\/uploads\/2025\/12\/Drum-type-dry-metal-grinding-mill-180x135.webp 180w, https:\/\/shuliybaler.com\/wp-content\/uploads\/2025\/12\/Drum-type-dry-metal-grinding-mill-16x12.webp 16w\" sizes=\"auto, (max-width: 720px) 100vw, 720px\" \/><figcaption class=\"wp-element-caption\">M\u00e1y nghi\u1ec1n kim lo\u1ea1i kh\u00f4 d\u1ea1ng tr\u1ed1ng<\/figcaption><\/figure> <\/div>   <h2 class=\"wp-block-heading\"><strong>T\u1ea1i sao ch\u1ecdn m\u00e1y nghi\u1ec1n bi c\u1ee7a Shuliy?<\/strong><\/h2>    <ul class=\"wp-block-list\"> <li>Shuliy l\u00e0 nh\u00e0 s\u1ea3n xu\u1ea5t chuy\u00ean nghi\u1ec7p v\u1edbi 40 n\u0103m kinh nghi\u1ec7m trong ng\u00e0nh v\u00e0 h\u01a1n m\u1ed9t th\u1eadp k\u1ef7 trong th\u01b0\u01a1ng m\u1ea1i qu\u1ed1c t\u1ebf.<\/li>    <li>M\u00e1y m\u00f3c c\u1ee7a ch\u00fang t\u00f4i \u0111\u01b0\u1ee3c thi\u1ebft k\u1ebf linh ho\u1ea1t v\u00e0 c\u00f3 th\u1ec3 t\u00f9y ch\u1ec9nh \u0111\u1ec3 \u0111\u00e1p \u1ee9ng c\u00e1c nhu c\u1ea7u kh\u00e1c nhau.<\/li>    <li>Ch\u00fang t\u00f4i cung c\u1ea5p gi\u00e1 th\u00e0nh c\u1ea1nh tranh cao, gi\u00e1 r\u00f5 r\u00e0ng, d\u1ecbch v\u1ee5 h\u1eadu m\u00e3i to\u00e0n di\u1ec7n v\u00e0 h\u1ed7 tr\u1ee3 k\u1ef9 thu\u1eadt \u0111\u1ea7y \u0111\u1ee7 trong su\u1ed1t qu\u00e1 tr\u00ecnh.<\/li>    <li>Ch\u00fang t\u00f4i c\u00f3 danh ti\u1ebfng to\u00e0n c\u1ea7u xu\u1ea5t s\u1eafc v\u00e0 h\u1ec7 th\u1ed1ng xu\u1ea5t kh\u1ea9u, v\u1eadn chuy\u1ec3n \u0111\u00e3 \u0111\u01b0\u1ee3c thi\u1ebft l\u1eadp, nh\u1eadn \u0111\u01b0\u1ee3c s\u1ef1 tin t\u01b0\u1edfng c\u1ee7a kh\u00e1ch h\u00e0ng tr\u00ean to\u00e0n th\u1ebf gi\u1edbi.<\/li>    <li>Shuliy cam k\u1ebft cung c\u1ea5p cho b\u1ea1n c\u00e1c gi\u1ea3i ph\u00e1p nghi\u1ec1n th\u1ef1c t\u1ebf, b\u1ec1n b\u1ec9 v\u00e0 ti\u1ebft ki\u1ec7m chi ph\u00ed cho doanh nghi\u1ec7p c\u1ee7a b\u1ea1n v\u1edbi d\u1ecbch v\u1ee5 chuy\u00ean nghi\u1ec7p.<\/li> <\/ul>    <figure class=\"wp-block-gallery has-nested-images columns-default is-cropped wp-block-gallery-3 is-layout-flex wp-block-gallery-is-layout-flex\"> <figure class=\"wp-block-image size-large\"><img loading=\"lazy\" decoding=\"async\" width=\"720\" height=\"540\" data-id=\"3421\" src=\"https:\/\/shuliybaler.com\/wp-content\/uploads\/2025\/12\/ball-mill-grinding-machine-production-process.webp\" alt=\"Qu\u00e1 tr\u00ecnh s\u1ea3n xu\u1ea5t m\u00e1y nghi\u1ec1n bi\" class=\"wp-image-3421\" title=\"\" srcset=\"https:\/\/shuliybaler.com\/wp-content\/uploads\/2025\/12\/ball-mill-grinding-machine-production-process.webp 720w, https:\/\/shuliybaler.com\/wp-content\/uploads\/2025\/12\/ball-mill-grinding-machine-production-process-360x270.webp 360w, https:\/\/shuliybaler.com\/wp-content\/uploads\/2025\/12\/ball-mill-grinding-machine-production-process-180x135.webp 180w, https:\/\/shuliybaler.com\/wp-content\/uploads\/2025\/12\/ball-mill-grinding-machine-production-process-16x12.webp 16w\" sizes=\"auto, (max-width: 720px) 100vw, 720px\" \/><figcaption class=\"wp-element-caption\">Qu\u00e1 tr\u00ecnh s\u1ea3n xu\u1ea5t m\u00e1y nghi\u1ec1n bi<\/figcaption><\/figure>    <figure class=\"wp-block-image size-large\"><img loading=\"lazy\" decoding=\"async\" width=\"720\" height=\"540\" data-id=\"3422\" src=\"https:\/\/shuliybaler.com\/wp-content\/uploads\/2025\/12\/Shuliy-factory.webp\" alt=\"Nh\u00e0 m\u00e1y Shuliy\" class=\"wp-image-3422\" title=\"\" srcset=\"https:\/\/shuliybaler.com\/wp-content\/uploads\/2025\/12\/Shuliy-factory.webp 720w, https:\/\/shuliybaler.com\/wp-content\/uploads\/2025\/12\/Shuliy-factory-360x270.webp 360w, https:\/\/shuliybaler.com\/wp-content\/uploads\/2025\/12\/Shuliy-factory-180x135.webp 180w, https:\/\/shuliybaler.com\/wp-content\/uploads\/2025\/12\/Shuliy-factory-16x12.webp 16w\" sizes=\"auto, (max-width: 720px) 100vw, 720px\" \/><figcaption class=\"wp-element-caption\">Nh\u00e0 m\u00e1y Shuliy<\/figcaption><\/figure> <\/figure>    <p>N\u1ebfu b\u1ea1n \u0111ang t\u00ecm ki\u1ebfm c\u00e1c gi\u1ea3i ph\u00e1p t\u00e1i ch\u1ebf kim lo\u1ea1i c\u00f4ng nghi\u1ec7p \u0111\u00e1ng tin c\u1eady, vui l\u00f2ng li\u00ean h\u1ec7 ngay v\u1edbi C\u00f4ng ty Shuli \u0111\u1ec3 bi\u1ebft th\u00f4ng s\u1ed1 k\u1ef9 thu\u1eadt chi ti\u1ebft, gi\u1ea3i ph\u00e1p m\u00e1y nghi\u1ec1n bi t\u00f9y ch\u1ec9nh v\u00e0 b\u1ea3ng gi\u00e1 \u0111\u1ea7y \u0111\u1ee7.<\/p>    <p class=\"translation-block\">Nh\u1ea5p \u0111\u1ec3 xem c\u00e1c s\u1ea3n ph\u1ea9m b\u00e1n ch\u1ea1y kh\u00e1c: <a href=\"https:\/\/shuliybaler.com\/vi\/product\/steel-drum-shredder\/\">M\u00e1y xay tr\u1ed1ng th\u00e9p<\/a>, <a href=\"https:\/\/shuliybaler.com\/vi\/product\/alligator-shear\/\">M\u00e1y c\u1eaft kim lo\u1ea1i ph\u1ebf li\u1ec7u<\/a>.<\/p>    <p><\/p>","protected":false},"excerpt":{"rendered":"<p>The ball mill is designed for efficient metal surface treatment, deburring, rust removal, and polishing. It is particularly suitable for processing easily deformable workpieces, ensuring improved surface quality without damaging the original shape and dimensional accuracy of the workpiece.<\/p>","protected":false},"author":1,"featured_media":3414,"parent":0,"template":"","tags":[15],"product-type":[87],"class_list":["post-3407","product","type-product","status-publish","has-post-thumbnail","hentry","tag-metal","product-type-metal-recycling-machine"],"_links":{"self":[{"href":"https:\/\/shuliybaler.com\/vi\/wp-json\/wp\/v2\/product\/3407","targetHints":{"allow":["GET"]}}],"collection":[{"href":"https:\/\/shuliybaler.com\/vi\/wp-json\/wp\/v2\/product"}],"about":[{"href":"https:\/\/shuliybaler.com\/vi\/wp-json\/wp\/v2\/types\/product"}],"author":[{"embeddable":true,"href":"https:\/\/shuliybaler.com\/vi\/wp-json\/wp\/v2\/users\/1"}],"wp:featuredmedia":[{"embeddable":true,"href":"https:\/\/shuliybaler.com\/vi\/wp-json\/wp\/v2\/media\/3414"}],"wp:attachment":[{"href":"https:\/\/shuliybaler.com\/vi\/wp-json\/wp\/v2\/media?parent=3407"}],"wp:term":[{"taxonomy":"post_tag","embeddable":true,"href":"https:\/\/shuliybaler.com\/vi\/wp-json\/wp\/v2\/tags?post=3407"},{"taxonomy":"product-type","embeddable":true,"href":"https:\/\/shuliybaler.com\/vi\/wp-json\/wp\/v2\/product-type?post=3407"}],"curies":[{"name":"wp","href":"https:\/\/api.w.org\/{rel}","templated":true}]}}