{"id":3448,"date":"2026-01-07T15:24:23","date_gmt":"2026-01-07T07:24:23","guid":{"rendered":"https:\/\/shuliybaler.com\/?post_type=product&#038;p=3448"},"modified":"2026-01-07T16:48:43","modified_gmt":"2026-01-07T08:48:43","slug":"metal-crusher-machine-metal-recycling","status":"publish","type":"product","link":"https:\/\/shuliybaler.com\/vi\/product\/metal-crusher-machine-metal-recycling\/","title":{"rendered":"M\u00e1y nghi\u1ec1n kim lo\u1ea1i hi\u1ec7u qu\u1ea3 cho t\u00e1i ch\u1ebf kim lo\u1ea1i ph\u1ebf li\u1ec7u"},"content":{"rendered":"<p class=\"translation-block\"><strong>M\u00e1y nghi\u1ec1n kim lo\u1ea1i<\/strong> l\u00e0 m\u1ed9t thi\u1ebft b\u1ecb t\u00e1i ch\u1ebf c\u00f4ng nghi\u1ec7p d\u00f9ng \u0111\u1ec3 nghi\u1ec1n, b\u0103m nh\u1ecf v\u00e0 gi\u1ea3m k\u00edch th\u01b0\u1edbc c\u00e1c v\u1eadt li\u1ec7u kim lo\u1ea1i ph\u1ebf li\u1ec7u nh\u01b0 lon nh\u00f4m v\u00e0 c\u00e1c b\u1ed9 ph\u1eadn xe \u0111\u00e3 b\u1ecf \u0111i, bi\u1ebfn ch\u00fang th\u00e0nh c\u00e1c h\u1ea1t \u0111\u1ed3ng nh\u1ea5t v\u00e0 d\u1ec5 qu\u1ea3n l\u00fd.<\/p>    <p>T\u00f9y thu\u1ed9c v\u00e0o \u1ee9ng d\u1ee5ng v\u00e0 c\u00e1c v\u1eadt li\u1ec7u \u0111ang \u0111\u01b0\u1ee3c x\u1eed l\u00fd, n\u00f3 c\u0169ng c\u00f3 th\u1ec3 \u0111\u01b0\u1ee3c c\u1ea5u h\u00ecnh nh\u01b0 m\u1ed9t ph\u1ea7n c\u1ee7a d\u00e2y chuy\u1ec1n s\u1ea3n xu\u1ea5t nghi\u1ec1n kim lo\u1ea1i ho\u00e0n ch\u1ec9nh, gi\u00fap c\u00e1c doanh nghi\u1ec7p n\u00e2ng cao hi\u1ec7u qu\u1ea3 t\u00e1i ch\u1ebf v\u00e0 gi\u1ea3m chi ph\u00ed v\u1eadn chuy\u1ec3n v\u00e0 l\u01b0u tr\u1eef.<\/p>   <div class=\"wp-block-image\"> <figure class=\"aligncenter size-full\"><img loading=\"lazy\" decoding=\"async\" width=\"720\" height=\"540\" src=\"https:\/\/shuliybaler.com\/wp-content\/uploads\/2026\/01\/Shuliy-scrap-can-crusher-machine-installation-site.webp\" alt=\"V\u1ecb tr\u00ed l\u1eafp \u0111\u1eb7t m\u00e1y nghi\u1ec1n lon ph\u1ebf li\u1ec7u Shuliy\" class=\"wp-image-3471\" title=\"\" srcset=\"https:\/\/shuliybaler.com\/wp-content\/uploads\/2026\/01\/Shuliy-scrap-can-crusher-machine-installation-site.webp 720w, https:\/\/shuliybaler.com\/wp-content\/uploads\/2026\/01\/Shuliy-scrap-can-crusher-machine-installation-site-360x270.webp 360w, https:\/\/shuliybaler.com\/wp-content\/uploads\/2026\/01\/Shuliy-scrap-can-crusher-machine-installation-site-180x135.webp 180w, https:\/\/shuliybaler.com\/wp-content\/uploads\/2026\/01\/Shuliy-scrap-can-crusher-machine-installation-site-16x12.webp 16w\" sizes=\"auto, (max-width: 720px) 100vw, 720px\" \/><figcaption class=\"wp-element-caption\">V\u1ecb tr\u00ed l\u1eafp \u0111\u1eb7t m\u00e1y nghi\u1ec1n lon ph\u1ebf li\u1ec7u Shuliy<\/figcaption><\/figure> <\/div>   <h2 class=\"wp-block-heading\"><strong>M\u00e1y nghi\u1ec1n kim lo\u1ea1i ho\u1ea1t \u0111\u1ed9ng nh\u01b0 th\u1ebf n\u00e0o?<\/strong><\/h2>    <p>Trong qu\u00e1 tr\u00ecnh v\u1eadn h\u00e0nh, m\u00e1y nghi\u1ec1n kim lo\u1ea1i ch\u1ee9a c\u00e1c b\u00faa v\u00e0 l\u01b0\u1ee1i dao quay v\u1edbi t\u1ed1c \u0111\u1ed9 cao, c\u1eaft, nghi\u1ec1n v\u00e0 bi\u1ebfn d\u1ea1ng c\u00e1c m\u1ea3nh kim lo\u1ea1i kh\u00e1c nhau th\u00e0nh c\u00e1c m\u1ea3nh nh\u1ecf h\u01a1n.<\/p>    <p>\u0110\u1ec3 ki\u1ec3m so\u00e1t k\u00edch th\u01b0\u1edbc s\u1ea3n ph\u1ea9m ho\u00e0n ch\u1ec9nh, m\u1ed9t t\u1ea5m l\u01b0\u1edbi \u0111\u01b0\u1ee3c l\u1eafp \u0111\u1eb7t d\u01b0\u1edbi bu\u1ed3ng nghi\u1ec1n, ch\u1ec9 cho ph\u00e9p c\u00e1c m\u1ea3nh kim lo\u1ea1i nh\u1ecf h\u01a1n k\u00edch th\u01b0\u1edbc l\u01b0\u1edbi \u0111i qua. K\u00edch th\u01b0\u1edbc l\u01b0\u1edbi c\u00f3 th\u1ec3 \u0111i\u1ec1u ch\u1ec9nh theo y\u00eau c\u1ea7u x\u1eed l\u00fd, th\u01b0\u1eddng dao \u0111\u1ed9ng t\u1eeb 3-10 cm.<\/p>    <p>Thi\u1ebft b\u1ecb n\u00e0y ph\u00f9 h\u1ee3p cho l\u1eafp \u0111\u1eb7t c\u1ed1 \u0111\u1ecbnh v\u00e0 x\u1eed l\u00fd t\u1eadp trung, th\u01b0\u1eddng \u0111\u01b0\u1ee3c t\u00edch h\u1ee3p v\u00e0o d\u00e2y chuy\u1ec1n s\u1ea3n xu\u1ea5t ho\u00e0n ch\u1ec9nh \u0111\u1ec3 \u0111\u1ea3m b\u1ea3o ho\u1ea1t \u0111\u1ed9ng \u1ed5n \u0111\u1ecbnh v\u00e0 s\u1ea3n l\u01b0\u1ee3ng cao trong c\u00e1c ho\u1ea1t \u0111\u1ed9ng t\u00e1i ch\u1ebf kim lo\u1ea1i quy m\u00f4 l\u1edbn.<\/p>    <figure class=\"wp-block-embed aligncenter is-type-video is-provider-youtube wp-block-embed-youtube wp-embed-aspect-16-9 wp-has-aspect-ratio\"><div class=\"wp-block-embed__wrapper\"> <iframe loading=\"lazy\" title=\"M\u00e1y nghi\u1ec1n kim lo\u1ea1i ph\u1ebf li\u1ec7u cho t\u00e1i ch\u1ebf ph\u1ebf li\u1ec7u | Th\u1eed nghi\u1ec7m t\u1ea1i nh\u00e0 m\u00e1y Li\u00ean h\u1ec7: 8617703863868\" width=\"500\" height=\"281\" src=\"https:\/\/www.youtube.com\/embed\/TE5EZJ6OvB8?feature=oembed\" frameborder=\"0\" allow=\"accelerometer; autoplay; clipboard-write; encrypted-media; gyroscope; picture-in-picture; web-share\" referrerpolicy=\"strict-origin-when-cross-origin\" allowfullscreen><\/iframe> <\/div><figcaption class=\"wp-element-caption\">video ho\u1ea1t \u0111\u1ed9ng c\u1ee7a m\u00e1y nghi\u1ec1n kim lo\u1ea1i<\/figcaption><\/figure>    <h2 class=\"wp-block-heading\"><strong>C\u00e1c \u0111\u1eb7c \u0111i\u1ec3m ch\u00ednh c\u1ee7a m\u00e1y nghi\u1ec1n kim lo\u1ea1i c\u1ee7a ch\u00fang t\u00f4i<\/strong><\/h2>    <ul class=\"wp-block-list\"> <li>M\u00e1y nghi\u1ec1n kim lo\u1ea1i n\u00e0y c\u00f3 \u0111\u1eb7c \u0111i\u1ec3m rotor ch\u1ecbu t\u1ea3i n\u1eb7ng l\u00e0m b\u1eb1ng <strong>th\u00e9p \u0111\u00fac gia c\u1ed1<\/strong>, \u0111\u00e1ng k\u1ec3 <strong>t\u0103ng c\u01b0\u1eddng \u0111\u1ed9 b\u1ec1n h\u01b0\u1edbng t\u00e2m<\/strong>. \u0110\u01b0\u1ee3c thi\u1ebft k\u1ebf \u0111\u1eb7c bi\u1ec7t \u0111\u1ec3 ho\u1ea1t \u0111\u1ed9ng li\u00ean t\u1ee5c d\u01b0\u1edbi t\u1ea3i tr\u1ecdng cao, \u0111\u1ea3m b\u1ea3o hi\u1ec7u su\u1ea5t \u0111\u00e1ng tin c\u1eady ngay c\u1ea3 khi nghi\u1ec1n c\u00e1c v\u1eadt li\u1ec7u kim lo\u1ea1i d\u00e0y ho\u1eb7c c\u00f3 m\u1eadt \u0111\u1ed9 cao.<\/li>    <li>Trang b\u1ecb v\u1edbi m\u0169i b\u00faa v\u00e0 t\u1ea5m l\u01b0\u1edbi l\u00e0m b\u1eb1ng <strong>th\u00e9p h\u1ee3p kim \u0111\u00fac<\/strong>, mang l\u1ea1i hi\u1ec7u qu\u1ea3 v\u01b0\u1ee3t tr\u1ed9i <strong>kh\u00e1ng m\u00e0i m\u00f2n v\u00e0 va \u0111\u1eadp<\/strong>. \u0110\u1ed9 d\u00e0y l\u01b0\u1ee1i dao v\u00e0 s\u1ed1 l\u01b0\u1ee3ng c\u00f3 th\u1ec3 t\u00f9y ch\u1ec9nh theo c\u00e1c lo\u1ea1i v\u1eadt li\u1ec7u kim lo\u1ea1i kh\u00e1c nhau, linh ho\u1ea1t th\u00edch \u1ee9ng v\u1edbi c\u00e1c nhu c\u1ea7u t\u00e1i ch\u1ebf kh\u00e1c nhau.<\/li>    <li>M\u00e1y nghi\u1ec1n kim lo\u1ea1i h\u1ed7 tr\u1ee3 <strong>ho\u1ea1t \u0111\u1ed9ng ho\u00e0n to\u00e0n t\u1ef1 \u0111\u1ed9ng<\/strong>, gi\u00fap qu\u00e1 tr\u00ecnh c\u1ea5p li\u1ec7u v\u00e0 nghi\u1ec1n c\u00f3 th\u1ec3 t\u1ef1 \u0111\u1ed9ng ho\u00e0n to\u00e0n b\u1eb1ng b\u0103ng chuy\u1ec1n. N\u00f3 c\u0169ng gi\u00fap m\u00e1y d\u1ec5 d\u00e0ng t\u00edch h\u1ee3p v\u00e0o d\u00e2y chuy\u1ec1n s\u1ea3n xu\u1ea5t nghi\u1ec1n kim lo\u1ea1i ho\u00e0n ch\u1ec9nh.<\/li>    <li>M\u00e1y nghi\u1ec1n kim lo\u1ea1i Shuliy \u0111\u01b0\u1ee3c trang b\u1ecb motor l\u00f5i \u0111\u1ed3ng \u0111\u1ea7y \u0111\u1ee7 <strong>\u0111\u1ea3m b\u1ea3o ti\u00eau th\u1ee5 n\u0103ng l\u01b0\u1ee3ng th\u1ea5p h\u01a1n<\/strong>, tu\u1ed5i th\u1ecd d\u00e0i h\u01a1n, v\u00e0 hi\u1ec7u qu\u1ea3 v\u1eadn h\u00e0nh cao h\u01a1n. \u0110i\u1ec1u n\u00e0y \u0111\u1ea3m b\u1ea3o kh\u1ea3 n\u0103ng nghi\u1ec1n hi\u1ec7u qu\u1ea3 trong khi gi\u1ea3m chi ph\u00ed v\u1eadn h\u00e0nh l\u00e2u d\u00e0i.<\/li>    <li>Th\u00e2n c\u1ee7a to\u00e0n b\u1ed9 m\u00e1y nghi\u1ec1n \u0111\u01b0\u1ee3c l\u00e0m b\u1eb1ng <strong>t\u1ea5m th\u00e9p d\u00e0y, v\u1edbi k\u1ef9 thu\u1eadt h\u00e0n v\u00e0 m\u00e0i b\u00f3ng cao c\u1ea5p<\/strong> \u0111\u1ea3m b\u1ea3o c\u1ea5u tr\u00fac v\u1eefng ch\u1eafc v\u00e0 b\u1ec1n b\u1ec9. <\/li>    <li>H\u01a1n n\u1eefa, m\u00e1y c\u00f2n \u0111\u01b0\u1ee3c trang b\u1ecb <strong>h\u1ec7 th\u1ed1ng b\u1ea3o v\u1ec7 qu\u00e1 t\u1ea3i \u0111\u1ed9ng c\u01a1 v\u00e0 h\u1ec7 th\u1ed1ng interlock b\u1ea3o v\u1ec7 ngu\u1ed3n \u0111i\u1ec7n<\/strong>, b\u1ea3o v\u1ec7 an to\u00e0n hi\u1ec7u qu\u1ea3 cho ng\u01b0\u1eddi v\u1eadn h\u00e0nh v\u00e0 thi\u1ebft b\u1ecb.<\/li> <\/ul>    <figure class=\"wp-block-gallery has-nested-images columns-2 is-cropped wp-block-gallery-2 is-layout-flex wp-block-gallery-is-layout-flex\"> <figure class=\"wp-block-image size-large\"><img loading=\"lazy\" decoding=\"async\" width=\"720\" height=\"540\" data-id=\"3465\" src=\"https:\/\/shuliybaler.com\/wp-content\/uploads\/2026\/01\/heavy-duty-rotor-design.webp\" alt=\"Thi\u1ebft k\u1ebf rotor ch\u1ecbu t\u1ea3i n\u1eb7ng\" class=\"wp-image-3465\" title=\"\" srcset=\"https:\/\/shuliybaler.com\/wp-content\/uploads\/2026\/01\/heavy-duty-rotor-design.webp 720w, https:\/\/shuliybaler.com\/wp-content\/uploads\/2026\/01\/heavy-duty-rotor-design-360x270.webp 360w, https:\/\/shuliybaler.com\/wp-content\/uploads\/2026\/01\/heavy-duty-rotor-design-180x135.webp 180w, https:\/\/shuliybaler.com\/wp-content\/uploads\/2026\/01\/heavy-duty-rotor-design-16x12.webp 16w\" sizes=\"auto, (max-width: 720px) 100vw, 720px\" \/><figcaption class=\"wp-element-caption\">Thi\u1ebft k\u1ebf rotor ch\u1ecbu t\u1ea3i n\u1eb7ng<\/figcaption><\/figure>    <figure class=\"wp-block-image size-large\"><img loading=\"lazy\" decoding=\"async\" width=\"720\" height=\"540\" data-id=\"3466\" src=\"https:\/\/shuliybaler.com\/wp-content\/uploads\/2026\/01\/Wear-resistant-hammer.webp\" alt=\"B\u00faa ch\u1ed1ng m\u00e0i m\u00f2n\" class=\"wp-image-3466\" title=\"\" srcset=\"https:\/\/shuliybaler.com\/wp-content\/uploads\/2026\/01\/Wear-resistant-hammer.webp 720w, https:\/\/shuliybaler.com\/wp-content\/uploads\/2026\/01\/Wear-resistant-hammer-360x270.webp 360w, https:\/\/shuliybaler.com\/wp-content\/uploads\/2026\/01\/Wear-resistant-hammer-180x135.webp 180w, https:\/\/shuliybaler.com\/wp-content\/uploads\/2026\/01\/Wear-resistant-hammer-16x12.webp 16w\" sizes=\"auto, (max-width: 720px) 100vw, 720px\" \/><figcaption class=\"wp-element-caption\">B\u00faa ch\u1ed1ng m\u00e0i m\u00f2n<\/figcaption><\/figure>    <figure class=\"wp-block-image size-large\"><img loading=\"lazy\" decoding=\"async\" width=\"720\" height=\"540\" data-id=\"3463\" src=\"https:\/\/shuliybaler.com\/wp-content\/uploads\/2026\/01\/copper-core-motor.webp\" alt=\"copper core motor\" class=\"wp-image-3463\" title=\"\" srcset=\"https:\/\/shuliybaler.com\/wp-content\/uploads\/2026\/01\/copper-core-motor.webp 720w, https:\/\/shuliybaler.com\/wp-content\/uploads\/2026\/01\/copper-core-motor-360x270.webp 360w, https:\/\/shuliybaler.com\/wp-content\/uploads\/2026\/01\/copper-core-motor-180x135.webp 180w, https:\/\/shuliybaler.com\/wp-content\/uploads\/2026\/01\/copper-core-motor-16x12.webp 16w\" sizes=\"auto, (max-width: 720px) 100vw, 720px\" \/><figcaption class=\"wp-element-caption\">\u0110\u1ed9ng c\u01a1 l\u00f5i \u0111\u1ed3ng<\/figcaption><\/figure>    <figure class=\"wp-block-image size-large\"><img loading=\"lazy\" decoding=\"async\" width=\"720\" height=\"540\" data-id=\"3464\" src=\"https:\/\/shuliybaler.com\/wp-content\/uploads\/2026\/01\/extra-thick-steel-plates.webp\" alt=\"extra-thick steel plates\" class=\"wp-image-3464\" title=\"\" srcset=\"https:\/\/shuliybaler.com\/wp-content\/uploads\/2026\/01\/extra-thick-steel-plates.webp 720w, https:\/\/shuliybaler.com\/wp-content\/uploads\/2026\/01\/extra-thick-steel-plates-360x270.webp 360w, https:\/\/shuliybaler.com\/wp-content\/uploads\/2026\/01\/extra-thick-steel-plates-180x135.webp 180w, https:\/\/shuliybaler.com\/wp-content\/uploads\/2026\/01\/extra-thick-steel-plates-16x12.webp 16w\" sizes=\"auto, (max-width: 720px) 100vw, 720px\" \/><figcaption class=\"wp-element-caption\">T\u1ea5m th\u00e9p d\u00e0y<\/figcaption><\/figure> <\/figure>    <h2 class=\"wp-block-heading\"><strong>Th\u00f4ng s\u1ed1 k\u1ef9 thu\u1eadt c\u1ee7a m\u00e1y nghi\u1ec1n kim lo\u1ea1i<\/strong><\/h2>    <figure class=\"wp-block-table\"><table><tbody><tr><td>M\u1eabu m\u00e3<\/td><td class=\"has-text-align-center\" data-align=\"center\">C\u00f4ng su\u1ea5t<\/td><td class=\"has-text-align-center\" data-align=\"center\">T\u1ed1c \u0111\u1ed9<\/td><td class=\"has-text-align-center\" data-align=\"center\">Dung l\u01b0\u1ee3ng<\/td><td class=\"has-text-align-center\" data-align=\"center\">K\u00edch th\u01b0\u1edbc<\/td><\/tr><tr><td>BDL-600<\/td><td class=\"has-text-align-center\" data-align=\"center\">18.5\u201322 kW<\/td><td class=\"has-text-align-center\" data-align=\"center\">860 r\/min<\/td><td class=\"has-text-align-center\" data-align=\"center\">600\u2013800 kg\/h<\/td><td class=\"has-text-align-center\" data-align=\"center\">2000\u00d71200\u00d71900 mm<\/td><\/tr><tr><td>BDL-800<\/td><td class=\"has-text-align-center\" data-align=\"center\">30\u201337 kW<\/td><td class=\"has-text-align-center\" data-align=\"center\">860 r\/min<\/td><td class=\"has-text-align-center\" data-align=\"center\">800\u20131000 kg\/h<\/td><td class=\"has-text-align-center\" data-align=\"center\">2200\u00d71500\u00d72200 mm<\/td><\/tr><tr><td>BDL-1000<\/td><td class=\"has-text-align-center\" data-align=\"center\">55\u201375 kW<\/td><td class=\"has-text-align-center\" data-align=\"center\">860 r\/min<\/td><td class=\"has-text-align-center\" data-align=\"center\">2500\u20133500 kg\/h<\/td><td class=\"has-text-align-center\" data-align=\"center\">2800\u00d71900\u00d73100 mm<\/td><\/tr><tr><td>BDL-1300<\/td><td class=\"has-text-align-center\" data-align=\"center\">90\u2013110 kW<\/td><td class=\"has-text-align-center\" data-align=\"center\">750 r\/min<\/td><td class=\"has-text-align-center\" data-align=\"center\">3500\u20135000 kg\/h<\/td><td class=\"has-text-align-center\" data-align=\"center\">3500\u00d72100\u00d73800 mm<\/td><\/tr><tr><td>BDL-1600<\/td><td class=\"has-text-align-center\" data-align=\"center\">110\u00d72 kW<\/td><td class=\"has-text-align-center\" data-align=\"center\">750 r\/min<\/td><td class=\"has-text-align-center\" data-align=\"center\">4000\u20138000 kg\/h<\/td><td class=\"has-text-align-center\" data-align=\"center\">4400\u00d72500\u00d74200 mm<\/td><\/tr><tr><td>BDL-1800<\/td><td class=\"has-text-align-center\" data-align=\"center\">160\u00d72 kW<\/td><td class=\"has-text-align-center\" data-align=\"center\">650 r\/min<\/td><td class=\"has-text-align-center\" data-align=\"center\">8000\u201312000 kg\/h<\/td><td class=\"has-text-align-center\" data-align=\"center\">16000\u00d72900\u00d74500 mm<\/td><\/tr><tr><td>BDL-2000<\/td><td class=\"has-text-align-center\" data-align=\"center\">220\u00d72 kW<\/td><td class=\"has-text-align-center\" data-align=\"center\">650 r\/min<\/td><td class=\"has-text-align-center\" data-align=\"center\">10000\u201318000 kg\/h<\/td><td class=\"has-text-align-center\" data-align=\"center\">5000\u00d73200\u00d74600 mm<\/td><\/tr><\/tbody><\/table><figcaption class=\"wp-element-caption\">Th\u00f4ng s\u1ed1 k\u1ef9 thu\u1eadt c\u1ee7a m\u00e1y nghi\u1ec1n kim lo\u1ea1i<\/figcaption><\/figure>    <p>Vi\u1ec7c ch\u1ecdn m\u00f4 h\u00ecnh m\u00e1y ph\u00f9 h\u1ee3p c\u1ea7n xem x\u00e9t c\u00e1c y\u1ebfu t\u1ed1 nh\u01b0 k\u00edch th\u01b0\u1edbc v\u1eadt li\u1ec7u, \u0111\u1ed9 d\u00e0y, v\u00e0 s\u1ea3n l\u01b0\u1ee3ng h\u00e0ng ng\u00e0y y\u00eau c\u1ea7u. N\u1ebfu m\u00e1y \u0111\u01b0\u1ee3c t\u00edch h\u1ee3p v\u00e0o d\u00e2y chuy\u1ec1n s\u1ea3n xu\u1ea5t, t\u1ed1c \u0111\u1ed9 nghi\u1ec1n v\u00e0 t\u1ed5ng th\u1ec3 t\u1ed1c \u0111\u1ed9 d\u00e2y chuy\u1ec1n c\u0169ng ph\u1ea3i \u0111\u01b0\u1ee3c xem x\u00e9t \u0111\u1ec3 t\u00edch h\u1ee3p ph\u00f9 h\u1ee3p.<\/p>    <p>Shuliy c\u00f3 nh\u00e2n vi\u00ean b\u00e1n h\u00e0ng t\u1eadn t\u00e2m c\u00f3 th\u1ec3 cung c\u1ea5p \u0111\u1ec1 xu\u1ea5t d\u1ef1a tr\u00ean nhu c\u1ea7u c\u1ee5 th\u1ec3 c\u1ee7a b\u1ea1n. N\u1ebfu b\u1ea1n c\u00f3 y\u00eau c\u1ea7u t\u00f9y ch\u1ec9nh b\u1ed5 sung (m\u00e0u s\u1eafc, c\u1ea5u tr\u00fac, v.v.), vui l\u00f2ng li\u00ean h\u1ec7 \u0111\u1ec3 nh\u1eadn b\u00e1o gi\u00e1 mi\u1ec5n ph\u00ed v\u00e0 d\u1ecbch v\u1ee5 t\u00f9y ch\u1ec9nh.<\/p>    <figure class=\"wp-block-gallery has-nested-images columns-default is-cropped wp-block-gallery-3 is-layout-flex wp-block-gallery-is-layout-flex\"> <figure class=\"wp-block-image size-large\"><img loading=\"lazy\" decoding=\"async\" width=\"720\" height=\"540\" data-id=\"3467\" src=\"https:\/\/shuliybaler.com\/wp-content\/uploads\/2026\/01\/blue-metal-scrap-crusher.webp\" alt=\"m\u00e1y nghi\u1ec1n ph\u1ebf li\u1ec7u kim lo\u1ea1i m\u00e0u xanh\" class=\"wp-image-3467\" title=\"\" srcset=\"https:\/\/shuliybaler.com\/wp-content\/uploads\/2026\/01\/blue-metal-scrap-crusher.webp 720w, https:\/\/shuliybaler.com\/wp-content\/uploads\/2026\/01\/blue-metal-scrap-crusher-360x270.webp 360w, https:\/\/shuliybaler.com\/wp-content\/uploads\/2026\/01\/blue-metal-scrap-crusher-180x135.webp 180w, https:\/\/shuliybaler.com\/wp-content\/uploads\/2026\/01\/blue-metal-scrap-crusher-16x12.webp 16w\" sizes=\"auto, (max-width: 720px) 100vw, 720px\" \/><figcaption class=\"wp-element-caption\">M\u00e1y nghi\u1ec1n kim lo\u1ea1i m\u00e0u xanh<\/figcaption><\/figure>    <figure class=\"wp-block-image size-large\"><img loading=\"lazy\" decoding=\"async\" width=\"720\" height=\"540\" data-id=\"3468\" src=\"https:\/\/shuliybaler.com\/wp-content\/uploads\/2026\/01\/white-crusher-for-metal.webp\" alt=\"m\u00e1y nghi\u1ec1n kim lo\u1ea1i m\u00e0u tr\u1eafng\" class=\"wp-image-3468\" title=\"\" srcset=\"https:\/\/shuliybaler.com\/wp-content\/uploads\/2026\/01\/white-crusher-for-metal.webp 720w, https:\/\/shuliybaler.com\/wp-content\/uploads\/2026\/01\/white-crusher-for-metal-360x270.webp 360w, https:\/\/shuliybaler.com\/wp-content\/uploads\/2026\/01\/white-crusher-for-metal-180x135.webp 180w, https:\/\/shuliybaler.com\/wp-content\/uploads\/2026\/01\/white-crusher-for-metal-16x12.webp 16w\" sizes=\"auto, (max-width: 720px) 100vw, 720px\" \/><figcaption class=\"wp-element-caption\">M\u00e1y nghi\u1ec1n kim lo\u1ea1i m\u00e0u tr\u1eafng<\/figcaption><\/figure> <\/figure>    <h2 class=\"wp-block-heading\"><strong>C\u00e1c lo\u1ea1i v\u1eadt li\u1ec7u c\u00f3 th\u1ec3 t\u00e1i ch\u1ebf n\u00e0o c\u00f3 th\u1ec3 \u0111\u01b0\u1ee3c x\u1eed l\u00fd b\u1edfi m\u00e1y nghi\u1ec1n n\u00e0y?<\/strong><\/h2>    <p>C\u00e1c m\u00e1y nghi\u1ec1n kim lo\u1ea1i c\u1ee7a Shuliy ph\u00f9 h\u1ee3p \u0111\u1ec3 x\u1eed l\u00fd nhi\u1ec1u lo\u1ea1i kim lo\u1ea1i ph\u1ebf li\u1ec7u, bao g\u1ed3m:<\/p>    <ul class=\"wp-block-list\"> <li>Th\u00e2n xe \u00f4 t\u00f4 b\u1ecb d\u1eadp v\u00e0 c\u00e1c b\u1ed9 ph\u1eadn xe \u0111\u00e3 th\u00e1o d\u1ee1<\/li>    <li>V\u1eadt li\u1ec7u nh\u1eb9 v\u1edbi m\u1eadt \u0111\u1ed9 \u22641 T\/m\u00b3 sau khi c\u1eaft ho\u1eb7c \u0111\u00f3ng ki\u1ec7n<\/li>    <li>M\u00e1y gi\u1eb7t c\u0169, t\u1ee7 l\u1ea1nh, \u0111i\u1ec1u h\u00f2a, t\u1ea5m th\u00e9p m\u00e0u, v\u00e0 c\u00e1c thi\u1ebft b\u1ecb gia d\u1ee5ng kh\u00e1c<\/li>    <li>Xe m\u00e1y c\u0169, xe \u0111i\u1ec7n, xe \u0111\u1ea1p v\u00e0 c\u00e1c b\u1ed9 ph\u1eadn th\u00e2n xe c\u1ee7a ch\u00fang<\/li>    <li>Lon nh\u00f4m th\u1ea3i, lon s\u01a1n, nh\u00f4m ph\u1ebf li\u1ec7u, v\u00e0 c\u00e1c c\u1eeda s\u1ed5, c\u1eeda \u0111i nh\u00f4m b\u1ecb v\u1ee1 (c\u1ea7n lo\u1ea1i b\u1ecf ch\u1ea5t l\u1ecfng v\u00e0 s\u01a1n)<\/li>    <li>Kim lo\u1ea1i t\u1ea5m ph\u1ebf li\u1ec7u, th\u00e9p ph\u1ebf li\u1ec7u, s\u1eaft ph\u1ebf li\u1ec7u, v\u00e0 c\u00e1c kim lo\u1ea1i ph\u1ebf li\u1ec7u kh\u00e1c<\/li> <\/ul>    <figure class=\"wp-block-gallery has-nested-images columns-default is-cropped wp-block-gallery-4 is-layout-flex wp-block-gallery-is-layout-flex\"> <figure class=\"wp-block-image size-large\"><img loading=\"lazy\" decoding=\"async\" width=\"720\" height=\"540\" data-id=\"3462\" src=\"https:\/\/shuliybaler.com\/wp-content\/uploads\/2026\/01\/hammer-type-crushing-machine.webp\" alt=\"m\u00e1y nghi\u1ec1n ki\u1ec3u b\u00faa\" class=\"wp-image-3462\" title=\"\" srcset=\"https:\/\/shuliybaler.com\/wp-content\/uploads\/2026\/01\/hammer-type-crushing-machine.webp 720w, https:\/\/shuliybaler.com\/wp-content\/uploads\/2026\/01\/hammer-type-crushing-machine-360x270.webp 360w, https:\/\/shuliybaler.com\/wp-content\/uploads\/2026\/01\/hammer-type-crushing-machine-180x135.webp 180w, https:\/\/shuliybaler.com\/wp-content\/uploads\/2026\/01\/hammer-type-crushing-machine-16x12.webp 16w\" sizes=\"auto, (max-width: 720px) 100vw, 720px\" \/><figcaption class=\"wp-element-caption\">M\u00e1y nghi\u1ec1n ki\u1ec3u b\u00faa<\/figcaption><\/figure>    <figure class=\"wp-block-image size-large\"><img loading=\"lazy\" decoding=\"async\" width=\"720\" height=\"540\" data-id=\"3461\" src=\"https:\/\/shuliybaler.com\/wp-content\/uploads\/2026\/01\/final-products-after-crushing.webp\" alt=\"final products after crushing\" class=\"wp-image-3461\" title=\"\" srcset=\"https:\/\/shuliybaler.com\/wp-content\/uploads\/2026\/01\/final-products-after-crushing.webp 720w, https:\/\/shuliybaler.com\/wp-content\/uploads\/2026\/01\/final-products-after-crushing-360x270.webp 360w, https:\/\/shuliybaler.com\/wp-content\/uploads\/2026\/01\/final-products-after-crushing-180x135.webp 180w, https:\/\/shuliybaler.com\/wp-content\/uploads\/2026\/01\/final-products-after-crushing-16x12.webp 16w\" sizes=\"auto, (max-width: 720px) 100vw, 720px\" \/><figcaption class=\"wp-element-caption\">S\u1ea3n ph\u1ea9m cu\u1ed1i sau khi nghi\u1ec1n<\/figcaption><\/figure> <\/figure>    <h2 class=\"wp-block-heading\">Li\u00ean h\u1ec7 v\u1edbi ch\u00fang t\u00f4i \u0111\u1ec3 bi\u1ebft h\u1ea1n ng\u1ea1ch m\u1edbi nh\u1ea5t!<\/h2>    <p>H\u1ea7u h\u1ebft kh\u00e1ch h\u00e0ng c\u1ee7a ch\u00fang t\u00f4i l\u1eafp \u0111\u1eb7t m\u00e1y nghi\u1ec1n kim lo\u1ea1i ho\u1eb7c d\u00e2y chuy\u1ec1n s\u1ea3n xu\u1ea5t li\u00ean quan trong c\u00e1c nh\u00e0 m\u00e1y t\u00e1i ch\u1ebf kim lo\u1ea1i ph\u1ebf li\u1ec7u, nh\u00e0 m\u00e1y th\u00e9p ho\u1eb7c l\u00f2 luy\u1ec7n kim. Qua qu\u00e1 tr\u00ecnh x\u1eed l\u00fd, h\u1ecd gi\u1ea3m th\u1ec3 t\u00edch v\u1eadt li\u1ec7u, thu\u1eadn ti\u1ec7n cho v\u1eadn chuy\u1ec3n ho\u1eb7c n\u00e2ng cao hi\u1ec7u qu\u1ea3 luy\u1ec7n kim, t\u1eeb \u0111\u00f3 t\u0103ng gi\u00e1 tr\u1ecb c\u1ee7a kim lo\u1ea1i ph\u1ebf li\u1ec7u t\u00e1i ch\u1ebf.<\/p>    <figure class=\"wp-block-gallery has-nested-images columns-default is-cropped wp-block-gallery-5 is-layout-flex wp-block-gallery-is-layout-flex\"> <figure class=\"wp-block-image size-large\"><img loading=\"lazy\" decoding=\"async\" width=\"720\" height=\"540\" data-id=\"3469\" src=\"https:\/\/shuliybaler.com\/wp-content\/uploads\/2026\/01\/clients-feedback.webp\" alt=\"Ph\u1ea3n h\u1ed3i c\u1ee7a kh\u00e1ch h\u00e0ng\" class=\"wp-image-3469\" title=\"\" srcset=\"https:\/\/shuliybaler.com\/wp-content\/uploads\/2026\/01\/clients-feedback.webp 720w, https:\/\/shuliybaler.com\/wp-content\/uploads\/2026\/01\/clients-feedback-360x270.webp 360w, https:\/\/shuliybaler.com\/wp-content\/uploads\/2026\/01\/clients-feedback-180x135.webp 180w, https:\/\/shuliybaler.com\/wp-content\/uploads\/2026\/01\/clients-feedback-16x12.webp 16w\" sizes=\"auto, (max-width: 720px) 100vw, 720px\" \/><figcaption class=\"wp-element-caption\">Ph\u1ea3n h\u1ed3i c\u1ee7a kh\u00e1ch h\u00e0ng<\/figcaption><\/figure>    <figure class=\"wp-block-image size-large\"><img loading=\"lazy\" decoding=\"async\" width=\"720\" height=\"540\" data-id=\"3470\" src=\"https:\/\/shuliybaler.com\/wp-content\/uploads\/2026\/01\/metal-shredder-installation-case.webp\" alt=\"metal shredder  installation case\" class=\"wp-image-3470\" title=\"\" srcset=\"https:\/\/shuliybaler.com\/wp-content\/uploads\/2026\/01\/metal-shredder-installation-case.webp 720w, https:\/\/shuliybaler.com\/wp-content\/uploads\/2026\/01\/metal-shredder-installation-case-360x270.webp 360w, https:\/\/shuliybaler.com\/wp-content\/uploads\/2026\/01\/metal-shredder-installation-case-180x135.webp 180w, https:\/\/shuliybaler.com\/wp-content\/uploads\/2026\/01\/metal-shredder-installation-case-16x12.webp 16w\" sizes=\"auto, (max-width: 720px) 100vw, 720px\" \/><figcaption class=\"wp-element-caption\">Tr\u01b0\u1eddng h\u1ee3p l\u1eafp \u0111\u1eb7t m\u00e1y nghi\u1ec1n kim lo\u1ea1i<\/figcaption><\/figure> <\/figure>    <p>N\u1ebfu b\u1ea1n quan t\u00e2m \u0111\u1ebfn m\u00e1y c\u1ee7a ch\u00fang t\u00f4i, vui l\u00f2ng li\u00ean h\u1ec7 \u0111\u1ec3 bi\u1ebft b\u1ea3ng gi\u00e1 m\u1edbi nh\u1ea5t v\u00e0 c\u00e1c ch\u01b0\u01a1ng tr\u00ecnh gi\u1ea3m gi\u00e1. C\u00e1c s\u1ea3n ph\u1ea9m sau c\u00f3 th\u1ec3 s\u1eed d\u1ee5ng c\u00f9ng v\u1edbi m\u00e1y nghi\u1ec1n kim lo\u1ea1i n\u00e0y: <\/p>    <ul class=\"wp-block-list\"> <li><a href=\"https:\/\/shuliybaler.com\/vi\/product\/steel-drum-shredder\/\">M\u00e1y nghi\u1ec1n th\u00f9ng th\u00e9p<\/a><\/li>    <li><a href=\"https:\/\/shuliybaler.com\/vi\/product\/scrap-metal-baler\/\">M\u00e1y n\u00e9n kim lo\u1ea1i ph\u1ebf li\u1ec7u<\/a><\/li> <\/ul>","protected":false},"excerpt":{"rendered":"<p>This high-efficiency metal shredder can be used to shred scrap metal, aluminum cans, household appliances, and steel. The shredded material is in the form of 3-10 cm spheres or segments, which facilitates packaging and other metal recycling processes.<\/p>","protected":false},"author":1,"featured_media":3460,"parent":0,"template":"","tags":[15],"product-type":[87],"class_list":["post-3448","product","type-product","status-publish","has-post-thumbnail","hentry","tag-metal","product-type-metal-recycling-machine"],"_links":{"self":[{"href":"https:\/\/shuliybaler.com\/vi\/wp-json\/wp\/v2\/product\/3448","targetHints":{"allow":["GET"]}}],"collection":[{"href":"https:\/\/shuliybaler.com\/vi\/wp-json\/wp\/v2\/product"}],"about":[{"href":"https:\/\/shuliybaler.com\/vi\/wp-json\/wp\/v2\/types\/product"}],"author":[{"embeddable":true,"href":"https:\/\/shuliybaler.com\/vi\/wp-json\/wp\/v2\/users\/1"}],"wp:featuredmedia":[{"embeddable":true,"href":"https:\/\/shuliybaler.com\/vi\/wp-json\/wp\/v2\/media\/3460"}],"wp:attachment":[{"href":"https:\/\/shuliybaler.com\/vi\/wp-json\/wp\/v2\/media?parent=3448"}],"wp:term":[{"taxonomy":"post_tag","embeddable":true,"href":"https:\/\/shuliybaler.com\/vi\/wp-json\/wp\/v2\/tags?post=3448"},{"taxonomy":"product-type","embeddable":true,"href":"https:\/\/shuliybaler.com\/vi\/wp-json\/wp\/v2\/product-type?post=3448"}],"curies":[{"name":"wp","href":"https:\/\/api.w.org\/{rel}","templated":true}]}}