{"id":3476,"date":"2026-01-08T14:24:56","date_gmt":"2026-01-08T06:24:56","guid":{"rendered":"https:\/\/shuliybaler.com\/?post_type=product&#038;p=3476"},"modified":"2026-01-09T13:37:25","modified_gmt":"2026-01-09T05:37:25","slug":"small-metal-shredder-for-waste-recycling","status":"publish","type":"product","link":"https:\/\/shuliybaler.com\/vi\/product\/small-metal-shredder-for-waste-recycling\/","title":{"rendered":"M\u00e1y nghi\u1ec1n kim lo\u1ea1i nh\u1ecf hi\u1ec7u qu\u1ea3 cao cho t\u00e1i ch\u1ebf ch\u1ea5t th\u1ea3i"},"content":{"rendered":"<p class=\"translation-block\">M\u00e1y nghi\u1ec1n nh\u1ecf  ph\u00f9 h\u1ee3p cho c\u00e1c \u1ee9ng d\u1ee5ng y\u00eau c\u1ea7u nghi\u1ec1n hi\u1ec7u qu\u1ea3 trong kh\u00f4ng gian h\u1ea1n ch\u1ebf. M\u1eb7c d\u00f9 k\u00edch th\u01b0\u1edbc nh\u1ecf g\u1ecdn, m\u00e1y n\u00e0y c\u00f3 kh\u1ea3 n\u0103ng c\u1eaft hai tr\u1ee5c m\u1ea1nh m\u1ebd, v\u00e0 l\u01b0\u1ee1i dao l\u00e0m b\u1eb1ng v\u1eadt li\u1ec7u ch\u1ed1ng m\u00e0i m\u00f2n cao 9CrSi, ph\u00f9 h\u1ee3p cho ho\u1ea1t \u0111\u1ed9ng li\u00ean t\u1ee5c l\u00e2u d\u00e0i.<\/p>    <figure class=\"wp-block-embed aligncenter is-type-video is-provider-youtube wp-block-embed-youtube wp-embed-aspect-16-9 wp-has-aspect-ratio\"><div class=\"wp-block-embed__wrapper\"> <iframe loading=\"lazy\" title=\"Trong nh\u00e0 m\u00e1y c\u1ee7a ch\u00fang t\u00f4i: Th\u1eed nghi\u1ec7m ho\u1ea1t \u0111\u1ed9ng c\u1ee7a m\u00e1y nghi\u1ec1n kim lo\u1ea1i nh\u1ecf | Nh\u1ecf g\u1ecdn nh\u01b0ng m\u1ea1nh m\u1ebd Li\u00ean h\u1ec7:  8617703863868\" width=\"500\" height=\"281\" src=\"https:\/\/www.youtube.com\/embed\/7L99OCIJPJc?feature=oembed\" frameborder=\"0\" allow=\"accelerometer; autoplay; clipboard-write; encrypted-media; gyroscope; picture-in-picture; web-share\" referrerpolicy=\"strict-origin-when-cross-origin\" allowfullscreen><\/iframe> <\/div><figcaption class=\"wp-element-caption\">Video ho\u1ea1t \u0111\u1ed9ng c\u1ee7a m\u00e1y nghi\u1ec1n kim lo\u1ea1i nh\u1ecf<\/figcaption><\/figure>    <h2 class=\"wp-block-heading\"><strong>\u01afu \u0111i\u1ec3m ch\u00ednh c\u1ee7a m\u00e1y nghi\u1ec1n kim lo\u1ea1i nh\u1ecf n\u00e0y<\/strong><\/h2>    <ul class=\"wp-block-list\"> <li>M\u00e1y nghi\u1ec1n kim lo\u1ea1i nh\u1ecf g\u1ecdn Shuliy c\u00f3 <strong>C\u1ea5u tr\u00fac nh\u1ecf g\u1ecdn v\u1edbi k\u00edch th\u01b0\u1edbc t\u1ed5ng th\u1ec3 1600 \u00d7 1000 \u00d7 1300 mm<\/strong>, which is suitable for small recycling centers, factory corners, and startup recycling projects with limited space. It doesn&#8217;t need a complex installation, significantly reducing installation costs.<\/li>    <li>M\u00e1y nghi\u1ec1n th\u01b0\u01a1ng m\u1ea1i \u0111\u01b0\u1ee3c truy\u1ec1n \u0111\u1ed9ng b\u1edfi <strong>\u0111\u1ed9ng c\u01a1 11kW v\u00e0 h\u1ed9p s\u1ed1 lo\u1ea1i 400<\/strong>, v\u1edbi t\u1ed1c \u0111\u1ed9 tr\u1ee5c quay th\u1ea5p t\u1eeb 8-11 v\u00f2ng\/ph\u00fat, cung c\u1ea5p m\u00f4-men xo\u1eafn m\u1ea1nh m\u1ebd trong khi duy tr\u00ec ho\u1ea1t \u0111\u1ed9ng nghi\u1ec1n li\u00ean t\u1ee5c v\u00e0 \u1ed5n \u0111\u1ecbnh. <\/li>    <li>M\u00e1y nghi\u1ec1n kim lo\u1ea1i nh\u1ecf c\u1ee7a ch\u00fang t\u00f4i s\u1eed d\u1ee5ng m\u1ed9t <strong>C\u1ea5u tr\u00fac nghi\u1ec1n hai tr\u1ee5c<\/strong>, cung c\u1ea5p l\u1ef1c c\u1eaft, x\u00e9 v\u00e0 nghi\u1ec1n m\u1ea1nh m\u1ebd. Trang b\u1ecb 13 l\u01b0\u1ee1i quay v\u00e0 15 l\u01b0\u1ee1i c\u1ed1 \u0111\u1ecbnh, d\u1ec5 d\u00e0ng x\u1eed l\u00fd c\u00e1c d\u1ea1ng kim lo\u1ea1i nh\u1eb9 v\u00e0 kim lo\u1ea1i h\u1ed7n h\u1ee3p. <\/li>    <li>Do \u0111\u00f3, <strong>S\u1eafp x\u1ebfp l\u01b0\u1ee1i dao ch\u00ednh x\u00e1c v\u00e0 ki\u1ec3m so\u00e1t t\u1ed1c \u0111\u1ed9 quay<\/strong>, v\u1eadt li\u1ec7u th\u00e0nh ph\u1ea9m c\u00f3 k\u00edch th\u01b0\u1edbc h\u1ea1t nh\u1ecf v\u00e0 \u0111\u1ed3ng \u0111\u1ec1u, l\u00fd t\u01b0\u1edfng cho x\u1eed l\u00fd th\u1ee9 c\u1ea5p, ph\u00e2n lo\u1ea1i v\u00e0 t\u00e1ch kim lo\u1ea1i, gi\u00fap qu\u00e1 tr\u00ecnh t\u00e1i ch\u1ebf ph\u00eda sau hi\u1ec7u qu\u1ea3 v\u00e0 sinh l\u1ee3i h\u01a1n.<\/li> <\/ul>   <div class=\"wp-block-image\"> <figure class=\"aligncenter size-large\"><img loading=\"lazy\" decoding=\"async\" width=\"720\" height=\"540\" src=\"https:\/\/shuliybaler.com\/wp-content\/uploads\/2026\/01\/waste-shredder.webp\" alt=\"\" class=\"wp-image-3485\" title=\"\" srcset=\"https:\/\/shuliybaler.com\/wp-content\/uploads\/2026\/01\/waste-shredder.webp 720w, https:\/\/shuliybaler.com\/wp-content\/uploads\/2026\/01\/waste-shredder-360x270.webp 360w, https:\/\/shuliybaler.com\/wp-content\/uploads\/2026\/01\/waste-shredder-180x135.webp 180w, https:\/\/shuliybaler.com\/wp-content\/uploads\/2026\/01\/waste-shredder-16x12.webp 16w\" sizes=\"auto, (max-width: 720px) 100vw, 720px\" \/><\/figure> <\/div>   <h2 class=\"wp-block-heading\"><strong>T\u1ea1i sao n\u00ean \u0111\u1ea7u t\u01b0 v\u00e0o m\u00e1y nghi\u1ec1n kim lo\u1ea1i nh\u1ecf?<\/strong><\/h2>    <p>\u0110\u1ed1i v\u1edbi c\u00e1c nh\u00e0 m\u00e1y t\u00e1i ch\u1ebf nh\u1ecf mu\u1ed1n tham gia ho\u1eb7c m\u1edf r\u1ed9ng th\u1ecb tr\u01b0\u1eddng t\u00e1i ch\u1ebf kim lo\u1ea1i v\u1edbi r\u1ee7i ro v\u00e0 chi ph\u00ed ki\u1ec3m so\u00e1t, \u0111\u1ea7u t\u01b0 v\u00e0o m\u00e1y nghi\u1ec1n kim lo\u1ea1i nh\u1ecf l\u00e0 m\u1ed9t l\u1ef1a ch\u1ecdn s\u00e1ng su\u1ed1t.<\/p>    <ol class=\"wp-block-list\"> <li>So v\u1edbi d\u00e2y chuy\u1ec1n nghi\u1ec1n l\u1edbn, n\u00f3 c\u00f3 chi ph\u00ed \u0111\u1ea7u t\u01b0 ban \u0111\u1ea7u th\u1ea5p h\u01a1n.<\/li>    <li>M\u00e1y nghi\u1ec1n nh\u1ecf n\u00e0y cung c\u1ea5p hi\u1ec7u su\u1ea5t \u1ed5n \u0111\u1ecbnh, chi ph\u00ed b\u1ea3o tr\u00ec th\u1ea5p, v\u00e0 kh\u1ea3 n\u0103ng thu h\u1ed3i v\u1ed1n nhanh.<\/li>    <li>M\u00e1y c\u1ee7a ch\u00fang t\u00f4i \u0111a n\u0103ng v\u00e0 c\u00f3 th\u1ec3 s\u1eed d\u1ee5ng v\u1edbi nhi\u1ec1u lo\u1ea1i v\u1eadt li\u1ec7u kim lo\u1ea1i.<\/li>    <li>D\u1ec5 v\u1eadn h\u00e0nh v\u00e0 b\u1ea3o tr\u00ec, ph\u00f9 h\u1ee3p cho \u0111\u1ed9i ng\u0169 nh\u1ecf.<\/li> <\/ol>    <p>\u0110\u1ed1i v\u1edbi c\u00e1c nh\u00e0 t\u00e1i ch\u1ebf nh\u1ecf, nh\u00e0 s\u1ea3n xu\u1ea5t v\u00e0 \u0111\u1ea1i l\u00fd ph\u1ebf li\u1ec7u, m\u00e1y n\u00e0y cung c\u1ea5p s\u1ef1 c\u00e2n b\u1eb1ng l\u00fd t\u01b0\u1edfng gi\u1eefa hi\u1ec7u su\u1ea5t, chi ph\u00ed v\u00e0 kh\u1ea3 n\u0103ng m\u1edf r\u1ed9ng.<\/p>   <div class=\"wp-block-image\"> <figure class=\"aligncenter size-large\"><img loading=\"lazy\" decoding=\"async\" width=\"720\" height=\"540\" src=\"https:\/\/shuliybaler.com\/wp-content\/uploads\/2026\/01\/cardboard-shredding-machine-1.webp\" alt=\"\" class=\"wp-image-3484\" title=\"\" srcset=\"https:\/\/shuliybaler.com\/wp-content\/uploads\/2026\/01\/cardboard-shredding-machine-1.webp 720w, https:\/\/shuliybaler.com\/wp-content\/uploads\/2026\/01\/cardboard-shredding-machine-1-360x270.webp 360w, https:\/\/shuliybaler.com\/wp-content\/uploads\/2026\/01\/cardboard-shredding-machine-1-180x135.webp 180w, https:\/\/shuliybaler.com\/wp-content\/uploads\/2026\/01\/cardboard-shredding-machine-1-16x12.webp 16w\" sizes=\"auto, (max-width: 720px) 100vw, 720px\" \/><\/figure> <\/div>   <h2 class=\"wp-block-heading\"><strong>Ph\u1ea1m vi \u1ee9ng d\u1ee5ng r\u1ed9ng c\u1ee7a m\u00e1y nghi\u1ec1n kim lo\u1ea1i nh\u1ecf g\u1ecdn<\/strong><\/h2>    <p>Trong c\u00e1c nh\u00e0 m\u00e1y t\u00e1i ch\u1ebf ph\u1ebf li\u1ec7u nh\u1ecf v\u00e0 v\u1eeba, lo\u1ea1i m\u00e1y nghi\u1ec1n nh\u1ecf n\u00e0y th\u01b0\u1eddng \u0111\u01b0\u1ee3c s\u1eed d\u1ee5ng l\u00e0m thi\u1ebft b\u1ecb nghi\u1ec1n s\u01a1 b\u1ed9 ho\u1eb7c ch\u00ednh. N\u00f3 nghi\u1ec1n ph\u1ebf li\u1ec7u l\u1edbn th\u00e0nh c\u00e1c m\u1ea3nh nh\u1ecf h\u01a1n, d\u1ec5 qu\u1ea3n l\u00fd h\u01a1n, n\u00e2ng cao hi\u1ec7u qu\u1ea3 ph\u00e2n lo\u1ea1i tr\u01b0\u1edbc khi t\u00e1ch t\u1eeb b\u1eb1ng nam ch\u00e2m ho\u1eb7c nghi\u1ec1n ti\u1ebfp.<\/p>    <p>C\u00e1c x\u01b0\u1edfng gia c\u00f4ng kim lo\u1ea1i t\u1ea1o ra l\u01b0\u1ee3ng l\u1edbn ph\u1ebf li\u1ec7u, v\u1ee5n, v\u00e0 c\u00e1c b\u1ed9 ph\u1eadn l\u1ed7i trong qu\u00e1 tr\u00ecnh s\u1ea3n xu\u1ea5t h\u00e0ng ng\u00e0y. M\u00e1y nghi\u1ec1n n\u00e0y gi\u00fap c\u00e1c x\u01b0\u1edfng nghi\u1ec1n ph\u1ebf li\u1ec7u kim lo\u1ea1i t\u1ea1i ch\u1ed7, gi\u1ea3m di\u1ec7n t\u00edch l\u01b0u tr\u1eef v\u00e0 duy tr\u00ec m\u00f4i tr\u01b0\u1eddng l\u00e0m vi\u1ec7c s\u1ea1ch s\u1ebd, an to\u00e0n h\u01a1n. <\/p>    <p>T\u1ea1i c\u00e1c tr\u1ea1m thu gom v\u00e0 chuy\u1ec3n t\u1ea3i ph\u1ebf li\u1ec7u, vi\u1ec7c x\u1eed l\u00fd c\u00e1c lo\u1ea1i ch\u1ea5t th\u1ea3i c\u00f3 k\u00edch th\u01b0\u1edbc kh\u00e1c nhau g\u1eb7p kh\u00f3 kh\u0103n. M\u00e1y nghi\u1ec1n n\u00e0y \u0111\u01b0\u1ee3c s\u1eed d\u1ee5ng r\u1ed9ng r\u00e3i \u0111\u1ec3 gi\u1ea3m th\u1ec3 t\u00edch v\u1eadt li\u1ec7u tr\u01b0\u1edbc khi v\u1eadn chuy\u1ec3n, ti\u00eau chu\u1ea9n h\u00f3a k\u00edch th\u01b0\u1edbc ph\u1ebf li\u1ec7u \u0111\u1ec3 d\u1ec5 d\u00e0ng x\u1eed l\u00fd h\u01a1n b\u1edfi c\u00e1c nh\u00e0 m\u00e1y t\u00e1i ch\u1ebf ph\u00eda sau, v\u00e0 n\u00e2ng cao hi\u1ec7u qu\u1ea3 t\u1ea3i tr\u1ecdng v\u00e0 qu\u1ea3n l\u00fd logistics.<\/p>    <figure class=\"wp-block-gallery has-nested-images columns-default is-cropped wp-block-gallery-2 is-layout-flex wp-block-gallery-is-layout-flex\"> <figure class=\"wp-block-image size-large\"><img loading=\"lazy\" decoding=\"async\" width=\"720\" height=\"540\" data-id=\"3488\" src=\"https:\/\/shuliybaler.com\/wp-content\/uploads\/2026\/01\/waste-recycling.webp\" alt=\"waste recycling\" class=\"wp-image-3488\" title=\"\" srcset=\"https:\/\/shuliybaler.com\/wp-content\/uploads\/2026\/01\/waste-recycling.webp 720w, https:\/\/shuliybaler.com\/wp-content\/uploads\/2026\/01\/waste-recycling-360x270.webp 360w, https:\/\/shuliybaler.com\/wp-content\/uploads\/2026\/01\/waste-recycling-180x135.webp 180w, https:\/\/shuliybaler.com\/wp-content\/uploads\/2026\/01\/waste-recycling-16x12.webp 16w\" sizes=\"auto, (max-width: 720px) 100vw, 720px\" \/><figcaption class=\"wp-element-caption\">T\u00e1i ch\u1ebf ch\u1ea5t th\u1ea3i<\/figcaption><\/figure>    <figure class=\"wp-block-image size-large\"><img loading=\"lazy\" decoding=\"async\" width=\"720\" height=\"540\" data-id=\"3487\" src=\"https:\/\/shuliybaler.com\/wp-content\/uploads\/2026\/01\/metal-factory-scraps.webp\" alt=\"metal factory scraps\" class=\"wp-image-3487\" title=\"\" srcset=\"https:\/\/shuliybaler.com\/wp-content\/uploads\/2026\/01\/metal-factory-scraps.webp 720w, https:\/\/shuliybaler.com\/wp-content\/uploads\/2026\/01\/metal-factory-scraps-360x270.webp 360w, https:\/\/shuliybaler.com\/wp-content\/uploads\/2026\/01\/metal-factory-scraps-180x135.webp 180w, https:\/\/shuliybaler.com\/wp-content\/uploads\/2026\/01\/metal-factory-scraps-16x12.webp 16w\" sizes=\"auto, (max-width: 720px) 100vw, 720px\" \/><figcaption class=\"wp-element-caption\">Ph\u1ebf li\u1ec7u nh\u00e0 m\u00e1y kim lo\u1ea1i<\/figcaption><\/figure> <\/figure>    <h2 class=\"wp-block-heading\"><strong>Th\u00f4ng s\u1ed1 k\u1ef9 thu\u1eadt c\u1ee7a m\u00e1y nghi\u1ec1n kim lo\u1ea1i nh\u1ecf<\/strong><\/h2>    <figure class=\"wp-block-table\"><table class=\"has-fixed-layout\"><tbody><tr><td>C\u00f4ng su\u1ea5t motor<\/td><td>11 kW<\/td><\/tr><tr><td>B\u1ed9 gi\u1ea3m t\u1ed1c<\/td><td>Lo\u1ea1i 400<\/td><\/tr><tr><td>\u0110i\u1ec1u khi\u1ec3n \u0111i\u1ec7n<\/td><td>T\u1ee7 \u0111i\u1ec1u khi\u1ec3n ti\u1ebfn &amp; l\u00f9i<\/td><\/tr><tr><td>V\u1eadt li\u1ec7u l\u01b0\u1ee1i dao<\/td><td>Th\u00e9p d\u1ee5ng c\u1ee5 l\u00e0m vi\u1ec7c ngu\u1ed9i<\/td><\/tr><tr><td>\u0110\u01b0\u1eddng k\u00ednh l\u01b0\u1ee1i dao<\/td><td>200 mm<\/td><\/tr><tr><td>\u0110\u1ed9 d\u00e0y l\u01b0\u1ee1i dao<\/td><td>30 mm<\/td><\/tr><tr><td>L\u01b0\u1ee1i dao quay<\/td><td>13 chi\u1ebfc<\/td><\/tr><tr><td>L\u01b0\u1ee1i dao c\u1ed1 \u0111\u1ecbnh<\/td><td>15 chi\u1ebfc<\/td><\/tr><tr><td>V\u1eadt li\u1ec7u c\u00e1ch ly<\/td><td>Th\u00e9p d\u1ee5ng c\u1ee5 l\u00e0m vi\u1ec7c ngu\u1ed9i<\/td><\/tr><tr><td>Tr\u1ee5c<\/td><td>L\u00e0m ngu\u1ed9i v\u00e0 t\u00f4i luy\u1ec7n<\/td><\/tr><tr><td>Khung \u1ed1ng vu\u00f4ng<\/td><td>80 \u00d7 80 mm<\/td><\/tr><tr><td>K\u00edch th\u01b0\u1edbc t\u1ed5ng th\u1ec3<\/td><td>1600 \u00d7 1000 \u00d7 1300 mm<\/td><\/tr><tr><td>T\u1ed1c \u0111\u1ed9 tr\u1ee5c quay<\/td><td>8\u201311 r\/ph\u00fat<\/td><\/tr><tr><td>Ngu\u1ed3n \u0111i\u1ec7n<\/td><td>3 pha 380 V 50 Hz<\/td><\/tr><\/tbody><\/table><figcaption class=\"wp-element-caption\">Th\u00f4ng s\u1ed1 k\u1ef9 thu\u1eadt c\u1ee7a m\u00e1y nghi\u1ec1n hai tr\u1ee5c<\/figcaption><\/figure>    <p>Ch\u00fang t\u00f4i c\u0169ng cung c\u1ea5p d\u1ecbch v\u1ee5 t\u00f9y ch\u1ec9nh th\u00eam, bao g\u1ed3m m\u00e0u s\u1eafc, \u0111i\u1ec7n \u00e1p \u0111\u1ed9ng c\u01a1, v\u00e0 thi\u1ebft k\u1ebf c\u1ed5ng x\u1ea3. Li\u00ean h\u1ec7 c\u00e1c chuy\u00ean gia c\u1ee7a ch\u00fang t\u00f4i \u0111\u1ec3 bi\u1ebft th\u00eam chi ti\u1ebft.<\/p>    <figure class=\"wp-block-gallery has-nested-images columns-default is-cropped wp-block-gallery-3 is-layout-flex wp-block-gallery-is-layout-flex\"> <figure class=\"wp-block-image size-large\"><img loading=\"lazy\" decoding=\"async\" width=\"720\" height=\"540\" data-id=\"3482\" src=\"https:\/\/shuliybaler.com\/wp-content\/uploads\/2026\/01\/metal-shredding-machine-with-wire-mesh.webp\" alt=\"m\u00e1y nghi\u1ec1n kim lo\u1ea1i v\u1edbi l\u01b0\u1edbi th\u00e9p\" class=\"wp-image-3482\" title=\"\" srcset=\"https:\/\/shuliybaler.com\/wp-content\/uploads\/2026\/01\/metal-shredding-machine-with-wire-mesh.webp 720w, https:\/\/shuliybaler.com\/wp-content\/uploads\/2026\/01\/metal-shredding-machine-with-wire-mesh-360x270.webp 360w, https:\/\/shuliybaler.com\/wp-content\/uploads\/2026\/01\/metal-shredding-machine-with-wire-mesh-180x135.webp 180w, https:\/\/shuliybaler.com\/wp-content\/uploads\/2026\/01\/metal-shredding-machine-with-wire-mesh-16x12.webp 16w\" sizes=\"auto, (max-width: 720px) 100vw, 720px\" \/><figcaption class=\"wp-element-caption\">M\u00e1y nghi\u1ec1n kim lo\u1ea1i v\u1edbi d\u1ed1c x\u1ea3<\/figcaption><\/figure>    <figure class=\"wp-block-image size-large\"><img loading=\"lazy\" decoding=\"async\" width=\"720\" height=\"540\" data-id=\"3481\" src=\"https:\/\/shuliybaler.com\/wp-content\/uploads\/2026\/01\/metal-shredder-with-discharge-ramp.webp\" alt=\"M\u00e1y nghi\u1ec1n kim lo\u1ea1i v\u1edbi d\u1ed1c x\u1ea3\" class=\"wp-image-3481\" title=\"\" srcset=\"https:\/\/shuliybaler.com\/wp-content\/uploads\/2026\/01\/metal-shredder-with-discharge-ramp.webp 720w, https:\/\/shuliybaler.com\/wp-content\/uploads\/2026\/01\/metal-shredder-with-discharge-ramp-360x270.webp 360w, https:\/\/shuliybaler.com\/wp-content\/uploads\/2026\/01\/metal-shredder-with-discharge-ramp-180x135.webp 180w, https:\/\/shuliybaler.com\/wp-content\/uploads\/2026\/01\/metal-shredder-with-discharge-ramp-16x12.webp 16w\" sizes=\"auto, (max-width: 720px) 100vw, 720px\" \/><figcaption class=\"wp-element-caption\">M\u00e1y nghi\u1ec1n kim lo\u1ea1i v\u1edbi d\u1ed1c x\u1ea3<\/figcaption><\/figure> <\/figure>    <div class=\"wp-block-buttons is-content-justification-center is-layout-flex wp-container-core-buttons-is-layout-16018d1d wp-block-buttons-is-layout-flex\"> <div class=\"wp-block-button is-style-fill\"><a class=\"wp-block-button__link wp-element-button\" href=\"https:\/\/shuliybaler.com\/vi\/contact-us\/\">B\u00e1o gi\u00e1 mi\u1ec5n ph\u00ed v\u00e0 t\u01b0 v\u1ea5n<\/a><\/div> <\/div>    <h2 class=\"wp-block-heading\">C\u00e2u h\u1ecfi th\u01b0\u1eddng g\u1eb7p v\u1ec1 m\u00e1y nghi\u1ec1n b\u00eca c\u1ee9ng c\u1ee7a Shuliy<\/h2>   <div id=\"rank-math-faq\" class=\"rank-math-block\"> <div class=\"rank-math-list\"> <div id=\"faq-question-1767838623961\" class=\"rank-math-list-item\"> <h3 class=\"rank-math-question\"><strong>C\u00e1c lo\u1ea1i kim lo\u1ea1i n\u00e0o m\u00e1y nh\u1ecf n\u00e0y c\u00f3 th\u1ec3 x\u1eed l\u00fd?<\/strong><\/h3> <div class=\"rank-math-answer\">  <p>Ph\u00f9 h\u1ee3p \u0111\u1ec3 x\u1eed l\u00fd ph\u1ebf li\u1ec7u kim lo\u1ea1i nh\u1eb9, t\u1ea5m th\u00e9p m\u1ecfng, nh\u00f4m v\u00e0 c\u00e1c b\u1ed9 ph\u1eadn kim lo\u1ea1i nh\u1ecf.<\/p>  <\/div> <\/div> <div id=\"faq-question-1767838661033\" class=\"rank-math-list-item\"> <h3 class=\"rank-math-question\"><strong>M\u00e1y nghi\u1ec1n n\u00e0y c\u00f3 ph\u00f9 h\u1ee3p \u0111\u1ec3 v\u1eadn h\u00e0nh li\u00ean t\u1ee5c kh\u00f4ng?<\/strong><\/h3> <div class=\"rank-math-answer\">  <p>Thi\u1ebft k\u1ebf t\u1ed1c \u0111\u1ed9 ch\u1eadm, m\u00f4-men xo\u1eafn cao \u0111\u1ea3m b\u1ea3o m\u00e1y c\u00f3 th\u1ec3 ho\u1ea1t \u0111\u1ed9ng li\u00ean t\u1ee5c trong th\u1eddi gian d\u00e0i.<\/p>  <\/div> <\/div> <div id=\"faq-question-1767838838592\" class=\"rank-math-list-item\"> <h3 class=\"rank-math-question\"><strong>\u0110\u1ed9 d\u00e0y t\u1ed1i \u0111a c\u1ee7a kim lo\u1ea1i m\u00e0 m\u00e1y n\u00e0y c\u00f3 th\u1ec3 nghi\u1ec1n l\u00e0 bao nhi\u00eau?<\/strong><\/h3> <div class=\"rank-math-answer\">  <p>M\u00e1y n\u00e0y ph\u00f9 h\u1ee3p \u0111\u1ec3 x\u1eed l\u00fd kim lo\u1ea1i m\u1ecfng v\u00e0 trung b\u00ecnh. \u0110\u1ed1i v\u1edbi v\u1eadt li\u1ec7u d\u00e0y h\u01a1n ho\u1eb7c c\u1ee9ng h\u01a1n, ch\u00fang t\u00f4i th\u01b0\u1eddng khuy\u00ean c\u1eaft s\u01a1 b\u1ed9 ho\u1eb7c ch\u1ecdn m\u1eabu m\u00e1y nghi\u1ec1n l\u1edbn h\u01a1n.<\/p>  <\/div> <\/div> <div id=\"faq-question-1767838937857\" class=\"rank-math-list-item\"> <h3 class=\"rank-math-question\"><strong>L\u00e0m th\u1ebf n\u00e0o \u0111\u1ec3 b\u1ea3o tr\u00ec m\u00e1y nghi\u1ec1n?<\/strong><\/h3> <div class=\"rank-math-answer\">  <p>Th\u01b0\u1eddng xuy\u00ean ki\u1ec3m tra bu l\u00f4ng l\u01b0\u1ee1i dao v\u00e0 c\u00e1c th\u00e0nh ph\u1ea7n \u0111i\u1ec7n, b\u00f4i tr\u01a1n b\u1ea1c \u0111\u1ea1n.<\/p>  <\/div> <\/div> <div id=\"faq-question-1767839135772\" class=\"rank-math-list-item\"> <h3 class=\"rank-math-question\"><strong>B\u1ea1n cung c\u1ea5p d\u1ecbch v\u1ee5 h\u1eadu m\u00e3i n\u00e0o?<\/strong><\/h3> <div class=\"rank-math-answer\">  <p>H\u01b0\u1edbng d\u1eabn l\u1eafp \u0111\u1eb7t, cung c\u1ea5p ph\u1ee5 t\u00f9ng d\u00e0i h\u1ea1n, v\u00e0 h\u1ed7 tr\u1ee3 k\u1ef9 thu\u1eadt m\u1ed9t k\u00e8m m\u1ed9t cho c\u00e1c c\u00e2u h\u1ecfi li\u00ean quan \u0111\u1ebfn m\u00e1y.<\/p>  <\/div> <\/div> <\/div> <\/div>   <p>M\u00e1y nghi\u1ec1n kim lo\u1ea1i nh\u1ecf n\u00e0y c\u00f3 di\u1ec7n t\u00edch nh\u1ecf, hi\u1ec7u qu\u1ea3 cao, v\u00e0 kh\u1ea3 n\u0103ng nghi\u1ec1n hai tr\u1ee5c m\u1ea1nh m\u1ebd, t\u1ea1o ra s\u1ea3n ph\u1ea9m m\u1ecbn. N\u00f3 \u0111\u1ea1t \u0111\u01b0\u1ee3c s\u1ef1 c\u00e2n b\u1eb1ng ho\u00e0n h\u1ea3o gi\u1eefa hi\u1ec7u su\u1ea5t v\u00e0 chi ph\u00ed.<\/p>    <p>D\u00e0nh cho c\u00e1c c\u01a1 s\u1edf t\u00e1i ch\u1ebf nh\u1ecf ho\u1eb7c nh\u00e0 m\u00e1y mu\u1ed1n s\u1ea3n xu\u1ea5t c\u00e1c s\u1ea3n ph\u1ea9m kim lo\u1ea1i c\u00f3 gi\u00e1 tr\u1ecb gia t\u0103ng, vi\u1ec7c \u0111\u1ea7u t\u01b0 v\u00e0o m\u00e1y nghi\u1ec1n kim lo\u1ea1i nh\u1ecf g\u1ecdn n\u00e0y l\u00e0 m\u1ed9t l\u1ef1a ch\u1ecdn th\u00f4ng minh v\u00e0 ti\u00ean phong.<\/p>   <div class=\"wp-block-image\"> <figure class=\"aligncenter size-full\"><img loading=\"lazy\" decoding=\"async\" width=\"720\" height=\"540\" src=\"https:\/\/shuliybaler.com\/wp-content\/uploads\/2026\/01\/double-shaft-shredder.webp\" alt=\"m\u00e1y nghi\u1ec1n x\u00e9 hai tr\u1ee5c\" class=\"wp-image-3483\" title=\"\" srcset=\"https:\/\/shuliybaler.com\/wp-content\/uploads\/2026\/01\/double-shaft-shredder.webp 720w, https:\/\/shuliybaler.com\/wp-content\/uploads\/2026\/01\/double-shaft-shredder-360x270.webp 360w, https:\/\/shuliybaler.com\/wp-content\/uploads\/2026\/01\/double-shaft-shredder-180x135.webp 180w, https:\/\/shuliybaler.com\/wp-content\/uploads\/2026\/01\/double-shaft-shredder-16x12.webp 16w\" sizes=\"auto, (max-width: 720px) 100vw, 720px\" \/><figcaption class=\"wp-element-caption\">m\u00e1y nghi\u1ec1n x\u00e9 hai tr\u1ee5c<\/figcaption><\/figure> <\/div>   <p>We also offer other models of shredders. If you find this model&#8217;s output not mmet your needs, you can check out these other options:<\/p>    <ul class=\"wp-block-list\"> <li><a href=\"https:\/\/shuliybaler.com\/vi\/product\/steel-drum-shredder\/\">M\u00e1y nghi\u1ec1n th\u00f9ng th\u00e9p 1400<\/a><\/li>    <li><a href=\"https:\/\/shuliybaler.com\/vi\/product\/scrap-copper-wire-shredder\/\">M\u00e1y nghi\u1ec1n d\u00e2y \u0111\u1ed3ng ph\u1ebf li\u1ec7u 600<\/a><\/li> <\/ul>","protected":false},"excerpt":{"rendered":"<p>This compact metal shredder has a compact size and can easily shred waste materials into small pieces, significantly reducing space and operating costs. It is ideal for recycling facilities with limited budgets or small workspaces.<\/p>","protected":false},"author":1,"featured_media":3496,"parent":0,"template":"","meta":{"product_tpl_data":{"subtitle":"Cardboard Shredding Machine | Double Shaft Shredder","param_summary":"<p>Model: 400\u00a0<\/p>\r\n<p>Blade material: Cold-work die steel<\/p>\r\n<p>Blade diameter: 200 mm<\/p>\r\n<p>Blade thickness: 30 mm<\/p>\r\n<p>Rotary blades: 13 pcs<\/p>\r\n<p>Fixed blades: 15 pcs<\/p>\r\n<p>Power supply: 3-phase 380V 50Hz<\/p>\r\n<p>Square tube frame: 80 \u00d7 80 mm<\/p>\r\n<p>Rotary shaft speed: 8\u201311 r\/min<\/p>\r\n<p>&nbsp;<\/p>\r\n<p>&nbsp;<\/p>","model_summary_title":"","model_summary":"","model_series":[],"finished_product_title":"","raw_materials_title":"","process_title":"","endsummary":""},"product_extra_property":[],"product_extra_image":"3482,3481,3485,3483,3437,3438"},"tags":[15],"product-type":[46],"class_list":["post-3476","product","type-product","status-publish","has-post-thumbnail","hentry","tag-metal","product-type-metal-shredder"],"light_meta":{"rank_math_seo_score":"83","rank_math_focus_keyword":"small metal shredder","product_tpl_data":{"subtitle":"Cardboard Shredding Machine | Double Shaft Shredder","param_summary":"<p>Model: 400\u00a0<\/p>\r\n<p>Blade material: Cold-work die steel<\/p>\r\n<p>Blade diameter: 200 mm<\/p>\r\n<p>Blade thickness: 30 mm<\/p>\r\n<p>Rotary blades: 13 pcs<\/p>\r\n<p>Fixed blades: 15 pcs<\/p>\r\n<p>Power supply: 3-phase 380V 50Hz<\/p>\r\n<p>Square tube frame: 80 \u00d7 80 mm<\/p>\r\n<p>Rotary shaft speed: 8\u201311 r\/min<\/p>\r\n<p>&nbsp;<\/p>\r\n<p>&nbsp;<\/p>","model_summary_title":"","model_summary":"","model_series":"","finished_product_title":"","raw_materials_title":"","process_title":"","endsummary":""},"rank_math_title":"High-Efficiency Small Metal Shredder For Waste Recycling","product_extra_image":"3482,3481,3485,3483,3437,3438","rank_math_description":"The small metal shredder is equipped with an 11kW motor, 200mm blades, which can efficiently shred metal, cardboard, and other wastes for resource recycling.","_oembed_37001b24910520a719d3607e199f90bf":"<iframe title=\"Inside Our Factory: Small Metal Shredder Working Test | Compact but Powerful Contact\uff1a+8617703863868\" width=\"500\" height=\"281\" src=\"https:\/\/www.youtube.com\/embed\/7L99OCIJPJc?feature=oembed\" frameborder=\"0\" allow=\"accelerometer; autoplay; clipboard-write; encrypted-media; gyroscope; picture-in-picture; web-share\" referrerpolicy=\"strict-origin-when-cross-origin\" allowfullscreen><\/iframe>","_oembed_time_37001b24910520a719d3607e199f90bf":"1767937046","rank_math_schema_VideoObject":{"@type":"VideoObject","metadata":{"title":"Video","type":"template","shortcode":"s-695f512b5a6f8","isPrimary":true,"reviewLocationShortcode":"[rank_math_rich_snippet]","category":"%categories%","tags":"%tags%","isAutoGenerated":true},"name":"Trong nh\u00e0 m\u00e1y c\u1ee7a ch\u00fang t\u00f4i: Th\u1eed nghi\u1ec7m ho\u1ea1t \u0111\u1ed9ng c\u1ee7a m\u00e1y nghi\u1ec1n kim lo\u1ea1i nh\u1ecf | Nh\u1ecf g\u1ecdn nh\u01b0ng m\u1ea1nh m\u1ebd Li\u00ean h\u1ec7:  8617703863868","description":"WhatsApp: https:\/\/wa.me\/ 8617703863868 Email: info@shuliybaler.comTrang web: https:\/\/shuliybaler.com\/product\/small-metal-shredder-for-waste-recycling\/\u0110\u1ea7u t\u01b0 ...","uploadDate":"2026-01-07T22:36:01-08:00","thumbnailUrl":"https:\/\/shuliybaler.com\/wp-content\/uploads\/2026\/01\/inside-our-factory-small-metal-s.jpg","embedUrl":"https:\/\/www.youtube.com\/embed\/7L99OCIJPJc","contentUrl":"","duration":"PT1M10S","width":"1280","height":"720","isFamilyFriendly":true},"rank_math_internal_links_processed":"1"},"_links":{"self":[{"href":"https:\/\/shuliybaler.com\/vi\/wp-json\/wp\/v2\/product\/3476","targetHints":{"allow":["GET"]}}],"collection":[{"href":"https:\/\/shuliybaler.com\/vi\/wp-json\/wp\/v2\/product"}],"about":[{"href":"https:\/\/shuliybaler.com\/vi\/wp-json\/wp\/v2\/types\/product"}],"author":[{"embeddable":true,"href":"https:\/\/shuliybaler.com\/vi\/wp-json\/wp\/v2\/users\/1"}],"wp:featuredmedia":[{"embeddable":true,"href":"https:\/\/shuliybaler.com\/vi\/wp-json\/wp\/v2\/media\/3496"}],"wp:attachment":[{"href":"https:\/\/shuliybaler.com\/vi\/wp-json\/wp\/v2\/media?parent=3476"}],"wp:term":[{"taxonomy":"post_tag","embeddable":true,"href":"https:\/\/shuliybaler.com\/vi\/wp-json\/wp\/v2\/tags?post=3476"},{"taxonomy":"product-type","embeddable":true,"href":"https:\/\/shuliybaler.com\/vi\/wp-json\/wp\/v2\/product-type?post=3476"}],"curies":[{"name":"wp","href":"https:\/\/api.w.org\/{rel}","templated":true}]}}