{"id":3585,"date":"2026-03-09T14:25:53","date_gmt":"2026-03-09T06:25:53","guid":{"rendered":"https:\/\/shuliybaler.com\/?post_type=product&#038;p=3585"},"modified":"2026-03-09T14:59:19","modified_gmt":"2026-03-09T06:59:19","slug":"eddy-current-separator","status":"publish","type":"product","link":"https:\/\/shuliybaler.com\/vi\/product\/eddy-current-separator\/","title":{"rendered":"M\u00e1y t\u00e1ch d\u00f2ng \u0111i\u1ec7n eddy cho t\u00e1i ch\u1ebf kim lo\u1ea1i phi s\u1eaft"},"content":{"rendered":"<p class=\"translation-block\">Shuliy <strong>m\u00e1y t\u00e1ch d\u00f2ng \u0111i\u1ec7n xo\u00e1y<\/strong> \u0111\u01b0\u1ee3c thi\u1ebft k\u1ebf \u0111\u1ec3 t\u00e1ch c\u00e1c kim lo\u1ea1i phi ferrous nh\u01b0 nh\u00f4m, \u0111\u1ed3ng v\u00e0 th\u00e9p kh\u00f4ng g\u1ec9 kh\u1ecfi c\u00e1c v\u1eadt li\u1ec7u phi kim lo\u1ea1i. Thi\u1ebft b\u1ecb n\u00e0y s\u1eed d\u1ee5ng nguy\u00ean l\u00fd c\u1ea3m \u1ee9ng \u0111i\u1ec7n t\u1eeb \u0111\u1ec3 t\u00e1ch hi\u1ec7u qu\u1ea3 c\u00e1c v\u1eadt li\u1ec7u kh\u1ecfi r\u00e1c th\u1ea3i h\u1ed7n h\u1ee3p.<\/p>    <p>N\u0103ng su\u1ea5t 4-15 t\u1ea5n m\u1ed7i gi\u1edd, c\u00f3 th\u1ec3 t\u00edch h\u1ee3p hi\u1ec7u qu\u1ea3 v\u1edbi d\u00e2y chuy\u1ec1n t\u00e1i ch\u1ebf xe v\u00e0 th\u00e1o d\u1ee1, c\u0169ng nh\u01b0 d\u00e2y chuy\u1ec1n x\u1eed l\u00fd r\u00e1c \u0111i\u1ec7n t\u1eed, n\u00e2ng cao hi\u1ec7u qu\u1ea3 t\u00e1i ch\u1ebf.<\/p>    <h2 class=\"wp-block-heading\"><strong>\u01afu \u0111i\u1ec3m v\u00e0 l\u01b0u \u00fd c\u1ee7a m\u00e1y t\u00e1ch kim lo\u1ea1i phi ferrous<\/strong><\/h2>    <p>M\u00e1y t\u00e1ch d\u00f2ng \u0111i\u1ec7n xo\u00e1y phi ferrous n\u00e0y c\u00f3 th\u1ec3 t\u00e1ch hi\u1ec7u qu\u1ea3 c\u00e1c kim lo\u1ea1i phi ferrous kh\u00e1c nhau trong c\u00e1c ho\u1ea1t \u0111\u1ed9ng t\u00e1i ch\u1ebf. L\u1ef1c \u0111\u1ea9y m\u1ea1nh m\u1ebd c\u1ee7a n\u00f3 cho ph\u00e9p t\u00e1ch c\u00e1c v\u1eadt li\u1ec7u c\u00f3 k\u00edch th\u01b0\u1edbc h\u1ea1t kh\u00e1c nhau t\u00f9y thu\u1ed9c v\u00e0o h\u01b0\u1edbng c\u1ee7a con l\u0103n t\u1eeb, v\u1edbi c\u00e1c \u0111\u1eb7c \u0111i\u1ec3m c\u01a1 b\u1ea3n sau.<\/p>    <ul class=\"wp-block-list\"> <li>Hi\u1ec7u qu\u1ea3 t\u00e1ch cao<\/li>    <li>C\u1ea5u tr\u00fac c\u01a1 kh\u00ed \u0111\u00e1ng tin c\u1eady<\/li>    <li>D\u1ec5 v\u1eadn h\u00e0nh v\u00e0 l\u1eafp \u0111\u1eb7t<\/li> <\/ul>    <p>N\u00f3 c\u00f3 kh\u1ea3 n\u0103ng th\u00edch nghi m\u1ea1nh m\u1ebd v\u1edbi c\u00e1c v\u1eadt li\u1ec7u t\u00e1i ch\u1ebf kh\u00e1c nhau, nh\u01b0ng khi s\u1eed d\u1ee5ng thi\u1ebft b\u1ecb n\u00e0y, vui l\u00f2ng ch\u00fa \u00fd c\u00e1c \u0111i\u1ec3m sau:<\/p>    <ul class=\"wp-block-list\"> <li>Kh\u00f4ng ph\u00f9 h\u1ee3p \u0111\u1ec3 t\u00e1ch kim lo\u1ea1i ferrous nh\u01b0 s\u1eaft.<\/li>    <li>Kh\u00f4ng ph\u00f9 h\u1ee3p v\u1edbi c\u00e1c h\u1ea1t kim lo\u1ea1i phi ferrous c\u1ef1c nh\u1ecf.<\/li>    <li>\u0110\u1ec3 \u0111\u1ea1t hi\u1ec7u su\u1ea5t t\u1ed1i \u01b0u, k\u00edch th\u01b0\u1edbc v\u00e0 h\u00ecnh d\u1ea1ng c\u1ee7a v\u1eadt li\u1ec7u n\u00ean t\u01b0\u01a1ng \u0111\u1ed1i \u0111\u1ed3ng \u0111\u1ec1u.<\/li> <\/ul>    <figure class=\"wp-block-gallery has-nested-images columns-default is-cropped wp-block-gallery-2 is-layout-flex wp-block-gallery-is-layout-flex\"> <figure class=\"wp-block-image size-large\"><img loading=\"lazy\" decoding=\"async\" width=\"720\" height=\"540\" data-id=\"3590\" src=\"https:\/\/shuliybaler.com\/wp-content\/uploads\/2026\/03\/eddy-current-non-ferrous-metal-separator.webp\" alt=\"m\u00e1y t\u00e1ch kim lo\u1ea1i phi ferrous d\u00f2ng \u0111i\u1ec7n xo\u00e1y\" class=\"wp-image-3590\" title=\"\" srcset=\"https:\/\/shuliybaler.com\/wp-content\/uploads\/2026\/03\/eddy-current-non-ferrous-metal-separator.webp 720w, https:\/\/shuliybaler.com\/wp-content\/uploads\/2026\/03\/eddy-current-non-ferrous-metal-separator-360x270.webp 360w, https:\/\/shuliybaler.com\/wp-content\/uploads\/2026\/03\/eddy-current-non-ferrous-metal-separator-180x135.webp 180w, https:\/\/shuliybaler.com\/wp-content\/uploads\/2026\/03\/eddy-current-non-ferrous-metal-separator-16x12.webp 16w\" sizes=\"auto, (max-width: 720px) 100vw, 720px\" \/><figcaption class=\"wp-element-caption\">m\u00e1y t\u00e1ch d\u00f2ng \u0111i\u1ec7n xo\u00e1y phi ferrous<\/figcaption><\/figure>    <figure class=\"wp-block-image size-large\"><img loading=\"lazy\" decoding=\"async\" width=\"720\" height=\"540\" data-id=\"3591\" src=\"https:\/\/shuliybaler.com\/wp-content\/uploads\/2026\/03\/eddy-current-separator-recycling.webp\" alt=\"t\u00e1ch d\u00f2ng \u0111i\u1ec7n xo\u00e1y t\u00e1i ch\u1ebf\" class=\"wp-image-3591\" title=\"\" srcset=\"https:\/\/shuliybaler.com\/wp-content\/uploads\/2026\/03\/eddy-current-separator-recycling.webp 720w, https:\/\/shuliybaler.com\/wp-content\/uploads\/2026\/03\/eddy-current-separator-recycling-360x270.webp 360w, https:\/\/shuliybaler.com\/wp-content\/uploads\/2026\/03\/eddy-current-separator-recycling-180x135.webp 180w, https:\/\/shuliybaler.com\/wp-content\/uploads\/2026\/03\/eddy-current-separator-recycling-16x12.webp 16w\" sizes=\"auto, (max-width: 720px) 100vw, 720px\" \/><figcaption class=\"wp-element-caption\">T\u00e1i ch\u1ebf d\u00f2ng \u0111i\u1ec7n xo\u00e1y<\/figcaption><\/figure> <\/figure>    <h2 class=\"wp-block-heading\"><strong>Nguy\u00ean l\u00fd ho\u1ea1t \u0111\u1ed9ng c\u1ee7a m\u00e1y t\u00e1ch d\u00f2ng \u0111i\u1ec7n xo\u00e1y l\u1ec7ch t\u00e2m<\/strong><\/h2>    <p>M\u00e1y t\u00e1ch d\u00f2ng \u0111i\u1ec7n xo\u00e1y ho\u1ea1t \u0111\u1ed9ng d\u1ef1a tr\u00ean c\u1ea3m \u1ee9ng \u0111i\u1ec7n t\u1eeb. B\u00ean trong m\u00e1y, m\u1ed9t rotor t\u1eeb m\u1ea1nh quay v\u1edbi t\u1ed1c \u0111\u1ed9 cao t\u1ea1o ra m\u1ed9t tr\u01b0\u1eddng t\u1eeb bi\u1ebfn \u0111\u1ed5i nhanh. Khi c\u00e1c kim lo\u1ea1i d\u1eabn \u0111i\u1ec7n nh\u01b0 nh\u00f4m ho\u1eb7c \u0111\u1ed3ng \u0111i qua tr\u01b0\u1eddng t\u1eeb n\u00e0y, d\u00f2ng xo\u00e1y \u0111\u01b0\u1ee3c sinh ra trong kim lo\u1ea1i.<\/p>    <p>C\u00e1c d\u00f2ng \u0111i\u1ec7n xo\u00e1y n\u00e0y t\u1ea1o ra m\u1ed9t tr\u01b0\u1eddng t\u1eeb ng\u01b0\u1ee3c chi\u1ec1u, t\u1ea1o ra l\u1ef1c \u0111\u1ea9y m\u1ea1nh m\u1ebd. Do \u0111\u00f3, c\u00e1c kim lo\u1ea1i phi t\u1eeb b\u1ecb \u0111\u1ea9y v\u1ec1 ph\u00eda tr\u01b0\u1edbc v\u00e0 t\u00e1ch kh\u1ecfi c\u00e1c v\u1eadt li\u1ec7u kh\u00e1c.<\/p>    <p>Song song \u0111\u00f3, c\u00e1c v\u1eadt li\u1ec7u kh\u00f4ng d\u1eabn \u0111i\u1ec7n nh\u01b0 nh\u1ef1a, cao su v\u00e0 th\u1ee7y tinh r\u01a1i xu\u1ed1ng do tr\u1ecdng l\u1ef1c, t\u1eeb \u0111\u00f3 \u0111\u1ea1t hi\u1ec7u qu\u1ea3 t\u00e1ch kim lo\u1ea1i.<\/p>    <h2 class=\"wp-block-heading\"><strong>Thi\u1ebft k\u1ebf c\u1ea5u tr\u00fac c\u1ee7a m\u00e1y t\u00e1ch d\u00f2ng \u0111i\u1ec7n xo\u00e1y<\/strong><\/h2>    <p>M\u00e1y t\u00e1ch nh\u00f4m c\u00f3 c\u1ea5u tr\u00fac m\u00f4-\u0111un, cho ph\u00e9p d\u1ec5 d\u00e0ng t\u00edch h\u1ee3p v\u00e0o c\u00e1c nh\u00e0 m\u00e1y t\u00e1i ch\u1ebf m\u1edbi v\u00e0 d\u00e2y chuy\u1ec1n s\u1ea3n xu\u1ea5t x\u1eed l\u00fd kim lo\u1ea1i hi\u1ec7n c\u00f3. C\u00e1c th\u00e0nh ph\u1ea7n c\u1ea5u tr\u00fac ch\u00ednh bao g\u1ed3m:<\/p>    <ol class=\"wp-block-list\"> <li><strong>b\u0103ng t\u1ea3i rung<\/strong>: Ch\u1ecbu tr\u00e1ch nhi\u1ec7m cung c\u1ea5p v\u1eadt li\u1ec7u \u0111\u1ec1u \u0111\u1eb7n v\u00e0o h\u1ec7 th\u1ed1ng ph\u00e2n lo\u1ea1i, duy tr\u00ec ngu\u1ed3n cung c\u1ea5p v\u1eadt li\u1ec7u \u1ed5n \u0111\u1ecbnh v\u00e0 li\u00ean t\u1ee5c, t\u1eeb \u0111\u00f3 n\u00e2ng cao \u0111\u1ed9 ch\u00ednh x\u00e1c c\u1ee7a vi\u1ec7c ph\u00e2n lo\u1ea1i kim lo\u1ea1i.<\/li>    <li><strong>h\u1ec7 th\u1ed1ng b\u0103ng t\u1ea3i<\/strong>: V\u1eadn chuy\u1ec3n r\u00e1c th\u1ea3i h\u1ed7n h\u1ee3p \u0111\u1ebfn rotor t\u1eeb v\u1edbi t\u1ed1c \u0111\u1ed9 \u1ed5n \u0111\u1ecbnh v\u00e0 c\u00f3 th\u1ec3 ki\u1ec3m so\u00e1t.<\/li>    <li><strong>Rotor t\u1eeb t\u1ed1c \u0111\u1ed9 cao<\/strong>: Rotor t\u1eeb l\u00e0 th\u00e0nh ph\u1ea7n trung t\u00e2m c\u1ee7a m\u00e1y t\u00e1ch d\u00f2ng \u0111i\u1ec7n xo\u00e1y. N\u00f3 ch\u1ee9a m\u1ed9t lo\u1ea1t c\u00e1c nam ch\u00e2m v\u0129nh c\u01b0\u1eddng quay v\u1edbi t\u1ed1c \u0111\u1ed9 cao, m\u1ea1nh m\u1ebd \u0111\u01b0\u1ee3c s\u1eafp x\u1ebfp theo m\u1ed9t m\u1eabu \u0111\u1eb7c bi\u1ec7t.<\/li>    <li><strong>b\u1ed9 ch\u1eafn t\u00e1ch<\/strong>: Ph\u00e2n lo\u1ea1i v\u1eadt li\u1ec7u th\u00e0nh c\u00e1c khu v\u1ef1c thu th\u1eadp kh\u00e1c nhau.<\/li>    <li>C\u1ea5u tr\u00fac khung: \u0110\u01b0\u1ee3c x\u00e2y d\u1ef1ng b\u1eb1ng th\u00e9p ch\u1ecbu l\u1ef1c cao \u0111\u1ec3 \u0111\u1ea3m b\u1ea3o \u0111\u1ed9 b\u1ec1n t\u1ed1t v\u00e0 kh\u1ea3 n\u0103ng ch\u1ed1ng rung.<\/li>    <li><strong>t\u1ee7 \u0111i\u1ec1u khi\u1ec3n th\u00f4ng minh<\/strong>: H\u1ec7 th\u1ed1ng \u0111i\u1ec1u khi\u1ec3n trung t\u00e2m c\u1ee7a m\u00e1y.<\/li>    <li><strong>h\u1ec7 th\u1ed1ng nam ch\u00e2m b\u1ea3o v\u1ec7<\/strong>: Ng\u0103n ch\u1eb7n c\u00e1c th\u00e0nh ph\u1ea7n t\u1eeb b\u1ecb l\u1ecfng ho\u1eb7c r\u01a1i ra trong qu\u00e1 tr\u00ecnh quay t\u1ed1c \u0111\u1ed9 cao.<\/li> <\/ol>    <figure class=\"wp-block-gallery has-nested-images columns-default is-cropped wp-block-gallery-3 is-layout-flex wp-block-gallery-is-layout-flex\"> <figure class=\"wp-block-image size-large\"><img loading=\"lazy\" decoding=\"async\" width=\"720\" height=\"540\" data-id=\"3593\" src=\"https:\/\/shuliybaler.com\/wp-content\/uploads\/2026\/03\/eccentric-eddy-current-separator.webp\" alt=\"m\u00e1y t\u00e1ch d\u00f2ng \u0111i\u1ec7n xo\u00e1y l\u1ec7ch t\u00e2m\" class=\"wp-image-3593\" title=\"\" srcset=\"https:\/\/shuliybaler.com\/wp-content\/uploads\/2026\/03\/eccentric-eddy-current-separator.webp 720w, https:\/\/shuliybaler.com\/wp-content\/uploads\/2026\/03\/eccentric-eddy-current-separator-360x270.webp 360w, https:\/\/shuliybaler.com\/wp-content\/uploads\/2026\/03\/eccentric-eddy-current-separator-180x135.webp 180w, https:\/\/shuliybaler.com\/wp-content\/uploads\/2026\/03\/eccentric-eddy-current-separator-16x12.webp 16w\" sizes=\"auto, (max-width: 720px) 100vw, 720px\" \/><figcaption class=\"wp-element-caption\">m\u00e1y t\u00e1ch d\u00f2ng \u0111i\u1ec7n xo\u00e1y l\u1ec7ch t\u00e2m<\/figcaption><\/figure>    <figure class=\"wp-block-image size-large\"><img loading=\"lazy\" decoding=\"async\" width=\"720\" height=\"540\" data-id=\"3592\" src=\"https:\/\/shuliybaler.com\/wp-content\/uploads\/2026\/03\/eddy-current-aluminum-separation.webp\" alt=\"t\u00e1ch nh\u00f4m d\u00f2ng \u0111i\u1ec7n xo\u00e1y\" class=\"wp-image-3592\" title=\"\" srcset=\"https:\/\/shuliybaler.com\/wp-content\/uploads\/2026\/03\/eddy-current-aluminum-separation.webp 720w, https:\/\/shuliybaler.com\/wp-content\/uploads\/2026\/03\/eddy-current-aluminum-separation-360x270.webp 360w, https:\/\/shuliybaler.com\/wp-content\/uploads\/2026\/03\/eddy-current-aluminum-separation-180x135.webp 180w, https:\/\/shuliybaler.com\/wp-content\/uploads\/2026\/03\/eddy-current-aluminum-separation-16x12.webp 16w\" sizes=\"auto, (max-width: 720px) 100vw, 720px\" \/><figcaption class=\"wp-element-caption\">T\u00e1ch nh\u00f4m d\u00f2ng \u0111i\u1ec7n xo\u00e1y<\/figcaption><\/figure> <\/figure>    <h2 class=\"wp-block-heading\"><strong>Th\u00f4ng s\u1ed1 k\u1ef9 thu\u1eadt c\u1ee7a m\u00e1y t\u00e1ch nh\u00f4m<\/strong><\/h2>    <figure class=\"wp-block-table\"><table><thead><tr><th>M\u1eabu m\u00e3<\/th><th class=\"has-text-align-center\" data-align=\"center\">t\u1ed1c \u0111\u1ed9 quay <\/th><th class=\"has-text-align-center\" data-align=\"center\">Chi\u1ec1u r\u1ed9ng b\u0103ng t\u1ea3i <\/th><th class=\"has-text-align-center\" data-align=\"center\">Dung l\u01b0\u1ee3ng<\/th><th class=\"has-text-align-center\" data-align=\"center\">C\u00f4ng su\u1ea5t<\/th><th class=\"has-text-align-center\" data-align=\"center\">Tr\u1ecdng l\u01b0\u1ee3ng<\/th><th>K\u00edch th\u01b0\u1edbc<\/th><\/tr><\/thead><tbody><tr><td>600<\/td><td class=\"has-text-align-center\" data-align=\"center\">0\u20133000r\/ph\u00fat<\/td><td class=\"has-text-align-center\" data-align=\"center\">650mm<\/td><td class=\"has-text-align-center\" data-align=\"center\">4\u20136t\/h<\/td><td class=\"has-text-align-center\" data-align=\"center\">4.0 0.75kw<\/td><td class=\"has-text-align-center\" data-align=\"center\">1400kg<\/td><td>2980\u00d71883\u00d71210mm<\/td><\/tr><tr><td>800<\/td><td class=\"has-text-align-center\" data-align=\"center\">0\u20133000r\/ph\u00fat<\/td><td class=\"has-text-align-center\" data-align=\"center\">850mm<\/td><td class=\"has-text-align-center\" data-align=\"center\">6\u201310t\/h<\/td><td class=\"has-text-align-center\" data-align=\"center\">5.5 1.1kw<\/td><td class=\"has-text-align-center\" data-align=\"center\">1800kg<\/td><td>2980\u00d72033\u00d71210mm<\/td><\/tr><tr><td>1000<\/td><td class=\"has-text-align-center\" data-align=\"center\">0\u20133000r\/ph\u00fat<\/td><td class=\"has-text-align-center\" data-align=\"center\">1050mm<\/td><td class=\"has-text-align-center\" data-align=\"center\">10\u201312t\/h<\/td><td class=\"has-text-align-center\" data-align=\"center\">7.5 1.5kw<\/td><td class=\"has-text-align-center\" data-align=\"center\">2200kg<\/td><td>2980\u00d72233\u00d71210mm<\/td><\/tr><tr><td>1200<\/td><td class=\"has-text-align-center\" data-align=\"center\">0\u20133000r\/ph\u00fat<\/td><td class=\"has-text-align-center\" data-align=\"center\">1250mm<\/td><td class=\"has-text-align-center\" data-align=\"center\">12\u201315t\/h<\/td><td class=\"has-text-align-center\" data-align=\"center\">11 2.2kw<\/td><td class=\"has-text-align-center\" data-align=\"center\">2400kg<\/td><td>2980\u00d72433\u00d71210mm<\/td><\/tr><\/tbody><\/table><figcaption class=\"wp-element-caption\">tham s\u1ed1 c\u1ee7a m\u00e1y t\u00e1ch d\u00f2ng \u0111i\u1ec7n xo\u00e1y shuliy<\/figcaption><\/figure>    <p>C\u00e1c m\u1eabu kh\u00e1c nhau c\u00f3 th\u1ec3 \u0111\u01b0\u1ee3c ch\u1ecdn d\u1ef1a tr\u00ean k\u00edch th\u01b0\u1edbc v\u1eadt li\u1ec7u, c\u00f4ng su\u1ea5t x\u1eed l\u00fd v\u00e0 y\u00eau c\u1ea7u d\u00e2y chuy\u1ec1n s\u1ea3n xu\u1ea5t. <\/p>    <p>Ngo\u00e0i ra, b\u1ea1n c\u00f3 th\u1ec3 cung c\u1ea5p nguy\u00ean li\u1ec7u b\u1ea1n mu\u1ed1n x\u1eed l\u00fd ho\u1eb7c y\u00eau c\u1ea7u c\u00f4ng su\u1ea5t s\u1ea3n xu\u1ea5t c\u1ee7a b\u1ea1n, v\u00e0 nh\u00e2n vi\u00ean b\u00e1n h\u00e0ng chuy\u00ean nghi\u1ec7p c\u1ee7a ch\u00fang t\u00f4i s\u1ebd \u0111\u1ec1 xu\u1ea5t m\u00e1y ph\u00f9 h\u1ee3p nh\u1ea5t d\u1ef1a tr\u00ean nhu c\u1ea7u c\u1ee5 th\u1ec3 c\u1ee7a b\u1ea1n.<\/p>   <div class=\"wp-block-image\"> <figure class=\"aligncenter size-full\"><img loading=\"lazy\" decoding=\"async\" width=\"720\" height=\"540\" src=\"https:\/\/shuliybaler.com\/wp-content\/uploads\/2026\/03\/eddy-current-metal-separator.webp\" alt=\"m\u00e1y t\u00e1ch kim lo\u1ea1i d\u00f2ng \u0111i\u1ec7n xo\u00e1y\" class=\"wp-image-3594\" title=\"\" srcset=\"https:\/\/shuliybaler.com\/wp-content\/uploads\/2026\/03\/eddy-current-metal-separator.webp 720w, https:\/\/shuliybaler.com\/wp-content\/uploads\/2026\/03\/eddy-current-metal-separator-360x270.webp 360w, https:\/\/shuliybaler.com\/wp-content\/uploads\/2026\/03\/eddy-current-metal-separator-180x135.webp 180w, https:\/\/shuliybaler.com\/wp-content\/uploads\/2026\/03\/eddy-current-metal-separator-16x12.webp 16w\" sizes=\"auto, (max-width: 720px) 100vw, 720px\" \/><figcaption class=\"wp-element-caption\">m\u00e1y t\u00e1ch kim lo\u1ea1i d\u00f2ng \u0111i\u1ec7n xo\u00e1y<\/figcaption><\/figure> <\/div>   <h2 class=\"wp-block-heading\"><strong>\u1ee8ng d\u1ee5ng c\u1ee7a m\u00e1y t\u00e1ch d\u00f2ng \u0111i\u1ec7n xo\u00e1y phi ferrous<\/strong><\/h2>    <p>C\u00e1c m\u00e1y t\u00e1ch d\u00f2ng \u0111i\u1ec7n xo\u00e1y \u0111\u01b0\u1ee3c s\u1eed d\u1ee5ng r\u1ed9ng r\u00e3i trong nhi\u1ec1u ng\u00e0nh c\u00f4ng nghi\u1ec7p, bao g\u1ed3m t\u00e1i ch\u1ebf kim lo\u1ea1i v\u00e0 thu h\u1ed3i t\u00e0i nguy\u00ean r\u00e1c th\u1ea3i.<\/p>    <ol class=\"wp-block-list\"> <li>M\u00e1y t\u00e1ch kim lo\u1ea1i t\u00e1i ch\u1ebf th\u01b0\u1eddng \u0111\u01b0\u1ee3c s\u1eed d\u1ee5ng trong c\u00e1c nh\u00e0 m\u00e1y x\u1eed l\u00fd ch\u1ea5t th\u1ea3i r\u1eafn \u0111\u00f4 th\u1ecb \u0111\u1ec3 thu h\u1ed3i nh\u00f4m v\u00e0 c\u00e1c kim lo\u1ea1i qu\u00fd kh\u00e1c t\u1eeb r\u00e1c th\u1ea3i gia \u0111\u00ecnh v\u00e0 c\u00f4ng nghi\u1ec7p.<\/li>    <li>Trong c\u00e1c nh\u00e0 m\u00e1y th\u00e1o d\u1ee1 \u00f4 t\u00f4, m\u00e1y t\u00e1ch d\u00f2ng \u0111i\u1ec7n xo\u00e1y c\u00f3 th\u1ec3 thu h\u1ed3i \u0111\u1ed3ng, nh\u00f4m v\u00e0 th\u00e9p kh\u00f4ng g\u1ec9 t\u1eeb c\u00e1c v\u1eadt li\u1ec7u xe \u0111\u00e3 nghi\u1ec1n.<\/li>    <li>Ph\u00f9 h\u1ee3p \u0111\u1ec3 thu h\u1ed3i kim lo\u1ea1i phi ferrous t\u1eeb r\u00e1c th\u1ea3i \u0111i\u1ec7n t\u1eed, \u0111\u1ed9ng c\u01a1 c\u0169 v\u00e0 thi\u1ebft b\u1ecb \u0111i\u1ec7n t\u1eed.<\/li>    <li>H\u01a1n n\u1eefa, trong ng\u00e0nh \u0111\u00fac kim lo\u1ea1i, m\u00e1y t\u00e1ch nh\u00f4m c\u00f3 th\u1ec3 thu h\u1ed3i nh\u00f4m v\u00e0 \u0111\u1ed3ng t\u1eeb c\u00e1t \u0111\u00fac \u0111\u1ed3ng v\u00e0 nh\u00f4m c\u0169ng nh\u01b0 tro luy\u1ec7n kim.<\/li>    <li>M\u00e1y t\u00e1ch kim lo\u1ea1i phi ferrous \u0111\u1eb7c bi\u1ec7t ph\u00f9 h\u1ee3p \u0111\u1ec3 thu h\u1ed3i nh\u00f4m t\u1eeb c\u00e1c c\u1eeda v\u00e0 c\u1eeda s\u1ed5 nh\u00f4m b\u1ecb h\u1ecfng do nhi\u1ec7t.<\/li> <\/ol>   <div class=\"wp-block-image\"> <figure class=\"aligncenter size-full\"><img loading=\"lazy\" decoding=\"async\" width=\"720\" height=\"540\" src=\"https:\/\/shuliybaler.com\/wp-content\/uploads\/2026\/03\/refrigerator-recycling-production-line.webp\" alt=\"d\u00e2y chuy\u1ec1n t\u00e1i ch\u1ebf t\u1ee7 l\u1ea1nh\" class=\"wp-image-3595\" title=\"\" srcset=\"https:\/\/shuliybaler.com\/wp-content\/uploads\/2026\/03\/refrigerator-recycling-production-line.webp 720w, https:\/\/shuliybaler.com\/wp-content\/uploads\/2026\/03\/refrigerator-recycling-production-line-360x270.webp 360w, https:\/\/shuliybaler.com\/wp-content\/uploads\/2026\/03\/refrigerator-recycling-production-line-180x135.webp 180w, https:\/\/shuliybaler.com\/wp-content\/uploads\/2026\/03\/refrigerator-recycling-production-line-16x12.webp 16w\" sizes=\"auto, (max-width: 720px) 100vw, 720px\" \/><figcaption class=\"wp-element-caption\">d\u00e2y chuy\u1ec1n t\u00e1i ch\u1ebf t\u1ee7 l\u1ea1nh<\/figcaption><\/figure> <\/div>   <p>H\u01a1n n\u1eefa, trong h\u1ea7u h\u1ebft c\u00e1c nh\u00e0 m\u00e1y t\u00e1i ch\u1ebf, m\u00e1y t\u00e1ch nh\u00f4m l\u00e0 ph\u1ea7n kh\u00f4ng th\u1ec3 thi\u1ebfu trong d\u00e2y chuy\u1ec1n s\u1ea3n xu\u1ea5t kim lo\u1ea1i ho\u00e0n ch\u1ec9nh. C\u1ea5u h\u00ecnh \u0111i\u1ec3n h\u00ecnh bao g\u1ed3m:<\/p>    <ul class=\"wp-block-list\"> <li><a href=\"https:\/\/shuliybaler.com\/vi\/product\/metal-crusher-machine-metal-recycling\/\">M\u00e1y nghi\u1ec1n kim lo\u1ea1i<\/a> ho\u1eb7c m\u00e1y nghi\u1ec1n<\/li>    <li>M\u00e1y t\u00e1ch t\u1eeb (d\u00f9ng \u0111\u1ec3 lo\u1ea1i b\u1ecf kim lo\u1ea1i ferrous)<\/li>    <li>m\u00e1y t\u00e1ch d\u00f2ng \u0111i\u1ec7n xo\u00e1y<\/li> <\/ul>    <figure class=\"wp-block-gallery has-nested-images columns-default is-cropped wp-block-gallery-4 is-layout-flex wp-block-gallery-is-layout-flex\"> <figure class=\"wp-block-image size-large\"><img loading=\"lazy\" decoding=\"async\" width=\"720\" height=\"540\" data-id=\"3597\" src=\"https:\/\/shuliybaler.com\/wp-content\/uploads\/2026\/03\/aluminum-window-frame-recycling.webp\" alt=\"aluminum window frame recycling\" class=\"wp-image-3597\" title=\"\" srcset=\"https:\/\/shuliybaler.com\/wp-content\/uploads\/2026\/03\/aluminum-window-frame-recycling.webp 720w, https:\/\/shuliybaler.com\/wp-content\/uploads\/2026\/03\/aluminum-window-frame-recycling-360x270.webp 360w, https:\/\/shuliybaler.com\/wp-content\/uploads\/2026\/03\/aluminum-window-frame-recycling-180x135.webp 180w, https:\/\/shuliybaler.com\/wp-content\/uploads\/2026\/03\/aluminum-window-frame-recycling-16x12.webp 16w\" sizes=\"auto, (max-width: 720px) 100vw, 720px\" \/><figcaption class=\"wp-element-caption\">T\u00e1i ch\u1ebf khung c\u1eeda s\u1ed5 nh\u00f4m<\/figcaption><\/figure>    <figure class=\"wp-block-image size-large\"><img loading=\"lazy\" decoding=\"async\" width=\"720\" height=\"540\" data-id=\"3596\" src=\"https:\/\/shuliybaler.com\/wp-content\/uploads\/2026\/03\/thermal-break-aluminum-recycling-line.webp\" alt=\"M\u00e1y nghi\u1ec1n kim lo\u1ea1i v\u1ee5n\" class=\"wp-image-3596\" title=\"\" srcset=\"https:\/\/shuliybaler.com\/wp-content\/uploads\/2026\/03\/thermal-break-aluminum-recycling-line.webp 720w, https:\/\/shuliybaler.com\/wp-content\/uploads\/2026\/03\/thermal-break-aluminum-recycling-line-360x270.webp 360w, https:\/\/shuliybaler.com\/wp-content\/uploads\/2026\/03\/thermal-break-aluminum-recycling-line-180x135.webp 180w, https:\/\/shuliybaler.com\/wp-content\/uploads\/2026\/03\/thermal-break-aluminum-recycling-line-16x12.webp 16w\" sizes=\"auto, (max-width: 720px) 100vw, 720px\" \/><figcaption class=\"wp-element-caption\">D\u00e2y chuy\u1ec1n t\u00e1i ch\u1ebf nh\u00f4m nhi\u1ec7t \u0111\u1ed9 ph\u00e1 v\u1ee1<\/figcaption><\/figure> <\/figure>    <p>H\u1ec7 th\u1ed1ng n\u00e0y thu h\u1ed3i hi\u1ec7u qu\u1ea3 s\u1eaft, nh\u00f4m, \u0111\u1ed3ng v\u00e0 c\u00e1c kim lo\u1ea1i qu\u00fd kh\u00e1c t\u1eeb r\u00e1c th\u1ea3i h\u1ed7n h\u1ee3p.<\/p>    <p>The specific production line configuration will be determined based on the raw materials to be processed and the customer&#8217;s requirements for the final product. If you need metal recycling for scrap materials, contact us to design a custom solution!<\/p>","protected":false},"excerpt":{"rendered":"<p>This eddy current separator is designed to efficiently separate non-ferrous metals such as aluminum and copper from mixed recycling materials. It is widely used in waste treatment plants, scrap vehicle recycling, electronic waste processing, and metal recovery industries. With intelligent control, strong magnetic repulsion, and high sorting efficiency, it helps improve metal recovery rates and production efficiency.<\/p>","protected":false},"author":1,"featured_media":3589,"parent":0,"template":"","tags":[15],"product-type":[87],"class_list":["post-3585","product","type-product","status-publish","has-post-thumbnail","hentry","tag-metal","product-type-metal-recycling-machine"],"_links":{"self":[{"href":"https:\/\/shuliybaler.com\/vi\/wp-json\/wp\/v2\/product\/3585","targetHints":{"allow":["GET"]}}],"collection":[{"href":"https:\/\/shuliybaler.com\/vi\/wp-json\/wp\/v2\/product"}],"about":[{"href":"https:\/\/shuliybaler.com\/vi\/wp-json\/wp\/v2\/types\/product"}],"author":[{"embeddable":true,"href":"https:\/\/shuliybaler.com\/vi\/wp-json\/wp\/v2\/users\/1"}],"wp:featuredmedia":[{"embeddable":true,"href":"https:\/\/shuliybaler.com\/vi\/wp-json\/wp\/v2\/media\/3589"}],"wp:attachment":[{"href":"https:\/\/shuliybaler.com\/vi\/wp-json\/wp\/v2\/media?parent=3585"}],"wp:term":[{"taxonomy":"post_tag","embeddable":true,"href":"https:\/\/shuliybaler.com\/vi\/wp-json\/wp\/v2\/tags?post=3585"},{"taxonomy":"product-type","embeddable":true,"href":"https:\/\/shuliybaler.com\/vi\/wp-json\/wp\/v2\/product-type?post=3585"}],"curies":[{"name":"wp","href":"https:\/\/api.w.org\/{rel}","templated":true}]}}