{"id":3641,"date":"2026-04-13T13:29:55","date_gmt":"2026-04-13T05:29:55","guid":{"rendered":"https:\/\/shuliybaler.com\/?post_type=product&#038;p=3641"},"modified":"2026-04-13T14:24:58","modified_gmt":"2026-04-13T06:24:58","slug":"plastic-rubber-separator-machine","status":"publish","type":"product","link":"https:\/\/shuliybaler.com\/vi\/product\/plastic-rubber-separator-machine\/","title":{"rendered":"M\u00e1y t\u00e1ch cao su nh\u1ef1a"},"content":{"rendered":"<p class=\"translation-block\"><strong>m\u00e1y t\u00e1ch cao su nh\u1ef1a<\/strong> \u0111\u01b0\u1ee3c thi\u1ebft k\u1ebf \u0111\u1ec3 t\u00e1ch cao su, silicone (gel silicone), v\u00e0 nh\u1ef1a t\u1eeb r\u00e1c th\u1ea3i nh\u1ef1a h\u1ed7n h\u1ee3p \u2014 nh\u01b0 thi\u1ebft b\u1ecb gia d\u1ee5ng b\u1ecf \u0111i, linh ki\u1ec7n \u00f4 t\u00f4, r\u00e1c th\u1ea3i y t\u1ebf, v\u00e0 ph\u1ebf li\u1ec7u \u0111i\u1ec7n t\u1eed v\u1edbi c\u00f4ng su\u1ea5t 600-1,200 kg\/h.<\/p>    <p>S\u1eed d\u1ee5ng c\u00f4ng ngh\u1ec7 ph\u00e2n lo\u1ea1i v\u1eadt l\u00fd d\u1ef1a tr\u00ean hi\u1ec7u \u1ee9ng ma s\u00e1t ph\u1ea3n chi\u1ebfu v\u00e0 s\u1ef1 kh\u00e1c bi\u1ec7t trong \u0111\u1eb7c t\u00ednh \u0111\u00e0n h\u1ed3i, n\u00f3 c\u00f3 kh\u1ea3 n\u0103ng ph\u00e2n lo\u1ea1i ch\u00ednh x\u00e1c c\u00e1c v\u1eadt li\u1ec7u, n\u00e2ng cao \u0111\u00e1ng k\u1ec3 \u0111\u1ed9 tinh khi\u1ebft c\u1ee7a v\u1eadt li\u1ec7u thu h\u1ed3i.<\/p>    <h2 class=\"wp-block-heading\"><strong>\u01afu \u0111i\u1ec3m ch\u00ednh c\u1ee7a m\u00e1y t\u00e1ch cao su nh\u1ef1a<\/strong><\/h2>    <ol class=\"wp-block-list\"> <li>Thi\u1ebft b\u1ecb \u0111\u1ea1t \u0111\u1ed9 tinh khi\u1ebft ph\u00e2n lo\u1ea1i tr\u00ean 99%, lo\u1ea1i b\u1ecf hi\u1ec7u qu\u1ea3 c\u00e1c t\u1ea1p ch\u1ea5t silicone v\u00e0 cao su.<\/li>    <li>S\u1eed d\u1ee5ng qu\u00e1 tr\u00ecnh ph\u00e2n lo\u1ea1i ho\u00e0n to\u00e0n d\u1ef1a tr\u00ean ph\u01b0\u01a1ng ph\u00e1p v\u1eadt l\u00fd, kh\u00f4ng c\u1ea7n h\u00f3a ch\u1ea5t ho\u1eb7c ngu\u1ed3n n\u01b0\u1edbc, do \u0111\u00f3 kh\u00f4ng g\u00e2y t\u00e1c \u0111\u1ed9ng m\u00f4i tr\u01b0\u1eddng.<\/li>    <li>We have optimized the machine&#8217;s structural design to minimize power consumption, resulting in low operating and maintenance costs.<\/li>    <li>To\u00e0n b\u1ed9 m\u00e1y t\u00e1ch cao su nh\u1ef1a \u0111\u01b0\u1ee3c \u0111i\u1ec1u khi\u1ec3n b\u1edfi h\u1ec7 th\u1ed1ng PLC t\u1ef1 \u0111\u1ed9ng, c\u00f3 m\u00e0n h\u00ecnh c\u1ea3m \u1ee9ng HMI 11 inch (Giao di\u1ec7n Ng\u01b0\u1eddi-M\u00e1y), y\u00eau c\u1ea7u \u0111\u00e0o t\u1ea1o t\u1ed1i thi\u1ec3u \u0111\u1ec3 v\u1eadn h\u00e0nh.<\/li>    <li>T\u1ea5t c\u1ea3 c\u00e1c th\u00e0nh ph\u1ea7n ti\u1ebfp x\u00fac v\u1edbi v\u1eadt li\u1ec7u \u0111\u01b0\u1ee3c ch\u1ebf t\u1ea1o t\u1eeb th\u00e9p kh\u00f4ng g\u1ec9 v\u00e0 v\u1eadt li\u1ec7u m\u1ea1 chrome, mang l\u1ea1i kh\u1ea3 n\u0103ng ch\u1ed1ng m\u00e0i m\u00f2n v\u00e0 \u0103n m\u00f2n v\u01b0\u1ee3t tr\u1ed9i.<\/li>    <li>Th\u00f4ng qua h\u1ec7 th\u1ed1ng t\u00edch h\u1ee3p, n\u00f3 \u0111\u1ea1t \u0111\u01b0\u1ee3c m\u1ee9c \u0111\u1ed9 t\u1ef1 \u0111\u1ed9ng h\u00f3a cao, bao g\u1ed3m c\u1ea5p li\u1ec7u t\u1ef1 \u0111\u1ed9ng, v\u1eadn chuy\u1ec3n v\u1eadt li\u1ec7u, ph\u00e2n lo\u1ea1i, t\u00e1ch, chu k\u1ef3 t\u1ef1 \u0111\u1ed9ng v\u00e0 x\u1ea3, ch\u1ec9 c\u1ea7n m\u1ed9t operator \u0111\u1ec3 v\u1eadn h\u00e0nh \u0111\u1ed9c l\u1eadp.<\/li> <\/ol>   <div class=\"wp-block-image\"> <figure class=\"aligncenter size-full\"><img loading=\"lazy\" decoding=\"async\" width=\"720\" height=\"540\" src=\"https:\/\/shuliybaler.com\/wp-content\/uploads\/2026\/04\/commercialplastic-rubber-separator-equipment.webp\" alt=\"Thi\u1ebft b\u1ecb m\u00e1y t\u00e1ch cao su nh\u1ef1a th\u01b0\u01a1ng m\u1ea1i\" class=\"wp-image-3646\" title=\"\" srcset=\"https:\/\/shuliybaler.com\/wp-content\/uploads\/2026\/04\/commercialplastic-rubber-separator-equipment.webp 720w, https:\/\/shuliybaler.com\/wp-content\/uploads\/2026\/04\/commercialplastic-rubber-separator-equipment-360x270.webp 360w, https:\/\/shuliybaler.com\/wp-content\/uploads\/2026\/04\/commercialplastic-rubber-separator-equipment-180x135.webp 180w, https:\/\/shuliybaler.com\/wp-content\/uploads\/2026\/04\/commercialplastic-rubber-separator-equipment-16x12.webp 16w\" sizes=\"auto, (max-width: 720px) 100vw, 720px\" \/><figcaption class=\"wp-element-caption\">Thi\u1ebft b\u1ecb m\u00e1y t\u00e1ch cao su nh\u1ef1a th\u01b0\u01a1ng m\u1ea1i<\/figcaption><\/figure> <\/div>   <h2 class=\"wp-block-heading\"><strong>Th\u00f4ng s\u1ed1 k\u1ef9 thu\u1eadt c\u1ee7a m\u00e1y t\u00e1ch cao su nh\u1ef1a<\/strong><\/h2>    <p>So v\u1edbi thi\u1ebft b\u1ecb ph\u00e2n lo\u1ea1i truy\u1ec1n th\u1ed1ng, thi\u1ebft b\u1ecb n\u00e0y v\u1eadn h\u00e0nh t\u1ef1 \u0111\u1ed9ng ho\u00e0n to\u00e0n v\u1edbi \u0111\u1ed9 tinh khi\u1ebft ph\u00e2n lo\u1ea1i cao (\u226599%) trong khi ti\u00eau th\u1ee5 \u00edt n\u0103ng l\u01b0\u1ee3ng h\u01a1n. Th\u00f4ng s\u1ed1 k\u1ef9 thu\u1eadt chi ti\u1ebft c\u1ee7a hai model kh\u00e1c nhau \u0111\u01b0\u1ee3c cung c\u1ea5p d\u01b0\u1edbi \u0111\u00e2y.<\/p>    <figure class=\"wp-block-table\"><table class=\"has-fixed-layout\"><thead><tr><th class=\"has-text-align-center\" data-align=\"center\">M\u1eabu m\u00e3<\/th><th class=\"has-text-align-center\" data-align=\"center\">C\u00f4ng su\u1ea5t<\/th><th class=\"has-text-align-center\" data-align=\"center\">Dung l\u01b0\u1ee3ng<\/th><th class=\"has-text-align-center\" data-align=\"center\">\u0110\u1ed9 tinh khi\u1ebft ph\u00e2n lo\u1ea1i<\/th><th class=\"has-text-align-center\" data-align=\"center\">K\u00edch th\u01b0\u1edbc <\/th><th class=\"has-text-align-center\" data-align=\"center\">Tr\u1ecdng l\u01b0\u1ee3ng<\/th><\/tr><\/thead><tbody><tr><td class=\"has-text-align-center\" data-align=\"center\">SL-1250<\/td><td class=\"has-text-align-center\" data-align=\"center\">9.5 kW<\/td><td class=\"has-text-align-center\" data-align=\"center\">600\u20131000 kg\/h<\/td><td class=\"has-text-align-center\" data-align=\"center\">\u226599%<\/td><td class=\"has-text-align-center\" data-align=\"center\">5580\u00d72280\u00d74250 mm<\/td><td class=\"has-text-align-center\" data-align=\"center\">3500 kg<\/td><\/tr><tr><td class=\"has-text-align-center\" data-align=\"center\">SL-1800<\/td><td class=\"has-text-align-center\" data-align=\"center\">12.5 kW<\/td><td class=\"has-text-align-center\" data-align=\"center\">800\u20131200 kg\/h<\/td><td class=\"has-text-align-center\" data-align=\"center\">\u226599%<\/td><td class=\"has-text-align-center\" data-align=\"center\">5580\u00d73150\u00d74250 mm<\/td><td class=\"has-text-align-center\" data-align=\"center\">4800 kg<\/td><\/tr><\/tbody><\/table><figcaption class=\"wp-element-caption\">Th\u00f4ng s\u1ed1 k\u1ef9 thu\u1eadt chi ti\u1ebft c\u1ee7a m\u00e1y t\u00e1ch cao su nh\u1ef1a<\/figcaption><\/figure>    <p>N\u1ebfu b\u1ea1n kh\u00f4ng ch\u1eafc ch\u1eafn model n\u00e0o ph\u00f9 h\u1ee3p nh\u1ea5t, vui l\u00f2ng li\u00ean h\u1ec7 \u0111\u1ec3 \u0111\u01b0\u1ee3c h\u01b0\u1edbng d\u1eabn chuy\u00ean nghi\u1ec7p. \u0110\u1ed9i ng\u0169 b\u00e1n h\u00e0ng c\u1ee7a ch\u00fang t\u00f4i s\u1ebd \u0111\u1ec1 xu\u1ea5t m\u00e1y ph\u00f9 h\u1ee3p d\u1ef1a tr\u00ean y\u00eau c\u1ea7u v\u1ec1 v\u1eadt li\u1ec7u v\u00e0 th\u00e0nh ph\u1ea9m c\u1ee7a b\u1ea1n.<\/p>   <div class=\"wp-block-image\"> <figure class=\"aligncenter size-full\"><img loading=\"lazy\" decoding=\"async\" width=\"720\" height=\"540\" src=\"https:\/\/shuliybaler.com\/wp-content\/uploads\/2026\/04\/plastic-rubber-separating-machine.webp\" alt=\"m\u00e1y t\u00e1ch cao su nh\u1ef1a\" class=\"wp-image-3647\" title=\"\" srcset=\"https:\/\/shuliybaler.com\/wp-content\/uploads\/2026\/04\/plastic-rubber-separating-machine.webp 720w, https:\/\/shuliybaler.com\/wp-content\/uploads\/2026\/04\/plastic-rubber-separating-machine-360x270.webp 360w, https:\/\/shuliybaler.com\/wp-content\/uploads\/2026\/04\/plastic-rubber-separating-machine-180x135.webp 180w, https:\/\/shuliybaler.com\/wp-content\/uploads\/2026\/04\/plastic-rubber-separating-machine-16x12.webp 16w\" sizes=\"auto, (max-width: 720px) 100vw, 720px\" \/><figcaption class=\"wp-element-caption\">m\u00e1y t\u00e1ch cao su nh\u1ef1a<\/figcaption><\/figure> <\/div>   <h2 class=\"wp-block-heading\"><strong>\u0110\u1eb7c \u0111i\u1ec3m c\u1ea5u tr\u00fac c\u1ee7a m\u00e1y t\u00e1ch cao su v\u00e0 nh\u1ef1a<\/strong><\/h2>    <p>M\u00e1y t\u00e1ch cao su nh\u1ef1a ch\u1ee7 y\u1ebfu bao g\u1ed3m c\u00e1c h\u1ec7 th\u1ed1ng sau v\u00e0 ch\u1ee9c n\u0103ng ch\u00ednh c\u1ee7a ch\u00fang:<\/p>    <ul class=\"wp-block-list\"> <li>H\u1ec7 th\u1ed1ng c\u1ea5p li\u1ec7u: C\u00f3 thi\u1ebft k\u1ebf t\u1ef1 \u0111\u1ed9ng \u0111i\u1ec1u ch\u1ec9nh, \u0111\u1ea3m b\u1ea3o ho\u1ea1t \u0111\u1ed9ng li\u00ean t\u1ee5c.<\/li>    <li>H\u1ec7 th\u1ed1ng n\u00e2ng: \u0110\u1ea3m b\u1ea3o qu\u00e1 tr\u00ecnh v\u1eadn chuy\u1ec3n v\u1eadt li\u1ec7u tr\u01a1n tru v\u00e0 \u1ed5n \u0111\u1ecbnh.<\/li>    <li>H\u1ec7 th\u1ed1ng ph\u00e2n lo\u1ea1i: \u0110\u01a1n v\u1ecb c\u1ed1t l\u00f5i, th\u1ef1c hi\u1ec7n ph\u00e2n lo\u1ea1i d\u1ef1a tr\u00ean nguy\u00ean l\u00fd ma s\u00e1t v\u00e0 \u0111\u00e0n h\u1ed3i.<\/li>    <li>H\u1ec7 th\u1ed1ng tu\u1ea7n ho\u00e0n: T\u1ef1 \u0111\u1ed9ng x\u1eed l\u00fd c\u00e1c v\u1eadt li\u1ec7u kh\u00f4ng ph\u00f9 h\u1ee3p \u0111\u1ec3 t\u00e1i ch\u1ebf.<\/li>    <li>H\u1ec7 th\u1ed1ng x\u1ea3: Xu\u1ea5t ra ri\u00eang bi\u1ec7t c\u00e1c th\u00e0nh ph\u1ea9m \u0111\u00e3 ho\u00e0n ch\u1ec9nh.<\/li> <\/ul>    <p>Thi\u1ebft k\u1ebf c\u1ea5u tr\u00fac b\u00ean trong \u0111\u1ea3m b\u1ea3o s\u1ef1 \u1ed5n \u0111\u1ecbnh v\u1eadn h\u00e0nh c\u1ee7a thi\u1ebft b\u1ecb \u0111\u1ed3ng th\u1eddi t\u1ed1i \u0111a h\u00f3a \u0111\u1ed9 ch\u00ednh x\u00e1c ph\u00e2n lo\u1ea1i.<\/p>    <h2 class=\"wp-block-heading\"><strong>L\u00e0m th\u1ebf n\u00e0o \u0111\u1ec3 t\u00e1ch c\u00e1c lo\u1ea1i nh\u1ef1a h\u1ed7n h\u1ee3p ch\u1ee9a cao su v\u00e0 silicone?<\/strong><\/h2>    <p>Trong c\u00e1c t\u00ecnh hu\u1ed1ng t\u00e1i ch\u1ebf th\u1ef1c t\u1ebf, c\u00e1c lo\u1ea1i nh\u1ef1a h\u1ed7n h\u1ee3p th\u01b0\u1eddng g\u1ed3m nhi\u1ec1u v\u1eadt li\u1ec7u \u2014 nh\u01b0 ABS, PS, PP, v\u00e0 PE \u2014 xen k\u1ebd v\u1edbi cao su v\u00e0 silicone.<\/p>    <p>Quy tr\u00ecnh x\u1eed l\u00fd ph\u00f9 h\u1ee3p th\u01b0\u1eddng bao g\u1ed3m c\u00e1c b\u01b0\u1edbc sau:<\/p>    <ul class=\"wp-block-list\"> <li>Ti\u1ec1n nghi\u1ec1n v\u1eadt li\u1ec7u th\u1ea3i (s\u1eed d\u1ee5ng m\u1ed9t <a href=\"https:\/\/shuliybaler.com\/vi\/product\/small-metal-shredder-for-waste-recycling\/\">m\u00e1y nghi\u1ec1n kim lo\u1ea1i<\/a>)<\/li>    <li>Lo\u1ea1i b\u1ecf cao su v\u00e0 silicone b\u1eb1ng m\u00e1y t\u00e1ch cao su nh\u1ef1a chuy\u00ean d\u1ee5ng<\/li>    <li>Ph\u00e2n lo\u1ea1i th\u00eam c\u00e1c lo\u1ea1i nh\u1ef1a (v\u00ed d\u1ee5, s\u1eed d\u1ee5ng ph\u01b0\u01a1ng ph\u00e1p t\u00e1ch t\u0129nh \u0111i\u1ec7n ho\u1eb7c t\u00e1ch d\u1ef1a tr\u00ean m\u1eadt \u0111\u1ed9)<\/li> <\/ul>    <p>L\u1ea5y v\u00ed d\u1ee5 v\u1ec1 t\u00e1i ch\u1ebf t\u1ee7 l\u1ea1nh:<\/p>    <ul class=\"wp-block-list\"> <li>H\u1ed7n h\u1ee3p nh\u1ef1a \u0111\u00e3 nghi\u1ec1n ch\u1ee9a ABS, PS, PP, PE v\u00e0 cao su.<\/li>    <li>Tr\u01b0\u1edbc ti\u00ean, c\u00e1c th\u00e0nh ph\u1ea7n cao su v\u00e0 silicone \u0111\u01b0\u1ee3c lo\u1ea1i b\u1ecf b\u1eb1ng m\u00e1y t\u00e1ch cao su nh\u1ef1a.<\/li>    <li>Sau \u0111\u00f3, c\u00e1c lo\u1ea1i nh\u1ef1a c\u00f2n l\u1ea1i \u0111\u01b0\u1ee3c t\u00e1ch b\u1eb1ng ph\u01b0\u01a1ng ph\u00e1p t\u00e1ch t\u0129nh \u0111i\u1ec7n ho\u1eb7c n\u1ed5i.<\/li> <\/ul>    <p>B\u01b0\u1edbc n\u00e0y \u0111\u1ea3m b\u1ea3o \u0111\u1ed9 tinh khi\u1ebft cao h\u01a1n cho s\u1ea3n ph\u1ea9m cu\u1ed1i c\u00f9ng, t\u1eeb \u0111\u00f3 n\u00e2ng cao gi\u00e1 tr\u1ecb t\u00e1i ch\u1ebf t\u1ed5ng th\u1ec3.<\/p>    <figure class=\"wp-block-gallery has-nested-images columns-default is-cropped wp-block-gallery-2 is-layout-flex wp-block-gallery-is-layout-flex\"> <figure class=\"wp-block-image size-large\"><img loading=\"lazy\" decoding=\"async\" width=\"720\" height=\"540\" data-id=\"3644\" src=\"https:\/\/shuliybaler.com\/wp-content\/uploads\/2026\/04\/plastic-separated-from-the-finished-products.webp\" alt=\"h\u1ed7n h\u1ee3p nh\u1ef1a \u0111\u00e3 t\u00e1ch kh\u1ecfi th\u00e0nh ph\u1ea9m\" class=\"wp-image-3644\" title=\"\" srcset=\"https:\/\/shuliybaler.com\/wp-content\/uploads\/2026\/04\/plastic-separated-from-the-finished-products.webp 720w, https:\/\/shuliybaler.com\/wp-content\/uploads\/2026\/04\/plastic-separated-from-the-finished-products-360x270.webp 360w, https:\/\/shuliybaler.com\/wp-content\/uploads\/2026\/04\/plastic-separated-from-the-finished-products-180x135.webp 180w, https:\/\/shuliybaler.com\/wp-content\/uploads\/2026\/04\/plastic-separated-from-the-finished-products-16x12.webp 16w\" sizes=\"auto, (max-width: 720px) 100vw, 720px\" \/><figcaption class=\"wp-element-caption\">Cao su t\u00e1ch kh\u1ecfi th\u00e0nh ph\u1ea9m<\/figcaption><\/figure>    <figure class=\"wp-block-image size-large\"><img loading=\"lazy\" decoding=\"async\" width=\"720\" height=\"540\" data-id=\"3645\" src=\"https:\/\/shuliybaler.com\/wp-content\/uploads\/2026\/04\/rubber-separated-from-finished-products.webp\" alt=\"cao su t\u00e1ch kh\u1ecfi th\u00e0nh ph\u1ea9m\" class=\"wp-image-3645\" title=\"\" srcset=\"https:\/\/shuliybaler.com\/wp-content\/uploads\/2026\/04\/rubber-separated-from-finished-products.webp 720w, https:\/\/shuliybaler.com\/wp-content\/uploads\/2026\/04\/rubber-separated-from-finished-products-360x270.webp 360w, https:\/\/shuliybaler.com\/wp-content\/uploads\/2026\/04\/rubber-separated-from-finished-products-180x135.webp 180w, https:\/\/shuliybaler.com\/wp-content\/uploads\/2026\/04\/rubber-separated-from-finished-products-16x12.webp 16w\" sizes=\"auto, (max-width: 720px) 100vw, 720px\" \/><figcaption class=\"wp-element-caption\">Cao su t\u00e1ch kh\u1ecfi th\u00e0nh ph\u1ea9m<\/figcaption><\/figure> <\/figure>    <h2 class=\"wp-block-heading\"><strong>Nguy\u00ean l\u00fd ho\u1ea1t \u0111\u1ed9ng c\u1ee7a m\u00e1y t\u00e1ch cao su nh\u1ef1a<\/strong><\/h2>    <p>Nguy\u00ean l\u00fd ho\u1ea1t \u0111\u1ed9ng c\u1ee7a m\u00e1y t\u00e1ch nh\u1ef1a v\u00e0 cao su d\u1ef1a tr\u00ean hai y\u1ebfu t\u1ed1 sau:<\/p>    <ul class=\"wp-block-list\"> <li>S\u1ef1 kh\u00e1c bi\u1ec7t v\u1ec1 ma s\u00e1t: Nh\u1ef1a v\u00e0 cao su c\u00f3 h\u1ec7 s\u1ed1 ma s\u00e1t b\u1ec1 m\u1eb7t kh\u00e1c nhau.<\/li>    <li>S\u1ef1 kh\u00e1c bi\u1ec7t v\u1ec1 \u0111\u00e0n h\u1ed3i: So v\u1edbi nh\u1ef1a, cao su v\u00e0 silicone th\u1ec3 hi\u1ec7n s\u1ef1 kh\u00e1c bi\u1ec7t \u0111\u00e1ng k\u1ec3 trong \u0111\u1eb7c t\u00ednh \u0111\u00e0n h\u1ed3i c\u1ee7a ch\u00fang.<\/li> <\/ul>    <p>Qu\u1ef9 \u0111\u1ea1o tr\u01b0\u1ee3t c\u1ee7a nh\u1ef1a kh\u00e1c v\u1edbi cao su v\u00e0 silicone. Do \u0111\u1ed9 \u0111\u00e0n h\u1ed3i cao h\u01a1n, c\u00e1c v\u1eadt li\u1ec7u d\u1ef1a tr\u00ean cao su s\u1ebd b\u1eadt v\u00e0 b\u1ecb l\u1ec7ch \u0111i. C\u01a1 ch\u1ebf n\u00e0y cho ph\u00e9p ph\u00e2n lo\u1ea1i ch\u00ednh x\u00e1c m\u00e0 kh\u00f4ng c\u1ea7n d\u00f9ng h\u00f3a ch\u1ea5t ho\u1eb7c n\u01b0\u1edbc.<\/p>    <h2 class=\"wp-block-heading\"><strong>C\u00e2u h\u1ecfi th\u01b0\u1eddng g\u1eb7p v\u1ec1 thi\u1ebft b\u1ecb t\u00e1ch cao su nh\u1ef1a<\/strong><\/h2>   <div id=\"rank-math-faq\" class=\"rank-math-block\"> <div class=\"rank-math-list\"> <div id=\"faq-question-1776048969535\" class=\"rank-math-list-item\"> <h3 class=\"rank-math-question\">\u0110\u1ed9 tinh khi\u1ebft t\u00e1ch c\u1ee7a m\u00e1y t\u00e1ch cao su nh\u1ef1a l\u00e0 bao nhi\u00eau?<\/h3> <div class=\"rank-math-answer\">  <p>M\u00e1y t\u00e1ch cao su nh\u1ef1a Shuliy \u0111\u1ea1t \u0111\u1ed9 tinh khi\u1ebft t\u00e1ch l\u00ean t\u1edbi 99%.<\/p>  <\/div> <\/div> <div id=\"faq-question-1776048998667\" class=\"rank-math-list-item\"> <h3 class=\"rank-math-question\">V\u1eadt li\u1ec7u n\u00e0o m\u00e1y n\u00e0y c\u00f3 th\u1ec3 x\u1eed l\u00fd?<\/h3> <div class=\"rank-math-answer\">  <p>N\u00f3 ph\u00f9 h\u1ee3p \u0111\u1ec3 x\u1eed l\u00fd nh\u1ef1a h\u1ed7n h\u1ee3p t\u1eeb c\u00e1c thi\u1ebft b\u1ecb gia d\u1ee5ng b\u1ecf \u0111i, chai v\u00e0 t\u00fai truy\u1ec1n d\u1ecbch y t\u1ebf (l\u00e0m b\u1eb1ng PP v\u00e0 silicone), n\u00fat cao su t\u1eeb v\u1ecf pin b\u1ecf \u0111i, v\u00e0 nh\u1ef1a th\u1ea3i t\u1eeb \u00f4 t\u00f4 v\u00e0 \u0111i\u1ec7n t\u1eed.<\/p>  <\/div> <\/div> <div id=\"faq-question-1776049103744\" class=\"rank-math-list-item\"> <h3 class=\"rank-math-question\">N\u00f3 c\u00f3 th\u00e2n thi\u1ec7n v\u1edbi m\u00f4i tr\u01b0\u1eddng kh\u00f4ng?<\/h3> <div class=\"rank-math-answer\">  <p>Thi\u1ebft b\u1ecb n\u00e0y s\u1eed d\u1ee5ng c\u00f4ng ngh\u1ec7 ph\u00e2n lo\u1ea1i ho\u00e0n to\u00e0n d\u1ef1a tr\u00ean c\u00e1c kh\u00e1c bi\u1ec7t v\u1ec1 ma s\u00e1t v\u00e0 \u0111\u00e0n h\u1ed3i. Kh\u00f4ng c\u1ea7n h\u00f3a ch\u1ea5t hay n\u01b0\u1edbc, kh\u00f4ng g\u00e2y \u00f4 nhi\u1ec5m th\u1ee9 c\u1ea5p, l\u00e0 gi\u1ea3i ph\u00e1p t\u00e1i ch\u1ebf th\u00e2n thi\u1ec7n v\u1edbi m\u00f4i tr\u01b0\u1eddng.<\/p>  <\/div> <\/div> <div id=\"faq-question-1776049154929\" class=\"rank-math-list-item\"> <h3 class=\"rank-math-question\">N\u00f3 c\u00f3 th\u1ec3 t\u00edch h\u1ee3p v\u00e0o d\u00e2y chuy\u1ec1n t\u00e1i ch\u1ebf ho\u00e0n ch\u1ec9nh kh\u00f4ng?<\/h3> <div class=\"rank-math-answer\">  <p>M\u00e1y t\u00e1ch cao su nh\u1ef1a n\u00e0y th\u01b0\u1eddng \u0111\u01b0\u1ee3c s\u1eed d\u1ee5ng nh\u01b0 m\u1ed9t ph\u1ea7n c\u1ee7a h\u1ec7 th\u1ed1ng t\u00e1i ch\u1ebf ho\u00e0n ch\u1ec9nh, ho\u1ea1t \u0111\u1ed9ng c\u00f9ng v\u1edbi c\u00e1c m\u00e1y m\u00f3c kh\u00e1c nh\u01b0 m\u00e1y nghi\u1ec1n, m\u00e1y t\u00e1ch t\u0129nh \u0111i\u1ec7n v\u00e0 b\u1ec3 ph\u00e2n t\u00e1ch m\u1eadt \u0111\u1ed9.<\/p>  <\/div> <\/div> <\/div> <\/div>  <div class=\"wp-block-image\"> <figure class=\"aligncenter size-full\"><img loading=\"lazy\" decoding=\"async\" width=\"720\" height=\"540\" src=\"https:\/\/shuliybaler.com\/wp-content\/uploads\/2026\/04\/separate-rubber-from-plastic-machine.webp\" alt=\"m\u00e1y t\u00e1ch cao su kh\u1ecfi nh\u1ef1a\" class=\"wp-image-3648\" title=\"\" srcset=\"https:\/\/shuliybaler.com\/wp-content\/uploads\/2026\/04\/separate-rubber-from-plastic-machine.webp 720w, https:\/\/shuliybaler.com\/wp-content\/uploads\/2026\/04\/separate-rubber-from-plastic-machine-360x270.webp 360w, https:\/\/shuliybaler.com\/wp-content\/uploads\/2026\/04\/separate-rubber-from-plastic-machine-180x135.webp 180w, https:\/\/shuliybaler.com\/wp-content\/uploads\/2026\/04\/separate-rubber-from-plastic-machine-16x12.webp 16w\" sizes=\"auto, (max-width: 720px) 100vw, 720px\" \/><figcaption class=\"wp-element-caption\">m\u00e1y t\u00e1ch cao su kh\u1ecfi nh\u1ef1a<\/figcaption><\/figure> <\/div>   <p>M\u00e1y t\u00e1ch cao su nh\u1ef1a l\u00e0 th\u00e0nh ph\u1ea7n quan tr\u1ecdng trong c\u00e1c h\u1ec7 th\u1ed1ng t\u00e1i ch\u1ebf hi\u1ec7n \u0111\u1ea1i, \u0111\u1eb7c bi\u1ec7t ph\u00f9 h\u1ee3p \u0111\u1ec3 x\u1eed l\u00fd r\u00e1c th\u1ea3i nh\u1ef1a h\u1ed7n h\u1ee3p ph\u1ee9c t\u1ea1p ch\u1ee9a cao su v\u00e0 silicone.<\/p>    <p>V\u1edbi \u0111\u1ed9 ch\u00ednh x\u00e1c cao, ho\u1ea1t \u0111\u1ed9ng th\u00e2n thi\u1ec7n v\u1edbi m\u00f4i tr\u01b0\u1eddng v\u00e0 t\u00ednh n\u0103ng t\u1ef1 \u0111\u1ed9ng, thi\u1ebft b\u1ecb n\u00e0y n\u00e2ng cao gi\u00e1 tr\u1ecb thu h\u1ed3i c\u1ee7a v\u1eadt li\u1ec7u v\u00e0 h\u1ed7 tr\u1ee3 m\u1ea1nh m\u1ebd c\u00e1c ho\u1ea1t \u0111\u1ed9ng t\u00e1i ch\u1ebf b\u1ec1n v\u1eefng.<\/p>    <p>N\u1ebfu b\u1ea1n mu\u1ed1n n\u00e2ng c\u1ea5p d\u00e2y chuy\u1ec1n s\u1ea3n xu\u1ea5t t\u00e1i ch\u1ebf ho\u1eb7c c\u1ea3i thi\u1ec7n \u0111\u1ed9 tinh khi\u1ebft c\u1ee7a v\u1eadt li\u1ec7u, m\u00e1y t\u00e1ch cao su nh\u1ef1a n\u00e0y l\u00e0 gi\u1ea3i ph\u00e1p \u0111\u00e1ng tin c\u1eady v\u00e0 ti\u1ebft ki\u1ec7m chi ph\u00ed. Li\u00ean h\u1ec7 v\u1edbi ch\u00fang t\u00f4i h\u00f4m nay \u0111\u1ec3 c\u1eadp nh\u1eadt m\u1edbi nh\u1ea5t v\u00e0 c\u00e1c \u01b0u \u0111\u00e3i \u0111\u1eb7c bi\u1ec7t!<\/p>","protected":false},"excerpt":{"rendered":"<p>Utilizing the principles of friction and bouncing, the plastic-rubber separator efficiently separates silicone, rubber, and plastics from mixed materials, achieving a purity level of up to 99%. It is an ideal solution for the recycling industries of electronic waste, medical plastics, and batteries.<\/p>","protected":false},"author":1,"featured_media":3643,"parent":0,"template":"","tags":[93,92],"product-type":[91],"class_list":["post-3641","product","type-product","status-publish","has-post-thumbnail","hentry","tag-plastic","tag-rubber","product-type-other-recycling-machine"],"_links":{"self":[{"href":"https:\/\/shuliybaler.com\/vi\/wp-json\/wp\/v2\/product\/3641","targetHints":{"allow":["GET"]}}],"collection":[{"href":"https:\/\/shuliybaler.com\/vi\/wp-json\/wp\/v2\/product"}],"about":[{"href":"https:\/\/shuliybaler.com\/vi\/wp-json\/wp\/v2\/types\/product"}],"author":[{"embeddable":true,"href":"https:\/\/shuliybaler.com\/vi\/wp-json\/wp\/v2\/users\/1"}],"wp:featuredmedia":[{"embeddable":true,"href":"https:\/\/shuliybaler.com\/vi\/wp-json\/wp\/v2\/media\/3643"}],"wp:attachment":[{"href":"https:\/\/shuliybaler.com\/vi\/wp-json\/wp\/v2\/media?parent=3641"}],"wp:term":[{"taxonomy":"post_tag","embeddable":true,"href":"https:\/\/shuliybaler.com\/vi\/wp-json\/wp\/v2\/tags?post=3641"},{"taxonomy":"product-type","embeddable":true,"href":"https:\/\/shuliybaler.com\/vi\/wp-json\/wp\/v2\/product-type?post=3641"}],"curies":[{"name":"wp","href":"https:\/\/api.w.org\/{rel}","templated":true}]}}