{"id":3670,"date":"2026-04-27T16:48:58","date_gmt":"2026-04-27T08:48:58","guid":{"rendered":"https:\/\/shuliybaler.com\/?post_type=product&#038;p=3670"},"modified":"2026-04-27T16:55:17","modified_gmt":"2026-04-27T08:55:17","slug":"tire-block-cutting-machine","status":"publish","type":"product","link":"https:\/\/shuliybaler.com\/vi\/product\/tire-block-cutting-machine\/","title":{"rendered":"M\u00e1y c\u1eaft kh\u1ed1i l\u1ed1p"},"content":{"rendered":"<p class=\"translation-block\"><strong>m\u00e1y c\u1eaft kh\u1ed1i l\u1ed1p<\/strong> \u0111\u1eb7c bi\u1ec7t \u0111\u01b0\u1ee3c thi\u1ebft k\u1ebf \u0111\u1ec3 c\u1eaft l\u1ed1p th\u1ea3i to\u00e0n b\u1ed9 th\u00e0nh c\u00e1c kh\u1ed1i cao su c\u00f3 k\u00edch th\u01b0\u1edbc \u0111\u1ed3ng \u0111\u1ec1u (th\u01b0\u1eddng l\u00e0 50\u201380 mm) \u0111\u1ec3 x\u1eed l\u00fd ti\u1ebfp theo. L\u00e0 m\u1ed9t th\u00e0nh ph\u1ea7n ph\u00eda tr\u01b0\u1edbc trong d\u00e2y chuy\u1ec1n s\u1ea3n xu\u1ea5t t\u00e1i ch\u1ebf l\u1ed1p, n\u00f3 \u0111\u01b0\u1ee3c s\u1eed d\u1ee5ng r\u1ed9ng r\u00e3i \u0111\u1ec3 cung c\u1ea5p nguy\u00ean li\u1ec7u cho c\u00e1c ho\u1ea1t \u0111\u1ed9ng nghi\u1ec1n, xay ho\u1eb7c pyrolysis ph\u00eda sau.<\/p>    <p>Kh\u00e1c v\u1edbi c\u00e1c m\u00e1y c\u1eaft truy\u1ec1n th\u1ed1ng y\u00eau c\u1ea7u l\u1ed1p xe ph\u1ea3i \u0111\u01b0\u1ee3c c\u1eaft th\u00e0nh d\u1ea3i tr\u01b0\u1edbc, m\u00e1y c\u1ee7a Shuliy c\u00f3 kh\u1ea3 n\u0103ng x\u1eed l\u00fd tr\u1ef1c ti\u1ebfp l\u1ed1p xe to\u00e0n b\u1ed9 c\u00f3 \u0111\u01b0\u1eddng k\u00ednh \u22641200 mm, t\u1eeb \u0111\u00f3 t\u00edch h\u1ee3p qu\u00e1 tr\u00ecnh c\u1eaft v\u00e0o m\u1ed9t h\u1ec7 th\u1ed1ng duy nh\u1ea5t v\u00e0 n\u00e2ng cao hi\u1ec7u qu\u1ea3 ho\u1ea1t \u0111\u1ed9ng.<\/p>    <figure class=\"wp-block-embed aligncenter is-type-video is-provider-youtube wp-block-embed-youtube wp-embed-aspect-16-9 wp-has-aspect-ratio\"><div class=\"wp-block-embed__wrapper\"> <iframe loading=\"lazy\" title=\"M\u00e1y c\u1eaft kh\u1ed1i l\u1ed1p | C\u1eaft to\u00e0n b\u1ed9 l\u1ed1p th\u00e0nh c\u00e1c kh\u1ed1i cao su 50\u201380mm m\u1ed9t c\u00e1ch hi\u1ec7u qu\u1ea3\" width=\"500\" height=\"281\" src=\"https:\/\/www.youtube.com\/embed\/6nKF7r2HliQ?feature=oembed\" frameborder=\"0\" allow=\"accelerometer; autoplay; clipboard-write; encrypted-media; gyroscope; picture-in-picture; web-share\" referrerpolicy=\"strict-origin-when-cross-origin\" allowfullscreen><\/iframe> <\/div><figcaption class=\"wp-element-caption\">video ho\u1ea1t \u0111\u1ed9ng c\u1ee7a m\u00e1y c\u1eaft l\u1ed1p<\/figcaption><\/figure>    <h2 class=\"wp-block-heading\"><strong>T\u1ed5ng quan v\u1ec1 m\u00e1y c\u1eaft kh\u1ed1i l\u1ed1p<\/strong><\/h2>    <p>Nh\u01b0 minh h\u1ecda trong h\u00ecnh d\u01b0\u1edbi \u0111\u00e2y, khung c\u1ea5u tr\u00fac chung c\u1ee7a thi\u1ebft b\u1ecb n\u00e0y g\u1ed3m c\u00e1c th\u00e0nh ph\u1ea7n ri\u00eang bi\u1ec7t sau:<\/p>    <ul class=\"wp-block-list\"> <li>Bu\u1ed3ng c\u1eaft th\u1ee7y l\u1ef1c: Thi\u1ebft k\u1ebf \u0111\u1ec3 th\u1ef1c hi\u1ec7n c\u00e1c ho\u1ea1t \u0111\u1ed9ng c\u1eaft \u00e9p \u00e1p l\u1ef1c cao.<\/li>    <li>H\u1ec7 th\u1ed1ng c\u1eaft quay: Cho ph\u00e9p s\u1ea3n xu\u1ea5t li\u00ean t\u1ee5c c\u00e1c v\u1eadt li\u1ec7u d\u1ea1ng kh\u1ed1i.<\/li>    <li>Tr\u1ea1m \u0111\u1ed9ng c\u01a1 v\u00e0 th\u1ee7y l\u1ef1c: \u0110\u1ea3m b\u1ea3o truy\u1ec1n \u0111\u1ed9ng n\u0103ng \u1ed5n \u0111\u1ecbnh v\u00e0 \u0111\u00e1ng tin c\u1eady.<\/li>    <li>Ph\u1ec5u c\u1ea5p li\u1ec7u: H\u1ed7 tr\u1ee3 \u0111\u01b0a nguy\u00ean li\u1ec7u v\u00e0o m\u1ed9t c\u00e1ch an to\u00e0n v\u00e0 hi\u1ec7u qu\u1ea3.<\/li> <\/ul>    <p>\u0110\u00e2y l\u00e0 m\u1ed9t m\u00e1y c\u1eaft kh\u1ed1i l\u1ed1p th\u1ee7y l\u1ef1c ho\u00e0n to\u00e0n t\u1ef1 \u0111\u1ed9ng, ph\u00f9 h\u1ee3p cho c\u00e1c c\u01a1 s\u1edf t\u00e1i ch\u1ebf v\u00e0 x\u1eed l\u00fd quy m\u00f4 trung b\u00ecnh.<\/p>   <div class=\"wp-block-image\"> <figure class=\"aligncenter size-full\"><img loading=\"lazy\" decoding=\"async\" width=\"720\" height=\"540\" src=\"https:\/\/shuliybaler.com\/wp-content\/uploads\/2026\/04\/tire-cutting-machine.webp\" alt=\"m\u00e1y c\u1eaft l\u1ed1p\" class=\"wp-image-3672\" title=\"\" srcset=\"https:\/\/shuliybaler.com\/wp-content\/uploads\/2026\/04\/tire-cutting-machine.webp 720w, https:\/\/shuliybaler.com\/wp-content\/uploads\/2026\/04\/tire-cutting-machine-360x270.webp 360w, https:\/\/shuliybaler.com\/wp-content\/uploads\/2026\/04\/tire-cutting-machine-180x135.webp 180w, https:\/\/shuliybaler.com\/wp-content\/uploads\/2026\/04\/tire-cutting-machine-16x12.webp 16w\" sizes=\"auto, (max-width: 720px) 100vw, 720px\" \/><figcaption class=\"wp-element-caption\">m\u00e1y c\u1eaft l\u1ed1p<\/figcaption><\/figure> <\/div>   <h2 class=\"wp-block-heading\"><strong>\u01afu \u0111i\u1ec3m c\u1ee7a vi\u1ec7c s\u1eed d\u1ee5ng m\u00e1y c\u1eaft kh\u1ed1i l\u1ed1p<\/strong><\/h2>    <ol class=\"wp-block-list\"> <li>L\u1ed1p xe nguy\u00ean chi\u1ebfc c\u1ed3ng k\u1ec1nh v\u00e0 kh\u00f3 x\u1eed l\u00fd. C\u1eaft ch\u00fang th\u00e0nh kh\u1ed1i gi\u00fap gi\u1ea3m \u0111\u00e1ng k\u1ec3 th\u1ec3 t\u00edch \u2014 \u0111\u1ea1t hi\u1ec7u qu\u1ea3 gi\u1ea3m k\u00edch th\u01b0\u1edbc \u2014 t\u1eeb \u0111\u00f3 l\u00e0m cho vi\u1ec7c v\u1eadn chuy\u1ec3n v\u00e0 l\u01b0u tr\u1eef thu\u1eadn ti\u1ec7n h\u01a1n nhi\u1ec1u.<\/li>    <li>M\u00e1y c\u1eaft kh\u1ed1i l\u1ed1p c\u1eaft l\u1ed1p th\u00e0nh c\u00e1c kh\u1ed1i \u0111\u1ed3ng \u0111\u1ec1u 50\u201380 mm; \u0111i\u1ec1u n\u00e0y gi\u00fap gi\u1ea3m m\u00e0i m\u00f2n l\u01b0\u1ee1i dao, n\u00e2ng cao hi\u1ec7u qu\u1ea3 nghi\u1ec1n v\u00e0 t\u1ed1i \u01b0u h\u00f3a quy tr\u00ecnh x\u1eed l\u00fd ph\u00eda sau.<\/li>    <li>By pre-processing tires into &#8220;shreddable&#8221; blocks, the machine reduces energy consumption during the shredding stage. This shortens the return-on-investment period for recycling facilities, making it an economically efficient recycling solution.<\/li> <\/ol>    <h2 class=\"wp-block-heading\"><strong>Th\u00f4ng s\u1ed1 k\u1ef9 thu\u1eadt c\u1ee7a m\u00e1y c\u1eaft l\u1ed1p<\/strong><\/h2>    <figure class=\"wp-block-table\"><table class=\"has-fixed-layout\"><thead><tr><th>M\u1ee5c<\/th><th>Th\u00f4ng s\u1ed1 k\u1ef9 thu\u1eadt<\/th><\/tr><\/thead><tbody><tr><td>Ch\u1ee9c n\u0103ng<\/td><td>C\u1eaft to\u00e0n b\u1ed9 l\u1ed1p th\u00e0nh kh\u1ed1i<\/td><\/tr><tr><td>\u0110\u01b0\u1eddng k\u00ednh l\u1ed1p<\/td><td>\uff1c1200 mm<\/td><\/tr><tr><td>Dung l\u01b0\u1ee3ng<\/td><td>20\u201330 chi\u1ebfc\/gi\u1edd<\/td><\/tr><tr><td>C\u1eaft to\u00e0n b\u1ed9 l\u1ed1p xe th\u00e0nh kh\u1ed1i<\/td><td>50\u201380 mm<\/td><\/tr><tr><td>C\u00f4ng su\u1ea5t<\/td><td>40.5 kW, 380V, 50Hz<\/td><\/tr><tr><td>K\u00edch th\u01b0\u1edbc<\/td><td>2000 \u00d7 1800 \u00d7 1580 mm<\/td><\/tr><tr><td>Tr\u1ecdng l\u01b0\u1ee3ng<\/td><td>1800 kg<\/td><\/tr><\/tbody><\/table><figcaption class=\"wp-element-caption\">C\u00e1c th\u00f4ng s\u1ed1 k\u1ef9 thu\u1eadt ch\u00ednh c\u1ee7a m\u00e1y c\u1eaft kh\u1ed1i l\u1ed1p<\/figcaption><\/figure>   <div class=\"wp-block-image\"> <figure class=\"aligncenter size-full\"><img loading=\"lazy\" decoding=\"async\" width=\"720\" height=\"540\" src=\"https:\/\/shuliybaler.com\/wp-content\/uploads\/2026\/04\/tire-cutter-machine.webp\" alt=\"m\u00e1y c\u1eaft l\u1ed1p\" class=\"wp-image-3671\" title=\"\" srcset=\"https:\/\/shuliybaler.com\/wp-content\/uploads\/2026\/04\/tire-cutter-machine.webp 720w, https:\/\/shuliybaler.com\/wp-content\/uploads\/2026\/04\/tire-cutter-machine-360x270.webp 360w, https:\/\/shuliybaler.com\/wp-content\/uploads\/2026\/04\/tire-cutter-machine-180x135.webp 180w, https:\/\/shuliybaler.com\/wp-content\/uploads\/2026\/04\/tire-cutter-machine-16x12.webp 16w\" sizes=\"auto, (max-width: 720px) 100vw, 720px\" \/><figcaption class=\"wp-element-caption\">m\u00e1y c\u1eaft l\u1ed1p<\/figcaption><\/figure> <\/div>   <h2 class=\"wp-block-heading\"><strong>Nguy\u00ean li\u1ec7u th\u00f4 v\u00e0 s\u1ea3n ph\u1ea9m th\u00e0nh ph\u1ea9m<\/strong><\/h2>    <p>Thi\u1ebft b\u1ecb n\u00e0y ph\u00f9 h\u1ee3p \u0111\u1ec3 x\u1eed l\u00fd:<\/p>    <ul class=\"wp-block-list\"> <li>L\u1ed1p xe \u00f4 t\u00f4 con<\/li>    <li>L\u1ed1p xe t\u1ea3i v\u00e0 xe bu\u00fdt<\/li>    <li>L\u1ed1p cao su th\u1ea3i (\u0111\u01b0\u1eddng k\u00ednh \u2264 1200 mm)<\/li> <\/ul>    <p>N\u00f3 c\u1eaft c\u00e1c l\u1ed1p th\u1ea3i n\u00e0y \u2014 ho\u1eb7c th\u00e0nh d\u1ea3i ho\u1eb7c th\u00e0nh c\u00e1c ph\u1ea7n gai \u2014 \u0111\u1ec3 t\u1ea1o ra c\u00e1c kh\u1ed1i cao su \u0111\u1ed3ng \u0111\u1ec1u (50\u201380 mm) l\u00e0m s\u1ea3n ph\u1ea9m cu\u1ed1i c\u00f9ng.<\/p>    <p>M\u00e1y c\u1eaft kh\u1ed1i l\u1ed1p n\u00e0y ph\u00f9 h\u1ee3p \u0111\u1ec3 t\u00edch h\u1ee3p v\u1edbi c\u00e1c thi\u1ebft b\u1ecb ho\u1eb7c d\u00e2y chuy\u1ec1n s\u1ea3n xu\u1ea5t sau \u0111\u00e2y:<\/p>    <ul class=\"wp-block-list\"> <li>M\u00e1y xay l\u1ed1p<\/li>    <li>M\u00e1y nghi\u1ec1n cao su<\/li>    <li>H\u1ec7 th\u1ed1ng pyrolysis<\/li>    <li>D\u00e2y chuy\u1ec1n s\u1ea3n xu\u1ea5t m\u1ea3nh cao su<\/li> <\/ul>   <div class=\"wp-block-image\"> <figure class=\"aligncenter size-full\"><img loading=\"lazy\" decoding=\"async\" width=\"720\" height=\"540\" src=\"https:\/\/shuliybaler.com\/wp-content\/uploads\/2026\/04\/tire-blocks.webp\" alt=\"kh\u1ed1i l\u1ed1p\" class=\"wp-image-3673\" title=\"\" srcset=\"https:\/\/shuliybaler.com\/wp-content\/uploads\/2026\/04\/tire-blocks.webp 720w, https:\/\/shuliybaler.com\/wp-content\/uploads\/2026\/04\/tire-blocks-360x270.webp 360w, https:\/\/shuliybaler.com\/wp-content\/uploads\/2026\/04\/tire-blocks-180x135.webp 180w, https:\/\/shuliybaler.com\/wp-content\/uploads\/2026\/04\/tire-blocks-16x12.webp 16w\" sizes=\"auto, (max-width: 720px) 100vw, 720px\" \/><figcaption class=\"wp-element-caption\">kh\u1ed1i l\u1ed1p<\/figcaption><\/figure> <\/div>   <h2 class=\"wp-block-heading\"><strong>Nguy\u00ean l\u00fd ho\u1ea1t \u0111\u1ed9ng c\u1ee7a m\u00e1y c\u1eaft l\u1ed1p xe<\/strong><\/h2>    <p>The tire block cutting machine operates using a &#8220;hydraulic + mechanical&#8221; cutting system:<\/p>    <p>Sau khi \u0111\u1eb7t to\u00e0n b\u1ed9 l\u1ed1p v\u00e0o ph\u1ec5u c\u1ea5p li\u1ec7u, xi lanh th\u1ee7y l\u1ef1c \u0111\u1ea9y l\u1ed1p v\u1ec1 ph\u00eda c\u00e1c l\u01b0\u1ee1i dao c\u1eaft.<\/p>    <p>Cu\u1ed1i c\u00f9ng, c\u00e1c l\u01b0\u1ee1i dao ch\u1ecbu l\u1ef1c cao c\u1eaft l\u1ed1p th\u00e0nh c\u00e1c kh\u1ed1i \u0111\u1ed3ng \u0111\u1ec1u. C\u00e1c kh\u1ed1i cao su \u0111\u00e3 c\u1eaft r\u01a1i qua c\u1eeda x\u1ea3 \u0111\u1ec3 ti\u1ebfp t\u1ee5c qu\u00e1 tr\u00ecnh x\u1eed l\u00fd ti\u1ebfp theo.<\/p>    <p>Ph\u01b0\u01a1ng ph\u00e1p v\u1eadn h\u00e0nh n\u00e0y \u2014 k\u1ebft h\u1ee3p l\u1ef1c c\u01a1 h\u1ecdc v\u1edbi \u00e1p l\u1ef1c th\u1ee7y l\u1ef1c \u2014 gi\u00fap thi\u1ebft b\u1ecb c\u1eaft xuy\u00ean qua c\u00e1c v\u1eadt li\u1ec7u cao su d\u00e0y m\u1ed9t c\u00e1ch hi\u1ec7u qu\u1ea3 v\u00e0 an to\u00e0n.<\/p>    <h2 class=\"wp-block-heading\"><strong>L\u00e0m th\u1ebf n\u00e0o \u0111\u1ec3 ch\u1ecdn \u0111\u00fang m\u00e1y c\u1eaft kh\u1ed1i l\u1ed1p?<\/strong><\/h2>    <p>Khi ch\u1ecdn thi\u1ebft b\u1ecb, vui l\u00f2ng xem x\u00e9t c\u00e1c y\u1ebfu t\u1ed1 sau:<\/p>    <ol class=\"wp-block-list\"> <li><strong>Y\u00eau c\u1ea7u v\u1ec1 c\u00f4ng su\u1ea5t s\u1ea3n xu\u1ea5t:<\/strong> N\u1ebfu b\u1ea1n v\u1eadn h\u00e0nh m\u1ed9t c\u01a1 s\u1edf trung b\u00ecnh y\u00eau c\u1ea7u s\u1ea3n xu\u1ea5t 20\u201330 l\u1ed1p m\u1ed7i gi\u1edd, m\u00e1y c\u1eaft kh\u1ed1i l\u1ed1p n\u00e0y l\u00e0 ph\u00f9 h\u1ee3p l\u00fd t\u01b0\u1edfng. \u0110\u1ed1i v\u1edbi c\u00e1c ho\u1ea1t \u0111\u1ed9ng s\u1ea3n xu\u1ea5t quy m\u00f4 l\u1edbn, m\u00e1y n\u00ean \u0111\u01b0\u1ee3c t\u00edch h\u1ee3p v\u00e0o d\u00e2y chuy\u1ec1n t\u00e1i ch\u1ebf l\u1ed1p ho\u00e0n ch\u1ec9nh.<\/li>    <li><strong>M\u1ee9c \u0111\u1ed9 t\u1ef1 \u0111\u1ed9ng h\u00f3a:<\/strong> C\u00e1c m\u1eabu b\u00e1n t\u1ef1 \u0111\u1ed9ng c\u00f3 chi ph\u00ed th\u1ea5p h\u01a1n, trong khi c\u00e1c m\u1eabu ho\u00e0n to\u00e0n t\u1ef1 \u0111\u1ed9ng mang l\u1ea1i hi\u1ec7u qu\u1ea3 cao h\u01a1n v\u00e0 gi\u1ea3m chi ph\u00ed nh\u00e2n c\u00f4ng.<\/li>    <li><strong>Ch\u1ea5t l\u01b0\u1ee3ng l\u01b0\u1ee1i dao:<\/strong> L\u01b0\u1ee1i dao n\u00ean \u0111\u01b0\u1ee3c l\u00e0m t\u1eeb v\u1eadt li\u1ec7u ch\u1ed1ng m\u00e0i m\u00f2n (v\u00ed d\u1ee5, th\u00e9p h\u1ee3p kim). N\u1ebfu b\u1ea1n c\u00f3 y\u00eau c\u1ea7u \u0111\u1eb7c bi\u1ec7t ho\u1eb7c c\u1ea7n th\u00eam, vui l\u00f2ng li\u00ean h\u1ec7 tr\u1ef1c ti\u1ebfp v\u1edbi ch\u00fang t\u00f4i.<\/li> <\/ol>   <div class=\"wp-block-image\"> <figure class=\"aligncenter size-full\"><img loading=\"lazy\" decoding=\"async\" width=\"720\" height=\"540\" src=\"https:\/\/shuliybaler.com\/wp-content\/uploads\/2026\/04\/tire-block-cutting-machine.webp\" alt=\"m\u00e1y c\u1eaft kh\u1ed1i l\u1ed1p\" class=\"wp-image-3674\" title=\"\" srcset=\"https:\/\/shuliybaler.com\/wp-content\/uploads\/2026\/04\/tire-block-cutting-machine.webp 720w, https:\/\/shuliybaler.com\/wp-content\/uploads\/2026\/04\/tire-block-cutting-machine-360x270.webp 360w, https:\/\/shuliybaler.com\/wp-content\/uploads\/2026\/04\/tire-block-cutting-machine-180x135.webp 180w, https:\/\/shuliybaler.com\/wp-content\/uploads\/2026\/04\/tire-block-cutting-machine-16x12.webp 16w\" sizes=\"auto, (max-width: 720px) 100vw, 720px\" \/><figcaption class=\"wp-element-caption\">m\u00e1y c\u1eaft kh\u1ed1i l\u1ed1p<\/figcaption><\/figure> <\/div>  <div id=\"rank-math-faq\" class=\"rank-math-block\"> <div class=\"rank-math-list\"> <div id=\"faq-question-1777256802472\" class=\"rank-math-list-item\"> <h3 class=\"rank-math-question\">M\u00e1y n\u00e0y c\u00f3 th\u1ec3 c\u1eaft to\u00e0n b\u1ed9 l\u1ed1p xe tr\u1ef1c ti\u1ebfp kh\u00f4ng?<\/h3> <div class=\"rank-math-answer\">  <p>C\u00f3. C\u00e1c m\u1eabu n\u00e2ng cao c\u00f3 th\u1ec3 c\u1eaft to\u00e0n b\u1ed9 l\u1ed1p xe m\u00e0 kh\u00f4ng c\u1ea7n ti\u1ec1n x\u1eed l\u00fd, \u0111\u1eb7c bi\u1ec7t l\u00e0 nh\u1eefng l\u1ed1p c\u00f3 \u0111\u01b0\u1eddng k\u00ednh d\u01b0\u1edbi 1200 mm.<\/p>  <\/div> <\/div> <div id=\"faq-question-1777256828159\" class=\"rank-math-list-item\"> <h3 class=\"rank-math-question\">K\u00edch th\u01b0\u1edbc \u0111\u1ea7u ra l\u00fd t\u01b0\u1edfng cho t\u00e1i ch\u1ebf l\u00e0 g\u00ec?<\/h3> <div class=\"rank-math-answer\">  <p>H\u1ea7u h\u1ebft c\u00e1c d\u00e2y chuy\u1ec1n t\u00e1i ch\u1ebf y\u00eau c\u1ea7u c\u00e1c kh\u1ed1i 50\u201380 mm, v\u00ec ch\u00fang l\u00e0 k\u00edch th\u01b0\u1edbc t\u1ed1i \u01b0u cho c\u00e1c m\u00e1y nghi\u1ec1n v\u00e0 xay.<\/p>  <\/div> <\/div> <div id=\"faq-question-1777256841148\" class=\"rank-math-list-item\"> <h3 class=\"rank-math-question\">T\u1ea1i sao kh\u00f4ng \u0111\u01b0a to\u00e0n b\u1ed9 l\u1ed1p v\u00e0o m\u00e1y nghi\u1ec1n tr\u1ef1c ti\u1ebfp?<\/h3> <div class=\"rank-math-answer\">  <p>L\u00e0m nh\u01b0 v\u1eady tr\u1ef1c ti\u1ebfp s\u1ebd l\u00e0m t\u0103ng t\u1ed1c \u0111\u1ed9 m\u00f2n c\u1ee7a l\u01b0\u1ee1i dao v\u00e0 d\u1ec5 g\u00e2y t\u1eafc ngh\u1ebdn, t\u1eeb \u0111\u00f3 gi\u1ea3m hi\u1ec7u qu\u1ea3. Vi\u1ec7c c\u1eaft tr\u01b0\u1edbc c\u00e1c l\u1ed1p xe th\u00e0nh t\u1eebng kh\u00fac gi\u00fap c\u1ea3i thi\u1ec7n hi\u1ec7u su\u1ea5t t\u1ed5ng th\u1ec3 c\u1ee7a to\u00e0n b\u1ed9 h\u1ec7 th\u1ed1ng.<\/p>  <\/div> <\/div> <div id=\"faq-question-1777256910945\" class=\"rank-math-list-item\"> <h3 class=\"rank-math-question\">C\u00e1c ng\u00e0nh c\u00f4ng nghi\u1ec7p n\u00e0o s\u1eed d\u1ee5ng m\u00e1y c\u1eaft kh\u1ed1i l\u1ed1p n\u00e0y?<\/h3> <div class=\"rank-math-answer\">  <p>D\u00e0nh cho c\u00e1c nh\u00e0 m\u00e1y t\u00e1i ch\u1ebf l\u1ed1p, nh\u00e0 m\u00e1y b\u1ed9t cao su, nh\u00e0 m\u00e1y pyrolysis ho\u1eb7c c\u00e1c c\u00f4ng ty qu\u1ea3n l\u00fd ch\u1ea5t th\u1ea3i<\/p>  <\/div> <\/div> <\/div> <\/div>   <p>B\u1eb1ng c\u00e1ch bi\u1ebfn c\u00e1c l\u1ed1p th\u1ea3i c\u1ed3ng k\u1ec1nh th\u00e0nh c\u00e1c kh\u1ed1i cao su \u0111\u1ed3ng \u0111\u1ec1u, d\u1ec5 x\u1eed l\u00fd, m\u00e1y c\u1eaft kh\u1ed1i l\u1ed1p gi\u00fap n\u00e2ng cao hi\u1ec7u qu\u1ea3 ho\u1ea1t \u0111\u1ed9ng, gi\u1ea3m chi ph\u00ed v\u1eadn h\u00e0nh v\u00e0 t\u1ed1i \u01b0u h\u00f3a hi\u1ec7u su\u1ea5t c\u1ee7a c\u00e1c thi\u1ebft b\u1ecb x\u1eed l\u00fd ph\u00eda sau.<\/p>    <p>\u0110\u1ed1i v\u1edbi c\u00e1c doanh nghi\u1ec7p ho\u1ea1t \u0111\u1ed9ng trong ng\u00e0nh t\u00e1i ch\u1ebf l\u1ed1p, vi\u1ec7c \u0111\u1ea7u t\u01b0 v\u00e0o m\u1ed9t m\u00e1y c\u1eaft kh\u1ed1i l\u1ed1p t\u1ef1 \u0111\u1ed9ng ho\u00e0n to\u00e0n hi\u1ec7u qu\u1ea3 cao l\u00e0 m\u1ed9t quy\u1ebft \u0111\u1ecbnh s\u00e1ng su\u1ed1t v\u1edbi ti\u1ec1m n\u0103ng m\u1edf r\u1ed9ng l\u1edbn trong t\u01b0\u01a1ng lai. N\u1ebfu b\u1ea1n quan t\u00e2m \u0111\u1ebfn s\u1ea3n ph\u1ea9m c\u1ee7a ch\u00fang t\u00f4i, vui l\u00f2ng li\u00ean h\u1ec7 \u0111\u1ec3 bi\u1ebft th\u00f4ng tin gi\u00e1 c\u1ea3 chi ti\u1ebft.<\/p>    <p>C\u00e1c thi\u1ebft b\u1ecb x\u1eed l\u00fd l\u1ed1p kh\u00e1c: <\/p>    <ul class=\"wp-block-list\"> <li><a href=\"https:\/\/shuliybaler.com\/vi\/product\/scrap-hydraulic-tyre-baling-machine\/\">M\u00e1y \u00e9p l\u1ed1p t\u00e1i ch\u1ebf \u0111\u1eb7c Scrap hydraulic baler<\/a><\/li>    <li><a href=\"https:\/\/shuliybaler.com\/vi\/product\/scrap-metal-shredder-machine\/\">L\u1ed1p xe th\u1ea3i<\/a><\/li> <\/ul>","protected":false},"excerpt":{"rendered":"<p>The tire block cutter is capable of cutting whole waste tires into uniformly sized rubber blocks ranging from 50 to 80 millimeters. This enhances the efficiency of subsequent shredding processes, reduces labor costs, and ensures a consistent output suitable for recycling and pyrolysis applications.<\/p>","protected":false},"author":1,"featured_media":3675,"parent":0,"template":"","meta":{"product_tpl_data":{"subtitle":"","param_summary":"","model_summary_title":"","model_summary":"","model_series":[],"finished_product_title":"","raw_materials_title":"","process_title":"","endsummary":""},"product_extra_property":[{"pname":"Function","pvalue":"Cut the whole tire into blocks"},{"pname":"Tire diameter","pvalue":"\uff1c1200 mm"},{"pname":"Capacity","pvalue":"20\u201330 pcs\/hour"},{"pname":"Cut the whole tire into blocks","pvalue":"50\u201380 mm"},{"pname":"Power","pvalue":"40.5 kW, 380V, 50Hz"},{"pname":"Dimension","pvalue":"2000 \u00d7 1800 \u00d7 1580 mm"},{"pname":"Weight","pvalue":"1800 kg"}],"product_extra_image":"3671,3672,3674,3673"},"tags":[85],"product-type":[91],"class_list":["post-3670","product","type-product","status-publish","has-post-thumbnail","hentry","tag-tire","product-type-other-recycling-machine"],"light_meta":{"product_tpl_data":{"subtitle":"","param_summary":"","model_summary_title":"","model_summary":"","model_series":"","finished_product_title":"","raw_materials_title":"","process_title":"","endsummary":""},"rank_math_internal_links_processed":"1","rank_math_seo_score":"82","rank_math_focus_keyword":"tire block cutting machine","rank_math_title":"Tire Block Cutting Machine For Scrap Rubber Recycling","rank_math_description":"This tire block cutting machine cuts tires (with a diameter of \u22641200 mm) into rubber blocks ranging from 50-80 mm with an output of 20-30 tires per hour.","rank_math_og_content_image":{"check":"f4c4d6a8a46706b18fbc9a76c71e33e8","images":[3672]},"product_extra_property":{"1":{"pname":"Function","pvalue":"Cut the whole tire into blocks"},"2":{"pname":"Tire diameter","pvalue":"\uff1c1200 mm"},"3":{"pname":"Capacity","pvalue":"20\u201330 pcs\/hour"},"4":{"pname":"Cut the whole tire into blocks","pvalue":"50\u201380 mm"},"5":{"pname":"Power","pvalue":"40.5 kW, 380V, 50Hz"},"6":{"pname":"Dimension","pvalue":"2000 \u00d7 1800 \u00d7 1580 mm"},"7":{"pname":"Weight","pvalue":"1800 kg"}},"product_extra_image":"3671,3672,3674,3673","_oembed_b36e0d7498a27da9ec529da478442216":"<iframe title=\"Tire Block Cutting Machine | Cut Whole Tires into 50\u201380mm Rubber Blocks Efficiently\" width=\"500\" height=\"281\" src=\"https:\/\/www.youtube.com\/embed\/6nKF7r2HliQ?feature=oembed\" frameborder=\"0\" allow=\"accelerometer; autoplay; clipboard-write; encrypted-media; gyroscope; picture-in-picture; web-share\" referrerpolicy=\"strict-origin-when-cross-origin\" allowfullscreen><\/iframe>","_oembed_time_b36e0d7498a27da9ec529da478442216":"1777280116","rank_math_schema_VideoObject":{"@type":"VideoObject","metadata":{"title":"Video","type":"template","shortcode":"s-69ef247792592","isPrimary":true,"reviewLocationShortcode":"[rank_math_rich_snippet]","category":"%categories%","tags":"%tags%","isAutoGenerated":true},"name":"M\u00e1y c\u1eaft kh\u1ed1i l\u1ed1p | C\u1eaft to\u00e0n b\u1ed9 l\u1ed1p th\u00e0nh c\u00e1c kh\u1ed1i cao su 50\u201380mm m\u1ed9t c\u00e1ch hi\u1ec7u qu\u1ea3","description":"WhatsApp: https:\/\/wa.me\/ 8617703863868 Email: info@shuliybaler.comTrang web:https:\/\/shuliybaler.com\/product\/tire-block-cutting-machine\/Kh\u00e1m ph\u00e1 c\u00e1ch m\u00e0 m\u00e1y c\u1eaft l\u1ed1p xe...","uploadDate":"2026-04-27T01:54:42-07:00","thumbnailUrl":"https:\/\/shuliybaler.com\/wp-content\/uploads\/2026\/04\/tire-block-cutting-machine-cut-w.jpg","embedUrl":"https:\/\/www.youtube.com\/embed\/6nKF7r2HliQ","contentUrl":"","duration":"PT3M0S","width":"1280","height":"720","isFamilyFriendly":true}},"seo_meta":{"title":"M\u00e1y c\u1eaft kh\u1ed1i l\u1ed1p xe cho t\u00e1i ch\u1ebf cao su ph\u1ebf li\u1ec7u","description":"M\u00e1y c\u1eaft kh\u1ed1i l\u1ed1p n\u00e0y c\u1eaft l\u1ed1p (\u0111\u01b0\u1eddng k\u00ednh \u22641200 mm) th\u00e0nh c\u00e1c kh\u1ed1i cao su t\u1eeb 50-80 mm v\u1edbi n\u0103ng su\u1ea5t 20-30 l\u1ed1p m\u1ed7i gi\u1edd.","focusKeyword":"tire block cutting machine","canonicalUrl":"https:\/\/shuliybaler.com\/vi\/product\/tire-block-cutting-machine\/","robots":["index","follow"],"ogTitle":"Tire Block Cutting Machine For Scrap Rubber Recycling","ogDescription":"This tire block cutting machine cuts tires (with a diameter of \u22641200 mm) into rubber blocks ranging from 50-80 mm with an output of 20-30 tires per hour.","ogImage":"https:\/\/shuliybaler.com\/wp-content\/uploads\/2026\/04\/automatic-tire-block-cutting-machine.webp","twitterTitle":"Tire Block Cutting Machine For Scrap Rubber Recycling","twitterDescription":"This tire block cutting machine cuts tires (with a diameter of \u22641200 mm) into rubber blocks ranging from 50-80 mm with an output of 20-30 tires per hour.","twitterImage":"https:\/\/shuliybaler.com\/wp-content\/uploads\/2026\/04\/automatic-tire-block-cutting-machine.webp","primaryCategory":0,"seoScore":82,"schemas":{"VideoObject":{"type":"VideoObject","data":{"@type":"VideoObject","metadata":{"title":"Video","type":"template","shortcode":"s-69ef247792592","isPrimary":true,"reviewLocationShortcode":"[rank_math_rich_snippet]","category":"%categories%","tags":"%tags%","isAutoGenerated":true},"name":"M\u00e1y c\u1eaft kh\u1ed1i l\u1ed1p | C\u1eaft to\u00e0n b\u1ed9 l\u1ed1p th\u00e0nh c\u00e1c kh\u1ed1i cao su 50\u201380mm m\u1ed9t c\u00e1ch hi\u1ec7u qu\u1ea3","description":"WhatsApp: https:\/\/wa.me\/ 8617703863868 Email: info@shuliybaler.comTrang web:https:\/\/shuliybaler.com\/product\/tire-block-cutting-machine\/Kh\u00e1m ph\u00e1 c\u00e1ch m\u00e0 m\u00e1y c\u1eaft l\u1ed1p xe...","uploadDate":"2026-04-27T01:54:42-07:00","thumbnailUrl":"https:\/\/shuliybaler.com\/wp-content\/uploads\/2026\/04\/tire-block-cutting-machine-cut-w.jpg","embedUrl":"https:\/\/www.youtube.com\/embed\/6nKF7r2HliQ","contentUrl":"","duration":"PT3M0S","width":"1280","height":"720","isFamilyFriendly":true}}},"source":"rank_math"},"_links":{"self":[{"href":"https:\/\/shuliybaler.com\/vi\/wp-json\/wp\/v2\/product\/3670","targetHints":{"allow":["GET"]}}],"collection":[{"href":"https:\/\/shuliybaler.com\/vi\/wp-json\/wp\/v2\/product"}],"about":[{"href":"https:\/\/shuliybaler.com\/vi\/wp-json\/wp\/v2\/types\/product"}],"author":[{"embeddable":true,"href":"https:\/\/shuliybaler.com\/vi\/wp-json\/wp\/v2\/users\/1"}],"wp:featuredmedia":[{"embeddable":true,"href":"https:\/\/shuliybaler.com\/vi\/wp-json\/wp\/v2\/media\/3675"}],"wp:attachment":[{"href":"https:\/\/shuliybaler.com\/vi\/wp-json\/wp\/v2\/media?parent=3670"}],"wp:term":[{"taxonomy":"post_tag","embeddable":true,"href":"https:\/\/shuliybaler.com\/vi\/wp-json\/wp\/v2\/tags?post=3670"},{"taxonomy":"product-type","embeddable":true,"href":"https:\/\/shuliybaler.com\/vi\/wp-json\/wp\/v2\/product-type?post=3670"}],"curies":[{"name":"wp","href":"https:\/\/api.w.org\/{rel}","templated":true}]}}