{"id":407,"date":"2019-12-05T11:19:36","date_gmt":"2019-12-05T03:19:36","guid":{"rendered":"https:\/\/shuliybaler.com\/?p=407"},"modified":"2024-01-10T17:39:46","modified_gmt":"2024-01-10T09:39:46","slug":"metal-baler","status":"publish","type":"product","link":"https:\/\/shuliybaler.com\/vi\/product\/metal-baler\/","title":{"rendered":"M\u00e1y n\u00e9n kim lo\u1ea1i c\u00f4ng nghi\u1ec7p cho vi\u00ean kim lo\u1ea1i ph\u1ebf li\u1ec7u"},"content":{"rendered":"<p class=\"translation-block\"><strong>M\u00e1y n\u00e9n kim lo\u1ea1i <\/strong> c\u00f2n g\u1ecdi l\u00e0 m\u00e1y n\u00e9n ph\u1ebf li\u1ec7u kim lo\u1ea1i, m\u00e1y n\u00e9n kim lo\u1ea1i ngang, m\u00e1y n\u00e9n th\u1ee7y l\u1ef1c kim lo\u1ea1i, v.v. M\u1ee5c \u0111\u00edch ch\u00ednh l\u00e0 n\u00e9n c\u00e1c m\u1ea3nh kim lo\u1ea1i th\u00e0nh h\u00ecnh d\u1ea1ng nh\u1ea5t \u0111\u1ecbnh \u0111\u1ec3 gi\u1ea3m th\u1ec3 t\u00edch, thu\u1eadn ti\u1ec7n cho vi\u1ec7c l\u01b0u tr\u1eef, v\u1eadn chuy\u1ec3n v\u00e0 t\u00e1i ch\u1ebf.<\/p>    <figure class=\"wp-block-embed is-type-video is-provider-youtube wp-block-embed-youtube wp-embed-aspect-16-9 wp-has-aspect-ratio\"><div class=\"wp-block-embed__wrapper\"> <iframe loading=\"lazy\" title=\"Hi\u1ec7u su\u1ea5t c\u1ee7a m\u00e1y n\u00e9n kim lo\u1ea1i: N\u00e9n ph\u1ebf li\u1ec7u kim lo\u1ea1i ho\u00e0n h\u1ea3o! M\u00e1y \u00e9p th\u1ee7y l\u1ef1c cho s\u1eaft th\u1ea3i\" width=\"500\" height=\"281\" src=\"https:\/\/www.youtube.com\/embed\/bypm63IX3u0?start=8&#038;feature=oembed\" frameborder=\"0\" allow=\"accelerometer; autoplay; clipboard-write; encrypted-media; gyroscope; picture-in-picture; web-share\" referrerpolicy=\"strict-origin-when-cross-origin\" allowfullscreen><\/iframe> <\/div><figcaption class=\"wp-element-caption\">Video ho\u1ea1t \u0111\u1ed9ng c\u1ee7a m\u00e1y n\u00e9n kim lo\u1ea1i ngang<\/figcaption><\/figure>    <h2 class=\"wp-block-heading\" id=\"h-parameters-of-the-metal-press-machine\"><strong>Th\u00f4ng s\u1ed1 k\u1ef9 thu\u1eadt c\u1ee7a m\u00e1y n\u00e9n ph\u1ebf li\u1ec7u kim lo\u1ea1i \u0111\u1ec3 b\u00e1n<\/strong><\/h2>    <figure class=\"wp-block-table\"><table><tbody><tr><td>Lo\u1ea1i <strong>&nbsp;<\/strong><strong><\/strong><\/td><td>C\u00f4ng su\u1ea5t \u0111\u1ea9y danh ngh\u0129a (Kn)<\/td><td>K\u00edch th\u01b0\u1edbc bu\u1ed3ng n\u00e9n<br>K\u00edch th\u01b0\u1edbc (d\u00e0i * r\u1ed9ng * cao) (mm)<strong><\/strong><\/td><td>K\u00edch th\u01b0\u1edbc b\u00f3 (mm)<strong><\/strong><\/td><td>\u0110\u1ed9 \u0111\u1eb7c c\u1ee7a kh\u1ed1i kim lo\u1ea1i (kg\/m\u00b3)<\/td><td>C\u00f4ng su\u1ea5t (kg\/h)<strong><\/strong><\/td><td>Th\u1eddi gian chu k\u1ef3 \u0111\u01a1n (gi\u00e2y)<\/td><td>C\u00f4ng su\u1ea5t ph\u00f9 h\u1ee3p (kW)<\/td><\/tr><tr><td>Y81-1250A<strong><\/strong><\/td><td>1250<strong><\/strong><\/td><td>1200*700*600<strong><\/strong><\/td><td>300*300<strong><\/strong><\/td><td>\u22652000<strong><\/strong><\/td><td>1200-1800<strong><\/strong><\/td><td>\u2264120<strong><\/strong><\/td><td>15<strong><\/strong><\/td><\/tr><tr><td>Y81-1250B<strong><\/strong><\/td><td>1250<strong><\/strong><\/td><td>1400*800*700<strong><\/strong><\/td><td>300*300<strong><\/strong><\/td><td>\u22652000<strong><\/strong><\/td><td>1600-2300<strong><\/strong><\/td><td>\u2264140<strong><\/strong><\/td><td>15<strong><\/strong><\/td><\/tr><tr><td>Y81-1350<strong><\/strong><\/td><td>1350<strong><\/strong><\/td><td>1400*600*600<strong><\/strong><\/td><td>600*240<strong><\/strong><\/td><td>\u22652000<strong><\/strong><\/td><td>1600-2500<strong><\/strong><\/td><td>\u2264100<strong><\/strong><\/td><td>18.5<strong><\/strong><\/td><\/tr><tr><td>Y81-1600A<strong><\/strong><\/td><td>1600<strong><\/strong><\/td><td>1600*1000*800<strong><\/strong><\/td><td>400*400<strong><\/strong><\/td><td>\u22652000<strong><\/strong><\/td><td>2000-3500<strong><\/strong><\/td><td>\u2264120<strong><\/strong><\/td><td>22<strong><\/strong><\/td><\/tr><tr><td>Y81-1600B<strong><\/strong><\/td><td>1600<strong><\/strong><\/td><td>1600*1200*800<strong><\/strong><\/td><td>400*400<strong><\/strong><\/td><td>\u22652000<strong><\/strong><\/td><td>2000-4000<strong><\/strong><\/td><td>\u2264130<strong><\/strong><\/td><td>30<strong><\/strong><\/td><\/tr><tr><td>Y81-2000A<strong><\/strong><\/td><td>2000<strong><\/strong><\/td><td>1600*1200*800<strong><\/strong><\/td><td>400*400<strong><\/strong><\/td><td>\u22652000<strong><\/strong><\/td><td>2500-4500<strong><\/strong><\/td><td>\u2264130<strong><\/strong><\/td><td>22\/15<\/td><\/tr><tr><td>Y81-2000B<strong><\/strong><\/td><td>2000<strong><\/strong><\/td><td>1800*1400*900<strong><\/strong><\/td><td>450*450<strong><\/strong><\/td><td>\u22652000<strong><\/strong><\/td><td>3000-5000<strong><\/strong><\/td><td>\u2264130<strong><\/strong><\/td><td>30\/37<\/td><\/tr><tr><td>Y81-2500A<strong><\/strong><\/td><td>2500<strong><\/strong><\/td><td>2000*1400*900<strong><\/strong><\/td><td>500*500<strong><\/strong><\/td><td>\u22652000<strong><\/strong><\/td><td>4000-6300<strong><\/strong><\/td><td>\u2264130<strong><\/strong><\/td><td>44\/60<\/td><\/tr><tr><td>Y81-2500B<strong><\/strong><\/td><td>2500<strong><\/strong><\/td><td>2000*1750*1000<strong><\/strong><\/td><td>500*500<strong><\/strong><\/td><td>\u22652000<strong><\/strong><\/td><td>5000-6300<strong><\/strong><\/td><td>\u2264150<strong><\/strong><\/td><td>44<strong><\/strong><\/td><\/tr><tr><td>Y81-2500C<strong><\/strong><\/td><td>2500<strong><\/strong><\/td><td>2000*1750*1200<strong><\/strong><\/td><td>600*600<strong><\/strong><\/td><td>\u22652000<strong><\/strong><\/td><td>5500-6500<strong><\/strong><\/td><td>\u2264150<strong><\/strong><\/td><td>60<strong><\/strong><\/td><\/tr><tr><td>Y81-2500D<strong><\/strong><\/td><td>2500<strong><\/strong><\/td><td>2500*2000*1200<strong><\/strong><\/td><td>600*600<strong><\/strong><\/td><td>\u22652000<strong><\/strong><\/td><td>5500-6500<strong><\/strong><\/td><td>\u2264150<strong><\/strong><\/td><td>60<strong><\/strong><\/td><\/tr><tr><td>Y81-3150A<strong><\/strong><\/td><td>3150<strong><\/strong><\/td><td>2000*1750*1000<strong><\/strong><\/td><td>500*500<strong><\/strong><\/td><td>\u22652000<strong><\/strong><\/td><td>4000-6500<strong><\/strong><\/td><td>\u2264150<strong><\/strong><\/td><td>60<strong><\/strong><\/td><\/tr><tr><td>Y81-3150B<strong><\/strong><\/td><td>3150<strong><\/strong><\/td><td>2000*1750*1200<strong><\/strong><\/td><td>600*600<strong><\/strong><\/td><td>\u22652000<strong><\/strong><\/td><td>5000-7000<strong><\/strong><\/td><td>\u2264150<strong><\/strong><\/td><td>60<strong><\/strong><\/td><\/tr><tr><td>Y81-3150C<strong><\/strong><\/td><td>3150<strong><\/strong><\/td><td>2500*2000*1200<strong><\/strong><\/td><td>600*600<strong><\/strong><\/td><td>\u22652000<strong><\/strong><\/td><td>6000-8000<strong><\/strong><\/td><td>\u2264150<strong><\/strong><\/td><td>90<strong><\/strong><\/td><\/tr><tr><td>Y81-3150D<strong><\/strong><\/td><td>3150<strong><\/strong><\/td><td>3000*2500*1200<strong><\/strong><\/td><td>600*600<strong><\/strong><\/td><td>\u22652000<strong><\/strong><\/td><td>6000-8000<strong><\/strong><\/td><td>\u2264160<strong><\/strong><\/td><td>90<strong><\/strong><\/td><\/tr><tr><td>Y81-4000A<strong><\/strong><\/td><td>4000<strong><\/strong><\/td><td>2500*2000*1200<strong><\/strong><\/td><td>600*600<strong><\/strong><\/td><td>\u22652000<strong><\/strong><\/td><td>5000-7500<strong><\/strong><\/td><td>\u2264160<strong><\/strong><\/td><td>90<strong><\/strong><\/td><\/tr><tr><td>Y81-4000B<strong><\/strong><\/td><td>4000<strong><\/strong><\/td><td>3000*2500*1200<strong><\/strong><\/td><td>600*600<strong><\/strong><\/td><td>\u22652000<strong><\/strong><\/td><td>8500-13000<strong><\/strong><\/td><td>\u2264160<strong><\/strong><\/td><td>90<strong><\/strong><\/td><\/tr><tr><td>Y81-4000C<strong><\/strong><\/td><td>4000<strong><\/strong><\/td><td>3500*3000*1200<strong><\/strong><\/td><td>600*600<strong><\/strong><\/td><td>\u22652000<strong><\/strong><\/td><td>9500-14000<strong><\/strong><\/td><td>\u2264160<strong><\/strong><\/td><td>90<strong><\/strong><\/td><\/tr><\/tbody><\/table><figcaption class=\"wp-element-caption\">m\u00e1y n\u00e9n kim lo\u1ea1i ph\u1ebf li\u1ec7u<\/figcaption><\/figure>    <h2 class=\"wp-block-heading\" id=\"h-application-of-metal-baler\"><strong>\u1ee8ng d\u1ee5ng c\u1ee7a m\u00e1y n\u00e9n kim lo\u1ea1i ngang<\/strong><\/h2>    <p class=\"translation-block\">M\u00e1y n\u00e9n kim lo\u1ea1i ph\u00f9 h\u1ee3p \u0111\u1ec3 n\u00e9n t\u1ea5t c\u1ea3 c\u00e1c lo\u1ea1i kim lo\u1ea1i ph\u1ebf li\u1ec7u nh\u01b0  th\u00e9p ph\u1ebf li\u1ec7u, s\u1eaft ph\u1ebf li\u1ec7u, \u0111\u1ed3ng, nh\u00f4m ph\u1ebf li\u1ec7u, b\u1ed9t nh\u00f4m, t\u1ea5m s\u1eaft, v\u1ebft c\u1eaft th\u00e9p, v\u1ebft c\u1eaft nh\u00f4m, th\u00f9ng d\u1ea7u th\u1ea3i, tr\u1ed1ng s\u01a1n v\u00e0 c\u00e1c lo\u1ea1i tr\u1ed1ng kim lo\u1ea1i v\u00e0 lon kh\u00e1c ,  v\u1ecf xe \u00f4 t\u00f4 c\u0169 ,  tr\u1ed1ng d\u1ea7u th\u1ea3i, lon, h\u1ed9p th\u1ef1c ph\u1ea9m , v\u1ecf xe \u00f4 t\u00f4 r\u00e3 ra, bao g\u1ed3m th\u00e2n xe, c\u1eeda, kh\u1ed1i \u0111\u1ed9ng c\u01a1, tr\u1ed1ng phanh, c\u00e1c b\u1ed9 ph\u1eadn \u0111\u1ed9ng c\u01a1, b\u1ed9 ph\u1eadn treo, c\u00e1c lo\u1ea1i ph\u1ebf li\u1ec7u kim lo\u1ea1i, m\u1ea3nh c\u1eaft, m\u1ea3nh m\u00e0i, v.v. ph\u00e1t sinh trong qu\u00e1 tr\u00ecnh s\u1ea3n xu\u1ea5t c\u00f4ng nghi\u1ec7p ,  vv. <\/p>   <div class=\"wp-block-image\"> <figure class=\"aligncenter size-large\"><img loading=\"lazy\" decoding=\"async\" width=\"720\" height=\"695\" src=\"https:\/\/shuliybaler.com\/wp-content\/uploads\/2019\/12\/application-of-the-metal-press-machine.jpg\" alt=\"\u1ee9ng d\u1ee5ng c\u1ee7a m\u00e1y \u00e9p kim lo\u1ea1i\" class=\"wp-image-424\" title=\"\" srcset=\"https:\/\/shuliybaler.com\/wp-content\/uploads\/2019\/12\/application-of-the-metal-press-machine.jpg 720w, https:\/\/shuliybaler.com\/wp-content\/uploads\/2019\/12\/application-of-the-metal-press-machine-280x270.jpg 280w, https:\/\/shuliybaler.com\/wp-content\/uploads\/2019\/12\/application-of-the-metal-press-machine-559x540.jpg 559w\" sizes=\"auto, (max-width: 720px) 100vw, 720px\" \/><figcaption class=\"wp-element-caption\">\u1ee9ng d\u1ee5ng c\u1ee7a m\u00e1y n\u00e9n kim lo\u1ea1i<\/figcaption><\/figure> <\/div>   <p class=\"translation-block\">N\u00f3 c\u00f3 th\u1ec3 \u0111\u01b0\u1ee3c s\u1eed d\u1ee5ng \u0111\u1ec3 t\u1ea1o ra c\u00e1c h\u00ecnh d\u1ea1ng kh\u1ed1i kh\u00e1c nhau (k\u00edch th\u01b0\u1edbc c\u1ee7a c\u00e1c kh\u1ed1i c\u00f3 th\u1ec3 t\u00f9y ch\u1ec9nh) nh\u01b0 h\u00ecnh h\u1ed9p d\u00e0i, h\u00ecnh tr\u1ee5, h\u00ecnh l\u1eadp ph\u01b0\u01a1ng , thu\u1eadn ti\u1ec7n cho vi\u1ec7c nung ch\u1ea3y v\u00e0 t\u00e1i s\u1eed d\u1ee5ng. Ngo\u00e0i ra, n\u00f3 c\u00f2n c\u00f3 th\u1ec3 \u0111\u01b0\u1ee3c s\u1eed d\u1ee5ng \u0111\u1ec3 n\u00e9n  c\u00e1c h\u1ed9p carton, chai nh\u1ef1a , v\u00e0 c\u00e1c v\u1eadt d\u1ee5ng kh\u00e1c.<\/p>    <h2 class=\"wp-block-heading\" id=\"h-structural-composition-of-metal-briquette-machine\"><strong>C\u1ea5u t\u1ea1o c\u1ee7a m\u00e1y n\u00e9n kim lo\u1ea1i ngang<\/strong><\/h2>    <p>M\u00e1y n\u00e9n kim lo\u1ea1i d\u1ea1ng vi\u00ean ch\u1ee7 y\u1ebfu g\u1ed3m c\u00e1c b\u1ed9 ph\u1eadn th\u1ee7y l\u1ef1c, bu\u1ed3ng c\u1ea5p li\u1ec7u, n\u1eafp c\u1eeda, c\u1ea7n k\u00e9o telescopic, b\u1ea3ng \u0111i\u1ec1u khi\u1ec3n, xi lanh th\u1ee7y l\u1ef1c b\u00ean, xi lanh th\u1ee7y l\u1ef1c ch\u00ednh, \u0111\u1ed9ng c\u01a1, b\u1ed9 gi\u1ea3m t\u1ed1c, thi\u1ebft b\u1ecb an to\u00e0n, v.v.<\/p>   <div class=\"wp-block-image\"> <figure class=\"aligncenter size-large\"><img loading=\"lazy\" decoding=\"async\" width=\"720\" height=\"540\" src=\"https:\/\/shuliybaler.com\/wp-content\/uploads\/2019\/12\/structure-of-the-metal-baler.jpg\" alt=\"C\u1ea5u tr\u00fac c\u1ee7a m\u00e1y n\u00e9n kim lo\u1ea1i\" class=\"wp-image-426\" title=\"\" srcset=\"https:\/\/shuliybaler.com\/wp-content\/uploads\/2019\/12\/structure-of-the-metal-baler.jpg 720w, https:\/\/shuliybaler.com\/wp-content\/uploads\/2019\/12\/structure-of-the-metal-baler-360x270.jpg 360w, https:\/\/shuliybaler.com\/wp-content\/uploads\/2019\/12\/structure-of-the-metal-baler-180x135.jpg 180w\" sizes=\"auto, (max-width: 720px) 100vw, 720px\" \/><figcaption class=\"wp-element-caption\">C\u1ea5u tr\u00fac c\u1ee7a m\u00e1y n\u00e9n kim lo\u1ea1i<\/figcaption><\/figure> <\/div>   <ul class=\"wp-block-list\"> <li>Ph\u1ea7n th\u1ee7y l\u1ef1c l\u00e0 \u201ctr\u00e1i tim\u201d c\u1ee7a m\u00e1y n\u00e9n kim lo\u1ea1i v\u00e0 l\u00e0 ngu\u1ed3n n\u0103ng l\u01b0\u1ee3ng c\u1ee7a m\u00e1y. Ph\u1ea1m vi \u00e1p l\u1ef1c c\u1ee7a m\u00e1y n\u00e0y l\u00e0 t\u1eeb 1250kn \u0111\u1ebfn 4000kn.<\/li>    <li>Bu\u1ed3ng c\u1ea5p li\u1ec7u x\u00e1c \u0111\u1ecbnh k\u00edch th\u01b0\u1edbc c\u1ee7a c\u00e1c v\u1eadt li\u1ec7u c\u00f3 th\u1ec3 b\u1ecf v\u00e0o. Ph\u1ea1m vi k\u00edch th\u01b0\u1edbc c\u1ee7a bu\u1ed3ng c\u1ea5p li\u1ec7u l\u00e0 1200 * 700 * 600mm \u2013 3500 * 3000 * 1200mm.<\/li>    <li>C\u00f3 b\u1ed1n xi lanh th\u1ee7y l\u1ef1c trong m\u00e1y, m\u1ed9t tr\u00ean n\u1eafp c\u1eeda, m\u1ed9t tr\u00ean b\u1ed9 \u0111\u1ea9y ch\u00ednh, m\u1ed9t tr\u00ean b\u1ed9 \u0111\u1ea9y b\u00ean, v\u00e0 m\u1ed9t tr\u00ean ph\u1ea7n ra.<\/li>    <li>L\u1eafp \u0111\u1eb7t thi\u1ebft b\u1ecb d\u1eebng kh\u1ea9n c\u1ea5p v\u00e0 thi\u1ebft b\u1ecb b\u1ea3o v\u1ec7 qu\u00e1 d\u00f2ng \u0111\u1ec3 tr\u00e1nh tai n\u1ea1n.<\/li> <\/ul>    <h2 class=\"wp-block-heading\" id=\"h-how-does-a-metal-baler-work\"><strong>M\u00e1y n\u00e9n ph\u1ebf li\u1ec7u kim lo\u1ea1i ho\u1ea1t \u0111\u1ed9ng nh\u01b0 th\u1ebf n\u00e0o?<\/strong><\/h2>    <figure class=\"wp-block-embed is-type-video is-provider-youtube wp-block-embed-youtube wp-embed-aspect-16-9 wp-has-aspect-ratio\"><div class=\"wp-block-embed__wrapper\"> <iframe loading=\"lazy\" title=\"M\u00e1y \u0111\u00f3ng h\u1ed9p th\u00e9p v\u00e0 lon t\u1ef1 \u0111\u1ed9ng | m\u00e1y n\u00e9n t\u00e1i ch\u1ebf lon nh\u00f4m v\u00e0 kim lo\u1ea1i\" width=\"500\" height=\"281\" src=\"https:\/\/www.youtube.com\/embed\/9JxkvEm4QMc?feature=oembed\" frameborder=\"0\" allow=\"accelerometer; autoplay; clipboard-write; encrypted-media; gyroscope; picture-in-picture; web-share\" referrerpolicy=\"strict-origin-when-cross-origin\" allowfullscreen><\/iframe> <\/div><figcaption class=\"wp-element-caption\">Video ho\u1ea1t \u0111\u1ed9ng c\u1ee7a m\u00e1y n\u00e9n cho th\u00e9p ph\u1ebf li\u1ec7u, s\u1eaft, \u0111\u1ed3ng <\/figcaption><\/figure>   <div id=\"rank-math-howto\" class=\"rank-math-block\" > <div class=\"rank-math-howto-description\">  <\/div>  <div class=\"rank-math-steps\"> <div id=\"howto-step-1704877907192\" class=\"rank-math-step\"> <h3 class=\"rank-math-step-title\"><strong>T\u1ea3i ph\u1ebf li\u1ec7u <\/strong><\/h3> <div class=\"rank-math-step-content\"><p>\u0110\u1ea7u ti\u00ean, b\u1ecf v\u1eadt li\u1ec7u v\u00e0o bu\u1ed3ng c\u1ea5p li\u1ec7u c\u1ee7a m\u00e1y n\u00e9n kim lo\u1ea1i. L\u01b0u \u00fd: V\u1eadt li\u1ec7u b\u1ecf v\u00e0o kh\u00f4ng \u0111\u01b0\u1ee3c v\u01b0\u1ee3t qu\u00e1 c\u00f4ng su\u1ea5t t\u1ed1i \u0111a c\u1ee7a m\u00e1y, v\u00ec motor d\u1ec5 b\u1ecb h\u01b0 h\u1ecfng khi ho\u1ea1t \u0111\u1ed9ng qu\u00e1 t\u1ea3i.<\/p> <\/div> <\/div> <div id=\"howto-step-1704877937503\" class=\"rank-math-step\"> <h3 class=\"rank-math-step-title\"><strong>Kh\u1edfi \u0111\u1ed9ng m\u00e1y n\u00e9n ph\u1ebf li\u1ec7u kim lo\u1ea1i<\/strong><\/h3> <div class=\"rank-math-step-content\"><p>B\u1eadt ngu\u1ed3n m\u00e1y v\u00e0 v\u1eadn h\u00e0nh c\u1ea7n g\u1ea1t \u0111\u1ec3 \u0111i\u1ec1u khi\u1ec3n c\u1eeda \u0111\u00f3ng \u0111\u1ec3 \u00e9p xu\u1ed1ng. Sau khi n\u00e9n xong, c\u1eeda v\u00e0 th\u00f9ng c\u1ea5p li\u1ec7u t\u1ea1o th\u00e0nh kh\u00f4ng gian k\u00edn.<\/p> <\/div> <\/div> <div id=\"howto-step-1704878010159\" class=\"rank-math-step\"> <h3 class=\"rank-math-step-title\"><strong>N\u00e9n th\u1ee7y l\u1ef1c nhi\u1ec1u \u0111i\u1ec3m<\/strong><\/h3> <div class=\"rank-math-step-content\"><p>C\u00e1c thanh th\u1ee7y l\u1ef1c ph\u00eda sau v\u00e0 hai b\u00ean c\u1ee7a m\u00e1y n\u00e9n kim lo\u1ea1i ph\u1ebf li\u1ec7u \u0111\u1ea9y v\u1eadt li\u1ec7u v\u1ec1 ph\u00eda tr\u01b0\u1edbc v\u00e0 n\u00e9n li\u00ean t\u1ee5c, cu\u1ed1i c\u00f9ng h\u00ecnh th\u00e0nh kh\u1ed1i kim lo\u1ea1i c\u00f3 m\u1eadt \u0111\u1ed9 cao.<\/p> <\/div> <\/div> <div id=\"howto-step-1704878082347\" class=\"rank-math-step\"> <h3 class=\"rank-math-step-title\"><strong>Qu\u00e1 tr\u00ecnh t\u1ea1o h\u00ecnh v\u00e0 x\u1ea3<\/strong><\/h3> <div class=\"rank-math-step-content\"><p>Thanh th\u1ee7y l\u1ef1c quay \u0111\u1ea9y c\u00e1c v\u1eadt li\u1ec7u ra ngo\u00e0i theo h\u00ecnh d\u1ea1ng \u0111\u1ec1u \u0111\u1eb7n, v\u00e0 m\u1eadt \u0111\u1ed9 c\u00f3 th\u1ec3 \u0111\u1ea1t t\u1edbi 2000 kg \/ m3. Cu\u1ed1i c\u00f9ng, \u0111\u1ea9y c\u00e1c kh\u1ed1i kim lo\u1ea1i \u0111\u00e3 n\u00e9n ra kh\u1ecfi m\u00e1y n\u00e9n m\u1ed9t c\u00e1ch tr\u01a1n tru. Ho\u00e0n th\u00e0nh qu\u00e1 tr\u00ecnh n\u00e9n ph\u1ebf li\u1ec7u kim lo\u1ea1i.<\/p> <\/div> <\/div> <\/div> <\/div>       <h2 class=\"wp-block-heading\" id=\"h-advantages-of-hydraulic-scrap-metal-briquette-machine\"><strong>\u01afu \u0111i\u1ec3m c\u1ee7a m\u00e1y n\u00e9n kim lo\u1ea1i th\u1ee7y l\u1ef1c<\/strong><\/h2>    <ol class=\"wp-block-list\"> <li>M\u00e1y ho\u1ea1t \u0111\u1ed9ng b\u1eb1ng th\u1ee7y l\u1ef1c, ti\u1ebfng \u1ed3n th\u1ea5p, v\u1eadn h\u00e0nh \u1ed5n \u0111\u1ecbnh, \u0111\u1ed9 an to\u00e0n cao.<\/li>    <li>C\u00f3 nhi\u1ec1u ph\u01b0\u01a1ng ph\u00e1p x\u1ea3, c\u00f3 th\u1ec3 chia th\u00e0nh x\u1ea3 t\u1ef1 \u0111\u1ed9ng v\u00e0 x\u1ea3 th\u1ee7 c\u00f4ng. Kh\u00e1ch h\u00e0ng c\u00f3 th\u1ec3 ch\u1ecdn theo nhu c\u1ea7u c\u1ee7a m\u00ecnh.<\/li>    <li>N\u00f3i chung, \u0111i\u1ec7n \u00e1p c\u1ee7a m\u00e1y l\u00e0 380v, nh\u01b0ng c\u0169ng c\u00f3 th\u1ec3 \u0111i\u1ec1u ch\u1ec9nh theo nhu c\u1ea7u c\u1ee7a kh\u00e1ch h\u00e0ng. Trong tr\u01b0\u1eddng h\u1ee3p ngu\u1ed3n \u0111i\u1ec7n kh\u00f4ng thu\u1eadn ti\u1ec7n, c\u00f3 th\u1ec3 s\u1eed d\u1ee5ng \u0111\u1ed9ng c\u01a1 ch\u1ea1y d\u1ea7u diesel \u0111\u1ec3 cung c\u1ea5p n\u0103ng l\u01b0\u1ee3ng.<\/li>    <li>M\u00e1y d\u1ec5 l\u1eafp \u0111\u1eb7t, kh\u00f4ng c\u1ea7n b\u1eaft v\u00edt ch\u00e2n.<\/li>    <li>C\u00f3 nhi\u1ec1u ch\u1ebf \u0111\u1ed9 v\u1eadn h\u00e0nh c\u1ee7a m\u00e1y, v\u00ec v\u1eady b\u1ea1n c\u00f3 th\u1ec3 ch\u1ecdn v\u1eadn h\u00e0nh th\u1ee7 c\u00f4ng ho\u1eb7c v\u1eadn h\u00e0nh b\u1eb1ng PLC.<\/li>    <li>C\u00e1c b\u1ed9 ph\u1eadn c\u1ee7a m\u00e1y n\u00e9n vi\u00ean kim lo\u1ea1i \u0111\u01b0\u1ee3c gia c\u00f4ng ch\u00ednh x\u00e1c b\u1eb1ng m\u00e1y ti\u1ec7n \u0111i\u1ec1u khi\u1ec3n s\u1ed1. H\u00e0nh \u0111\u1ed9ng c\u1ee7a m\u00e1y m\u1ec1m m\u1ea1i v\u00e0 b\u1ec1n b\u1ec9.<\/li>    <li>M\u00e1y l\u00e0m b\u1eb1ng th\u00e9p cacbon d\u00e0y, c\u00f3 v\u1ebb ngo\u00e0i \u0111\u1eb9p. B\u1ec1 m\u1eb7t m\u00e1y \u0111\u01b0\u1ee3c ph\u1ee7 l\u1edbp s\u01a1n ch\u1ed1ng th\u1ea5m n\u01b0\u1edbc v\u00e0 ch\u1ed1ng \u0103n m\u00f2n \u0111\u1ec3 k\u00e9o d\u00e0i tu\u1ed5i th\u1ecd c\u1ee7a m\u00e1y.<\/li> <\/ol>    <figure class=\"wp-block-gallery has-nested-images columns-default is-cropped wp-block-gallery-2 is-layout-flex wp-block-gallery-is-layout-flex\"> <figure class=\"wp-block-image size-large\"><img loading=\"lazy\" decoding=\"async\" width=\"720\" height=\"540\" data-id=\"428\" src=\"https:\/\/shuliybaler.com\/wp-content\/uploads\/2019\/12\/the-motor-of-this-metal-briquetting-machine.jpg\" alt=\"\u0111\u1ed9ng c\u01a1 c\u1ee7a m\u00e1y n\u00e9n vi\u00ean kim lo\u1ea1i n\u00e0y\" class=\"wp-image-428\" title=\"\" srcset=\"https:\/\/shuliybaler.com\/wp-content\/uploads\/2019\/12\/the-motor-of-this-metal-briquetting-machine.jpg 720w, https:\/\/shuliybaler.com\/wp-content\/uploads\/2019\/12\/the-motor-of-this-metal-briquetting-machine-360x270.jpg 360w, https:\/\/shuliybaler.com\/wp-content\/uploads\/2019\/12\/the-motor-of-this-metal-briquetting-machine-180x135.jpg 180w\" sizes=\"auto, (max-width: 720px) 100vw, 720px\" \/><figcaption class=\"wp-element-caption\">\u0110\u1ed9ng c\u01a1 c\u1ee7a m\u00e1y n\u00e9n kim lo\u1ea1i d\u1ea1ng vi\u00ean n\u00e0y<\/figcaption><\/figure>    <figure class=\"wp-block-image size-large\"><img loading=\"lazy\" decoding=\"async\" width=\"720\" height=\"540\" data-id=\"427\" src=\"https:\/\/shuliybaler.com\/wp-content\/uploads\/2019\/12\/the-detail-part-of-this-baler-machine.jpg\" alt=\"chi ti\u1ebft c\u1ee7a m\u00e1y n\u00e9n n\u00e0y\" class=\"wp-image-427\" title=\"\" srcset=\"https:\/\/shuliybaler.com\/wp-content\/uploads\/2019\/12\/the-detail-part-of-this-baler-machine.jpg 720w, https:\/\/shuliybaler.com\/wp-content\/uploads\/2019\/12\/the-detail-part-of-this-baler-machine-360x270.jpg 360w, https:\/\/shuliybaler.com\/wp-content\/uploads\/2019\/12\/the-detail-part-of-this-baler-machine-180x135.jpg 180w\" sizes=\"auto, (max-width: 720px) 100vw, 720px\" \/><figcaption class=\"wp-element-caption\">Ph\u1ea7n chi ti\u1ebft c\u1ee7a m\u00e1y n\u00e9n n\u00e0y<\/figcaption><\/figure>    <figure class=\"wp-block-image size-large\"><img loading=\"lazy\" decoding=\"async\" width=\"720\" height=\"540\" data-id=\"425\" src=\"https:\/\/shuliybaler.com\/wp-content\/uploads\/2019\/12\/Hydraulic-shaft-of-metal-briquetting-machine.jpg\" alt=\"Tr\u1ee5c th\u1ee7y l\u1ef1c c\u1ee7a m\u00e1y n\u00e9n kim lo\u1ea1i\" class=\"wp-image-425\" title=\"\" srcset=\"https:\/\/shuliybaler.com\/wp-content\/uploads\/2019\/12\/Hydraulic-shaft-of-metal-briquetting-machine.jpg 720w, https:\/\/shuliybaler.com\/wp-content\/uploads\/2019\/12\/Hydraulic-shaft-of-metal-briquetting-machine-360x270.jpg 360w, https:\/\/shuliybaler.com\/wp-content\/uploads\/2019\/12\/Hydraulic-shaft-of-metal-briquetting-machine-180x135.jpg 180w\" sizes=\"auto, (max-width: 720px) 100vw, 720px\" \/><figcaption class=\"wp-element-caption\">Tr\u1ee5c th\u1ee7y l\u1ef1c c\u1ee7a m\u00e1y n\u00e9n kim lo\u1ea1i d\u1ea1ng vi\u00ean<\/figcaption><\/figure>    <figure class=\"wp-block-image size-large\"><img loading=\"lazy\" decoding=\"async\" width=\"720\" height=\"540\" data-id=\"490\" src=\"https:\/\/shuliybaler.com\/wp-content\/uploads\/2019\/12\/aluminum-can-baler.jpg\" alt=\"baler kim lo\u1ea1i\" class=\"wp-image-490\" title=\"\" srcset=\"https:\/\/shuliybaler.com\/wp-content\/uploads\/2019\/12\/aluminum-can-baler.jpg 720w, https:\/\/shuliybaler.com\/wp-content\/uploads\/2019\/12\/aluminum-can-baler-360x270.jpg 360w, https:\/\/shuliybaler.com\/wp-content\/uploads\/2019\/12\/aluminum-can-baler-180x135.jpg 180w\" sizes=\"auto, (max-width: 720px) 100vw, 720px\" \/><figcaption class=\"wp-element-caption\">M\u00e1y n\u00e9n kim lo\u1ea1i ph\u1ebf li\u1ec7u<\/figcaption><\/figure> <\/figure>    <h2 class=\"wp-block-heading\"><strong>T\u1ea1i sao ch\u1ecdn Shuliy l\u00e0m nh\u00e0 cung c\u1ea5p m\u00e1y n\u00e9n kim lo\u1ea1i ph\u1ebf li\u1ec7u?<\/strong><\/h2>    <p>Shuliy \u0111\u01b0\u1ee3c ch\u1ecdn l\u00e0m nh\u00e0 cung c\u1ea5p m\u00e1y n\u00e9n kim lo\u1ea1i ph\u1ebf li\u1ec7u v\u00ec l\u1ee3i th\u1ebf c\u1ea1nh tranh v\u1ec1 hi\u1ec7u su\u1ea5t thi\u1ebft b\u1ecb, \u0111\u1ea3m b\u1ea3o ch\u1ea5t l\u01b0\u1ee3ng v\u00e0 d\u1ecbch v\u1ee5 kh\u00e1ch h\u00e0ng.<\/p>    <ul class=\"wp-block-list\"> <li><strong>Gi\u00e1 c\u1ea3 h\u1ee3p l\u00fd<\/strong>: Shuliy cung c\u1ea5p m\u00e1y n\u00e9n kim lo\u1ea1i ph\u1ebf li\u1ec7u ti\u1ebft ki\u1ec7m chi ph\u00ed, \u0111\u1ea3m b\u1ea3o kh\u00e1ch h\u00e0ng c\u00f3 th\u1ec3 s\u1edf h\u1eefu thi\u1ebft b\u1ecb s\u1ea3n xu\u1ea5t ch\u1ea5t l\u01b0\u1ee3ng cao trong khi ki\u1ec3m so\u00e1t chi ph\u00ed.<\/li>    <li><strong>D\u1ecbch v\u1ee5 t\u00f9y ch\u1ec9nh<\/strong>: \u0110\u00e1p \u1ee9ng c\u00e1c nhu c\u1ea7u kh\u00e1c nhau c\u1ee7a kh\u00e1ch h\u00e0ng, Schulich c\u00f3 th\u1ec3 cung c\u1ea5p c\u00e1c gi\u1ea3i ph\u00e1p t\u00f9y ch\u1ec9nh c\u00e1 nh\u00e2n \u0111\u1ec3 thi\u1ebft k\u1ebf v\u00e0 t\u1ed1i \u01b0u h\u00f3a m\u00e1y n\u00e9n cho c\u00e1c t\u00ecnh hu\u1ed1ng x\u1eed l\u00fd ph\u1ebf li\u1ec7u c\u1ee5 th\u1ec3.<\/li>    <li><strong>D\u1ecbch v\u1ee5 ho\u00e0n h\u1ea3o<\/strong>: T\u1eeb t\u01b0 v\u1ea5n tr\u01b0\u1edbc b\u00e1n h\u00e0ng \u0111\u1ebfn l\u1eafp \u0111\u1eb7t v\u00e0 b\u1ea3o tr\u00ec sau b\u00e1n h\u00e0ng, ch\u00fang t\u00f4i cung c\u1ea5p d\u1ecbch v\u1ee5 to\u00e0n di\u1ec7n m\u1ed9t c\u1eeda \u0111\u1ec3 \u0111\u1ea3m b\u1ea3o kh\u00e1ch h\u00e0ng kh\u00f4ng ph\u1ea3i lo l\u1eafng.<\/li>    <li><strong>Nhi\u1ec1u lo\u1ea1i m\u00f4 h\u00ecnh<\/strong>: Ch\u00fang t\u00f4i c\u00f3 nhi\u1ec1u th\u00f4ng s\u1ed1 k\u1ef9 thu\u1eadt c\u1ee7a d\u00f2ng m\u00e1y n\u00e9n kim lo\u1ea1i, \u0111\u1ec3 \u0111\u00e1p \u1ee9ng nhu c\u1ea7u v\u1ec1 s\u1ea3n l\u01b0\u1ee3ng v\u00e0 lo\u1ea1i v\u1eadt li\u1ec7u kh\u00e1c nhau c\u1ee7a vi\u1ec7c n\u00e9n, ph\u00f9 h\u1ee3p v\u1edbi xu h\u01b0\u1edbng \u0111a d\u1ea1ng h\u00f3a th\u1ecb tr\u01b0\u1eddng.<\/li> <\/ul>    <h2 class=\"wp-block-heading\"><strong>L\u00e0m th\u1ebf n\u00e0o \u0111\u1ec3 c\u00f3 th\u00eam chi ti\u1ebft v\u1ec1 <a href=\"https:\/\/shuliybaler.com\/vi\/product\/scrap-metal-baler\/\">m\u00e1y n\u00e9n ph\u1ebf li\u1ec7u kim lo\u1ea1i<\/a>?<\/strong><\/h2>    <p class=\"translation-block\">\u0110\u1ec3 bi\u1ebft th\u00eam chi ti\u1ebft ho\u1eb7c \u0111\u1eb7t h\u00e0ng m\u00e1y n\u00e9n kim lo\u1ea1i ngang c\u1ee7a Shuliy, vui l\u00f2ng truy c\u1eadp trang web ch\u00ednh th\u1ee9c c\u1ee7a ch\u00fang t\u00f4i. \u0110\u1ed3ng th\u1eddi, b\u1ea1n c\u0169ng c\u00f3 th\u1ec3 g\u1eedi email, s\u1eed d\u1ee5ng c\u00f4ng c\u1ee5 tr\u00f2 chuy\u1ec7n tr\u1ef1c tuy\u1ebfn \u0111\u1ec3 h\u1ecfi v\u00e0 trao \u0111\u1ed5i, ch\u00fang t\u00f4i s\u1ebd cung c\u1ea5p d\u1ecbch v\u1ee5 t\u01b0 v\u1ea5n chuy\u00ean nghi\u1ec7p v\u1ec1 <a href=\"https:\/\/en.wikipedia.org\/wiki\/Aluminium_recycling\" target=\"_blank\" rel=\"noopener\">t\u00e1i ch\u1ebf kim lo\u1ea1i<\/a> k\u1ecbp th\u1eddi.<\/p>","protected":false},"excerpt":{"rendered":"<p>M\u00e1y n\u00e9n vi\u00ean kim lo\u1ea1i ph\u1ebf li\u1ec7u c\u00f2n g\u1ecdi l\u00e0 m\u00e1y n\u00e9n kim lo\u1ea1i \u0111\u1ec3 n\u00e9n kim lo\u1ea1i ph\u1ebf li\u1ec7u, th\u00e9p, s\u1eaft, \u0111\u1ed3ng, v.v. th\u00e0nh c\u00e1c b\u00f3 h\u00ecnh d\u1ea1ng \u0111\u1ec3 t\u00e1i ch\u1ebf nh\u1eb1m t\u1ea1o l\u1ee3i nhu\u1eadn. B\u00e0i vi\u1ebft n\u00e0y m\u00f4 t\u1ea3 c\u00e1c lo\u1ea1i m\u00e1y n\u00e9n c\u00f3 th\u1ec3 n\u00e9n v\u00e0 c\u00e1c v\u1eadt li\u1ec7u c\u00f3 th\u1ec3 n\u00e9n \u0111\u1ec3 b\u1ea1n tham kh\u1ea3o khi l\u1ef1a ch\u1ecdn.<\/p>","protected":false},"author":1,"featured_media":2719,"parent":0,"template":"","tags":[39],"product-type":[41],"class_list":["post-407","product","type-product","status-publish","has-post-thumbnail","hentry","tag-metal-baler","product-type-metal-baler-machine"],"_links":{"self":[{"href":"https:\/\/shuliybaler.com\/vi\/wp-json\/wp\/v2\/product\/407","targetHints":{"allow":["GET"]}}],"collection":[{"href":"https:\/\/shuliybaler.com\/vi\/wp-json\/wp\/v2\/product"}],"about":[{"href":"https:\/\/shuliybaler.com\/vi\/wp-json\/wp\/v2\/types\/product"}],"author":[{"embeddable":true,"href":"https:\/\/shuliybaler.com\/vi\/wp-json\/wp\/v2\/users\/1"}],"wp:featuredmedia":[{"embeddable":true,"href":"https:\/\/shuliybaler.com\/vi\/wp-json\/wp\/v2\/media\/2719"}],"wp:attachment":[{"href":"https:\/\/shuliybaler.com\/vi\/wp-json\/wp\/v2\/media?parent=407"}],"wp:term":[{"taxonomy":"post_tag","embeddable":true,"href":"https:\/\/shuliybaler.com\/vi\/wp-json\/wp\/v2\/tags?post=407"},{"taxonomy":"product-type","embeddable":true,"href":"https:\/\/shuliybaler.com\/vi\/wp-json\/wp\/v2\/product-type?post=407"}],"curies":[{"name":"wp","href":"https:\/\/api.w.org\/{rel}","templated":true}]}}