{"id":462,"date":"2019-12-10T14:17:29","date_gmt":"2019-12-10T06:17:29","guid":{"rendered":"https:\/\/shuliybaler.com\/?p=462"},"modified":"2022-12-29T16:05:20","modified_gmt":"2022-12-29T08:05:20","slug":"vertical-metal-baler","status":"publish","type":"product","link":"https:\/\/shuliybaler.com\/vi\/product\/vertical-metal-baler\/","title":{"rendered":"M\u00e1y n\u00e9n kim lo\u1ea1i d\u1ecdc | m\u00e1y n\u00e9n r\u00e1c th\u1ea3i t\u00e1i ch\u1ebf"},"content":{"rendered":"<p>M\u00e1y n\u00e9n kim lo\u1ea1i d\u1ecdc c\u00f2n g\u1ecdi l\u00e0 m\u00e1y n\u00e9n t\u00e1i ch\u1ebf, m\u00e1y n\u00e9n th\u1ee7y l\u1ef1c d\u1ecdc, v.v. N\u00f3 s\u1eed d\u1ee5ng nguy\u00ean l\u00fd th\u1ee7y l\u1ef1c \u0111\u1ec3 n\u00e9n nguy\u00ean li\u1ec7u kim lo\u1ea1i ph\u1ebf li\u1ec7u, nh\u1eb1m ti\u1ebft ki\u1ec7m kh\u00f4ng gian v\u00e0 thu\u1eadn ti\u1ec7n v\u1eadn chuy\u1ec3n. V\u00ec m\u00e1y n\u00e0y c\u00f3 th\u1ec3 x\u1eed l\u00fd nhi\u1ec1u lo\u1ea1i v\u1eadt li\u1ec7u, ph\u00f9 h\u1ee3p \u0111\u1ec3 n\u00e9n r\u01a1m, len, v\u1ecf \u0111\u1eadu ph\u1ed9ng, h\u1ea1t hops, da, v\u1eadt li\u1ec7u qu\u1ea7n \u00e1o, gi\u1ea5y th\u1ea3i, nh\u1ef1a th\u1ea3i, kim lo\u1ea1i th\u1ea3i, lon, v.v., n\u00ean c\u00f2n g\u1ecdi l\u00e0 m\u00e1y n\u00e9n th\u1ee7y l\u1ef1c \u0111a ch\u1ee9c n\u0103ng.<\/p>   <div class=\"wp-block-image\"> <figure class=\"aligncenter size-large\"><img loading=\"lazy\" decoding=\"async\" width=\"720\" height=\"540\" src=\"https:\/\/shuliybaler.com\/wp-content\/uploads\/2019\/12\/vertical-metal-baler-1.jpg\" alt=\"m\u00e1y n\u00e9n kim lo\u1ea1i d\u1ecdc\" class=\"wp-image-478\" title=\"\" srcset=\"https:\/\/shuliybaler.com\/wp-content\/uploads\/2019\/12\/vertical-metal-baler-1.jpg 720w, https:\/\/shuliybaler.com\/wp-content\/uploads\/2019\/12\/vertical-metal-baler-1-360x270.jpg 360w, https:\/\/shuliybaler.com\/wp-content\/uploads\/2019\/12\/vertical-metal-baler-1-180x135.jpg 180w\" sizes=\"auto, (max-width: 720px) 100vw, 720px\" \/><figcaption class=\"wp-element-caption\">m\u00e1y n\u00e9n kim lo\u1ea1i d\u1ecdc<\/figcaption><\/figure> <\/div>   <h2 class=\"wp-block-heading\" id=\"h-structure-of-vertical-metal-baler\">C\u1ea5u tr\u00fac c\u1ee7a m\u00e1y n\u00e9n kim lo\u1ea1i d\u1ecdc<\/h2>   <div class=\"wp-block-image\"> <figure class=\"aligncenter size-full\"><img loading=\"lazy\" decoding=\"async\" width=\"720\" height=\"750\" src=\"https:\/\/shuliybaler.com\/wp-content\/uploads\/2019\/12\/1ca47c90.jpg\" alt=\"M\u00e1y n\u00e9n l\u1ed1p xe ph\u1ebf li\u1ec7u\" class=\"wp-image-2454\" title=\"\"><figcaption class=\"wp-element-caption\">M\u00e1y n\u00e9n l\u1ed1p xe ph\u1ebf li\u1ec7u<\/figcaption><\/figure> <\/div>   <ol class=\"wp-block-list\"> <li>Khung m\u00e1y. Khung m\u00e1y g\u1ed3m m\u1ed9t t\u1ea5m \u0111\u1ebf v\u00e0 hai ch\u1eafn tr\u01b0\u1edbc v\u00e0 sau di \u0111\u1ed9ng. T\u00f9y theo c\u00f4ng su\u1ea5t s\u1ea3n xu\u1ea5t c\u1ee7a m\u00e1y, s\u1ed1 r\u00e3nh d\u00e2y th\u1eebng tr\u00ean s\u00e0n m\u00e1y c\u0169ng kh\u00e1c nhau. <\/li>    <li>Ch\u1eafn tr\u00ean. Ch\u1eafn tr\u00ean n\u1eb1m ngay tr\u00ean th\u00f9ng c\u1ea5p li\u1ec7u c\u1ee7a m\u00e1y. Khi m\u00e1y ho\u1ea1t \u0111\u1ed9ng, t\u1ea5m ch\u1eafn tr\u00ean \u0111\u01b0\u1ee3c \u0111\u1ea9y xu\u1ed1ng b\u1edfi h\u1ec7 th\u1ed1ng th\u1ee7y l\u1ef1c, li\u00ean t\u1ee5c n\u00e9n kh\u00f4ng gian b\u00ean trong th\u00f9ng c\u1ea5p li\u1ec7u v\u00e0 n\u00e9n v\u1eadt li\u1ec7u.<\/li>    <li>H\u1ec7 th\u1ed1ng th\u1ee7y l\u1ef1c. H\u1ec7 th\u1ed1ng th\u1ee7y l\u1ef1c l\u00e0 h\u1ec7 th\u1ed1ng trung t\u00e2m c\u1ee7a m\u00e1y, g\u1ed3m \u0111\u01b0\u1eddng \u1ed1ng, b\u00ecnh d\u1ea7u, b\u01a1m th\u1ee7y l\u1ef1c, van, v.v. \u0111\u1ec3 cung c\u1ea5p n\u0103ng l\u01b0\u1ee3ng cho ho\u1ea1t \u0111\u1ed9ng c\u1ee7a m\u00e1y.<\/li> <\/ol>    <figure class=\"wp-block-embed is-type-video is-provider-youtube wp-block-embed-youtube wp-embed-aspect-16-9 wp-has-aspect-ratio\"><div class=\"wp-block-embed__wrapper\"> <iframe loading=\"lazy\" title=\"M\u00e1y n\u00e9n gi\u1ea5y th\u1ea3i | m\u00e1y \u00e9p b\u00f4ng | m\u00e1y n\u00e9n lon | m\u00e1y n\u00e9n t\u00e1i ch\u1ebf\" width=\"500\" height=\"281\" src=\"https:\/\/www.youtube.com\/embed\/QZtXuzoCVkA?feature=oembed\" frameborder=\"0\" allow=\"accelerometer; autoplay; clipboard-write; encrypted-media; gyroscope; picture-in-picture; web-share\" referrerpolicy=\"strict-origin-when-cross-origin\" allowfullscreen><\/iframe> <\/div><\/figure>    <h2 class=\"wp-block-heading\" id=\"h-how-does-a-recycling-baler-work\">M\u00e1y n\u00e9n t\u00e1i ch\u1ebf ho\u1ea1t \u0111\u1ed9ng nh\u01b0 th\u1ebf n\u00e0o?<\/h2>   <div class=\"wp-block-image\"> <figure class=\"aligncenter size-full\"><img loading=\"lazy\" decoding=\"async\" width=\"720\" height=\"750\" src=\"https:\/\/shuliybaler.com\/wp-content\/uploads\/2019\/12\/1942c7a8.jpg\" alt=\"\u0111\u00f3ng g\u00f3i chai nh\u1ef1a\" class=\"wp-image-2453\" title=\"\"><figcaption class=\"wp-element-caption\">\u0111\u00f3ng g\u00f3i chai nh\u1ef1a<\/figcaption><\/figure> <\/div>   <p>\u0110\u1ea7u ti\u00ean b\u1ecf t\u1ea5t c\u1ea3 c\u00e1c lo\u1ea1i ch\u1ea5t th\u1ea3i (kim lo\u1ea1i ph\u1ebf li\u1ec7u, chai nh\u1ef1a, qu\u1ea7n \u00e1o c\u0169, v.v.) v\u00e0o th\u00f9ng c\u1ea5p li\u1ec7u. B\u1eadt c\u00f4ng t\u1eafc m\u00e1y, ch\u1eafn tr\u00ean s\u1ebd t\u1eeb t\u1eeb h\u1ea1 xu\u1ed1ng, n\u00e9n v\u1eadt li\u1ec7u th\u00e0nh b\u00f3 kh\u1ed1i vu\u00f4ng nh\u1ecf g\u1ecdn. Sau khi m\u00e1y ho\u00e0n th\u00e0nh c\u00f4ng vi\u1ec7c, m\u1edf ch\u1eafn tr\u01b0\u1edbc v\u00e0 sau, d\u00f9ng d\u00e2y th\u00e9p, d\u00e2y th\u1eebng, d\u1ea3i v\u1ea3i, v.v. bu\u1ed9c ch\u1eb7t v\u1eadt li\u1ec7u \u0111\u00e3 n\u00e9n \u0111\u1ec3 \u0111\u1ea3m b\u1ea3o c\u1ea5u tr\u00fac ch\u1eb7t ch\u1ebd c\u1ee7a n\u00f3.<\/p>    <h2 class=\"wp-block-heading\" id=\"h-what-s-the-difference-between-a-vertical-metal-baler-and-a-horizontal-one\">S\u1ef1 kh\u00e1c bi\u1ec7t gi\u1eefa m\u00e1y n\u00e9n kim lo\u1ea1i d\u1ecdc v\u00e0 m\u00e1y ngang l\u00e0 g\u00ec?<\/h2>    <p>N\u00f3i chung, m\u00e1y n\u00e9n ngang c\u00f3 n\u0103ng su\u1ea5t l\u1edbn h\u01a1n, v\u00e0 v\u1eadt li\u1ec7u \u0111\u00e3 qua x\u1eed l\u00fd kh\u00f4ng c\u1ea7n bu\u1ed9c d\u00e2y. Khi x\u1eed l\u00fd v\u1eadt li\u1ec7u c\u00f3 m\u1eadt \u0111\u1ed9 cao v\u00e0 th\u1ec3 t\u00edch l\u1edbn, th\u01b0\u1eddng d\u00f9ng m\u00e1y n\u00e9n kim lo\u1ea1i d\u1ecdc. Tuy nhi\u00ean, m\u00e1y n\u00e9n d\u1ecdc \u0111\u01b0\u1ee3c s\u1eed d\u1ee5ng ph\u1ed5 bi\u1ebfn h\u01a1n. H\u01a1n n\u1eefa, di\u1ec7n t\u00edch s\u00e0n c\u1ee7a m\u00e1y n\u00e9n kim lo\u1ea1i d\u1ecdc nh\u1ecf.<\/p>    <figure class=\"wp-block-gallery has-nested-images columns-default is-cropped wp-block-gallery-2 is-layout-flex wp-block-gallery-is-layout-flex\"> <figure class=\"wp-block-image size-large\"><img loading=\"lazy\" decoding=\"async\" width=\"720\" height=\"540\" data-id=\"480\" src=\"https:\/\/shuliybaler.com\/wp-content\/uploads\/2019\/12\/recycling-baler-1.jpg\" alt=\"m\u00e1y n\u00e9n t\u00e1i ch\u1ebf\" class=\"wp-image-480\" title=\"\" srcset=\"https:\/\/shuliybaler.com\/wp-content\/uploads\/2019\/12\/recycling-baler-1.jpg 720w, https:\/\/shuliybaler.com\/wp-content\/uploads\/2019\/12\/recycling-baler-1-360x270.jpg 360w, https:\/\/shuliybaler.com\/wp-content\/uploads\/2019\/12\/recycling-baler-1-180x135.jpg 180w\" sizes=\"auto, (max-width: 720px) 100vw, 720px\" \/><figcaption class=\"wp-element-caption\">M\u00e1y n\u00e9n t\u00e1i ch\u1ebf<\/figcaption><\/figure>    <figure class=\"wp-block-image size-large\"><img loading=\"lazy\" decoding=\"async\" width=\"720\" height=\"540\" data-id=\"481\" src=\"https:\/\/shuliybaler.com\/wp-content\/uploads\/2019\/12\/application-range-of-the-hydraulic-baler-1.jpg\" alt=\"Ph\u1ea1m vi \u1ee9ng d\u1ee5ng c\u1ee7a m\u00e1y n\u00e9n th\u1ee7y l\u1ef1c\" class=\"wp-image-481\" title=\"\" srcset=\"https:\/\/shuliybaler.com\/wp-content\/uploads\/2019\/12\/application-range-of-the-hydraulic-baler-1.jpg 720w, https:\/\/shuliybaler.com\/wp-content\/uploads\/2019\/12\/application-range-of-the-hydraulic-baler-1-360x270.jpg 360w, https:\/\/shuliybaler.com\/wp-content\/uploads\/2019\/12\/application-range-of-the-hydraulic-baler-1-180x135.jpg 180w\" sizes=\"auto, (max-width: 720px) 100vw, 720px\" \/><figcaption class=\"wp-element-caption\">Ph\u1ea1m vi \u1ee9ng d\u1ee5ng c\u1ee7a m\u00e1y n\u00e9n th\u1ee7y l\u1ef1c<\/figcaption><\/figure> <\/figure>    <h2 class=\"wp-block-heading\" id=\"h-features-of-recycling-baler\">\u0110\u1eb7c \u0111i\u1ec3m c\u1ee7a m\u00e1y n\u00e9n t\u00e1i ch\u1ebf<\/h2>    <p>1. \u0110\u01b0\u1ee3c s\u1eed d\u1ee5ng r\u1ed9ng r\u00e3i.<\/p>    <ul class=\"wp-block-list\"> <li>C\u00f3 th\u1ec3 d\u00f9ng \u0111\u1ec3 n\u00e9n ch\u1ea5t th\u1ea3i n\u00f4ng nghi\u1ec7p nh\u01b0 r\u01a1m, v\u1ecf \u0111\u1eadu ph\u1ed9ng, b\u00f4ng, v.v.<\/li>    <li>C\u00f3 th\u1ec3 d\u00f9ng \u0111\u1ec3 \u0111\u00f3ng g\u00f3i v\u1eadt li\u1ec7u ch\u0103n nu\u00f4i nh\u01b0 c\u1ecf kh\u00f4, len, v.v.<\/li>    <li>\u0110\u00f3ng g\u00f3i ch\u1ea5t th\u1ea3i c\u00f4ng nghi\u1ec7p nh\u01b0 c\u00e1c s\u1ea3n ph\u1ea9m nh\u1ef1a, chai nh\u1ef1a, m\u00e0ng nh\u1ef1a, ph\u1ebf li\u1ec7u kim lo\u1ea1i, lon nh\u00f4m, x\u00f4 s\u1eaft, v.v.<\/li> <\/ul>    <p>2. Ti\u1ebft ki\u1ec7m kh\u00f4ng gian. M\u1ed9t m\u1eb7t, m\u00e1y c\u00f3 di\u1ec7n t\u00edch nh\u1ecf v\u00e0 kh\u00f4ng y\u00eau c\u1ea7u nhi\u1ec1u kh\u00f4ng gian \u0111\u1ec3 s\u1eed d\u1ee5ng m\u00e1y. M\u1eb7t kh\u00e1c, v\u1eadt li\u1ec7u n\u00e9n c\u00f3 th\u1ec3 ti\u1ebft ki\u1ec7m kh\u00f4ng gian l\u01b0u tr\u1eef.<br> 3. L\u1ef1a ch\u1ecdn \u0111a d\u1ea1ng. Ph\u1ea1m vi \u00e1p l\u1ef1c c\u1ee7a m\u00e1y n\u1eb1m trong kho\u1ea3ng t\u1eeb 10 t\u1ea5n \u0111\u1ebfn 200 t\u1ea5n. Trong ph\u1ea1m vi n\u00e0y, kh\u00e1ch h\u00e0ng c\u00f3 th\u1ec3 ch\u1ecdn theo nhu c\u1ea7u c\u1ee7a m\u00ecnh.<br> 4. Kh\u1ea3 n\u0103ng ch\u1ed1ng \u0103n m\u00f2n. M\u1ed9t s\u1ed1 ch\u1ea5t th\u1ea3i c\u00f3 th\u1ec3 ch\u1ee9a ch\u1ea5t l\u1ecfng v\u00e0 v\u1eadt li\u1ec7u \u0103n m\u00f2n. M\u00e1y \u0111\u01b0\u1ee3c l\u00e0m b\u1eb1ng v\u1eadt li\u1ec7u d\u00e0y v\u00e0 ph\u1ee7 s\u01a1n ch\u1ed1ng \u0103n m\u00f2n.<br> 5. H\u1ed7 tr\u1ee3 t\u00f9y ch\u1ec9nh. Kh\u00e1ch h\u00e0ng c\u00f3 th\u1ec3 t\u00f9y ch\u1ec9nh k\u00edch th\u01b0\u1edbc kh\u1ed1i \u0111\u1ea7u ra, k\u00edch th\u01b0\u1edbc m\u00e1y, k\u00edch th\u01b0\u1edbc \u00e1p l\u1ef1c, v.v. \u0111\u1ec3 thu\u1eadn ti\u1ec7n cho vi\u1ec7c nung ch\u1ea3y trong l\u00f2, v\u1eadn chuy\u1ec3n, v.v.<\/p>   <div class=\"wp-block-image\"> <figure class=\"aligncenter size-large\"><img loading=\"lazy\" decoding=\"async\" width=\"720\" height=\"540\" src=\"https:\/\/shuliybaler.com\/wp-content\/uploads\/2019\/12\/big-capacity-of-the-metal-baler-1.jpg\" alt=\"Kh\u1ea3 n\u0103ng l\u1edbn c\u1ee7a m\u00e1y n\u00e9n kim lo\u1ea1i\" class=\"wp-image-483\" title=\"\" srcset=\"https:\/\/shuliybaler.com\/wp-content\/uploads\/2019\/12\/big-capacity-of-the-metal-baler-1.jpg 720w, https:\/\/shuliybaler.com\/wp-content\/uploads\/2019\/12\/big-capacity-of-the-metal-baler-1-360x270.jpg 360w, https:\/\/shuliybaler.com\/wp-content\/uploads\/2019\/12\/big-capacity-of-the-metal-baler-1-180x135.jpg 180w\" sizes=\"auto, (max-width: 720px) 100vw, 720px\" \/><figcaption class=\"wp-element-caption\">Kh\u1ea3 n\u0103ng l\u1edbn c\u1ee7a m\u00e1y n\u00e9n kim lo\u1ea1i<\/figcaption><\/figure> <\/div>   <h2 class=\"wp-block-heading\" id=\"h-technical-parameters-of-vertical-metal-baler\"><strong>Th\u00f4ng s\u1ed1 k\u1ef9 thu\u1eadt c\u1ee7a m\u00e1y n\u00e9n kim lo\u1ea1i d\u1ecdc<\/strong><\/h2>   <div class=\"wp-block-image\"> <figure class=\"aligncenter size-full\"><img loading=\"lazy\" decoding=\"async\" width=\"720\" height=\"750\" src=\"https:\/\/shuliybaler.com\/wp-content\/uploads\/2019\/12\/wKh-1-2.jpg\" alt=\"m\u00e1y n\u00e9n t\u00e1i ch\u1ebf\" class=\"wp-image-2452\" title=\"\"><figcaption class=\"wp-element-caption\">m\u00e1y n\u00e9n t\u00e1i ch\u1ebf<\/figcaption><\/figure> <\/div>   <figure class=\"wp-block-table\"><table class=\"\"><tbody><tr><td><strong>&nbsp;<\/strong><\/td><td><strong>Lo\u1ea1i <\/strong><strong><\/strong><\/td><td><strong>\u0110\u01b0\u1eddng k\u00ednh xy lanh<\/strong><strong><\/strong><\/td><td><strong>C\u00f4ng su\u1ea5t\uff08Kw\uff09<\/strong><strong><\/strong><\/td><td><strong>K\u00edch th\u01b0\u1edbc kh\u1ed1i<\/strong><strong><\/strong><\/td><td><strong>K\u00edch th\u01b0\u1edbc m\u00e1y<\/strong><strong><\/strong><\/td><td><strong>Tr\u1ecdng l\u01b0\u1ee3ng kh\u1ed1i <\/strong><strong><\/strong><\/td><td><strong>Tr\u1ecdng l\u01b0\u1ee3ng m\u00e1y <\/strong><strong><\/strong><\/td><\/tr><tr><td rowspan=\"6\"><strong>C\u1ea7n th\u1ee7y l\u1ef1c \u0111\u01a1n<\/strong><strong><\/strong><\/td><td><strong>10T<\/strong><strong><\/strong><\/td><td><strong>115<\/strong><strong><\/strong><\/td><td><strong>7.5<\/strong><strong><\/strong><\/td><td><strong>80*40*80<\/strong><strong><\/strong><\/td><td><strong>1.5*0.7*2.7<\/strong><strong><\/strong><\/td><td><strong>130<\/strong><strong><\/strong><\/td><td><strong>500<\/strong><strong><\/strong><\/td><\/tr><tr><td><strong>20T<\/strong><strong><\/strong><\/td><td><strong>140<\/strong><strong><\/strong><\/td><td><strong>7.5<\/strong><strong><\/strong><\/td><td><strong>80*40*80<\/strong><strong><\/strong><\/td><td><strong>1.5*0.7*2.8<\/strong><strong><\/strong><\/td><td><strong>150<\/strong><strong><\/strong><\/td><td><strong>550<\/strong><strong><\/strong><\/td><\/tr><tr><td><strong>30T<\/strong><strong><\/strong><\/td><td><strong>160<\/strong><strong><\/strong><\/td><td><strong>11<\/strong><strong><\/strong><\/td><td><strong>80*40*80<\/strong><strong><\/strong><\/td><td><strong>1.5*0.7*2.8<\/strong><strong><\/strong><\/td><td><strong>200<\/strong><strong><\/strong><\/td><td><strong>600<\/strong><strong><\/strong><\/td><\/tr><tr><td><strong>30T<\/strong><strong><\/strong><\/td><td><strong>160<\/strong><strong><\/strong><\/td><td><strong>11<\/strong><strong><\/strong><\/td><td><strong>80*60*80<\/strong><strong><\/strong><\/td><td><strong>1.5*0.85*2.8<\/strong><strong><\/strong><\/td><td><strong>260<\/strong><strong><\/strong><\/td><td><strong>650<\/strong><strong><\/strong><\/td><\/tr><tr><td><strong>30T<\/strong><strong><\/strong><\/td><td><strong>160<\/strong><strong><\/strong><\/td><td><strong>11<\/strong><strong><\/strong><\/td><td><strong>100*60*80<\/strong><strong><\/strong><\/td><td><strong>1.75*0.85*2.8<\/strong><strong><\/strong><\/td><td><strong>300<\/strong><strong><\/strong><\/td><td><strong>700<\/strong><strong><\/strong><\/td><\/tr><tr><td><strong>40T<\/strong><strong><\/strong><\/td><td><strong>180<\/strong><strong><\/strong><\/td><td><strong>11<\/strong><strong><\/strong><\/td><td><strong>100*60*80<\/strong><strong><\/strong><\/td><td><strong>1.75*0.85*2.8<\/strong><strong><\/strong><\/td><td><strong>350<\/strong><strong><\/strong><\/td><td><strong>750<\/strong><strong><\/strong><\/td><\/tr><tr><td rowspan=\"5\"><strong>C\u1ea7n th\u1ee7y l\u1ef1c \u0111\u00f4i<\/strong><strong><\/strong><\/td><td><strong>30T<\/strong><strong><\/strong><\/td><td><strong>115<\/strong><strong><\/strong><\/td><td><strong>11<\/strong><strong><\/strong><\/td><td><strong>100*60*80<\/strong><strong><\/strong><\/td><td><strong>1.75*0.85*2.8<\/strong><strong><\/strong><\/td><td><strong>300<\/strong><strong><\/strong><\/td><td><strong>700<\/strong><strong><\/strong><\/td><\/tr><tr><td><strong>40T<\/strong><strong><\/strong><\/td><td><strong>140<\/strong><strong><\/strong><\/td><td><strong>11<\/strong><strong><\/strong><\/td><td><strong>100*60*80<\/strong><strong><\/strong><\/td><td><strong>1.75*0.85*2.8<\/strong><strong><\/strong><\/td><td><strong>400<\/strong><strong><\/strong><\/td><td><strong>800<\/strong><strong><\/strong><\/td><\/tr><tr><td><strong>60T<\/strong><strong><\/strong><\/td><td><strong>160<\/strong><strong><\/strong><\/td><td><strong>15<\/strong><strong><\/strong><\/td><td><strong>120*80*100<\/strong><strong><\/strong><\/td><td><strong>1.7*1*3.2<\/strong><strong><\/strong><\/td><td><strong>600<\/strong><strong><\/strong><\/td><td><strong>1300<\/strong><strong><\/strong><\/td><\/tr><tr><td><strong>80T<\/strong><strong><\/strong><\/td><td><strong>180<\/strong><strong><\/strong><\/td><td><strong>18.5<\/strong><strong><\/strong><\/td><td><strong>120*80*100<\/strong><strong><\/strong><\/td><td><strong>1.75*1.1*3.3<\/strong><strong><\/strong><\/td><td><strong>800<\/strong><strong><\/strong><\/td><td><strong>1450<\/strong><strong><\/strong><\/td><\/tr><tr><td><strong>100T<\/strong><strong><\/strong><\/td><td><strong>180<\/strong><strong><\/strong><\/td><td><strong>22<\/strong><strong><\/strong><\/td><td><strong>120*80*100<\/strong><strong><\/strong><\/td><td><strong>1.75*1.1*3.3<\/strong><strong><\/strong><\/td><td><strong>900<\/strong><strong><\/strong><\/td><td><strong>1600<\/strong><strong><\/strong><\/td><\/tr><\/tbody><\/table><\/figure>    <p><\/p>    <p class=\"translation-block\">Theo b\u1ea3ng th\u00f4ng s\u1ed1 n\u00e0y, m\u00e1y n\u00e9n t\u00e1i ch\u1ebf c\u00f3 nhi\u1ec1u m\u1eabu m\u00e3. Khi ch\u00fang t\u00f4i \u0111\u1ec1 xu\u1ea5t kh\u00e1ch h\u00e0ng ch\u1ecdn m\u1eabu m\u00e1y, ch\u00fang t\u00f4i ch\u1ee7 y\u1ebfu x\u00e1c \u0111\u1ecbnh m\u1eabu m\u00e1y d\u1ef1a tr\u00ean c\u00e1c m\u1eb7t h\u00e0ng kh\u00e1ch h\u00e0ng \u0111\u00f3ng g\u00f3i. V\u00ed d\u1ee5, <a href=\"https:\/\/shuliybaler.com\/vi\/application-of-cotton-baler-machine\/\">n\u1ebfu kh\u00e1ch h\u00e0ng mu\u1ed1n \u0111\u00f3ng g\u00f3i b\u00f4ng v\u00e0 gi\u1ea5y th\u1ea3i, c\u00f3 th\u1ec3 d\u00f9ng m\u00e1y nh\u1ecf h\u01a1n.<\/a> N\u1ebfu kh\u00e1ch h\u00e0ng mu\u1ed1n \u0111\u00f3ng g\u00f3i l\u1ed1p xe ho\u1eb7c th\u00f9ng s\u1eaft, c\u1ea7n d\u00f9ng m\u00e1y l\u1edbn h\u01a1n.<\/p>   <div class=\"vlp-link-container vlp-layout-basic wp-block-visual-link-preview-link\"><a href=\"https:\/\/shuliybaler.com\/vi\/application-of-cotton-baler-machine\/\" class=\"vlp-link\" title=\"\u1ee8ng d\u1ee5ng c\u1ee7a m\u00e1y n\u00e9n b\u00f4ng\" rel=\"nofollow\" target=\"_blank\"><\/a><div class=\"vlp-layout-zone-side\"><div class=\"vlp-block-2 vlp-link-image\"><img decoding=\"async\" src=\"https:\/\/shuliybaler.com\/wp-content\/uploads\/2022\/06\/%E7%99%BD%E5%BA%95%E5%9B%BE1.jpg\" style=\"max-width: 150px; max-height: 150px\" alt=\"\" title=\"\"><\/div><\/div><div class=\"vlp-layout-zone-main\"><div class=\"vlp-block-0 vlp-link-title\">\u1ee8ng d\u1ee5ng c\u1ee7a m\u00e1y n\u00e9n b\u00f4ng<\/div><div class=\"vlp-block-1 vlp-link-summary\">B\u00f4ng l\u00e0 s\u1ee3i h\u1ea1t c\u1ee7a c\u00e2y Gossypium thu\u1ed9c h\u1ecd Malvaceae, c\u00f3 ngu\u1ed3n g\u1ed1c t\u1eeb v\u00f9ng c\u1eadn nhi\u1ec7t \u0111\u1edbi. C\u00e2y b\u1ee5i cao t\u1edbi 6 m\u00e9t.<\/div><\/div><\/div>   <h2 class=\"wp-block-heading\">Video c\u1ee7a m\u00e1y n\u00e9n kim lo\u1ea1i d\u1ecdc<\/h2>    <figure class=\"wp-block-embed is-type-video is-provider-youtube wp-block-embed-youtube wp-embed-aspect-16-9 wp-has-aspect-ratio\"><div class=\"wp-block-embed__wrapper\"> <iframe loading=\"lazy\" title=\"B\u1ea1n mu\u1ed1n \u0111\u00f3ng g\u00f3i g\u00ec v\u1edbi m\u00e1y n\u00e9n \u0111a n\u0103ng? | C\u00e1ch \u0111\u00f3ng g\u00f3i gi\u1ea5y th\u1ea3i?#baler\" width=\"500\" height=\"281\" src=\"https:\/\/www.youtube.com\/embed\/utYKwdaiwy8?feature=oembed\" frameborder=\"0\" allow=\"accelerometer; autoplay; clipboard-write; encrypted-media; gyroscope; picture-in-picture; web-share\" referrerpolicy=\"strict-origin-when-cross-origin\" allowfullscreen><\/iframe> <\/div><\/figure>","protected":false},"excerpt":{"rendered":"<p>M\u00e1y n\u00e9n kim lo\u1ea1i d\u1ecdc c\u00f2n g\u1ecdi l\u00e0 m\u00e1y n\u00e9n t\u00e1i ch\u1ebf, m\u00e1y n\u00e9n th\u1ee7y l\u1ef1c d\u1ecdc, v.v. N\u00f3 s\u1eed d\u1ee5ng nguy\u00ean l\u00fd th\u1ee7y l\u1ef1c \u0111\u1ec3 n\u00e9n nguy\u00ean li\u1ec7u kim lo\u1ea1i ph\u1ebf li\u1ec7u, nh\u1eb1m ti\u1ebft ki\u1ec7m kh\u00f4ng gian v\u00e0 thu\u1eadn ti\u1ec7n v\u1eadn chuy\u1ec3n. V\u00ec m\u00e1y n\u00e0y c\u00f3 th\u1ec3 x\u1eed l\u00fd nhi\u1ec1u lo\u1ea1i v\u1eadt li\u1ec7u, ph\u00f9 h\u1ee3p \u0111\u1ec3 n\u00e9n r\u01a1m, len, v\u1ecf \u0111\u1eadu ph\u1ed9ng, h\u1ea1t hops, da, v\u1eadt li\u1ec7u qu\u1ea7n \u00e1o, gi\u1ea5y th\u1ea3i, nh\u1ef1a th\u1ea3i, kim lo\u1ea1i th\u1ea3i, lon, v.v., n\u00ean c\u00f2n g\u1ecdi l\u00e0 m\u00e1y n\u00e9n th\u1ee7y l\u1ef1c \u0111a ch\u1ee9c n\u0103ng.<\/p>","protected":false},"author":1,"featured_media":2450,"parent":0,"template":"","tags":[50,6],"product-type":[41],"class_list":["post-462","product","type-product","status-publish","has-post-thumbnail","hentry","tag-metal-baling-machine","tag-vertical-metal-baler","product-type-metal-baler-machine"],"_links":{"self":[{"href":"https:\/\/shuliybaler.com\/vi\/wp-json\/wp\/v2\/product\/462","targetHints":{"allow":["GET"]}}],"collection":[{"href":"https:\/\/shuliybaler.com\/vi\/wp-json\/wp\/v2\/product"}],"about":[{"href":"https:\/\/shuliybaler.com\/vi\/wp-json\/wp\/v2\/types\/product"}],"author":[{"embeddable":true,"href":"https:\/\/shuliybaler.com\/vi\/wp-json\/wp\/v2\/users\/1"}],"wp:featuredmedia":[{"embeddable":true,"href":"https:\/\/shuliybaler.com\/vi\/wp-json\/wp\/v2\/media\/2450"}],"wp:attachment":[{"href":"https:\/\/shuliybaler.com\/vi\/wp-json\/wp\/v2\/media?parent=462"}],"wp:term":[{"taxonomy":"post_tag","embeddable":true,"href":"https:\/\/shuliybaler.com\/vi\/wp-json\/wp\/v2\/tags?post=462"},{"taxonomy":"product-type","embeddable":true,"href":"https:\/\/shuliybaler.com\/vi\/wp-json\/wp\/v2\/product-type?post=462"}],"curies":[{"name":"wp","href":"https:\/\/api.w.org\/{rel}","templated":true}]}}