{"id":489,"date":"2019-12-10T17:43:43","date_gmt":"2019-12-10T09:43:43","guid":{"rendered":"https:\/\/shuliybaler.com\/?p=489"},"modified":"2022-12-27T10:12:54","modified_gmt":"2022-12-27T02:12:54","slug":"aluminum-can-baler","status":"publish","type":"product","link":"https:\/\/shuliybaler.com\/vi\/product\/aluminum-can-baler\/","title":{"rendered":"M\u00e1y \u0111\u00f3ng h\u1ed9p lon nh\u00f4m"},"content":{"rendered":"<p class=\"translation-block\">M\u00e1y \u0111\u00f3ng h\u1ed9p lon nh\u00f4m l\u00e0 m\u1ed9t m\u00e1y ph\u00f9 h\u1ee3p \u0111\u1ec3 \u0111\u00f3ng h\u1ed9p v\u00e0 \u0111\u00f3ng g\u00f3i c\u00e1c <a href=\"https:\/\/en.wikipedia.org\/wiki\/Aluminum_can\" data-type=\"URL\" data-id=\"https:\/\/en.wikipedia.org\/wiki\/Aluminum_can\" target=\"_blank\" rel=\"noopener\">lon nh\u00f4m<\/a> kh\u00e1c nhau. \u0110\u00e2y l\u00e0 thi\u1ebft b\u1ecb l\u00fd t\u01b0\u1edfng \u0111\u1ec3 t\u00e1i ch\u1ebf c\u00e1c lo\u1ea1i kim lo\u1ea1i kh\u00e1c nhau.<\/p>    <figure class=\"wp-block-image size-full\"><img loading=\"lazy\" decoding=\"async\" width=\"720\" height=\"540\" src=\"https:\/\/shuliybaler.com\/wp-content\/uploads\/2019\/12\/metal-briquett-press-machine.jpg\" alt=\"m\u00e1y \u00e9p kim lo\u1ea1i-briquett\" class=\"wp-image-2848\" title=\"\" srcset=\"https:\/\/shuliybaler.com\/wp-content\/uploads\/2019\/12\/metal-briquett-press-machine.jpg 720w, https:\/\/shuliybaler.com\/wp-content\/uploads\/2019\/12\/metal-briquett-press-machine-360x270.jpg 360w, https:\/\/shuliybaler.com\/wp-content\/uploads\/2019\/12\/metal-briquett-press-machine-180x135.jpg 180w\" sizes=\"auto, (max-width: 720px) 100vw, 720px\" \/><figcaption class=\"wp-element-caption\">M\u00e1y \u0111\u00f3ng h\u1ed9p kim lo\u1ea1i<\/figcaption><\/figure>    <h2 class=\"wp-block-heading\"><strong>C\u1ea5u tr\u00fac c\u1ee7a lon nh\u00f4m <\/strong><strong>baler<\/strong> m\u00e1y<\/h2>    <p class=\"translation-block\"><a href=\"https:\/\/shuliybaler.com\/vi\/product\/scrap-metal-baler\/\" data-type=\"URL\" data-id=\"https:\/\/shuliybaler.com\/product\/scrap-metal-baler\/\">M\u00e1y n\u00e9n kim lo\u1ea1i ngang<\/a> ch\u1ee7 y\u1ebfu g\u1ed3m h\u1ec7 th\u1ed1ng th\u1ee7y l\u1ef1c, h\u1ec7 th\u1ed1ng \u0111i\u1ec1u khi\u1ec3n v\u00e0 h\u1ec7 th\u1ed1ng c\u1ea5p li\u1ec7u. C\u00e1c b\u1ed9 ph\u1eadn ch\u00ednh l\u00e0 b\u00ecnh d\u1ea7u, c\u1ea7n n\u00e2ng th\u1ee7y l\u1ef1c telescopic, bu\u1ed3ng c\u1ea5p li\u1ec7u, thanh th\u1ee7y l\u1ef1c b\u00ean, t\u1ea5m \u00e9p, b\u1ea3ng \u0111i\u1ec1u khi\u1ec3n, c\u01a1 ch\u1ebf kh\u00f3a, <\/p>    <h2 class=\"wp-block-heading\">Tri\u1ec3n v\u1ecdng \u1ee9ng d\u1ee5ng c\u1ee7a m\u00e1y n\u00e9n kim lo\u1ea1i th\u1ee7y l\u1ef1c<\/h2>    <p>Trong hai n\u0103m qua, nh\u1eadn th\u1ee9c v\u1ec1 ph\u00e1t tri\u1ec3n b\u1ec1n v\u1eefng c\u1ee7a m\u1ecdi ng\u01b0\u1eddi ng\u00e0y c\u00e0ng t\u0103ng, nhi\u1ec1u ng\u01b0\u1eddi b\u1eaft \u0111\u1ea7u ch\u00fa \u00fd \u0111\u1ebfn vi\u1ec7c t\u00e1i ch\u1ebf t\u00e0i nguy\u00ean. L\u00e0 m\u1ed9t trong nh\u1eefng m\u00e1y ch\u00ednh trong ng\u00e0nh c\u00f4ng nghi\u1ec7p t\u00e1i ch\u1ebf kim lo\u1ea1i, c\u00e1c m\u00e1y n\u00e9n lon nh\u00f4m c\u00f3 th\u1ec3 n\u00e9n kim lo\u1ea1i nh\u1eb9 th\u00e0nh kh\u1ed1i kim lo\u1ea1i c\u00f3 m\u1eadt \u0111\u1ed9 cao, gi\u00fap ti\u1ebft ki\u1ec7m \u0111\u00e1ng k\u1ec3 kh\u00f4ng gian l\u01b0u tr\u1eef v\u00e0 v\u1eadn chuy\u1ec3n.<\/p>   <div class=\"wp-block-image\"> <figure class=\"aligncenter size-large\"><img loading=\"lazy\" decoding=\"async\" width=\"720\" height=\"540\" src=\"https:\/\/shuliybaler.com\/wp-content\/uploads\/2019\/12\/the-working-process-of-the-metal-baler.jpg\" alt=\"quy tr\u00ecnh l\u00e0m vi\u1ec7c c\u1ee7a m\u00e1y n\u00e9n kim lo\u1ea1i\" class=\"wp-image-498\" title=\"\" srcset=\"https:\/\/shuliybaler.com\/wp-content\/uploads\/2019\/12\/the-working-process-of-the-metal-baler.jpg 720w, https:\/\/shuliybaler.com\/wp-content\/uploads\/2019\/12\/the-working-process-of-the-metal-baler-360x270.jpg 360w, https:\/\/shuliybaler.com\/wp-content\/uploads\/2019\/12\/the-working-process-of-the-metal-baler-180x135.jpg 180w\" sizes=\"auto, (max-width: 720px) 100vw, 720px\" \/><figcaption class=\"wp-element-caption\">quy tr\u00ecnh l\u00e0m vi\u1ec7c c\u1ee7a m\u00e1y n\u00e9n kim lo\u1ea1i<\/figcaption><\/figure> <\/div>   <h2 class=\"wp-block-heading\">Th\u00f4ng s\u1ed1 k\u1ef9 thu\u1eadt c\u1ee7a m\u00e1y \u0111\u00f3ng h\u1ed9p lon nh\u00f4m<\/h2>    <figure class=\"wp-block-table\"><table><tbody><tr><td>Lo\u1ea1i<\/td><td>Y81-2000B<\/td><td>\u0110\u1ed9 \u0111\u1eb7c c\u1ee7a kh\u1ed1i kim lo\u1ea1i (kg\/m\u00b3)<\/td><td>\u22652000<\/td><\/tr><tr><td>C\u00f4ng su\u1ea5t \u0111\u1ea9y danh ngh\u0129a (Kn)<\/td><td>2000<\/td><td>C\u00f4ng su\u1ea5t (kg\/h)<\/td><td>3000-5000<\/td><\/tr><tr><td>K\u00edch th\u01b0\u1edbc bu\u1ed3ng n\u00e9n<br>K\u00edch th\u01b0\u1edbc (d\u00e0i * r\u1ed9ng * cao) (mm)<\/td><td>1800*1400*900<\/td><td>Th\u1eddi gian chu k\u1ef3 \u0111\u01a1n (s)<\/td><td>\u2264130<\/td><\/tr><tr><td>K\u00edch th\u01b0\u1edbc b\u00f3 (mm)<\/td><td>450*450<\/td><td>C\u00f4ng su\u1ea5t ph\u00f9 h\u1ee3p (kW)<\/td><td>30 ho\u1eb7c 37<\/td><\/tr><\/tbody><\/table><figcaption class=\"wp-element-caption\">m\u00e1y \u0111\u00f3ng h\u1ed9p lon nh\u00f4m<\/figcaption><\/figure>    <h2 class=\"wp-block-heading\">M\u00e1y \u0111\u00f3ng h\u1ed9p lon nh\u00f4m ho\u1ea1t \u0111\u1ed9ng nh\u01b0 th\u1ebf n\u00e0o?<\/h2>    <figure class=\"wp-block-embed is-type-video is-provider-youtube wp-block-embed-youtube wp-embed-aspect-16-9 wp-has-aspect-ratio\"><div class=\"wp-block-embed__wrapper\"> <iframe loading=\"lazy\" title=\"M\u00e1y \u0111\u00f3ng h\u1ed9p th\u00e9p v\u00e0 lon t\u1ef1 \u0111\u1ed9ng | m\u00e1y n\u00e9n t\u00e1i ch\u1ebf lon nh\u00f4m v\u00e0 kim lo\u1ea1i\" width=\"500\" height=\"281\" src=\"https:\/\/www.youtube.com\/embed\/9JxkvEm4QMc?start=223&#038;feature=oembed\" frameborder=\"0\" allow=\"accelerometer; autoplay; clipboard-write; encrypted-media; gyroscope; picture-in-picture; web-share\" referrerpolicy=\"strict-origin-when-cross-origin\" allowfullscreen><\/iframe> <\/div><\/figure>    <p>Ch\u01b0\u01a1ng tr\u00ecnh chuy\u1ec3n \u0111\u1ed9ng c\u1ee7a m\u00e1y vi\u00ean n\u00e9n kim lo\u1ea1i nh\u01b0 sau:<\/p>    <ol class=\"wp-block-list\"> <li>N\u1eafp tr\u00ean \u0111\u01b0\u1ee3c \u0111\u00f3ng sau khi \u0111i\u1ec1n \u0111\u1ea7y, v\u00e0 s\u1ebd \u0111\u01b0\u1ee3c kh\u00f3a b\u1eb1ng c\u01a1 ch\u1ebf kh\u00f3a \u0111\u1ec3 ng\u0103n kh\u00f4ng cho n\u1eafp tr\u00ean m\u1edf ra.<\/li>    <li>\u0110\u1ea7u xi lanh ch\u00ednh t\u0103ng t\u1ed1c ti\u1ebfn v\u1ec1 ph\u00eda tr\u01b0\u1edbc v\u00e0 t\u1eeb t\u1eeb ti\u1ebfn l\u00ean sau khi \u0111\u1ea1t \u0111\u1ebfn h\u00e0nh tr\u00ecnh \u0111\u00e3 \u0111\u1ecbnh. Cho \u0111\u1ebfn khi kim lo\u1ea1i th\u1ea3i \u0111\u01b0\u1ee3c \u0111\u00f3ng th\u00e0nh b\u00f3 v\u00e0 b\u1eb1ng chi\u1ec1u d\u00e0i c\u1ee7a b\u00f3, xi lanh ch\u00ednh duy tr\u00ec \u00e1p l\u1ef1c trong th\u1eddi gian n\u00e0y.<\/li>    <li>Khi xi lanh ch\u00ednh gi\u1eef \u00e1p l\u1ef1c, xi lanh b\u00ean nhanh ch\u00f3ng ti\u1ebfn l\u00ean, v\u00e0 khi \u0111\u1ea1t \u0111\u1ebfn v\u1ecb tr\u00ed nh\u1ea5t \u0111\u1ecbnh, n\u00f3 chuy\u1ec3n sang ti\u1ebfn ch\u1eadm. Khi kim lo\u1ea1i ph\u1ebf li\u1ec7u \u0111\u01b0\u1ee3c \u0111\u00f3ng v\u00e0o v\u1ecb tr\u00ed c\u00f3 chi\u1ec1u r\u1ed9ng c\u1ed1 \u0111\u1ecbnh, xi lanh sau gi\u1eef \u00e1p l\u1ef1c.<\/li>    <li> Sau khi \u0111\u00f3ng g\u00f3i xong, c\u01a1 ch\u1ebf kh\u00f3a tr\u1edf v\u1ec1 v\u1ecb tr\u00ed ban \u0111\u1ea7u, v\u00e0 n\u1eafp tr\u00ean \u0111\u01b0\u1ee3c m\u1edf.  <\/li>    <li> Tr\u1ee5c \u0111\u1ea9y th\u1ee7y l\u1ef1c \u0111\u1ea9y b\u00f3 kim lo\u1ea1i ra kh\u1ecfi ph\u00f2ng x\u1ea3 c\u1ee7a m\u00e1y.<\/li>    <li> C\u1eeda tr\u01b0\u1edbc \u0111\u00f3ng, ngay l\u1eadp t\u1ee9c b\u1eaft \u0111\u1ea7u chu k\u1ef3 ti\u1ebfp theo v\u00e0 c\u1ea5p li\u1ec7u. <\/li> <\/ol>    <figure class=\"wp-block-gallery has-nested-images columns-3 is-cropped wp-block-gallery-2 is-layout-flex wp-block-gallery-is-layout-flex\"> <figure class=\"wp-block-image size-large\"><img loading=\"lazy\" decoding=\"async\" width=\"720\" height=\"540\" data-id=\"501\" src=\"https:\/\/shuliybaler.com\/wp-content\/uploads\/2019\/12\/our-factory-of-the-metal-briquetting-machine.jpg\" alt=\"nh\u00e0 m\u00e1y c\u1ee7a ch\u00fang t\u00f4i v\u1ec1 m\u00e1y n\u00e9n vi\u00ean kim lo\u1ea1i\" class=\"wp-image-501\" title=\"\" srcset=\"https:\/\/shuliybaler.com\/wp-content\/uploads\/2019\/12\/our-factory-of-the-metal-briquetting-machine.jpg 720w, https:\/\/shuliybaler.com\/wp-content\/uploads\/2019\/12\/our-factory-of-the-metal-briquetting-machine-360x270.jpg 360w, https:\/\/shuliybaler.com\/wp-content\/uploads\/2019\/12\/our-factory-of-the-metal-briquetting-machine-180x135.jpg 180w\" sizes=\"auto, (max-width: 720px) 100vw, 720px\" \/><figcaption class=\"wp-element-caption\">Nh\u00e0 m\u00e1y c\u1ee7a ch\u00fang t\u00f4i s\u1ea3n xu\u1ea5t m\u00e1y n\u00e9n kim lo\u1ea1i<\/figcaption><\/figure>    <figure class=\"wp-block-image size-large\"><img loading=\"lazy\" decoding=\"async\" width=\"720\" height=\"540\" data-id=\"436\" src=\"https:\/\/shuliybaler.com\/wp-content\/uploads\/2019\/12\/metal-baler-1.jpg\" alt=\"m\u00e1y n\u00e9n lon nh\u00f4m\" class=\"wp-image-436\" title=\"\" srcset=\"https:\/\/shuliybaler.com\/wp-content\/uploads\/2019\/12\/metal-baler-1.jpg 720w, https:\/\/shuliybaler.com\/wp-content\/uploads\/2019\/12\/metal-baler-1-360x270.jpg 360w, https:\/\/shuliybaler.com\/wp-content\/uploads\/2019\/12\/metal-baler-1-180x135.jpg 180w\" sizes=\"auto, (max-width: 720px) 100vw, 720px\" \/><figcaption class=\"wp-element-caption\">M\u00e1y \u0111\u00f3ng h\u1ed9p lon nh\u00f4m<\/figcaption><\/figure>    <figure class=\"wp-block-image size-large\"><img loading=\"lazy\" decoding=\"async\" width=\"720\" height=\"540\" data-id=\"670\" src=\"https:\/\/shuliybaler.com\/wp-content\/uploads\/2019\/12\/Aluminum-can.jpg\" alt=\"Lon nh\u00f4m\" class=\"wp-image-670\" title=\"\" srcset=\"https:\/\/shuliybaler.com\/wp-content\/uploads\/2019\/12\/Aluminum-can.jpg 720w, https:\/\/shuliybaler.com\/wp-content\/uploads\/2019\/12\/Aluminum-can-360x270.jpg 360w, https:\/\/shuliybaler.com\/wp-content\/uploads\/2019\/12\/Aluminum-can-180x135.jpg 180w\" sizes=\"auto, (max-width: 720px) 100vw, 720px\" \/><figcaption class=\"wp-element-caption\">Lon nh\u00f4m<\/figcaption><\/figure>    <figure class=\"wp-block-image size-large\"><img loading=\"lazy\" decoding=\"async\" width=\"720\" height=\"540\" data-id=\"671\" src=\"https:\/\/shuliybaler.com\/wp-content\/uploads\/2019\/12\/Packed-aluminum-cans-by-aluminum-can-baler.jpg\" alt=\"Lon nh\u00f4m \u0111\u00e3 \u0111\u00f3ng g\u00f3i b\u1eb1ng m\u00e1y n\u00e9n lon nh\u00f4m\" class=\"wp-image-671\" title=\"\" srcset=\"https:\/\/shuliybaler.com\/wp-content\/uploads\/2019\/12\/Packed-aluminum-cans-by-aluminum-can-baler.jpg 720w, https:\/\/shuliybaler.com\/wp-content\/uploads\/2019\/12\/Packed-aluminum-cans-by-aluminum-can-baler-360x270.jpg 360w, https:\/\/shuliybaler.com\/wp-content\/uploads\/2019\/12\/Packed-aluminum-cans-by-aluminum-can-baler-180x135.jpg 180w\" sizes=\"auto, (max-width: 720px) 100vw, 720px\" \/><figcaption class=\"wp-element-caption\">Lon nh\u00f4m \u0111\u00e3 \u0111\u00f3ng g\u00f3i b\u1eb1ng m\u00e1y n\u00e9n lon nh\u00f4m<\/figcaption><\/figure> <\/figure>","protected":false},"excerpt":{"rendered":"<p>M\u1ed9t m\u00e1y n\u00e9n lon nh\u00f4m ph\u00f9 h\u1ee3p \u0111\u1ec3 n\u00e9n v\u00e0 \u0111\u00f3ng g\u00f3i c\u00e1c lo\u1ea1i lon kim lo\u1ea1i kh\u00e1c nhau. \u0110\u00e2y l\u00e0 thi\u1ebft b\u1ecb l\u00fd t\u01b0\u1edfng \u0111\u1ec3 t\u00e1i ch\u1ebf c\u00e1c lo\u1ea1i lon kim lo\u1ea1i.<\/p>","protected":false},"author":1,"featured_media":499,"parent":0,"template":"","tags":[55],"product-type":[41],"class_list":["post-489","product","type-product","status-publish","has-post-thumbnail","hentry","tag-aluminum-can-baler-machine","product-type-metal-baler-machine"],"_links":{"self":[{"href":"https:\/\/shuliybaler.com\/vi\/wp-json\/wp\/v2\/product\/489","targetHints":{"allow":["GET"]}}],"collection":[{"href":"https:\/\/shuliybaler.com\/vi\/wp-json\/wp\/v2\/product"}],"about":[{"href":"https:\/\/shuliybaler.com\/vi\/wp-json\/wp\/v2\/types\/product"}],"author":[{"embeddable":true,"href":"https:\/\/shuliybaler.com\/vi\/wp-json\/wp\/v2\/users\/1"}],"wp:featuredmedia":[{"embeddable":true,"href":"https:\/\/shuliybaler.com\/vi\/wp-json\/wp\/v2\/media\/499"}],"wp:attachment":[{"href":"https:\/\/shuliybaler.com\/vi\/wp-json\/wp\/v2\/media?parent=489"}],"wp:term":[{"taxonomy":"post_tag","embeddable":true,"href":"https:\/\/shuliybaler.com\/vi\/wp-json\/wp\/v2\/tags?post=489"},{"taxonomy":"product-type","embeddable":true,"href":"https:\/\/shuliybaler.com\/vi\/wp-json\/wp\/v2\/product-type?post=489"}],"curies":[{"name":"wp","href":"https:\/\/api.w.org\/{rel}","templated":true}]}}