{"id":511,"date":"2019-12-13T14:25:04","date_gmt":"2019-12-13T06:25:04","guid":{"rendered":"https:\/\/shuliybaler.com\/?p=511"},"modified":"2022-11-23T16:55:17","modified_gmt":"2022-11-23T08:55:17","slug":"metal-briquetting-machine","status":"publish","type":"product","link":"https:\/\/shuliybaler.com\/vi\/product\/metal-briquetting-machine\/","title":{"rendered":"M\u00e1y \u00e9p vi\u00ean kim lo\u1ea1i ph\u1ebf li\u1ec7u | m\u00e1y \u00e9p vi\u00ean kim lo\u1ea1i v\u1ee5n"},"content":{"rendered":"<p>M\u00e1y \u00e9p vi\u00ean m\u1ea3nh kim lo\u1ea1i c\u00f2n g\u1ecdi l\u00e0 m\u00e1y t\u00e1i ch\u1ebf ph\u1ebf li\u1ec7u kim lo\u1ea1i d\u1ecdc, m\u00e1y h\u1ee3p nh\u1ea5t m\u1ea3nh kim lo\u1ea1i, m\u00e1y \u00e9p kim lo\u1ea1i, ho\u1eb7c m\u00e1y \u00e9p vi\u00ean kim lo\u1ea1i c\u01b0\u1eddng \u0111\u1ed9 cao. Nguy\u00ean l\u00fd ho\u1ea1t \u0111\u1ed9ng c\u1ee7a m\u00e1y n\u00e0y l\u00e0 d\u00f9ng \u00e1p l\u1ef1c th\u1ee7y l\u1ef1c \u0111\u1ec3 \u00e9p kim lo\u1ea1i, t\u1ea1o ra bi\u1ebfn d\u1ea1ng d\u1ebbo th\u00e0nh kh\u1ed1i r\u1eafn c\u00f3 m\u1eadt \u0111\u1ed9 cao. <\/p>    <p class=\"translation-block\">M\u00e1y \u00e9p vi\u00ean m\u1ea3nh kim lo\u1ea1i c\u00f3 th\u1ec3 \u00e9p m\u1ea3nh s\u1eaft, \u0111\u1ed3ng, nh\u00f4m, b\u1ed9t kho\u00e1ng, v.v. th\u00e0nh b\u00e1nh \u0111\u1ec3 l\u01b0u tr\u1eef, v\u1eadn chuy\u1ec3n, v\u00e0 t\u00e1i ch\u1ebf trong l\u00f2. M\u1ea5t m\u00e1t r\u1ea5t th\u1ea5p sau khi \u00e9p th\u00e0nh kh\u1ed1i v\u00e0 t\u00e1i ch\u1ebf trong l\u00f2. To\u00e0n b\u1ed9 qu\u00e1 tr\u00ecnh s\u1ea3n xu\u1ea5t kh\u00f4ng c\u1ea7n th\u00eam nhi\u1ec7t \u0111\u1ed9, ph\u1ee5 gia, ho\u1eb7c c\u00e1c qu\u00e1 tr\u00ecnh kh\u00e1c, \u00e9p ngu\u1ed9i tr\u1ef1c ti\u1ebfp, t\u1ea1o h\u00ecnh c\u00f9ng l\u00fac \u0111\u1ec3 \u0111\u1ea3m b\u1ea3o nguy\u00ean li\u1ec7u ban \u0111\u1ea7u kh\u00f4ng thay \u0111\u1ed5i. Ti\u1ec7n l\u1ee3i h\u01a1n cho vi\u1ec7c t\u00e1i ch\u1ebf, m\u00e1y \u00e9p vi\u00ean m\u1ea3nh kim lo\u1ea1i \u0111\u01b0\u1ee3c s\u1eed d\u1ee5ng r\u1ed9ng r\u00e3i trong ng\u00e0nh c\u00f4ng nghi\u1ec7p t\u00e1i ch\u1ebf kim lo\u1ea1i.<\/p>    <figure class=\"wp-block-gallery has-nested-images columns-default is-cropped wp-block-gallery-2 is-layout-flex wp-block-gallery-is-layout-flex\"> <figure class=\"wp-block-image size-large\"><img loading=\"lazy\" decoding=\"async\" width=\"720\" height=\"540\" data-id=\"2152\" src=\"https:\/\/shuliybaler.com\/wp-content\/uploads\/2019\/12\/metal-briquetting-machine-\u526f\u672c.jpg\" alt=\"M\u00e1y \u00e9p vi\u00ean m\u1ea3nh kim lo\u1ea1i\" class=\"wp-image-2152\" title=\"\"><figcaption class=\"wp-element-caption\">M\u00e1y \u00e9p vi\u00ean kim lo\u1ea1i<\/figcaption><\/figure>    <figure class=\"wp-block-image size-large\"><img loading=\"lazy\" decoding=\"async\" width=\"720\" height=\"540\" data-id=\"2159\" src=\"https:\/\/shuliybaler.com\/wp-content\/uploads\/2019\/12\/1496193284173444.jpg\" alt=\"M\u1ea3nh v\u1ee5n kim lo\u1ea1i \u0111\u1ed3ng\" class=\"wp-image-2159\" title=\"\"><figcaption class=\"wp-element-caption\">M\u1ea3nh v\u1ee5n \u0111\u1ed3ng <\/figcaption><\/figure>    <figure class=\"wp-block-image size-large\"><img loading=\"lazy\" decoding=\"async\" width=\"720\" height=\"540\" data-id=\"2160\" src=\"https:\/\/shuliybaler.com\/wp-content\/uploads\/2019\/12\/u8922620002119963984fm199app68fJPEG.jpg\" alt=\"M\u00e1y \u00e9p vi\u00ean m\u1ea3nh kim lo\u1ea1i \u0111\u1ed3ng\" class=\"wp-image-2160\" title=\"\"><figcaption class=\"wp-element-caption\">M\u00e1y \u00e9p vi\u00ean m\u1ea3nh \u0111\u1ed3ng<\/figcaption><\/figure> <\/figure>    <h2 class=\"wp-block-heading\">\u1ee8ng d\u1ee5ng c\u1ee7a m\u00e1y \u00e9p vi\u00ean kim lo\u1ea1i<\/h2>    <p>Qu\u00e1 tr\u00ecnh gia c\u00f4ng kim lo\u1ea1i s\u1ebd \u0111\u1ec3 l\u1ea1i nhi\u1ec1u ph\u1ebf ph\u1ea9m, v\u00e0 c\u00e1c m\u1ea3nh kim lo\u1ea1i n\u00e0y kh\u00f4ng thu\u1eadn ti\u1ec7n cho vi\u1ec7c l\u01b0u tr\u1eef, sau khi \u00e9p th\u00e0nh kh\u1ed1i kim lo\u1ea1i t\u0103ng m\u1eadt \u0111\u1ed9, vi\u1ec7c x\u1eed l\u00fd s\u1ebd kh\u00f4ng d\u1ec5 b\u1ecb ph\u00e2n t\u00e1n, v\u00e0 qu\u00e1 tr\u00ecnh th\u1ee7y l\u1ef1c kh\u00f4ng c\u1ea7n ph\u1ee5 gia, do \u0111\u00f3 vi\u1ec7c t\u00e1i ch\u1ebf s\u1ebd kh\u00f4ng c\u00f3 qu\u00e1 nhi\u1ec1u t\u1ea1p ch\u1ea5t. M\u00e1y \u00e9p vi\u00ean m\u1ea3nh kim lo\u1ea1i ch\u1ee7 y\u1ebfu d\u00f9ng \u0111\u1ec3 \u00e9p ngu\u1ed9i c\u00e1c ph\u1ebf li\u1ec7u kim lo\u1ea1i d\u1ea1ng b\u1ed9t, d\u1ea1ng h\u1ea1t, nh\u1ecf, th\u00e0nh b\u00e1nh tr\u00f2n 3-5 kg. N\u00f3 c\u0169ng c\u00f3 th\u1ec3 d\u00f9ng \u0111\u1ec3 \u00e9p c\u00e1c v\u1eadt li\u1ec7u phi kim lo\u1ea1i nh\u01b0 than coke v\u00e0 b\u1ed9t x\u1ec9.<\/p>   <div class=\"wp-block-image\"> <figure class=\"aligncenter size-large is-resized\"><img loading=\"lazy\" decoding=\"async\" src=\"https:\/\/shuliybaler.com\/wp-content\/uploads\/2019\/12\/metal-chips-metal-briquetting.jpg\" alt=\"v\u1ee5n kim lo\u1ea1i - \u00e9p vi\u00ean kim lo\u1ea1i\" class=\"wp-image-513\" width=\"822\" height=\"186\" title=\"\" srcset=\"https:\/\/shuliybaler.com\/wp-content\/uploads\/2019\/12\/metal-chips-metal-briquetting.jpg 720w, https:\/\/shuliybaler.com\/wp-content\/uploads\/2019\/12\/metal-chips-metal-briquetting-360x82.jpg 360w\" sizes=\"auto, (max-width: 822px) 100vw, 822px\" \/><figcaption class=\"wp-element-caption\">m\u00e1y \u00e9p vi\u00ean m\u1ea3nh kim lo\u1ea1i<\/figcaption><\/figure> <\/div>   <h2 class=\"wp-block-heading\">H\u00ecnh d\u1ea1ng c\u1ee7a m\u00e1y \u00e9p kim lo\u1ea1i c\u00f3 th\u1ec3 t\u00f9y ch\u1ec9nh<\/h2>    <div class=\"wp-block-group\"><div class=\"wp-block-group__inner-container is-layout-flow wp-block-group-is-layout-flow\"> <figure class=\"wp-block-gallery has-nested-images columns-default is-cropped wp-block-gallery-3 is-layout-flex wp-block-gallery-is-layout-flex\"> <figure class=\"wp-block-image size-full\"><img loading=\"lazy\" decoding=\"async\" width=\"720\" height=\"540\" data-id=\"2154\" src=\"https:\/\/shuliybaler.com\/wp-content\/uploads\/2019\/12\/1698-1.jpg\" alt=\"kh\u1ed1i kim lo\u1ea1i vu\u00f4ng\" class=\"wp-image-2154\" title=\"\"><figcaption class=\"wp-element-caption\">Kh\u1ed1i kim lo\u1ea1i vu\u00f4ng<\/figcaption><\/figure>    <figure class=\"wp-block-image size-full\"><img loading=\"lazy\" decoding=\"async\" width=\"720\" height=\"540\" data-id=\"2153\" src=\"https:\/\/shuliybaler.com\/wp-content\/uploads\/2019\/12\/1698.jpg\" alt=\"Kh\u1ed1i kim lo\u1ea1i c\u00e1c h\u00ecnh d\u1ea1ng kh\u00e1c nhau\" class=\"wp-image-2153\" title=\"\"><figcaption class=\"wp-element-caption\">Kh\u1ed1i kim lo\u1ea1i c\u00e1c h\u00ecnh d\u1ea1ng kh\u00e1c nhau<\/figcaption><\/figure>    <figure class=\"wp-block-image size-full\"><img loading=\"lazy\" decoding=\"async\" width=\"259\" height=\"194\" data-id=\"2155\" src=\"https:\/\/shuliybaler.com\/wp-content\/uploads\/2019\/12\/images.jpg\" alt=\"kh\u1ed1i kim lo\u1ea1i h\u00ecnh tr\u1ee5\" class=\"wp-image-2155\" title=\"\"><figcaption class=\"wp-element-caption\">Kh\u1ed1i kim lo\u1ea1i h\u00ecnh tr\u1ee5<\/figcaption><\/figure> <\/figure> <\/div><\/div>    <p class=\"translation-block\">M\u00e1y \u00e9p vi\u00ean v\u1ee5n kim lo\u1ea1i c\u00f3 th\u1ec3 \u00e9p kim lo\u1ea1i th\u00e0nh h\u00ecnh tr\u1ee5 ho\u1eb7c h\u00ecnh vu\u00f4ng, h\u00ecnh tam gi\u00e1c, \u0111a gi\u00e1c b\u1eb1ng \u00e1p l\u1ef1c th\u1ee7y l\u1ef1c, thu\u1eadn ti\u1ec7n cho vi\u1ec7c t\u00e1i ch\u1ebf. Th\u1ef1c t\u1ebf, m\u00e1y \u00e9p vi\u00ean m\u1ea3nh v\u1ee5n kim lo\u1ea1i c\u00f3 th\u1ec3 ch\u1ebf t\u1ea1o th\u00e0nh b\u1ea5t k\u1ef3 h\u00ecnh d\u1ea1ng n\u00e0o, ch\u1ec9 c\u1ea7n t\u00f9y ch\u1ec9nh khu\u00f4n m\u1eabu, v\u00e0 c\u00f4ng ty Shuliy c\u00f3 th\u1ec3 t\u00f9y ch\u1ec9nh m\u00e1y cho kh\u00e1ch h\u00e0ng.<\/p>    <h2 class=\"wp-block-heading\" id=\"h-introduction-of-metal-chips-briquetting-machine\">Gi\u1edbi thi\u1ec7u v\u1ec1 m\u00e1y \u00e9p vi\u00ean kim lo\u1ea1i<\/h2>    <figure class=\"wp-block-embed is-type-video is-provider-youtube wp-block-embed-youtube wp-embed-aspect-16-9 wp-has-aspect-ratio\"><div class=\"wp-block-embed__wrapper\"> <iframe loading=\"lazy\" title=\"M\u00e1y \u00e9p vi\u00ean m\u1ea3nh v\u1ee5n kim lo\u1ea1i c\u1ee7a \u0111\u1ed3ng | m\u00e1y \u00e9p b\u00e1nh m\u1ea3nh v\u1ee5n kim lo\u1ea1i\" width=\"500\" height=\"281\" src=\"https:\/\/www.youtube.com\/embed\/3TFchKykkyY?feature=oembed\" frameborder=\"0\" allow=\"accelerometer; autoplay; clipboard-write; encrypted-media; gyroscope; picture-in-picture; web-share\" referrerpolicy=\"strict-origin-when-cross-origin\" allowfullscreen><\/iframe> <\/div><figcaption class=\"wp-element-caption\">m\u00e1y \u00e9p vi\u00ean m\u1ea3nh kim lo\u1ea1i<\/figcaption><\/figure>    <p>M\u00e1y n\u00e0y ch\u1ee7 y\u1ebfu g\u1ed3m c\u00e1c b\u1ed9 ph\u1eadn nh\u01b0 thanh th\u1ee7y l\u1ef1c, xi lanh d\u1ea7u, b\u1ed1n c\u1ed9t \u0111\u1ee1, c\u1ed9t t\u1ea1o h\u00ecnh, khu\u00f4n m\u1eabu, t\u1ea5m x\u1ea3, v\u00e0 c\u00e1c b\u1ed9 ph\u1eadn kh\u00e1c. H\u1ec7 th\u1ed1ng th\u1ee7y l\u1ef1c s\u1eed d\u1ee5ng van cartridge hai chi\u1ec1u, c\u00f3 \u0111\u1eb7c \u0111i\u1ec3m nh\u1ecf g\u1ecdn, kh\u00e1ng d\u00f2ng ch\u1ea3y nh\u1ecf, k\u00edn kh\u00ed t\u1ed1t, c\u1ea5u tr\u00fac nh\u1ecf g\u1ecdn, v\u1eadn h\u00e0nh \u1ed5n \u0111\u1ecbnh, tu\u1ed5i th\u1ecd d\u00e0i. Ch\u00eca kh\u00f3a c\u1ee7a m\u00e1y \u00e9p vi\u00ean m\u1ea3nh kim lo\u1ea1i l\u00e0 c\u00f3 \u0111\u1ee7 l\u1ef1c t\u00e1c d\u1ee5ng t\u1eeb b\u00ean ngo\u00e0i, h\u1ec7 th\u1ed1ng th\u1ee7y l\u1ef1c n\u00e0y c\u00f3 th\u1ec3 cung c\u1ea5p \u0111\u1ee7 \u00e1p l\u1ef1c. N\u00e9n v\u1ee5n kim lo\u1ea1i r\u1eddi th\u00e0nh kh\u1ed1i kim lo\u1ea1i c\u00f3 m\u1eadt \u0111\u1ed9 l\u1edbn h\u01a1n 5.5 kg tr\u00ean m\u1ed7i m\u00e9t kh\u1ed1i.<\/p>    <figure class=\"wp-block-gallery has-nested-images columns-2 is-cropped wp-block-gallery-4 is-layout-flex wp-block-gallery-is-layout-flex\"> <figure class=\"wp-block-image size-large\"><img loading=\"lazy\" decoding=\"async\" width=\"720\" height=\"540\" data-id=\"515\" src=\"https:\/\/shuliybaler.com\/wp-content\/uploads\/2019\/12\/structure-of-the-metal-press-machine.jpg\" alt=\"c\u1ea5u tr\u00fac c\u1ee7a m\u00e1y \u00e9p kim lo\u1ea1i\" class=\"wp-image-515\" title=\"\" srcset=\"https:\/\/shuliybaler.com\/wp-content\/uploads\/2019\/12\/structure-of-the-metal-press-machine.jpg 720w, https:\/\/shuliybaler.com\/wp-content\/uploads\/2019\/12\/structure-of-the-metal-press-machine-360x270.jpg 360w, https:\/\/shuliybaler.com\/wp-content\/uploads\/2019\/12\/structure-of-the-metal-press-machine-180x135.jpg 180w\" sizes=\"auto, (max-width: 720px) 100vw, 720px\" \/><figcaption class=\"wp-element-caption\">C\u1ea5u tr\u00fac c\u1ee7a m\u00e1y \u00e9p kim lo\u1ea1i<\/figcaption><\/figure>    <figure class=\"wp-block-image size-large\"><img loading=\"lazy\" decoding=\"async\" width=\"720\" height=\"540\" data-id=\"516\" src=\"https:\/\/shuliybaler.com\/wp-content\/uploads\/2019\/12\/structure-of-the-metal-chip-merging-machine.jpg\" alt=\"c\u1ea5u tr\u00fac c\u1ee7a m\u00e1y h\u1ee3p nh\u1ea5t kim lo\u1ea1i\" class=\"wp-image-516\" title=\"\" srcset=\"https:\/\/shuliybaler.com\/wp-content\/uploads\/2019\/12\/structure-of-the-metal-chip-merging-machine.jpg 720w, https:\/\/shuliybaler.com\/wp-content\/uploads\/2019\/12\/structure-of-the-metal-chip-merging-machine-360x270.jpg 360w, https:\/\/shuliybaler.com\/wp-content\/uploads\/2019\/12\/structure-of-the-metal-chip-merging-machine-180x135.jpg 180w\" sizes=\"auto, (max-width: 720px) 100vw, 720px\" \/><figcaption class=\"wp-element-caption\">C\u1ea5u tr\u00fac c\u1ee7a m\u00e1y h\u1ee3p nh\u1ea5t m\u1ea3nh kim lo\u1ea1i<\/figcaption><\/figure> <\/figure>    <h2 class=\"wp-block-heading\" id=\"h-how-does-a-metal-crumb-briquetting-machine-work\">M\u00e1y \u00e9p vi\u00ean v\u1ee5n kim lo\u1ea1i ho\u1ea1t \u0111\u1ed9ng nh\u01b0 th\u1ebf n\u00e0o?<\/h2>    <p>Tr\u01b0\u1edbc ti\u00ean, b\u1ecf v\u1eadt li\u1ec7u r\u1eddi v\u00e0o th\u00f9ng ch\u1ee9a \u1edf ph\u00eda sau c\u1ee7a m\u00e1y. V\u1eadt li\u1ec7u trong th\u00f9ng s\u1ebd \u0111i v\u00e0o khu\u00f4n t\u1ea1o h\u00ecnh c\u1ee7a m\u00e1y. Thanh th\u1ee7y l\u1ef1c ngay ph\u00eda tr\u00ean m\u00e1y li\u00ean t\u1ee5c r\u01a1i xu\u1ed1ng, v\u00e0 v\u1eadt li\u1ec7u r\u1eddi \u0111\u01b0\u1ee3c n\u00e9n th\u00e0nh kh\u1ed1i v\u1eadt li\u1ec7u c\u00f3 m\u1eadt \u0111\u1ed9 cao. Hi\u1ec7u su\u1ea5t l\u00e0m vi\u1ec7c c\u1ee7a m\u00e1y n\u00e0y r\u1ea5t cao, c\u00f3 th\u1ec3 s\u1ea3n xu\u1ea5t 4-5 chi\u1ebfc m\u1ed7i ph\u00fat. M\u00e1y s\u1eed d\u1ee5ng ch\u01b0\u01a1ng tr\u00ecnh PLC \u0111\u1ec3 \u0111i\u1ec1u khi\u1ec3n t\u1ef1 \u0111\u1ed9ng, c\u00f3 th\u1ec3 th\u1ef1c hi\u1ec7n s\u1ea3n xu\u1ea5t li\u00ean t\u1ee5c t\u1ef1 \u0111\u1ed9ng.<\/p>    <figure class=\"wp-block-gallery has-nested-images columns-default is-cropped wp-block-gallery-5 is-layout-flex wp-block-gallery-is-layout-flex\"> <figure class=\"wp-block-image size-large\"><img loading=\"lazy\" decoding=\"async\" width=\"720\" height=\"540\" data-id=\"520\" src=\"https:\/\/shuliybaler.com\/wp-content\/uploads\/2019\/12\/the-stock-of-the-metal-scrap-recycling-machine.jpg\" alt=\"t\u1ed3n kho c\u1ee7a m\u00e1y t\u00e1i ch\u1ebf ph\u1ebf li\u1ec7u kim lo\u1ea1i\" class=\"wp-image-520\" title=\"\" srcset=\"https:\/\/shuliybaler.com\/wp-content\/uploads\/2019\/12\/the-stock-of-the-metal-scrap-recycling-machine.jpg 720w, https:\/\/shuliybaler.com\/wp-content\/uploads\/2019\/12\/the-stock-of-the-metal-scrap-recycling-machine-360x270.jpg 360w, https:\/\/shuliybaler.com\/wp-content\/uploads\/2019\/12\/the-stock-of-the-metal-scrap-recycling-machine-180x135.jpg 180w\" sizes=\"auto, (max-width: 720px) 100vw, 720px\" \/><figcaption class=\"wp-element-caption\">Kho h\u00e0ng c\u1ee7a m\u00e1y t\u00e1i ch\u1ebf ph\u1ebf li\u1ec7u kim lo\u1ea1i<\/figcaption><\/figure>    <figure class=\"wp-block-image size-large\"><img loading=\"lazy\" decoding=\"async\" width=\"720\" height=\"540\" data-id=\"519\" src=\"https:\/\/shuliybaler.com\/wp-content\/uploads\/2019\/12\/the-metal-scrap-press-machine.jpg\" alt=\"m\u00e1y \u00e9p ph\u1ebf li\u1ec7u kim lo\u1ea1i\" class=\"wp-image-519\" title=\"\" srcset=\"https:\/\/shuliybaler.com\/wp-content\/uploads\/2019\/12\/the-metal-scrap-press-machine.jpg 720w, https:\/\/shuliybaler.com\/wp-content\/uploads\/2019\/12\/the-metal-scrap-press-machine-360x270.jpg 360w, https:\/\/shuliybaler.com\/wp-content\/uploads\/2019\/12\/the-metal-scrap-press-machine-180x135.jpg 180w\" sizes=\"auto, (max-width: 720px) 100vw, 720px\" \/><figcaption class=\"wp-element-caption\">M\u00e1y \u00e9p ph\u1ebf li\u1ec7u kim lo\u1ea1i<\/figcaption><\/figure> <\/figure>    <h2 class=\"wp-block-heading\">&nbsp;&nbsp;Th\u00f4ng s\u1ed1 k\u1ef9 thu\u1eadt m\u00e1y \u00e9p vi\u00ean ph\u1ebf li\u1ec7u kim lo\u1ea1i<\/h2>    <figure class=\"wp-block-table is-style-regular\"><table><tbody><tr><td><\/td><td><strong>\u0110\u01a1n v\u1ecb<\/strong><\/td><td>Xi lanh ch\u00ednh<\/td><td>Xi lanh t\u0103ng t\u1ed1c<\/td><td>Xi lanh \u0111\u1ea9y<\/td><td>Xi lanh \u0111\u1ecbnh l\u01b0\u1ee3ng<\/td><\/tr><tr><td>L\u1ef1c \u0111\u1ea9y danh ngh\u0129a<\/td><td>KN<\/td><td>3500<\/td><td>237<\/td><td>229<\/td><td>80<\/td><\/tr><tr><td>\u0110\u01b0\u1eddng k\u00ednh trong c\u1ee7a xi lanh<\/td><td>mm<\/td><td>\u2205400<\/td><td>\u2205125<\/td><td>\u2205135<\/td><td>\u220580<\/td><\/tr><tr><td>\u0110\u01b0\u1eddng k\u00ednh piston<\/td><td>mm<\/td><td>\u2205220<\/td><td>\u220570<\/td><td>\u220570<\/td><td>\u220545<\/td><\/tr><tr><td>L\u1ecbch tr\u00ecnh<\/td><td>mm<\/td><td>500<\/td><td>500<\/td><td>160<\/td><td>300<\/td><\/tr><tr><td>\u00c1p l\u1ef1c t\u1ed1i \u0111a<\/td><td>Mpa<\/td><td>25<\/td><td>25<\/td><td>16<\/td><td>16<\/td><\/tr><\/tbody><\/table><\/figure>    <figure class=\"wp-block-image size-full\"><img loading=\"lazy\" decoding=\"async\" width=\"1000\" height=\"540\" src=\"https:\/\/shuliybaler.com\/wp-content\/uploads\/2019\/12\/1698-2.jpg\" alt=\"m\u00e1y \u00e9p vi\u00ean v\u1ee5n kim lo\u1ea1i\" class=\"wp-image-2163\" title=\"\"><figcaption class=\"wp-element-caption\">M\u00e1y \u00e9p vi\u00ean m\u1ea3nh kim lo\u1ea1i<\/figcaption><\/figure>    <p>Hi\u1ec7u su\u1ea5t l\u00e0m vi\u1ec7c c\u1ee7a m\u00e1y \u00e9p vi\u00ean m\u1ea3nh kim lo\u1ea1i l\u00e0 4-5 chi\u1ebfc\/ph\u00fat, v\u00e0 m\u00e1y t\u1ef1 \u0111\u1ed9ng \u0111i\u1ec1u khi\u1ec3n b\u1eb1ng ch\u01b0\u01a1ng tr\u00ecnh PLC. M\u00e1y \u00e9p vi\u00ean kim lo\u1ea1i c\u00f3 h\u1ec7 th\u1ed1ng l\u00e0m m\u00e1t, c\u00f3 th\u1ec3 t\u1ef1 \u0111\u1ed9ng \u0111i\u1ec1u ch\u1ec9nh nhi\u1ec7t \u0111\u1ed9. Ngo\u00e0i ra, ch\u00fang t\u00f4i c\u00f3 th\u1ec3 t\u00f9y ch\u1ec9nh theo nhu c\u1ea7u kh\u00e1ch h\u00e0ng, ch\u00e0o m\u1eebng b\u1ea1n tham kh\u1ea3o.<\/p>    <h2 class=\"wp-block-heading\">T\u00ednh n\u0103ng c\u1ee7a m\u00e1y \u00e9p vi\u00ean ph\u1ebf li\u1ec7u kim lo\u1ea1i<\/h2>    <figure class=\"wp-block-gallery has-nested-images columns-default is-cropped wp-block-gallery-6 is-layout-flex wp-block-gallery-is-layout-flex\"> <figure class=\"wp-block-image size-large\"><img loading=\"lazy\" decoding=\"async\" width=\"720\" height=\"540\" data-id=\"2156\" src=\"https:\/\/shuliybaler.com\/wp-content\/uploads\/2019\/12\/0.369.jpg\" alt=\"m\u00e1y \u00e9p vi\u00ean kim lo\u1ea1i\" class=\"wp-image-2156\" title=\"\"><figcaption class=\"wp-element-caption\">M\u00e1y \u00e9p vi\u00ean kim lo\u1ea1i<\/figcaption><\/figure>    <figure class=\"wp-block-image size-large\"><img loading=\"lazy\" decoding=\"async\" width=\"720\" height=\"540\" data-id=\"2157\" src=\"https:\/\/shuliybaler.com\/wp-content\/uploads\/2019\/12\/end-product-made-by-this-metal-briquetting-machine-\u526f\u672c-2.jpg\" alt=\"m\u00e1y \u00e9p vi\u00ean kim lo\u1ea1i\" class=\"wp-image-2157\" title=\"\"><figcaption class=\"wp-element-caption\">\u00c9p vi\u00ean kim lo\u1ea1i <\/figcaption><\/figure> <\/figure>    <p>1. M\u00e1y \u00e9p vi\u00ean m\u1ea3nh kim lo\u1ea1i th\u1ee7y l\u1ef1c ch\u1ee7 y\u1ebfu d\u00f9ng cho c\u00e1c lo\u1ea1i m\u1ea3nh kim lo\u1ea1i (s\u1eaft, \u0111\u1ed3ng, nh\u00f4m, v.v.), b\u1ed9t kim lo\u1ea1i d\u1ea1ng h\u1ea1t (b\u1ed9t s\u1eaft, b\u1ed9t nh\u00f4m, b\u1ed9t \u0111\u1ed3ng, b\u1ed9t ch\u00ec, v.v.), ph\u1ee5 gia luy\u1ec7n kim, th\u00e9p x\u1ed1p, v.v. trong tr\u01b0\u1eddng h\u1ee3p kh\u00f4ng th\u00eam ch\u1ea5t k\u1ebft d\u00ednh, \u00e9p th\u00e0nh b\u00e1nh tr\u00f2n c\u00f3 m\u1eadt \u0111\u1ed9 cao (tr\u1ecdng l\u01b0\u1ee3ng 2-8 kg), m\u1eadt \u0111\u1ed9 b\u00e1nh l\u00ean t\u1edbi 5T \/ M3 ho\u1eb7c h\u01a1n (t\u00f9y nguy\u00ean li\u1ec7u, m\u1eadt \u0111\u1ed9 b\u00e1nh \u00e9p ra kh\u00f4ng gi\u1ed1ng nhau), c\u00e1c vi\u00ean n\u00e9n c\u00f3 th\u1ec3 d\u00f9ng tr\u1ef1c ti\u1ebfp trong l\u00f2.<\/p>    <p>2. \u00c1p d\u1ee5ng c\u00f4ng ngh\u1ec7 truy\u1ec1n \u0111\u1ed9ng th\u1ee7y l\u1ef1c, s\u1eed d\u1ee5ng gio\u0103ng d\u1ea7u, v\u00e0 b\u1ed9 l\u1eafp r\u00e1p xi lanh d\u1ea7u, nh\u1eb1m \u0111\u1ea3m b\u1ea3o ho\u1ea1t \u0111\u1ed9ng li\u00ean t\u1ee5c m\u00e0 kh\u00f4ng l\u00e0m y\u1ebfu \u00e1p l\u1ef1c xi lanh, v\u1eadn h\u00e0nh tr\u01a1n tru; \u0111i\u1ec1u khi\u1ec3n b\u1eb1ng m\u00e1y t\u00ednh, t\u1ef1 \u0111\u1ed9ng h\u00f3a cao, t\u1ef7 l\u1ec7 l\u1ed7i th\u1ea5p, d\u1ec5 b\u1ea3o tr\u00ec, v.v.<\/p>    <p>3. H\u1ec7 th\u1ed1ng l\u00e0m m\u00e1t t\u00f9y ch\u1ecdn. Ch\u00fang t\u00f4i \u0111\u1ec1 xu\u1ea5t h\u1ec7 th\u1ed1ng l\u00e0m m\u00e1t ph\u00f9 h\u1ee3p theo m\u00f4i tr\u01b0\u1eddng l\u00e0m vi\u1ec7c c\u1ee7a m\u00e1y, l\u00e0m m\u00e1t b\u1eb1ng kh\u00f4ng kh\u00ed ho\u1eb7c l\u00e0m m\u00e1t b\u1eb1ng n\u01b0\u1edbc \u0111\u1ec3 m\u00e1y kh\u00f4ng b\u1ecb qu\u00e1 nhi\u1ec7t.<\/p>    <p>4. Kh\u1ed1i b\u00e1nh n\u00e9n c\u00f3 m\u1eadt \u0111\u1ed9 cao h\u01a1n 5.5t\/m3, v\u00e0 kh\u1ed1i b\u00e1nh s\u1ebd kh\u00f4ng b\u1ecb v\u1ee1 khi r\u01a1i.<\/p>    <h2 class=\"wp-block-heading\" id=\"h-maintenance-of-metal-crumbs-forming-machine\">B\u1ea3o tr\u00ec m\u00e1y t\u1ea1o h\u00ecnh v\u1ee5n kim lo\u1ea1i<\/h2>    <figure class=\"wp-block-image size-full\"><img loading=\"lazy\" decoding=\"async\" width=\"720\" height=\"540\" src=\"https:\/\/shuliybaler.com\/wp-content\/uploads\/2019\/12\/u17418466782499754491fm199app68fJPEG.jpg\" alt=\"M\u00e1y \u00e9p vi\u00ean m\u1ea3nh kim lo\u1ea1i \u0111\u1ed3ng\" class=\"wp-image-2158\" title=\"\"><figcaption class=\"wp-element-caption\">M\u00e1y \u00e9p vi\u00ean m\u1ea3nh \u0111\u1ed3ng<\/figcaption><\/figure>    <p>1. Th\u01b0\u1eddng xuy\u00ean l\u00e0m s\u1ea1ch b\u00ecnh d\u1ea7u v\u00e0 \u1ed1ng d\u1ea7u c\u1ee7a m\u00e1y \u0111\u1ec3 tr\u00e1nh s\u1eaft v\u1ee5n v\u00e0 b\u1ee5i x\u00e2m nh\u1eadp v\u00e0o h\u1ec7 th\u1ed1ng th\u1ee7y l\u1ef1c \u1ea3nh h\u01b0\u1edfng \u0111\u1ebfn hi\u1ec7u su\u1ea5t c\u1ee7a thi\u1ebft b\u1ecb.<\/p>    <p>2. Tr\u00e1nh qu\u00e1 t\u1ea3i m\u00e1y. N\u1ebfu c\u00f3 ti\u1ebfng \u1ed3n b\u1ea5t th\u01b0\u1eddng, h\u00e3y d\u1eebng ho\u1ea1t \u0111\u1ed9ng ngay l\u1eadp t\u1ee9c.<\/p>    <p>3. Th\u00eam d\u1ea7u th\u1ee7y l\u1ef1c \u0111\u1ecbnh k\u1ef3, m\u1ee9c d\u1ea7u kh\u00f4ng \u0111\u01b0\u1ee3c th\u1ea5p h\u01a1n m\u1ee9c d\u1ea7u c\u1ee7a b\u00ecnh d\u1ea7u.<\/p>    <p>4. \u0110\u1eb7t m\u00e1y \u1edf n\u01a1i kh\u00f4 r\u00e1o v\u00e0 ki\u1ec3m tra \u0111\u1ecbnh k\u1ef3 xem c\u00e1c v\u00edt tr\u00ean m\u00e1y c\u00f3 l\u1ecfng kh\u00f4ng v\u00e0 d\u1ea7u b\u00f4i tr\u01a1n c\u00f3 t\u1ed1t kh\u00f4ng.<\/p>    <h2 class=\"wp-block-heading\">Video v\u1ec1 m\u00e1y \u00e9p vi\u00ean v\u1ee5n kim lo\u1ea1i<\/h2>    <figure class=\"wp-block-embed is-type-video is-provider-youtube wp-block-embed-youtube wp-embed-aspect-16-9 wp-has-aspect-ratio\"><div class=\"wp-block-embed__wrapper\"> <iframe loading=\"lazy\" title=\"L\u00e0m th\u1ebf n\u00e0o \u0111\u1ec3 ki\u1ebfm ti\u1ec1n t\u1eeb ph\u1ebf li\u1ec7u kim lo\u1ea1i | m\u00e1y \u00e9p vi\u00ean m\u1ea3nh v\u1ee5n kim lo\u1ea1i th\u1ee7y l\u1ef1c#kim lo\u1ea1i\" width=\"500\" height=\"281\" src=\"https:\/\/www.youtube.com\/embed\/j-AbIm0QYLA?feature=oembed\" frameborder=\"0\" allow=\"accelerometer; autoplay; clipboard-write; encrypted-media; gyroscope; picture-in-picture; web-share\" referrerpolicy=\"strict-origin-when-cross-origin\" allowfullscreen><\/iframe> <\/div><figcaption class=\"wp-element-caption\">m\u00e1y \u00e9p vi\u00ean m\u1ea3nh kim lo\u1ea1i<\/figcaption><\/figure>","protected":false},"excerpt":{"rendered":"<p>Metal chips\u00a0briquette machine is also called vertical metal scrap recycling machine, metal chip merging machine,\u00a0metal pressing machine, or high-density metal chip briquetting machine. The working principle of this machine is to use hydraulic pressure to press the metal which can produce plastic deformation into a solid block with high density. Metal chips\u00a0briquette machines can press [&hellip;]<\/p>\n","protected":false},"author":1,"featured_media":2167,"parent":0,"template":"","tags":[],"product-type":[42],"class_list":["post-511","product","type-product","status-publish","has-post-thumbnail","hentry","product-type-metal-briquetting-machine"],"_links":{"self":[{"href":"https:\/\/shuliybaler.com\/vi\/wp-json\/wp\/v2\/product\/511","targetHints":{"allow":["GET"]}}],"collection":[{"href":"https:\/\/shuliybaler.com\/vi\/wp-json\/wp\/v2\/product"}],"about":[{"href":"https:\/\/shuliybaler.com\/vi\/wp-json\/wp\/v2\/types\/product"}],"author":[{"embeddable":true,"href":"https:\/\/shuliybaler.com\/vi\/wp-json\/wp\/v2\/users\/1"}],"wp:featuredmedia":[{"embeddable":true,"href":"https:\/\/shuliybaler.com\/vi\/wp-json\/wp\/v2\/media\/2167"}],"wp:attachment":[{"href":"https:\/\/shuliybaler.com\/vi\/wp-json\/wp\/v2\/media?parent=511"}],"wp:term":[{"taxonomy":"post_tag","embeddable":true,"href":"https:\/\/shuliybaler.com\/vi\/wp-json\/wp\/v2\/tags?post=511"},{"taxonomy":"product-type","embeddable":true,"href":"https:\/\/shuliybaler.com\/vi\/wp-json\/wp\/v2\/product-type?post=511"}],"curies":[{"name":"wp","href":"https:\/\/api.w.org\/{rel}","templated":true}]}}