{"id":523,"date":"2019-12-13T15:01:34","date_gmt":"2019-12-13T07:01:34","guid":{"rendered":"https:\/\/shuliybaler.com\/?p=523"},"modified":"2022-09-27T10:17:35","modified_gmt":"2022-09-27T02:17:35","slug":"scrap-steel-shearing-machine","status":"publish","type":"product","link":"https:\/\/shuliybaler.com\/vi\/product\/scrap-steel-shearing-machine\/","title":{"rendered":"M\u00e1y c\u1eaft th\u00e9p ph\u1ebf li\u1ec7u | m\u00e1y c\u1eaft th\u00e2n xe \u00f4 t\u00f4"},"content":{"rendered":"<p class=\"translation-block\">M\u00e1y c\u1eaft th\u00e9p ph\u1ebf li\u1ec7u c\u00f2n g\u1ecdi l\u00e0 c\u1eaft c\u1ea9u n\u1eb7ng, <a href=\"https:\/\/shuliybaler.com\/vi\/alligator-shear\/\">m\u00e1y c\u1eaft th\u00e9p d\u00f9ng th\u1ee7y l\u1ef1c<\/a>, m\u00e1y c\u1eaft th\u00e2n xe. N\u00f3 ph\u00f9 h\u1ee3p \u0111\u1ec3 c\u1eaft kim lo\u1ea1i l\u1edbn v\u00e0 d\u00e0i, nh\u1eb1m t\u1ea1o \u0111i\u1ec1u ki\u1ec7n cho x\u1eed l\u00fd th\u1ee9 c\u1ea5p. Chi\u1ec1u d\u00e0i c\u1eaft c\u00f3 th\u1ec3 \u0111i\u1ec1u ch\u1ec9nh theo d\u1ea1ng d\u00e2y. N\u00f3 \u0111\u01b0\u1ee3c s\u1eed d\u1ee5ng r\u1ed9ng r\u00e3i trong c\u00e1c nh\u00e0 m\u00e1y th\u00e1o d\u1ee1 xe \u00f4 t\u00f4, nh\u00e0 m\u00e1y t\u00e1i ch\u1ebf kim lo\u1ea1i, ng\u00e0nh luy\u1ec7n kim v\u00e0 s\u1ea3n xu\u1ea5t, c\u0169ng nh\u01b0 ng\u00e0nh th\u01b0\u01a1ng m\u1ea1i kim lo\u1ea1i. <\/p>   <div class=\"wp-block-image\"> <figure class=\"aligncenter size-full\"><img loading=\"lazy\" decoding=\"async\" width=\"720\" height=\"540\" src=\"https:\/\/shuliybaler.com\/wp-content\/uploads\/2019\/12\/0.2.jpg\" alt=\"M\u00e1y c\u1eaft th\u00e9p ph\u1ebf li\u1ec7u\" class=\"wp-image-2367\" title=\"\"><figcaption>M\u00e1y c\u1eaft th\u00e9p ph\u1ebf li\u1ec7u<\/figcaption><\/figure> <\/div>   <h2 class=\"wp-block-heading\" id=\"h-the-prospect-of-the-waste-metal-recycling-industry\">The<strong> tri\u1ec3n v\u1ecdng c\u1ee7a ng\u00e0nh c\u00f4ng nghi\u1ec7p t\u00e1i ch\u1ebf kim lo\u1ea1i ph\u1ebf li\u1ec7u<\/strong><\/h2>   <div class=\"wp-block-image\"> <figure class=\"aligncenter size-full\"><img loading=\"lazy\" decoding=\"async\" width=\"720\" height=\"540\" src=\"https:\/\/shuliybaler.com\/wp-content\/uploads\/2019\/12\/u32927398893292153908fm199app68fJPEG.jpg\" alt=\"M\u00e1y c\u1eaft th\u00e9p ph\u1ebf li\u1ec7u\" class=\"wp-image-2368\" title=\"\"><figcaption>C\u1eaft th\u00e9p ph\u1ebf li\u1ec7u <\/figcaption><\/figure> <\/div>   <p>Do khai th\u00e1c v\u00e0 s\u1eed d\u1ee5ng t\u00e0i nguy\u00ean kho\u00e1ng s\u1ea3n li\u00ean t\u1ee5c, t\u00e0i nguy\u00ean m\u1ecf ng\u00e0y c\u00e0ng khan hi\u1ebfm. Do \u0111\u00f3, thu h\u1ed3i v\u00e0 s\u1eed d\u1ee5ng kim lo\u1ea1i ph\u1ebf li\u1ec7u l\u00e0 m\u1ed9t trong nh\u1eefng c\u00e1ch ch\u00ednh \u0111\u1ec3 ti\u1ebft ki\u1ec7m t\u00e0i nguy\u00ean kho\u00e1ng s\u1ea3n. M\u1ee9c \u0111\u1ed9 thu h\u1ed3i th\u00e9p ph\u1ebf li\u1ec7u trung b\u00ecnh tr\u00ean th\u1ebf gi\u1edbi l\u00e0 48%. C\u00f2n 52% t\u00e0i nguy\u00ean ch\u01b0a \u0111\u01b0\u1ee3c t\u00e1i ch\u1ebf, \u0111i\u1ec1u n\u00e0y g\u00e2y l\u00e3ng ph\u00ed t\u00e0i nguy\u00ean r\u1ea5t nghi\u00eam tr\u1ecdng. Ng\u00e0nh c\u00f4ng nghi\u1ec7p t\u00e1i ch\u1ebf kim lo\u1ea1i c\u00f3 tri\u1ec3n v\u1ecdng th\u1ecb tr\u01b0\u1eddng r\u1ed9ng l\u1edbn, kh\u00f4ng ch\u1ec9 ti\u1ebft ki\u1ec7m t\u00e0i nguy\u00ean m\u00e0 c\u00f2n mang l\u1ea1i l\u1ee3i nhu\u1eadn v\u00e0 gi\u00e1 tr\u1ecb l\u1edbn. V\u1edbi s\u1ef1 ph\u00e1t tri\u1ec3n c\u1ee7a kinh t\u1ebf, nhi\u1ec1u \u00f4 t\u00f4, thi\u1ebft b\u1ecb gia d\u1ee5ng, khai th\u00e1c m\u1ecf v\u00e0 c\u00e1c thi\u1ebft b\u1ecb kh\u00e1c c\u1ee7a nhi\u1ec1u qu\u1ed1c gia g\u1ea7n nh\u01b0 \u0111\u00e3 b\u01b0\u1edbc v\u00e0o giai \u0111o\u1ea1n ngh\u1ec9 h\u01b0u. L\u1ea5y v\u00ed d\u1ee5 v\u1ec1 t\u00e1i ch\u1ebf \u00f4 t\u00f4 \u0111\u00e3 qua s\u1eed d\u1ee5ng. 82% v\u1eadt li\u1ec7u trong m\u1ed9t chi\u1ebfc xe l\u00e0 kim lo\u1ea1i, trong \u0111\u00f3 90% c\u00f3 th\u1ec3 t\u00e1i ch\u1ebf. L\u1ee3i \u00edch l\u00e0 \u0111\u00e1ng k\u1ec3. S\u1ef1 ra \u0111\u1eddi c\u1ee7a m\u00e1y n\u00e9n kim lo\u1ea1i, m\u00e1y \u0111\u00f3ng b\u00e1nh, m\u00e1y c\u1eaft ki\u1ec3u c\u1ea7n, m\u00e1y c\u1eaft ki\u1ec3u c\u00e1 s\u1ea5u, m\u00e1y xay hai tr\u1ee5c v\u00e0 c\u00e1c thi\u1ebft b\u1ecb chuy\u00ean nghi\u1ec7p kh\u00e1c cho ng\u00e0nh t\u00e1i ch\u1ebf kim lo\u1ea1i \u0111\u00e3 mang l\u1ea1i s\u1ef1 ti\u1ec7n l\u1ee3i l\u1edbn cho ng\u00e0nh c\u00f4ng nghi\u1ec7p n\u00e0y.<\/p>   <div class=\"vlp-link-container vlp-layout-basic wp-block-visual-link-preview-link\"><a href=\"https:\/\/shuliybaler.com\/vi\/alligator-shear\/\" class=\"vlp-link\" title=\"C\u1eaft kim lo\u1ea1i ph\u1ebf li\u1ec7u | dao c\u00e1 s\u1ea5u h\u00ecnh c\u00e1 s\u1ea5u v\u00e0 m\u00e1y\" rel=\"nofollow\" target=\"_blank\"><\/a><div class=\"vlp-layout-zone-side\"><div class=\"vlp-block-2 vlp-link-image\"><img decoding=\"async\" src=\"https:\/\/shuliybaler.com\/wp-content\/uploads\/2019\/12\/lQDPJxZbRD8EtkvNAhzNAtCwMSUSbS6LiGcClpj0uoDTAA_720_540.jpg_720x720q90g.jpg\" style=\"max-width: 150px; max-height: 150px\" alt=\"\" title=\"\"><\/div><\/div><div class=\"vlp-layout-zone-main\"><div class=\"vlp-block-0 vlp-link-title\">C\u1eaft kim lo\u1ea1i ph\u1ebf li\u1ec7u | dao c\u00e1 s\u1ea5u h\u00ecnh c\u00e1 s\u1ea5u v\u00e0 m\u00e1y<\/div><div class=\"vlp-block-1 vlp-link-summary\">M\u00e1y c\u1eaft th\u00e9p ph\u1ebf li\u1ec7u c\u00f2n g\u1ecdi l\u00e0 m\u00e1y c\u1eaft th\u00e9p c\u00e1 s\u1ea5u, r\u1ea5t ph\u00f9 h\u1ee3p \u0111\u1ec3 c\u1eaft kim lo\u1ea1i d\u00e0i. So v\u1edbi c\u00e1c thi\u1ebft b\u1ecb c\u1eaft kh\u00e1c, n\u00f3<\/div><\/div><\/div>   <h2 class=\"wp-block-heading\" id=\"h-brief-introduction-of-scrap-steel-shearing-machine\">Gi\u1edbi thi\u1ec7u ng\u1eafn g\u1ecdn v\u1ec1 m\u00e1y c\u1eaft th\u00e9p ph\u1ebf li\u1ec7u<\/h2>    <p>Trong qu\u00e1 tr\u00ecnh thu h\u1ed3i v\u00e0 luy\u1ec7n kim lo\u1ea1i, kim lo\u1ea1i d\u00e0i kh\u00f4ng thu\u1eadn l\u1ee3i \u0111\u1ec3 \u0111\u01b0a v\u00e0o l\u00f2 \u0111\u1ec3 t\u00e1i ch\u1ebf, v\u00e0 m\u00e1y c\u1eaft s\u1eaft th\u1ee7y l\u1ef1c c\u00f3 th\u1ec3 c\u1eaft nhanh c\u00e1c kim lo\u1ea1i n\u00e0y. So v\u1edbi c\u1eaft b\u1eb1ng kh\u00ed, c\u1eaft b\u1eb1ng l\u1eeda v\u00e0 c\u00e1c ph\u01b0\u01a1ng ph\u00e1p kh\u00e1c, ph\u01b0\u01a1ng ph\u00e1p n\u00e0y s\u1eed d\u1ee5ng c\u1eaft l\u1ea1nh v\u00e0 kh\u00f4ng c\u1ea7n thi\u1ebft b\u1ecb ph\u1ee5 tr\u1ee3 b\u1ed5 sung. \u0110\u00e2y l\u00e0 ph\u01b0\u01a1ng ph\u00e1p \u0111\u01a1n gi\u1ea3n, ti\u1ebft ki\u1ec7m th\u1eddi gian v\u00e0 c\u00f4ng s\u1ee9c.<\/p>   <div class=\"wp-block-image\"> <figure class=\"aligncenter size-large\"><img loading=\"lazy\" decoding=\"async\" width=\"720\" height=\"540\" src=\"https:\/\/shuliybaler.com\/wp-content\/uploads\/2019\/12\/hydraulic-gantry-shear.jpg\" alt=\"M\u00e1y c\u1eaft th\u00e9p ph\u1ebf li\u1ec7u\" class=\"wp-image-526\" title=\"\" srcset=\"https:\/\/shuliybaler.com\/wp-content\/uploads\/2019\/12\/hydraulic-gantry-shear.jpg 720w, https:\/\/shuliybaler.com\/wp-content\/uploads\/2019\/12\/hydraulic-gantry-shear-360x270.jpg 360w, https:\/\/shuliybaler.com\/wp-content\/uploads\/2019\/12\/hydraulic-gantry-shear-180x135.jpg 180w\" sizes=\"auto, (max-width: 720px) 100vw, 720px\" \/><figcaption>m\u00e1y c\u1eaft c\u1ea9u th\u1ee7y l\u1ef1c<\/figcaption><\/figure> <\/div>   <p>nguy\u00ean li\u1ec7u c\u00f3 th\u1ec3 \u0111\u01b0\u1ee3c x\u1eed l\u00fd b\u1edfi m\u00e1y c\u1eaft th\u00e9p ph\u1ebf li\u1ec7u<\/p>    <p>M\u00e1y c\u1eaft kim lo\u1ea1i ph\u00f9 h\u1ee3p \u0111\u1ec3 c\u1eaft t\u1ea5m s\u1eaft, th\u00e9p, thanh th\u00e9p, ng\u00f3i th\u00e9p m\u00e0u, h\u1ee3p kim nh\u00f4m, t\u1ea5m \u0111\u1ed3ng, t\u1ea5m nh\u00f4m v\u00e0 t\u1ea5m s\u1eaft. N\u00f3 ph\u00f9 h\u1ee3p cho ng\u00e0nh c\u00f4ng nghi\u1ec7p t\u00e1i ch\u1ebf v\u00e0 x\u1eed l\u00fd kim lo\u1ea1i, luy\u1ec7n kim v\u00e0 c\u00e1c nh\u00e0 m\u00e1y th\u00e1o d\u1ee1 \u00f4 t\u00f4. Sau khi c\u1eaft b\u1eb1ng m\u00e1y c\u1eaft kim lo\u1ea1i, v\u1eadt li\u1ec7u c\u00f3 th\u1ec3 c\u00f3 \u0111\u1ed9 d\u00e0i \u0111\u1ed3ng \u0111\u1ec1u, thu\u1eadn ti\u1ec7n cho v\u1eadn chuy\u1ec3n v\u00e0 luy\u1ec7n kim. V\u00e0 k\u00edch th\u01b0\u1edbc kim lo\u1ea1i c\u1ee7a kim lo\u1ea1i \u0111\u00e3 c\u1eaft c\u00f3 th\u1ec3 \u0111i\u1ec1u ch\u1ec9nh. L\u1ef1c c\u1eaft t\u1eeb 100 t\u1ea5n \u0111\u1ebfn 250 t\u1ea5n. K\u00edch th\u01b0\u1edbc v\u1eadt li\u1ec7u ch\u1ee7 y\u1ebfu c\u1eaft (12~20mm)*250mm. S\u1ed1 l\u1ea7n c\u1eaft t\u1eeb 8 \u0111\u1ebfn 12 l\u1ea7n m\u1ed7i ph\u00fat.<\/p>   <div class=\"vlp-link-container vlp-layout-basic wp-block-visual-link-preview-link\"><a href=\"https:\/\/shuliybaler.com\/vi\/5-metal-shears-successfully-sold-to-indonesia\/\" class=\"vlp-link\" title=\"5 k\u00e9o kim lo\u1ea1i \u0111\u00e3 th\u00e0nh c\u00f4ng b\u00e1n sang Indonesia\" rel=\"nofollow\" target=\"_blank\"><\/a><div class=\"vlp-layout-zone-side\"><div class=\"vlp-block-2 vlp-link-image\"><img decoding=\"async\" src=\"https:\/\/shuliybaler.com\/wp-content\/uploads\/2020\/01\/metal-cutting-machine.jpg\" style=\"max-width: 150px; max-height: 150px\" alt=\"\" title=\"\"><\/div><\/div><div class=\"vlp-layout-zone-main\"><div class=\"vlp-block-0 vlp-link-title\">5 k\u00e9o kim lo\u1ea1i \u0111\u00e3 th\u00e0nh c\u00f4ng b\u00e1n sang Indonesia<\/div><div class=\"vlp-block-1 vlp-link-summary\">C\u1eaft kim lo\u1ea1i, c\u00f2n g\u1ecdi l\u00e0 c\u1eaft l\u01b0\u1ee1i c\u01b0a c\u00e1 s\u1ea5u, l\u00e0 m\u1ed9t lo\u1ea1i thi\u1ebft b\u1ecb nh\u1ecf. N\u00f3 c\u00f3 \u0111\u1eb7c \u0111i\u1ec3m nh\u1ecf g\u1ecdn, d\u1ec5 di chuy\u1ec3n, v\u1eadn h\u00e0nh \u0111\u01a1n gi\u1ea3n v\u00e0<\/div><\/div><\/div>   <h2 class=\"wp-block-heading\">Nguy\u00ean li\u1ec7u c\u00f3 th\u1ec3 \u0111\u01b0\u1ee3c x\u1eed l\u00fd b\u1edfi m\u00e1y c\u1eaft th\u00e9p ph\u1ebf li\u1ec7u<\/h2>    <figure class=\"wp-block-gallery has-nested-images columns-2 is-cropped wp-block-gallery-2 is-layout-flex wp-block-gallery-is-layout-flex\"> <figure class=\"wp-block-image size-large\"><img loading=\"lazy\" decoding=\"async\" width=\"720\" height=\"540\" data-id=\"2369\" src=\"https:\/\/shuliybaler.com\/wp-content\/uploads\/2019\/12\/u30316147773776703245fm199app68fJPEG.jpg\" alt=\"m\u00e1y c\u1eaft th\u00e2n xe\" class=\"wp-image-2369\" title=\"\"><figcaption>M\u00e1y c\u1eaft th\u00e2n xe<\/figcaption><\/figure>    <figure class=\"wp-block-image size-large\"><img loading=\"lazy\" decoding=\"async\" width=\"720\" height=\"540\" data-id=\"2370\" src=\"https:\/\/shuliybaler.com\/wp-content\/uploads\/2019\/12\/u31622210103071795580fm199app68fJPEG.jpg\" alt=\"m\u00e1y c\u1eaft th\u00e2n xe\" class=\"wp-image-2370\" title=\"\"><figcaption>M\u00e1y c\u1eaft th\u00e2n xe<\/figcaption><\/figure>    <figure class=\"wp-block-image size-large\"><img loading=\"lazy\" decoding=\"async\" width=\"720\" height=\"540\" data-id=\"2371\" src=\"https:\/\/shuliybaler.com\/wp-content\/uploads\/2019\/12\/u32151374751516385207fm199app68fJPEG.jpg\" alt=\"m\u00e1y c\u1eaft th\u00e2n xe\" class=\"wp-image-2371\" title=\"\"><figcaption>M\u00e1y c\u1eaft th\u00e2n xe<\/figcaption><\/figure>    <figure class=\"wp-block-image size-large\"><img loading=\"lazy\" decoding=\"async\" width=\"720\" height=\"540\" data-id=\"2373\" src=\"https:\/\/shuliybaler.com\/wp-content\/uploads\/2019\/12\/u37799490573405378457fm199app68fJPEG.jpg\" alt=\"m\u00e1y c\u1eaft th\u00e2n xe\" class=\"wp-image-2373\" title=\"\"><figcaption>M\u00e1y c\u1eaft th\u00e2n xe<\/figcaption><\/figure> <\/figure>    <p>M\u00e1y c\u1eaft th\u00e9p ph\u1ebf li\u1ec7u ph\u00f9 h\u1ee3p \u0111\u1ec3 c\u1eaft t\u1ea5m s\u1eaft, th\u00e9p, thanh th\u00e9p, ng\u00f3i th\u00e9p m\u00e0u, h\u1ee3p kim nh\u00f4m, t\u1ea5m \u0111\u1ed3ng, t\u1ea5m nh\u00f4m v\u00e0 t\u1ea5m s\u1eaft. N\u00f3 ph\u00f9 h\u1ee3p cho ng\u00e0nh c\u00f4ng nghi\u1ec7p t\u00e1i ch\u1ebf v\u00e0 x\u1eed l\u00fd kim lo\u1ea1i, luy\u1ec7n kim v\u00e0 c\u00e1c nh\u00e0 m\u00e1y th\u00e1o d\u1ee1 \u00f4 t\u00f4. Sau khi c\u1eaft b\u1eb1ng m\u00e1y c\u1eaft kim lo\u1ea1i, v\u1eadt li\u1ec7u c\u00f3 th\u1ec3 c\u00f3 \u0111\u1ed9 d\u00e0i \u0111\u1ed3ng \u0111\u1ec1u, thu\u1eadn ti\u1ec7n cho v\u1eadn chuy\u1ec3n v\u00e0 luy\u1ec7n kim. V\u00e0 k\u00edch th\u01b0\u1edbc kim lo\u1ea1i c\u1ee7a kim lo\u1ea1i \u0111\u00e3 c\u1eaft c\u00f3 th\u1ec3 \u0111i\u1ec1u ch\u1ec9nh. L\u1ef1c c\u1eaft t\u1eeb 100 t\u1ea5n \u0111\u1ebfn 250 t\u1ea5n. K\u00edch th\u01b0\u1edbc v\u1eadt li\u1ec7u ch\u1ee7 y\u1ebfu c\u1eaft (12~20mm)*250mm. S\u1ed1 l\u1ea7n c\u1eaft t\u1eeb 8 \u0111\u1ebfn 12 l\u1ea7n m\u1ed7i ph\u00fat.<\/p>    <h2 class=\"wp-block-heading\" id=\"h-how-does-the-gantry-shear-work\">C\u00e1ch ho\u1ea1t \u0111\u1ed9ng c\u1ee7a c\u1eaft c\u1ea7n c\u1ea9u nh\u01b0 th\u1ebf n\u00e0o?<\/h2>    <figure class=\"wp-block-embed is-type-video is-provider-youtube wp-block-embed-youtube wp-embed-aspect-16-9 wp-has-aspect-ratio\"><div class=\"wp-block-embed__wrapper\"> <iframe loading=\"lazy\" title=\"M\u00e1y c\u1eaft th\u00e9p ph\u1ebf li\u1ec7u | m\u00e1y c\u1eaft kim lo\u1ea1i t\u1ea5m | m\u00e1y c\u1eaft kim lo\u1ea1i t\u1ea5m\" width=\"500\" height=\"281\" src=\"https:\/\/www.youtube.com\/embed\/JpCLiP-V-l0?feature=oembed\" frameborder=\"0\" allow=\"accelerometer; autoplay; clipboard-write; encrypted-media; gyroscope; picture-in-picture; web-share\" referrerpolicy=\"strict-origin-when-cross-origin\" allowfullscreen><\/iframe> <\/div><\/figure>    <p>C\u1ea7n c\u1ea9u c\u1eaft kim lo\u1ea1i ch\u1ee7 y\u1ebfu g\u1ed3m th\u00e2n m\u00e1y, h\u1ec7 th\u1ed1ng c\u1ea5p li\u1ec7u, h\u1ec7 th\u1ed1ng th\u1ee7y l\u1ef1c, h\u1ec7 th\u1ed1ng \u0111i\u1ec1u khi\u1ec3n \u0111i\u1ec7n, v.v. L\u1ef1c c\u1eaft c\u1ee7a m\u00e1y t\u1eeb 50t \u0111\u1ebfn 1200t. Th\u00e2n m\u00e1y \u0111\u01b0\u1ee3c h\u00e0n b\u1eb1ng th\u00e9p d\u00e0y v\u00e0 gia c\u1ed1 b\u00ean ngo\u00e0i, c\u00f3 th\u1ec3 ch\u1ecbu l\u1ef1c c\u1eaft m\u1ea1nh. Khi ho\u1ea1t \u0111\u1ed9ng, c\u1ea7n c\u1ea9u ho\u1eb7c thi\u1ebft b\u1ecb kh\u00e1c s\u1ebd \u0111\u01b0a v\u1eadt li\u1ec7u v\u00e0o h\u1ec7 th\u1ed1ng c\u1ea5p li\u1ec7u, v\u00e0 v\u1eadt li\u1ec7u s\u1ebd di chuy\u1ec3n v\u1ec1 ph\u00eda tr\u01b0\u1edbc b\u1eb1ng b\u0103ng chuy\u1ec1n. H\u1ec7 th\u1ed1ng th\u1ee7y l\u1ef1c b\u1eaft \u0111\u1ea7u ho\u1ea1t \u0111\u1ed9ng v\u00e0 dao c\u1eaft h\u1ea1 xu\u1ed1ng \u0111\u1ec3 c\u1eaft v\u1eadt li\u1ec7u. T\u1ed1c \u0111\u1ed9 c\u1ea5p li\u1ec7u c\u1ee7a b\u0103ng chuy\u1ec1n c\u00f3 th\u1ec3 \u0111i\u1ec1u ch\u1ec9nh v\u00f4 h\u1ea1n. C\u00f3 c\u00e1c thi\u1ebft b\u1ecb \u00e9p b\u00ean hai b\u00ean c\u1ee7a m\u00e1y \u0111\u1ec3 c\u1ed1 \u0111\u1ecbnh v\u1eadt li\u1ec7u v\u00e0 t\u0103ng t\u1ed1c qu\u00e1 tr\u00ecnh c\u1eaft.<\/p>    <figure class=\"wp-block-gallery has-nested-images columns-default is-cropped wp-block-gallery-3 is-layout-flex wp-block-gallery-is-layout-flex\"> <figure class=\"wp-block-image size-large\"><img loading=\"lazy\" decoding=\"async\" width=\"720\" height=\"540\" data-id=\"528\" src=\"https:\/\/shuliybaler.com\/wp-content\/uploads\/2019\/12\/heavy-duty-metal-cutting-machine.jpg\" alt=\"M\u00e1y c\u1eaft th\u00e9p ph\u1ebf li\u1ec7u\" class=\"wp-image-528\" title=\"\" srcset=\"https:\/\/shuliybaler.com\/wp-content\/uploads\/2019\/12\/heavy-duty-metal-cutting-machine.jpg 720w, https:\/\/shuliybaler.com\/wp-content\/uploads\/2019\/12\/heavy-duty-metal-cutting-machine-360x270.jpg 360w, https:\/\/shuliybaler.com\/wp-content\/uploads\/2019\/12\/heavy-duty-metal-cutting-machine-180x135.jpg 180w\" sizes=\"auto, (max-width: 720px) 100vw, 720px\" \/><figcaption>M\u00e1y c\u1eaft kim lo\u1ea1i c\u00f4ng nghi\u1ec7p n\u1eb7ng<\/figcaption><\/figure>    <figure class=\"wp-block-image size-large\"><img loading=\"lazy\" decoding=\"async\" width=\"720\" height=\"540\" data-id=\"527\" src=\"https:\/\/shuliybaler.com\/wp-content\/uploads\/2019\/12\/Guillotine-Shear-1.jpg\" alt=\"M\u00e1y c\u1eaft guillotine\" class=\"wp-image-527\" title=\"\" srcset=\"https:\/\/shuliybaler.com\/wp-content\/uploads\/2019\/12\/Guillotine-Shear-1.jpg 720w, https:\/\/shuliybaler.com\/wp-content\/uploads\/2019\/12\/Guillotine-Shear-1-360x270.jpg 360w, https:\/\/shuliybaler.com\/wp-content\/uploads\/2019\/12\/Guillotine-Shear-1-180x135.jpg 180w\" sizes=\"auto, (max-width: 720px) 100vw, 720px\" \/><figcaption>M\u00e1y c\u1eaft guillotine<\/figcaption><\/figure> <\/figure>    <h2 class=\"wp-block-heading\" id=\"h-features-of-the-car-body-cutting-machine\"><strong>C\u00e1c \u0111\u1eb7c \u0111i\u1ec3m c\u1ee7a m\u00e1y c\u1eaft th\u00e2n xe<\/strong><strong><\/strong><\/h2>    <p>1. M\u00e1y c\u1eaft th\u00e9p ph\u1ebf li\u1ec7u s\u1eed d\u1ee5ng truy\u1ec1n \u0111\u1ed9ng th\u1ee7y l\u1ef1c, c\u00f3 \u0111\u1eb7c \u0111i\u1ec3m ti\u1ebfng \u1ed3n nh\u1ecf, v\u1eadn h\u00e0nh \u1ed5n \u0111\u1ecbnh, qu\u00e1n t\u00ednh nh\u1ecf v\u00e0 b\u1ec1 m\u1eb7t c\u1eaft l\u1edbn, d\u1ec5 th\u1ef1c hi\u1ec7n b\u1ea3o v\u1ec7 qu\u00e1 t\u1ea3i.<\/p>    <p>2. K\u00edch th\u01b0\u1edbc v\u00e0 chi\u1ec1u d\u00e0i c\u1ee7a kh\u1ed1i c\u1eaft c\u00f3 th\u1ec3 \u0111i\u1ec1u ch\u1ec9nh, v\u00e0 ph\u01b0\u01a1ng ph\u00e1p \u0111i\u1ec1u ch\u1ec9nh r\u1ea5t thu\u1eadn ti\u1ec7n.<\/p>    <p>3. Ph\u1ea7n \u0111i\u1ec7n s\u1eed d\u1ee5ng th\u01b0\u01a1ng hi\u1ec7u n\u1ed5i ti\u1ebfng qu\u1ed1c t\u1ebf, Schneider Electric, \u0111\u1ec3 \u0111\u1ea3m b\u1ea3o tu\u1ed5i th\u1ecd c\u1ee7a m\u00e1y.<\/p>    <p>4. H\u1ec7 th\u1ed1ng th\u1ee7y l\u1ef1c truy\u1ec1n th\u1ed1ng c\u00f3 ti\u1ebfng \u1ed3n th\u1ea5p, hi\u1ec7u qu\u1ea3 c\u1eaft kim lo\u1ea1i cao.<\/p>    <p>H\u1ec7 th\u1ed1ng v\u1eadn h\u00e0nh t\u1ef1 \u0111\u1ed9ng ho\u00e0n to\u00e0n PLC, m\u1ee9c \u0111\u1ed9 t\u1ef1 \u0111\u1ed9ng h\u00f3a c\u1ee7a m\u00e1y cao.<\/p>   <div class=\"wp-block-image\"> <figure class=\"aligncenter size-large\"><img loading=\"lazy\" decoding=\"async\" width=\"720\" height=\"540\" src=\"https:\/\/shuliybaler.com\/wp-content\/uploads\/2019\/12\/our-customers-metal-scrap-factory-gantry-shear.jpg\" alt=\"M\u00e1y c\u1eaft th\u00e9p ph\u1ebf li\u1ec7u\" class=\"wp-image-530\" title=\"\" srcset=\"https:\/\/shuliybaler.com\/wp-content\/uploads\/2019\/12\/our-customers-metal-scrap-factory-gantry-shear.jpg 720w, https:\/\/shuliybaler.com\/wp-content\/uploads\/2019\/12\/our-customers-metal-scrap-factory-gantry-shear-360x270.jpg 360w, https:\/\/shuliybaler.com\/wp-content\/uploads\/2019\/12\/our-customers-metal-scrap-factory-gantry-shear-180x135.jpg 180w\" sizes=\"auto, (max-width: 720px) 100vw, 720px\" \/><figcaption>nh\u00e0 m\u00e1y ph\u1ebf li\u1ec7u kim lo\u1ea1i c\u1ee7a kh\u00e1ch h\u00e0ng ch\u00fang t\u00f4i - m\u00e1y c\u1eaft ki\u1ec3u c\u1ea7n<\/figcaption><\/figure> <\/div>  <div class=\"vlp-link-container vlp-layout-basic wp-block-visual-link-preview-link\"><a href=\"https:\/\/shuliybaler.com\/vi\/maintenance-tips-of-hydraulic-alligator-shears\/\" class=\"vlp-link\" title=\"M\u1eb9o b\u1ea3o tr\u00ec c\u1ee7a l\u01b0\u1ee1i c\u1eaft g\u1ea5p th\u1ee7y l\u1ef1c\" rel=\"nofollow\" target=\"_blank\"><\/a><div class=\"vlp-layout-zone-side\"><div class=\"vlp-block-2 vlp-link-image\"><img decoding=\"async\" src=\"https:\/\/shuliybaler.com\/wp-content\/uploads\/2019\/12\/alligator-shear.jpg\" style=\"max-width: 150px; max-height: 150px\" alt=\"\" title=\"\"><\/div><\/div><div class=\"vlp-layout-zone-main\"><div class=\"vlp-block-0 vlp-link-title\">M\u1eb9o b\u1ea3o tr\u00ec c\u1ee7a l\u01b0\u1ee1i c\u1eaft g\u1ea5p th\u1ee7y l\u1ef1c<\/div><div class=\"vlp-block-1 vlp-link-summary\">M\u00e1y c\u1eaft c\u00e1 s\u1ea5u (m\u00e1y c\u1eaft kim lo\u1ea1i th\u1ee7y l\u1ef1c) l\u00e0 thi\u1ebft b\u1ecb c\u1eaft th\u00e9p \u0111\u01b0\u1ee3c s\u1eed d\u1ee5ng r\u1ed9ng r\u00e3i, \u0111\u1eb7c bi\u1ec7t trong l\u0129nh v\u1ef1c t\u00e1i ch\u1ebf kim lo\u1ea1i ph\u1ebf li\u1ec7u. Vi\u1ec7c \u1ee9ng d\u1ee5ng m\u00e1y c\u1eaft kim lo\u1ea1i th\u1ee7y l\u1ef1c n\u00e0y c\u00f3 th\u1ec3 n\u00e2ng cao hi\u1ec7u qu\u1ea3 t\u00e1i ch\u1ebf kim lo\u1ea1i v\u1ee5n v\u00e0 t\u1ea1o ra l\u1ee3i \u00edch kinh t\u1ebf cao h\u01a1n\u2026<\/div><\/div><\/div>","protected":false},"excerpt":{"rendered":"<p>M\u00e1y c\u1eaft th\u00e9p ph\u1ebf li\u1ec7u c\u00f2n g\u1ecdi l\u00e0 m\u00e1y c\u1eaft ki\u1ec3u c\u1ea7n n\u1eb7ng, m\u00e1y c\u1eaft th\u00e9p ch\u1ecbu l\u1ef1c th\u1ee7y l\u1ef1c, m\u00e1y c\u1eaft th\u00e2n xe. Ph\u00f9 h\u1ee3p \u0111\u1ec3 c\u1eaft kim lo\u1ea1i l\u1edbn v\u00e0 d\u00e0i, nh\u1eb1m t\u1ea1o \u0111i\u1ec1u ki\u1ec7n cho gia c\u00f4ng ph\u1ee5. Chi\u1ec1u d\u00e0i c\u1eaft c\u00f3 th\u1ec3 \u0111i\u1ec1u ch\u1ec9nh th\u00e0nh t\u1eebng d\u1ea3i. Th\u01b0\u1eddng \u0111\u01b0\u1ee3c s\u1eed d\u1ee5ng trong c\u00e1c nh\u00e0 m\u00e1y th\u00e1o d\u1ee1 xe c\u0169, nh\u00e0 m\u00e1y t\u00e1i ch\u1ebf kim lo\u1ea1i, ng\u00e0nh luy\u1ec7n kim v\u00e0 s\u1ea3n xu\u1ea5t, ng\u00e0nh th\u01b0\u01a1ng m\u1ea1i kim lo\u1ea1i. <\/p>","protected":false},"author":1,"featured_media":2366,"parent":0,"template":"","tags":[35],"product-type":[43],"class_list":["post-523","product","type-product","status-publish","has-post-thumbnail","hentry","tag-scrap-steel-shearing-machine","product-type-metal-shear"],"_links":{"self":[{"href":"https:\/\/shuliybaler.com\/vi\/wp-json\/wp\/v2\/product\/523","targetHints":{"allow":["GET"]}}],"collection":[{"href":"https:\/\/shuliybaler.com\/vi\/wp-json\/wp\/v2\/product"}],"about":[{"href":"https:\/\/shuliybaler.com\/vi\/wp-json\/wp\/v2\/types\/product"}],"author":[{"embeddable":true,"href":"https:\/\/shuliybaler.com\/vi\/wp-json\/wp\/v2\/users\/1"}],"wp:featuredmedia":[{"embeddable":true,"href":"https:\/\/shuliybaler.com\/vi\/wp-json\/wp\/v2\/media\/2366"}],"wp:attachment":[{"href":"https:\/\/shuliybaler.com\/vi\/wp-json\/wp\/v2\/media?parent=523"}],"wp:term":[{"taxonomy":"post_tag","embeddable":true,"href":"https:\/\/shuliybaler.com\/vi\/wp-json\/wp\/v2\/tags?post=523"},{"taxonomy":"product-type","embeddable":true,"href":"https:\/\/shuliybaler.com\/vi\/wp-json\/wp\/v2\/product-type?post=523"}],"curies":[{"name":"wp","href":"https:\/\/api.w.org\/{rel}","templated":true}]}}