{"id":540,"date":"2019-12-14T09:21:04","date_gmt":"2019-12-14T01:21:04","guid":{"rendered":"https:\/\/shuliybaler.com\/?p=540"},"modified":"2022-09-27T10:15:58","modified_gmt":"2022-09-27T02:15:58","slug":"horizontal-metal-briquetting-machine","status":"publish","type":"product","link":"https:\/\/shuliybaler.com\/vi\/product\/horizontal-metal-briquetting-machine\/","title":{"rendered":"M\u00e1y n\u00e9n b\u00e0o kim lo\u1ea1i | M\u00e1y n\u00e9n v\u1ee5n nh\u00f4m"},"content":{"rendered":"<p class=\"translation-block\">M\u1ed9t m\u00e1y briquetting m\u1ea3nh kim lo\u1ea1i   (m\u00e1y n\u00e9n chip kim lo\u1ea1i n\u1eb1m ngang,   m\u00e1y briquetting chip\/th\u00e0nh ph\u1ea7n th\u00e9p ph\u1ebf li\u1ec7u) l\u00e0 thi\u1ebft b\u1ecb l\u00fd t\u01b0\u1edfng \u0111\u1ec3 x\u1eed l\u00fd chips \u0111\u1ed3ng, chips s\u1eaft v\u00e0 chips nh\u00f4m. So v\u1edbi m\u00e1y briquetting kim lo\u1ea1i theo chi\u1ec1u d\u1ecdc, m\u1eb7c d\u00f9 m\u00e1y n\u00e0y c\u00f3 footprint l\u1edbn, n\u00f3 c\u00f3 l\u1ef1c \u00e9p l\u1edbn h\u01a1n v\u00e0 c\u00f3 th\u1ec3 \u00e9p c\u00e1c chip kim lo\u1ea1i th\u00e0nh kh\u1ed1i m\u1eadt \u0111\u1ed9 cao d\u01b0\u1edbi t\u00e1c d\u1ee5ng c\u1ee7a c\u00fa \u0111\u1ea5m th\u1ee7y l\u1ef1c. L\u00e0 m\u00e1y kh\u00f4ng th\u1ec3 thi\u1ebfu trong ng\u00e0nh kim lo\u1ea1i.<\/p>    <figure class=\"wp-block-image size-full is-resized\"><img loading=\"lazy\" decoding=\"async\" src=\"https:\/\/shuliybaler.com\/wp-content\/uploads\/2019\/12\/0.256.png\" alt=\"Briquetting m\u1ea3nh kim lo\u1ea1i\u00a0\" class=\"wp-image-2275\" width=\"1150\" height=\"305\" title=\"\"><figcaption>\u00c9p vi\u00ean kim lo\u1ea1i v\u1ee5n<\/figcaption><\/figure>    <h2 class=\"wp-block-heading\" id=\"h-brief-introduction-of-metal-shaving-briquetting-machine\">Gi\u1edbi thi\u1ec7u ng\u1eafn g\u1ecdn v\u1ec1 m\u00e1y \u00e9p vi\u00ean kim lo\u1ea1i v\u1ee5n <\/h2>    <figure class=\"wp-block-image size-full\"><img loading=\"lazy\" decoding=\"async\" width=\"720\" height=\"540\" src=\"https:\/\/shuliybaler.com\/wp-content\/uploads\/2019\/12\/xintu-.jpg\" alt=\"M\u00e1y n\u00e9n v\u1ee5n kim lo\u1ea1i\" class=\"wp-image-2276\" title=\"\"><figcaption>M\u00e1y \u00e9p vi\u00ean kim lo\u1ea1i v\u1ee5n<\/figcaption><\/figure>    <p>M\u00e1y briquetting s\u1eaft ph\u1ebf li\u1ec7u ph\u00f9 h\u1ee3p n\u00e9n c\u00e1c kim lo\u1ea1i phi ferrous kh\u00e1c nhau, nh\u01b0 x\u1ec9 th\u00e9p kh\u00f4ng g\u1ec9, x\u1ec9 \u0111\u1ed3ng, x\u1ec9 s\u1eaft, x\u1ec9 h\u1ee3p kim, k\u1ebdm, \u0111\u1ed3ng thau, titan, magie, v.v. M\u00e1y briquetting m\u1ea3nh kim lo\u1ea1i l\u00e0 thi\u1ebft b\u1ecb r\u00e8n \u0111\u1eb7c bi\u1ec7t cho ng\u00e0nh t\u00e1i ch\u1ebf kim lo\u1ea1i. N\u00f3 c\u00f3 th\u1ec3 n\u00e9n m\u1ea3nh kim lo\u1ea1i th\u00e0nh vi\u00ean briquettes c\u00f3 m\u1eadt \u0111\u1ed9 cao trong th\u1eddi gian ng\u1eafn v\u00e0 sau \u0111\u00f3 \u0111\u01b0a v\u00e0o l\u00f2 nh\u1eb1m c\u1ea3i thi\u1ec7n hi\u1ec7u su\u1ea5t s\u1eed d\u1ee5ng l\u00f2. \u0110\u1ed3ng th\u1eddi, c\u0169ng thu\u1eadn ti\u1ec7n cho l\u01b0u tr\u1eef v\u00e0 v\u1eadn chuy\u1ec3n ph\u1ebf li\u1ec7u kim lo\u1ea1i.<\/p>   <div class=\"vlp-link-container vlp-layout-basic wp-block-visual-link-preview-link\"><a href=\"https:\/\/shuliybaler.com\/vi\/metal-briquetting-machine\/\" class=\"vlp-link\" title=\"M\u00e1y \u00e9p briquetting x\u1ec9 kim lo\u1ea1i r\u00e1c th\u1ea3i kim lo\u1ea1i | m\u00e1y briquetting x\u1ec9 kim lo\u1ea1i\" rel=\"nofollow\" target=\"_blank\"><\/a><div class=\"vlp-layout-zone-side\"><div class=\"vlp-block-2 vlp-link-image\"><img decoding=\"async\" src=\"https:\/\/shuliybaler.com\/wp-content\/uploads\/2019\/12\/1698-3.jpg\" style=\"max-width: 150px; max-height: 150px\" alt=\"\" title=\"\"><\/div><\/div><div class=\"vlp-layout-zone-main\"><div class=\"vlp-block-0 vlp-link-title\">M\u00e1y \u00e9p briquetting x\u1ec9 kim lo\u1ea1i r\u00e1c th\u1ea3i kim lo\u1ea1i | m\u00e1y briquetting x\u1ec9 kim lo\u1ea1i<\/div><div class=\"vlp-block-1 vlp-link-summary\">M\u00e1y briquetting x\u1ec9 kim lo\u1ea1i c\u00f2n \u0111\u01b0\u1ee3c g\u1ecdi l\u00e0 m\u00e1y t\u00e1i ch\u1ebf ph\u1ebf li\u1ec7u kim lo\u1ea1i th\u1eb3ng \u0111\u1ee9ng, m\u00e1y gh\u00e9p n\u1ed1i chip kim lo\u1ea1i, m\u00e1y \u00e9p kim lo\u1ea1i, ho\u1eb7c m\u00e1y n\u00e9n m\u1eadt \u0111\u1ed9 cao<\/div><\/div><\/div>   <h2 class=\"wp-block-heading\" id=\"h-working-principle-of-aluminum-chips-briquetting-machine\">Nguy\u00ean l\u00fd ho\u1ea1t \u0111\u1ed9ng c\u1ee7a m\u00e1y \u00e9p vi\u00ean nh\u00f4m<\/h2>    <figure class=\"wp-block-image size-full\"><img loading=\"lazy\" decoding=\"async\" width=\"720\" height=\"540\" src=\"https:\/\/shuliybaler.com\/wp-content\/uploads\/2019\/12\/\u672a\u547d\u540d\u56fe\u7247-7.jpg\" alt=\"aluminum chips\u00a0briquetting machine\" class=\"wp-image-2280\" title=\"\"><figcaption>M\u00e1y \u00e9p vi\u00ean nh\u00f4m<\/figcaption><\/figure>    <p>\u0110\u1ed5 c\u00e1c m\u1ea3nh, v\u1ea1t ti\u1ec7n, x\u1ec9, s\u1eaft ph\u1ebf li\u1ec7u, x\u1ec9 \u0111\u1ed3ng, nh\u00f4m v\u00e0 c\u00e1c nguy\u00ean li\u1ec7u kim lo\u1ea1i kh\u00e1c v\u00e0o hopper cho m\u00e1y. Nguy\u00ean li\u1ec7u \u0111i v\u00e0o khu\u00f4n h\u00ecnh v\u00e0 \u0111\u01b0\u1ee3c \u00e9p b\u1eb1ng c\u00fa \u0111\u1ea5m th\u1ee7y l\u1ef1c \u0111\u1ec3 t\u1ea1o th\u00e0nh kh\u1ed1i kim lo\u1ea1i r\u1eafn. Sau \u0111\u00f3, n\u00f3 \u0111\u01b0\u1ee3c \u0111\u1ea9y ra b\u1eb1ng \u0111\u1ea9y tr\u1ee5c v\u00e0 \u0111i v\u00e0o b\u0103ng chuy\u1ec1n x\u1ea3. M\u00e1y n\u00e0y c\u00f3 th\u1ec3 k\u1ebft h\u1ee3p v\u1edbi thang m\u00e1y th\u00f9ng, m\u00e1y x\u00e9 kim lo\u1ea1i, v.v.<\/p>   <div class=\"vlp-link-container vlp-layout-basic wp-block-visual-link-preview-link\"><a href=\"https:\/\/shuliybaler.com\/vi\/improve-the-briquetting-strength\/\" class=\"vlp-link\" title=\"L\u00e0m th\u1ebf n\u00e0o \u0111\u1ec3 c\u1ea3i thi\u1ec7n \u0111\u1ed9 k\u1ebft d\u00ednh c\u1ee7a m\u00e1y n\u00e9n ph\u1ebf li\u1ec7u s\u1eaft v\u1ee5n?\" rel=\"nofollow\" target=\"_blank\"><\/a><div class=\"vlp-layout-zone-side\"><div class=\"vlp-block-2 vlp-link-image\"><img decoding=\"async\" src=\"https:\/\/shuliybaler.com\/wp-content\/uploads\/2022\/06\/metal-briquetting-machine.jpg\" style=\"max-width: 150px; max-height: 150px\" alt=\"\" title=\"\"><\/div><\/div><div class=\"vlp-layout-zone-main\"><div class=\"vlp-block-0 vlp-link-title\">L\u00e0m th\u1ebf n\u00e0o \u0111\u1ec3 c\u1ea3i thi\u1ec7n \u0111\u1ed9 k\u1ebft d\u00ednh c\u1ee7a m\u00e1y n\u00e9n ph\u1ebf li\u1ec7u s\u1eaft v\u1ee5n?<\/div><div class=\"vlp-block-1 vlp-link-summary\">Trong qu\u00e1 tr\u00ecnh s\u1ea3n xu\u1ea5t m\u00e1y briquetting x\u1ec9 s\u1eaft, nhi\u1ec1u kh\u00e1ch h\u00e0ng cho bi\u1ebft \u0111\u1ed9 b\u1ec1n c\u1ee7a b\u00e1nh briquette h\u00ecnh th\u00e0nh kh\u00f4ng cao v\u00e0 n\u00f3 b\u1ecb g\u00e3y trong qu\u00e1 tr\u00ecnh x\u1ebfp t\u1ea7ng ho\u1eb7c nung k\u1ebft. Sau khi x\u1eed l\u00fd s\u1ef1 c\u1ed1 thi\u1ebft b\u1ecb, ch\u00fang t\u00f4i \u0111\u1ec1 xu\u1ea5t several c\u00e1ch \u0111\u1ec3 c\u1ea3i thi\u1ec7n \u0111\u1ed9 b\u1ec1n c\u1ee7a briquettes b\u1ed9t s\u1eaft, w\u2026<\/div><\/div><\/div>   <h2 class=\"wp-block-heading\" id=\"h-what-are-the-dangers-of-recycling-metal-scrap-directly\">Nh\u1eefng nguy hi\u1ec3m khi t\u00e1i ch\u1ebf ph\u1ebf li\u1ec7u kim lo\u1ea1i ngay t\u1ea1i ngu\u1ed3n l\u00e0 g\u00ec?<\/h2>    <figure class=\"wp-block-image size-full\"><img loading=\"lazy\" decoding=\"async\" width=\"720\" height=\"540\" src=\"https:\/\/shuliybaler.com\/wp-content\/uploads\/2019\/12\/0.1.jpg\" alt=\"\" class=\"wp-image-2278\" title=\"\"><figcaption>M\u00e1y \u00e9p vi\u00ean nh\u00f4m<\/figcaption><\/figure>    <ol class=\"wp-block-list\"><li>C\u00e1c h\u1ea1t s\u1eaft c\u00f3 th\u1ec3 nh\u1ecf v\u1ec1 th\u1ec3 t\u00edch v\u00e0 c\u00f3 m\u1eadt \u0111\u1ed9 cao. \u0110\u01b0a tr\u1ef1c ti\u1ebfp v\u00e0o l\u00f2 luy\u1ec7n s\u1ebd l\u00e0m t\u1eafc \u0111\u01b0\u1eddng \u0111i c\u1ee7a kh\u00ed v\u00e0 \u1ea3nh h\u01b0\u1edfng \u0111\u1ebfn qu\u00e1 tr\u00ecnh luy\u1ec7n kim.<\/li><li>Khi lu\u1ed3ng kh\u00ed trong l\u00f2 l\u1edbn, b\u1ee5i s\u1eaft b\u1ecb th\u1ed5i bay g\u00e2y t\u1ec9 l\u1ec7 x\u1ea3 ra th\u1ea5p.<\/li><li>C\u00e1c h\u1ea1t s\u1eaft c\u00f3 th\u1ec3 d\u1ec5 b\u00e1m v\u00e0o th\u00e0nh l\u00f2 m\u00e0 kh\u00f4ng \u0111\u01b0\u1ee3c x\u1eed l\u00fd briquette, l\u00e0m cho th\u00e0nh l\u00f2 d\u00e0y h\u01a1n v\u00e0 \u0103n m\u00f2n l\u00f2 m\u1ea1nh h\u01a1n.<\/li><li>S\u1eaft ph\u1ebf li\u1ec7u, silic, mangan v\u00e0 c\u00e1c v\u1eadt li\u1ec7u kh\u00e1c kh\u00f3 l\u01b0u tr\u1eef. Ti\u1ebfp x\u00fac v\u1edbi n\u01b0\u1edbc v\u00e0 kh\u00f4ng kh\u00ed s\u1ebd g\u00e2y oxy h\u00f3a v\u00e0 h\u1ecfng. Tuy nhi\u00ean, \u0111i\u1ec3m n\u00f3ng ch\u1ea3y c\u1ee7a oxit s\u1eaft cao h\u01a1n s\u1eaft, d\u1eabn \u0111\u1ebfn th\u1eddi gian luy\u1ec7n kim d\u00e0i v\u00e0 t\u0103ng chi ph\u00ed \u0111\u1ed1t ch\u00e1y<\/li><li>X\u1ec9 s\u1eaft d\u1ec5 b\u1ecb qu\u1ea5n b\u1edfi x\u1ec9, d\u1eabn t\u1edbi hi\u1ec7u su\u1ea5t s\u1eed d\u1ee5ng nguy\u00ean li\u1ec7u th\u00f4 th\u1ea5p.<\/li><\/ol>   <div class=\"vlp-link-container vlp-layout-basic wp-block-visual-link-preview-link\"><a href=\"https:\/\/shuliybaler.com\/vi\/how-to-maintain-the-bearings-of-a-metal-briquette-machine\/\" class=\"vlp-link\" title=\"C\u00e1ch b\u1ea3o tr\u00ec b\u1ea1c \u0111\u1ea1n c\u1ee7a m\u00e1y n\u00e9n x\u1ec9 kim lo\u1ea1i\" rel=\"nofollow\" target=\"_blank\"><\/a><div class=\"vlp-layout-zone-side\"><div class=\"vlp-block-2 vlp-link-image\"><img decoding=\"async\" src=\"https:\/\/shuliybaler.com\/wp-content\/uploads\/2020\/01\/scrap-metal-chips-briquetting-machine.jpg\" style=\"max-width: 150px; max-height: 150px\" alt=\"\" title=\"\"><\/div><\/div><div class=\"vlp-layout-zone-main\"><div class=\"vlp-block-0 vlp-link-title\">C\u00e1ch b\u1ea3o tr\u00ec b\u1ea1c \u0111\u1ea1n c\u1ee7a m\u00e1y n\u00e9n x\u1ec9 kim lo\u1ea1i<\/div><div class=\"vlp-block-1 vlp-link-summary\">M\u00e1y briquetting chip kim lo\u1ea1i ch\u1ee7 y\u1ebfu th\u00edch h\u1ee3p n\u00e9n nhi\u1ec1u lo\u1ea1i m\u1ea3nh kim lo\u1ea1i nh\u1ecf th\u00e0nh kh\u1ed1i kim lo\u1ea1i ch\u1ea5t r\u1eafn. V\u00ed d\u1ee5, s\u1eaft<\/div><\/div><\/div>   <h2 class=\"wp-block-heading\" id=\"h-aluminum-chips-briquetting-machine-structure\">C\u1ea5u tr\u00fac m\u00e1y \u00e9p vi\u00ean nh\u00f4m<\/h2>    <figure class=\"wp-block-image size-full\"><img loading=\"lazy\" decoding=\"async\" width=\"720\" height=\"540\" src=\"https:\/\/shuliybaler.com\/wp-content\/uploads\/2019\/12\/58.jpg\" alt=\"C\u1ea5u tr\u00fac m\u00e1y briquetting m\u1ea3nh kim lo\u1ea1i\" class=\"wp-image-2277\" title=\"\"><figcaption>C\u1ea5u tr\u00fac m\u00e1y \u00e9p vi\u00ean kim lo\u1ea1i v\u1ee5n<\/figcaption><\/figure>    <p>Gi\u00e1 c\u1ee7a m\u1ed9t m\u00e1y th\u01b0\u1eddng t\u1ef7 l\u1ec7 thu\u1eadn v\u1edbi ch\u1ea5t l\u01b0\u1ee3ng c\u1ee7a n\u00f3. M\u00e1y n\u00e0y ch\u1ee7 y\u1ebfu \u0111\u01b0\u1ee3c c\u1ea5u th\u00e0nh t\u1eeb m\u1ed9t t\u1ea5m \u0111\u1ebf, xy-lanh h\u00ecnh th\u00e0nh, xy-lanh \u0111\u1ea9y, khung khu\u00f4n v\u00e0 khu\u00f4n, \u0111\u1ea7u \u00e9p, \u0111\u1ed9ng c\u01a1, b\u00ecnh d\u1ea7u th\u1ee7y l\u1ef1c, thi\u1ebft b\u1ecb b\u1ea3o v\u1ec7 qu\u00e1 \u00e1p v\u00e0 qu\u00e1 d\u00f2ng, c\u00f4ng t\u1eafc d\u1eebng kh\u1ea9n c\u1ea5p, b\u1ea3ng \u0111i\u1ec1u khi\u1ec3n, v.v. Ph\u1ea7n \u0111i\u1ec7n s\u1eed d\u1ee5ng c\u00e1c th\u01b0\u01a1ng hi\u1ec7u qu\u1ed1c t\u1ebf n\u1ed5i ti\u1ebfng \u0111\u1ec3 \u0111\u1ea3m b\u1ea3o m\u00e1y c\u00f3 th\u1ec3 l\u00e0m vi\u1ec7c li\u00ean t\u1ee5c trong th\u1eddi gian d\u00e0i. H\u1ec7 th\u1ed1ng th\u1ee7y l\u1ef1c \u00e1p d\u1ee5ng c\u00f4ng ngh\u1ec7 ti\u00ean ti\u1ebfn \u0111\u1ec3 \u0111\u1ea3m b\u1ea3o li\u00ean k\u1ebft ch\u1eb7t ch\u1ebd v\u00e0 kh\u00f4ng r\u00f2 r\u1ec9 d\u1ea7u.<\/p>    <h2 class=\"wp-block-heading\">Gi\u00e1 c\u1ee7a m\u1ed9t m\u00e1y \u00e9p vi\u00ean kim lo\u1ea1i v\u1ee5n l\u00e0 bao nhi\u00eau?<\/h2>    <figure class=\"wp-block-gallery has-nested-images columns-2 is-cropped wp-block-gallery-2 is-layout-flex wp-block-gallery-is-layout-flex\"> <figure class=\"wp-block-image size-large\"><img loading=\"lazy\" decoding=\"async\" width=\"720\" height=\"540\" data-id=\"2281\" src=\"https:\/\/shuliybaler.com\/wp-content\/uploads\/2019\/12\/u2868808451582290434fm199app68fJPEG.jpg\" alt=\"M\u00e1y n\u00e9n v\u1ee5n kim lo\u1ea1i \" class=\"wp-image-2281\" title=\"\"><figcaption>M\u00e1y \u00e9p vi\u00ean nh\u00f4m<\/figcaption><\/figure>    <figure class=\"wp-block-image size-large\"><img loading=\"lazy\" decoding=\"async\" width=\"720\" height=\"540\" data-id=\"2282\" src=\"https:\/\/shuliybaler.com\/wp-content\/uploads\/2019\/12\/1641298199.jpg\" alt=\"M\u00e1y n\u00e9n v\u1ee5n kim lo\u1ea1i \" class=\"wp-image-2282\" title=\"\"><figcaption>M\u00e1y \u00e9p vi\u00ean kim lo\u1ea1i v\u1ee5n <\/figcaption><\/figure>    <figure class=\"wp-block-image size-large\"><img loading=\"lazy\" decoding=\"async\" width=\"720\" height=\"540\" data-id=\"2283\" src=\"https:\/\/shuliybaler.com\/wp-content\/uploads\/2019\/12\/new-designed-metal-scraps-press-machine.png.webp.jpg\" alt=\"M\u00e1y n\u00e9n v\u1ee5n kim lo\u1ea1i \" class=\"wp-image-2283\" title=\"\"><figcaption>M\u00e1y \u00e9p vi\u00ean kim lo\u1ea1i v\u1ee5n <\/figcaption><\/figure>    <figure class=\"wp-block-image size-large\"><img loading=\"lazy\" decoding=\"async\" width=\"720\" height=\"540\" data-id=\"2284\" src=\"https:\/\/shuliybaler.com\/wp-content\/uploads\/2019\/12\/u25173659733467872037fm199app68fJPEG.jpg\" alt=\"M\u00e1y n\u00e9n v\u1ee5n kim lo\u1ea1i \" class=\"wp-image-2284\" title=\"\"><figcaption>M\u00e1y \u00e9p vi\u00ean kim lo\u1ea1i v\u1ee5n <\/figcaption><\/figure> <\/figure>    <p>&nbsp;Nhi\u1ec1u m\u00e1y kh\u00f4ng kh\u00e1c nhau nhi\u1ec1u v\u1ec1 h\u00ecnh th\u1ee9c. Tuy nhi\u00ean, sau khi so s\u00e1nh, c\u00f3 th\u1ec3 k\u1ebft lu\u1eadn r\u1eb1ng gi\u00e1 c\u1ea3 li\u00ean quan \u0111\u1ebfn ch\u1ea5t l\u01b0\u1ee3ng, v\u00e0 gi\u00e1 s\u1ebd kh\u00e1c nhau cho c\u00e1c m\u1eabu kh\u00e1c nhau. V\u1eadt li\u1ec7u s\u1eed d\u1ee5ng, \u0111\u1ed9 d\u00e0y c\u1ee7a v\u1eadt li\u1ec7u m\u00e1y, ch\u1ea5t l\u01b0\u1ee3ng \u0111\u1ed9ng c\u01a1 v\u00e0 quy tr\u00ecnh s\u1ea3n xu\u1ea5t \u0111\u1ec1u l\u00e0 nh\u1eefng y\u1ebfu t\u1ed1 g\u00e2y ra s\u1ef1 kh\u00e1c bi\u1ec7t v\u1ec1 gi\u00e1 c\u1ee7a m\u00e1y. Shuliy s\u1ebd thi\u1ebft k\u1ebf k\u1ebf ho\u1ea1ch s\u1ea3n xu\u1ea5t ph\u00f9 h\u1ee3p nh\u1ea5t cho kh\u00e1ch h\u00e0ng v\u00e0 \u0111\u1ec1 xu\u1ea5t c\u00e1c m\u00e1y ph\u00f9 h\u1ee3p.<\/p>    <p>Hi\u1ec3n th\u1ecb hi\u1ec7u \u1ee9ng m\u00e1y briquetting m\u1ea3nh kim lo\u1ea1i<\/p>    <figure class=\"wp-block-gallery has-nested-images columns-2 is-cropped wp-block-gallery-3 is-layout-flex wp-block-gallery-is-layout-flex\"> <figure class=\"wp-block-image size-large\"><img loading=\"lazy\" decoding=\"async\" width=\"720\" height=\"540\" data-id=\"2285\" src=\"https:\/\/shuliybaler.com\/wp-content\/uploads\/2019\/12\/u27771247752629997818fm199app68fJPEG.jpg\" alt=\"M\u00e1y \u00e9p vi\u00ean kim lo\u1ea1i nh\u00f4m\" class=\"wp-image-2285\" title=\"\"><figcaption>Hi\u1ec7u \u1ee9ng hi\u1ec3n th\u1ecb m\u00e1y \u00e9p vi\u00ean nh\u00f4m<\/figcaption><\/figure>    <figure class=\"wp-block-image size-large\"><img loading=\"lazy\" decoding=\"async\" width=\"720\" height=\"540\" data-id=\"2286\" src=\"https:\/\/shuliybaler.com\/wp-content\/uploads\/2019\/12\/1728148099784019586.jpg\" alt=\"M\u00e1y \u00e9p vi\u00ean kim lo\u1ea1i nh\u00f4m\" class=\"wp-image-2286\" title=\"\"><figcaption>Hi\u1ec7u \u1ee9ng hi\u1ec3n th\u1ecb m\u00e1y \u00e9p vi\u00ean nh\u00f4m<\/figcaption><\/figure>    <figure class=\"wp-block-image size-large\"><img loading=\"lazy\" decoding=\"async\" width=\"720\" height=\"540\" data-id=\"2287\" src=\"https:\/\/shuliybaler.com\/wp-content\/uploads\/2019\/12\/csm_RUF-Briketts-aus-verschiedenen-Metallen_56f3292710.jpg\" alt=\"M\u00e1y \u00e9p vi\u00ean kim lo\u1ea1i nh\u00f4m\" class=\"wp-image-2287\" title=\"\"><figcaption>Hi\u1ec7u \u1ee9ng hi\u1ec3n th\u1ecb m\u00e1y \u00e9p vi\u00ean nh\u00f4m<\/figcaption><\/figure>    <figure class=\"wp-block-image size-large\"><img loading=\"lazy\" decoding=\"async\" width=\"720\" height=\"540\" data-id=\"2288\" src=\"https:\/\/shuliybaler.com\/wp-content\/uploads\/2019\/12\/12.jpg\" alt=\"M\u00e1y \u00e9p vi\u00ean kim lo\u1ea1i nh\u00f4m\" class=\"wp-image-2288\" title=\"\"><figcaption>Hi\u1ec7u \u1ee9ng hi\u1ec3n th\u1ecb m\u00e1y \u00e9p vi\u00ean nh\u00f4m<\/figcaption><\/figure> <figcaption class=\"blocks-gallery-caption\">Hi\u1ec3n th\u1ecb hi\u1ec7u \u1ee9ng m\u00e1y briquetting chips nh\u00f4m<\/figcaption><\/figure>    <h2 class=\"wp-block-heading\">Video v\u1ec1 m\u00e1y \u00e9p vi\u00ean kim lo\u1ea1i v\u1ee5n<\/h2>    <figure class=\"wp-block-embed is-type-video is-provider-youtube wp-block-embed-youtube wp-embed-aspect-16-9 wp-has-aspect-ratio\"><div class=\"wp-block-embed__wrapper\"> <iframe loading=\"lazy\" title=\"Nh\u1eefng m\u1ea3nh nh\u00f4m t\u1eeb nh\u00e0 m\u00e1y \u0111\u01b0\u1ee3c d\u00f9ng \u0111\u1ec3 l\u00e0m g\u00ec?| li\u1ec7u m\u1ea3nh kim lo\u1ea1i c\u00f3 th\u1ec3 briquet th\u00e0nh kh\u1ed1i l\u1ea1i \u0111\u01b0\u1ee3c kh\u00f4ng?\" width=\"500\" height=\"281\" src=\"https:\/\/www.youtube.com\/embed\/I3TqlAc0_4w?start=13&#038;feature=oembed\" frameborder=\"0\" allow=\"accelerometer; autoplay; clipboard-write; encrypted-media; gyroscope; picture-in-picture; web-share\" referrerpolicy=\"strict-origin-when-cross-origin\" allowfullscreen><\/iframe> <\/div><figcaption>m\u00e1y briquetting chips nh\u00f4m<\/figcaption><\/figure>","protected":false},"excerpt":{"rendered":"<p>M\u1ed9t m\u00e1y \u00e9p vi\u00ean kim lo\u1ea1i v\u1ee5n (m\u00e1y n\u00e9n v\u1ee5n kim lo\u1ea1i n\u1eb1m ngang, m\u00e1y t\u00e1i ch\u1ebf \u00e9p vi\u00ean kim lo\u1ea1i\/th\u00e9p ph\u1ebf li\u1ec7u) l\u00e0 thi\u1ebft b\u1ecb l\u00fd t\u01b0\u1edfng \u0111\u1ec3 x\u1eed l\u00fd v\u1ee5n \u0111\u1ed3ng, v\u1ee5n s\u1eaft v\u00e0 v\u1ee5n nh\u00f4m. So v\u1edbi m\u00e1y \u00e9p vi\u00ean kim lo\u1ea1i \u0111\u1ee9ng, m\u1eb7c d\u00f9 m\u00e1y n\u00e0y c\u00f3 di\u1ec7n t\u00edch l\u1edbn h\u01a1n, nh\u01b0ng n\u00f3 c\u00f3 \u00e1p l\u1ef1c l\u1edbn h\u01a1n, c\u00f3 th\u1ec3 \u00e9p c\u00e1c v\u1ee5n kim lo\u1ea1i th\u00e0nh m\u1ed9t kh\u1ed1i c\u00f3 m\u1eadt \u0111\u1ed9 cao d\u01b0\u1edbi t\u00e1c \u0111\u1ed9ng c\u1ee7a m\u1ed9t m\u00e1y \u0111\u1ea5m th\u1ee7y l\u1ef1c. M\u1ed9t m\u00e1y kh\u00f4ng th\u1ec3 thi\u1ebfu trong ng\u00e0nh c\u00f4ng nghi\u1ec7p gia c\u00f4ng kim lo\u1ea1i.<\/p>","protected":false},"author":1,"featured_media":2311,"parent":0,"template":"","tags":[],"product-type":[42],"class_list":["post-540","product","type-product","status-publish","has-post-thumbnail","hentry","product-type-metal-briquetting-machine"],"_links":{"self":[{"href":"https:\/\/shuliybaler.com\/vi\/wp-json\/wp\/v2\/product\/540","targetHints":{"allow":["GET"]}}],"collection":[{"href":"https:\/\/shuliybaler.com\/vi\/wp-json\/wp\/v2\/product"}],"about":[{"href":"https:\/\/shuliybaler.com\/vi\/wp-json\/wp\/v2\/types\/product"}],"author":[{"embeddable":true,"href":"https:\/\/shuliybaler.com\/vi\/wp-json\/wp\/v2\/users\/1"}],"wp:featuredmedia":[{"embeddable":true,"href":"https:\/\/shuliybaler.com\/vi\/wp-json\/wp\/v2\/media\/2311"}],"wp:attachment":[{"href":"https:\/\/shuliybaler.com\/vi\/wp-json\/wp\/v2\/media?parent=540"}],"wp:term":[{"taxonomy":"post_tag","embeddable":true,"href":"https:\/\/shuliybaler.com\/vi\/wp-json\/wp\/v2\/tags?post=540"},{"taxonomy":"product-type","embeddable":true,"href":"https:\/\/shuliybaler.com\/vi\/wp-json\/wp\/v2\/product-type?post=540"}],"curies":[{"name":"wp","href":"https:\/\/api.w.org\/{rel}","templated":true}]}}