{"id":572,"date":"2019-12-14T16:54:38","date_gmt":"2019-12-14T08:54:38","guid":{"rendered":"https:\/\/shuliybaler.com\/?p=572"},"modified":"2022-09-27T10:17:08","modified_gmt":"2022-09-27T02:17:08","slug":"alligator-shear","status":"publish","type":"product","link":"https:\/\/shuliybaler.com\/vi\/product\/alligator-shear\/","title":{"rendered":"C\u1eaft kim lo\u1ea1i ph\u1ebf li\u1ec7u | dao c\u00e1 s\u1ea5u h\u00ecnh c\u00e1 s\u1ea5u v\u00e0 m\u00e1y"},"content":{"rendered":"<p class=\"translation-block\">C\u1eaft kim lo\u1ea1i ph\u1ebf li\u1ec7u  c\u0169ng \u0111\u01b0\u1ee3c g\u1ecdi l\u00e0 m\u00e1y c\u1eaft kim lo\u1ea1i h\u00ecnh c\u00e1 s\u1ea5u, r\u1ea5t ph\u00f9 h\u1ee3p \u0111\u1ec3 c\u1eaft kim lo\u1ea1i d\u00e0i. So v\u1edbi c\u00e1c thi\u1ebft b\u1ecb c\u1eaft kh\u00e1c , n\u00f3 c\u00f3 \u0111\u1eb7c \u0111i\u1ec3m nh\u1eb9, footprint nh\u1ecf v\u00e0 hi\u1ec7u su\u1ea5t cao. V\u00ec v\u1eady, m\u00e1y n\u00e0y th\u01b0\u1eddng \u0111\u01b0\u1ee3c s\u1eed d\u1ee5ng \u1edf c\u00e1c nh\u00e0 m\u00e1y c\u00e1n, nh\u00e0 m\u00e1y t\u00e1i ch\u1ebf kim lo\u1ea1i, nh\u00e0 m\u00e1y th\u00e1o d\u1ee1 ph\u1ebf li\u1ec7u \u00f4 t\u00f4, nh\u00e0 m\u00e1y t\u00e1i ch\u1ebf \u0111i\u1ec7n t\u1eed, v.v. N\u00f3 r\u1ea5t ph\u00f9 h\u1ee3p \u0111\u1ec3 c\u1eaft th\u00e9p h\u00ecnh tr\u00f2n, th\u00e9p h\u00ecnh, th\u00e9p cu\u1ed9n, d\u00e2y, t\u1ea5m s\u1eaft, t\u1ea5m m\u00e0u, h\u1ee3p kim nh\u00f4m, th\u00e9p ch\u1eef nh\u1eadt, \u0111\u1ed3ng, t\u1ea5m s\u1eaft, ph\u1ebf li\u1ec7u kim lo\u1ea1i, v.v. cho c\u00e1c c\u00f4ng \u0111o\u1ea1n x\u1eed l\u00fd ti\u1ebfp theo.<\/p>    <figure class=\"wp-block-image size-full\"><img loading=\"lazy\" decoding=\"async\" width=\"720\" height=\"540\" src=\"https:\/\/shuliybaler.com\/wp-content\/uploads\/2019\/12\/u7513068303196564925fm199app68fJPEG.jpg\" alt=\"m\u00e1y c\u1eaft kim lo\u1ea1i\" class=\"wp-image-2059\" title=\"\"><figcaption>M\u00e1y C\u1eaft Kim Lo\u1ea1i<\/figcaption><\/figure>    <h2 class=\"wp-block-heading\" id=\"h-how-does-the-alligator-steel-shear-machine-work\">M\u00e1y c\u1eaft kim lo\u1ea1i h\u00ecnh c\u00e1 s\u1ea5u ho\u1ea1t \u0111\u1ed9ng nh\u01b0 th\u1ebf n\u00e0o?<\/h2>    <p>Khung dao c\u1eaft kim lo\u1ea1i c\u00f3 th\u00e0nh ph\u1ea7n ch\u00ednh l\u00e0 xy-lanh d\u1ea7u c\u1eaft, l\u01b0\u1ee1i c\u1eaft, l\u01b0\u1ee1i \u00e9p, xy-lanh d\u1ea7u \u00e9p, b\u01a1m th\u1ee7y l\u1ef1c, b\u1ea3ng \u0111i\u1ec1u khi\u1ec3n, thi\u1ebft b\u1ecb an to\u00e0n, v\u00e0 v\u00e2n v\u00e2n. Khi m\u00e1y c\u1eaft ph\u1ebf li\u1ec7u kim lo\u1ea1i \u0111ang ho\u1ea1t \u0111\u1ed9ng, b\u01a1m th\u1ee7y l\u1ef1c cung c\u1ea5p n\u0103ng l\u01b0\u1ee3ng cho l\u01b0\u1ee1i \u00e9p v\u00e0 l\u01b0\u1ee1i \u00e9p \u0111\u01b0\u1ee3c h\u1ea1 xu\u1ed1ng \u0111\u1ec3 gi\u1eef v\u1eadt li\u1ec7u th\u1eadt ch\u1eb7t. Sau \u0111\u00f3, b\u01a1m d\u1ea7u th\u1ee7y l\u1ef1c l\u1ea5p \u0111\u1ea7y xi lanh c\u1eaft b\u1eb1ng d\u1ea7u, v\u00e0 l\u01b0\u1ee1i c\u1eaft t\u1eeb t\u1eeb h\u1ea1 xu\u1ed1ng \u0111\u1ec3 c\u1eaft v\u1eadt li\u1ec7u.<\/p>    <figure class=\"wp-block-image size-full\"><img loading=\"lazy\" decoding=\"async\" width=\"720\" height=\"540\" src=\"https:\/\/shuliybaler.com\/wp-content\/uploads\/2019\/12\/u35814314264196434871fm199app68fJPEG.jpg\" alt=\"hi\u1ec3n th\u1ecb hi\u1ec7u qu\u1ea3 l\u00e0m vi\u1ec7c c\u1ee7a m\u00e1y c\u1eaft th\u00e9p alligator\" class=\"wp-image-2060\" title=\"\"><figcaption>Hi\u1ec7u \u1ee9ng l\u00e0m vi\u1ec7c c\u1ee7a M\u00e1y C\u1eaft C\u00e1 S\u1ea5u<\/figcaption><\/figure>    <h2 class=\"wp-block-heading\">Ph\u1ea1m vi \u1ee9ng d\u1ee5ng c\u1ee7a m\u00e1y c\u1eaft kim lo\u1ea1i ph\u1ebf li\u1ec7u<\/h2>    <p>M\u00e1y c\u1eaft kim lo\u1ea1i ph\u1ebf li\u1ec7u n\u00e0y c\u00f3 th\u1ec3 \u0111\u01b0\u1ee3c s\u1eed d\u1ee5ng trong ng\u00e0nh t\u00e1i ch\u1ebf kim lo\u1ea1i, ng\u00e0nh gia c\u00f4ng kim lo\u1ea1i, ng\u00e0nh x\u1eed l\u00fd ph\u1ebf li\u1ec7u \u00f4 t\u00f4, t\u00e1i ch\u1ebf \u0111i\u1ec7n,... N\u00f3 c\u00f3 th\u1ec3 nhanh ch\u00f3ng c\u1eaft m\u1ed9t s\u1ed1 d\u1ea3i kim lo\u1ea1i d\u00e0i th\u00e0nh c\u00e1c \u0111o\u1ea1n c\u00f3 chi\u1ec1u d\u00e0i l\u01b0u tr\u1eef. Nguy\u00ean li\u1ec7u c\u00f3 th\u1ec3 x\u1eed l\u00fd l\u00e0 kim lo\u1ea1i, s\u1eaft, th\u00e9p, t\u1ea5m m\u00e0u, h\u1ee3p kim nh\u00f4m, s\u1eaft ph\u1ebf th\u1ea3i, v\u00e0 t\u1ea5m s\u1eaft.<\/p>    <figure class=\"wp-block-gallery has-nested-images columns-default is-cropped wp-block-gallery-2 is-layout-flex wp-block-gallery-is-layout-flex\"> <figure class=\"wp-block-image size-large\"><img loading=\"lazy\" decoding=\"async\" width=\"720\" height=\"540\" data-id=\"2061\" src=\"https:\/\/shuliybaler.com\/wp-content\/uploads\/2019\/12\/0.5.jpg\" alt=\"\u1ee8ng d\u1ee5ng c\u1eaft kim lo\u1ea1i ph\u1ebf li\u1ec7u \" class=\"wp-image-2061\" title=\"\"><figcaption>\u1ee8ng d\u1ee5ng c\u1eaft kim lo\u1ea1i ph\u1ebf li\u1ec7u <\/figcaption><\/figure>    <figure class=\"wp-block-image size-large\"><img loading=\"lazy\" decoding=\"async\" width=\"720\" height=\"540\" data-id=\"2062\" src=\"https:\/\/shuliybaler.com\/wp-content\/uploads\/2019\/12\/14.jpg\" alt=\"\u1ee8ng d\u1ee5ng c\u1eaft kim lo\u1ea1i ph\u1ebf li\u1ec7u \" class=\"wp-image-2062\" title=\"\"><figcaption>\u1ee8ng d\u1ee5ng c\u1eaft kim lo\u1ea1i ph\u1ebf li\u1ec7u <\/figcaption><\/figure> <\/figure>    <h2 class=\"wp-block-heading\">Chi ti\u1ebft c\u1ee7a m\u00e1y c\u1eaft kim lo\u1ea1i ph\u1ebf li\u1ec7u<\/h2>    <div class=\"wp-block-media-text alignwide is-stacked-on-mobile\"><figure class=\"wp-block-media-text__media\"><img loading=\"lazy\" decoding=\"async\" width=\"720\" height=\"540\" src=\"https:\/\/shuliybaler.com\/wp-content\/uploads\/2019\/12\/25b9061356dd0a69822e0f61b844f99.jpg\" alt=\"m\u00e1y c\u1eaft th\u00e9p alligator\" class=\"wp-image-2066 size-full\" title=\"\"><\/figure><div class=\"wp-block-media-text__content\"> <p class=\"has-large-font-size\">D\u1ea5u ni\u00eam phong kho\u00e1 d\u1ea7u kh\u00f4ng r\u00f2 r\u1ec9 d\u1ea7u sau nhi\u1ec1u n\u0103m s\u1eed d\u1ee5ng, m\u00e1y b\u1ec1n.<\/p> <\/div><\/div>    <div class=\"wp-block-media-text alignwide has-media-on-the-right is-stacked-on-mobile\"><figure class=\"wp-block-media-text__media\"><img loading=\"lazy\" decoding=\"async\" width=\"720\" height=\"540\" src=\"https:\/\/shuliybaler.com\/wp-content\/uploads\/2019\/12\/454424f9dd2b4051916fcccd18f56f8.jpg\" alt=\"m\u00e1y c\u1eaft kim lo\u1ea1i\" class=\"wp-image-2058 size-full\" title=\"\"><\/figure><div class=\"wp-block-media-text__content\"> <p class=\"has-large-font-size\">B\u1ea3ng \u0111i\u1ec1u khi\u1ec3n v\u1eadn h\u00e0nh v\u1edbi ch\u1ee9c n\u0103ng t\u1ef1 \u0111\u1ed9ng, ki\u1ec3m so\u00e1t thay \u0111\u1ed5i vu\u00f4ng v\u00e0 \u0111i\u1ec1u ch\u1ec9nh<\/p> <\/div><\/div>    <div class=\"wp-block-media-text alignwide is-stacked-on-mobile\"><figure class=\"wp-block-media-text__media\"><img loading=\"lazy\" decoding=\"async\" width=\"749\" height=\"495\" src=\"https:\/\/shuliybaler.com\/wp-content\/uploads\/2019\/12\/adc8ee69798d0581d143eb885f18d5d.jpg\" alt=\"M\u00e1y c\u1eaft th\u00e9p ph\u1ebf li\u1ec7u\" class=\"wp-image-2068 size-full\" title=\"\"><\/figure><div class=\"wp-block-media-text__content\"> <p class=\"has-large-font-size\"> Xi lanh th\u1ee7y l\u1ef1c, kh\u00f4ng r\u00f2 r\u1ec9 d\u1ea7u, kh\u00f4ng R\u1ec9 s\u00e9t, \u0111\u1ea3m b\u1ea3o c\u1eaft kim lo\u1ea1i tr\u01a1n tru<\/p> <\/div><\/div>    <div class=\"wp-block-media-text alignwide has-media-on-the-right is-stacked-on-mobile\"><figure class=\"wp-block-media-text__media\"><img loading=\"lazy\" decoding=\"async\" width=\"720\" height=\"540\" src=\"https:\/\/shuliybaler.com\/wp-content\/uploads\/2019\/12\/u954169839773959795fm199app68fJPEG.jpg\" alt=\" m\u00e1y c\u1eaft th\u00e9p alligator\" class=\"wp-image-2070 size-full\" title=\"\"><\/figure><div class=\"wp-block-media-text__content\"> <p class=\"has-large-font-size\">L\u01b0\u1ee1i c\u1eaft, ph\u00f9 h\u1ee3p v\u1edbi nhi\u1ec1u h\u00ecnh d\u1ea1ng m\u00e9p th\u00e9p ho\u1eb7c kim lo\u1ea1i<\/p> <\/div><\/div>    <h2 class=\"wp-block-heading\">Nguy\u00ean l\u00fd l\u00e0m vi\u1ec7c c\u1ee7a m\u00e1y c\u1eaft kim lo\u1ea1i ph\u1ebf li\u1ec7u<\/h2>    <figure class=\"wp-block-image size-full\"><img loading=\"lazy\" decoding=\"async\" width=\"720\" height=\"540\" src=\"https:\/\/shuliybaler.com\/wp-content\/uploads\/2019\/12\/lQDPJxZbRD8Et-HNAhzNAtCwXBwOvkc-vW0Clpj01AC9AA_720_540.jpg_720x720q90g.jpg\" alt=\"M\u00e1y c\u1eaft th\u00e9p ph\u1ebf li\u1ec7u\" class=\"wp-image-2056\" title=\"\"><figcaption>C\u1ea5u tr\u00fac dao c\u1eaft kim lo\u1ea1i ph\u1ebf li\u1ec7u<\/figcaption><\/figure>    <p>Nguy\u00ean l\u00fd c\u1ea5u t\u1ea1o c\u1ee7a m\u00e1y c\u1eaft c\u00e1 s\u1ea5u: c\u1ea5u tr\u00fac c\u00e1 s\u1ea5u tr\u00ean v\u00e0 d\u01b0\u1edbi, qua b\u01a1m th\u1ee7y l\u1ef1c \u0111\u1ec3 h\u00ecnh th\u00e0nh \u00e1p su\u1ea5t, trong van \u0111\u1ea3o chi\u1ec1u \u0111i\u1ec7n t\u1eeb v\u00e0 \u0111i\u1ec1u khi\u1ec3n m\u1ea1ch d\u1ea7u \u0111\u1ec3 n\u00e2ng h\u1ea1 xi-lanh, nh\u1edd nguy\u00ean l\u00fd \u0111\u00f2n b\u1ea9y s\u1ebd \u0111\u1ea9y l\u00ean v\u1eadt li\u1ec7u trong xi-lanh ch\u1ecbu \u00e1p l\u1ef1c, k\u1ebft h\u1ee3p kh\u00f3a tr\u01b0\u1edbc v\u1eadt li\u1ec7u b\u1eb1ng xi-lanh kh\u00f3a ph\u1ee5 s\u1ebd kh\u00f3a tr\u01b0\u1edbc v\u1eadt li\u1ec7u, sau vai tr\u00f2 li\u00ean ti\u1ebfp \u0111\u1ea9y l\u00ean dao c\u00e1 s\u1ea5u tr\u00ean v\u00e0 d\u01b0\u1edbi \u0111\u1ec3 th\u1ef1c hi\u1ec7n dao, v\u1eadt li\u1ec7u v\u00e0o cutter s\u1ebd b\u1ecb c\u1eaft.<\/p>    <figure class=\"wp-block-embed is-type-video is-provider-youtube wp-block-embed-youtube wp-embed-aspect-16-9 wp-has-aspect-ratio\"><div class=\"wp-block-embed__wrapper\"> <iframe loading=\"lazy\" title=\"C\u1eaft kim lo\u1ea1i ph\u1ebf li\u1ec7u l\u00e0 g\u00ec? | m\u00e1y c\u1eaft kim lo\u1ea1i ph\u1ebf li\u1ec7u | dao c\u00e1 s\u1ea5u th\u1ee7y l\u1ef1c \u0111\u1ec3 b\u00e1n\" width=\"500\" height=\"281\" src=\"https:\/\/www.youtube.com\/embed\/GNmdIftq4X8?start=11&#038;feature=oembed\" frameborder=\"0\" allow=\"accelerometer; autoplay; clipboard-write; encrypted-media; gyroscope; picture-in-picture; web-share\" referrerpolicy=\"strict-origin-when-cross-origin\" allowfullscreen><\/iframe> <\/div><\/figure>    <h2 class=\"wp-block-heading\" id=\"h-features-of-the-scrap-steel-cutting-shear\">\u0110\u1eb7c \u0111i\u1ec3m c\u1ee7a m\u00e1y c\u1eaft ph\u1ebf li\u1ec7u kim lo\u1ea1i<\/h2>    <figure class=\"wp-block-image size-full\"><img loading=\"lazy\" decoding=\"async\" width=\"720\" height=\"540\" src=\"https:\/\/shuliybaler.com\/wp-content\/uploads\/2019\/12\/\u5fae\u4fe1\u622a\u56fe_20220530145403.jpg\" alt=\"m\u00e1y c\u1eaft kim lo\u1ea1i\" class=\"wp-image-2063\" title=\"\"><figcaption>M\u00e1y C\u1eaft Kim Lo\u1ea1i<\/figcaption><\/figure>    <ol class=\"wp-block-list\"><li>Chi ph\u00ed th\u1ea5p. So v\u1edbi m\u00e1y c\u1eaft ki\u1ec3u c\u1ea7n tr\u1ee5c, gi\u00e1 c\u1ea3 th\u1ea5p h\u01a1n r\u1ea5t nhi\u1ec1u. Ph\u1ebf li\u1ec7u kim lo\u1ea1i l\u1edbn hi\u1ebfm khi g\u1eb7p \u1edf c\u00e1c nh\u00e0 m\u00e1y t\u00e1i ch\u1ebf kim lo\u1ea1i th\u00f4ng th\u01b0\u1eddng. Ph\u1ebf li\u1ec7u th\u00f4ng th\u01b0\u1eddng c\u00f3 th\u1ec3 \u0111\u01b0\u1ee3c c\u1eaft b\u1eb1ng m\u00e1y n\u00e0y.<\/li><li>Di\u1ec7n t\u00edch s\u00e0n nh\u1ecf. V\u1edbi k\u00edch th\u01b0\u1edbc footprint nh\u1ecf, m\u00e1y n\u00e0y c\u00f3 th\u1ec3 \u0111\u01b0\u1ee3c s\u1eed d\u1ee5ng \u1edf nhi\u1ec1u n\u01a1i.<\/li><li>Hi\u1ec7u su\u1ea5t l\u00e0m vi\u1ec7c cao. M\u00e1y n\u00e0y c\u00f3 th\u1ec3 c\u1eaft 8-12 l\u1ea7n trong m\u1ed9t ph\u00fat, hi\u1ec7u su\u1ea5t l\u00e0m vi\u1ec7c r\u1ea5t cao.<\/li><li>Ch\u1ecdn ch\u1ebf \u0111\u1ed9 truy\u1ec1n hydraulics, c\u00f3 \u01b0u \u0111i\u1ec3m v\u1eadn h\u00e0nh \u1ed5n \u0111\u1ecbnh, ti\u1ebfng \u1ed3n th\u1ea5p v\u00e0 y\u1ebfu t\u1ed1 an to\u00e0n cao.<\/li><li>L\u1eafp \u0111\u1eb7t d\u1ec5 d\u00e0ng. M\u00e1y n\u00e0y kh\u00f4ng c\u1ea7n b\u1eaft v\u00edt \u0111\u00e1y, v\u1eadn h\u00e0nh \u0111\u01a1n gi\u1ea3n v\u00e0 linh ho\u1ea1t, v\u00e0 b\u1ec1 m\u1eb7t c\u1eaft c\u00f3 th\u1ec3 \u0111i\u1ec1u ch\u1ec9nh t\u00f9y \u00fd.<\/li><\/ol>    <h2 class=\"wp-block-heading\" id=\"h-operating-instructions-for-alligator-steel-shear-machine\">H\u01b0\u1edbng d\u1eabn v\u1eadn h\u00e0nh cho m\u00e1y c\u1eaft kim lo\u1ea1i h\u00ecnh c\u00e1 s\u1ea5u<\/h2>    <figure class=\"wp-block-image size-full\"><img loading=\"lazy\" decoding=\"async\" width=\"720\" height=\"540\" src=\"https:\/\/shuliybaler.com\/wp-content\/uploads\/2019\/12\/u196941569234101685fm199app68fJPEG.jpg\" alt=\"m\u00e1y c\u1eaft th\u00e9p alligator\" class=\"wp-image-2064\" title=\"\"><figcaption>M\u00e1y C\u1eaft Kim Lo\u1ea1i H\u00ecnh C\u00e1 S\u1ea5u<\/figcaption><\/figure>    <p>1. Ph\u1ea1m vi l\u1ef1c \u00e9p c\u1ee7a m\u00e1y n\u00e0y t\u1eeb 100 \u0111\u1ebfn 300 t\u1ea5n.<\/p>    <p>2. \u0110\u1ed9 d\u00e0i l\u01b0\u1ee1i c\u1eaft t\u1eeb 25-120 cm.<\/p>    <p>3. C\u1ea3 l\u1ef1c c\u1eaft v\u00e0 chi\u1ec1u d\u00e0i l\u01b0\u1ee1i c\u1eaft c\u1ee7a m\u00e1y c\u00f3 th\u1ec3 \u0111\u01b0\u1ee3c t\u00f9y ch\u1ec9nh theo nhu c\u1ea7u c\u1ee7a kh\u00e1ch h\u00e0ng.<\/p>    <p>4. Ki\u1ec3m tra \u0111\u1ecbnh k\u1ef3 b\u1ed9 l\u1ecdc d\u1ea7u trong b\u1ed3n nhi\u00ean li\u1ec7u v\u00e0 lo\u1ea1i b\u1ecf t\u1ea1p ch\u1ea5t k\u1ecbp th\u1eddi \u0111\u1ec3 tr\u00e1nh g\u00e2y t\u1eafc \u0111\u01b0\u1eddng \u1ed1ng d\u1ea7u v\u00e0 \u1ea3nh h\u01b0\u1edfng hi\u1ec7u su\u1ea5t l\u00e0m vi\u1ec7c c\u1ee7a m\u00e1y.<\/p>    <p>5. Ki\u1ec3m tra xem \u1ed1c v\u00edt tr\u00ean m\u00e1y c\u00f3 ch\u1eb7t v\u00e0 ho\u1ea1t \u0111\u1ed9ng tr\u01a1n tru hai th\u00e1ng m\u1ed9t l\u1ea7n.<\/p>    <p>6. Khi s\u1eed d\u1ee5ng m\u00e1y c\u1eaft, ch\u00fa \u00fd an to\u00e0n cho ng\u01b0\u1eddi xung quanh. Khi c\u1eaft v\u1eadt li\u1ec7u ng\u1eafn, h\u00e3y d\u00f9ng k\u1eb9p thay v\u00ec d\u00f9ng tay.<\/p>    <h2 class=\"wp-block-heading\">Thi\u1ebft b\u1ecb ph\u1ee5 tr\u1ee3 cho m\u00e1y c\u1eaft kim lo\u1ea1i ph\u1ebf li\u1ec7u<\/h2>    <figure class=\"wp-block-image size-full\"><img loading=\"lazy\" decoding=\"async\" width=\"720\" height=\"540\" src=\"https:\/\/shuliybaler.com\/wp-content\/uploads\/2019\/12\/1a79d9871a0582dce90735cff14238a.jpg\" alt=\"b\u0103ng t\u1ea3i c\u1ee7a m\u00e1y c\u1eaft th\u00e9p ph\u1ebf li\u1ec7u\" class=\"wp-image-2057\" title=\"\"><figcaption>\u1ee8ng d\u1ee5ng b\u0103ng Chuy\u1ec3n \u0110\u1ed9ng c\u1ee7a m\u00e1y c\u1eaft kim lo\u1ea1i ph\u1ebf li\u1ec7u<\/figcaption><\/figure>    <p>M\u1ed9t b\u0103ng t\u1ea3i c\u00f3 th\u1ec3 \u0111\u01b0\u1ee3c th\u00eam tr\u01b0\u1edbc m\u00e1y c\u1eaft kim lo\u1ea1i n\u00e0y, cho ph\u00e9p c\u1ea5p \u0111\u1ea7y \u0111\u1ee7 t\u1ef1 \u0111\u1ed9ng v\u00e0 \u0111\u1ed3ng th\u1eddi gi\u00fap cho c\u1ea5p v\u1eadt li\u1ec7u \u0111\u1ec1u. B\u0103ng t\u1ea3i c\u1ee7a m\u00e1y c\u1eaft kim lo\u1ea1i n\u00e0y l\u00e0 thi\u1ebft b\u1ecb t\u00f9y ch\u1ecdn, b\u1ea1n c\u00f3 th\u1ec3 ch\u1ecdn mua hay kh\u00f4ng t\u00f9y \u0111i\u1ec1u ki\u1ec7n x\u1eed l\u00fd.<\/p>    <figure class=\"wp-block-image size-full\"><img loading=\"lazy\" decoding=\"async\" width=\"720\" height=\"540\" src=\"https:\/\/shuliybaler.com\/wp-content\/uploads\/2019\/12\/\u5fae\u4fe1\u622a\u56fe_20211019111839.jpg\" alt=\"M\u00e1y c\u1eaft th\u00e9p ph\u1ebf li\u1ec7u\" class=\"wp-image-2065\" title=\"\"><figcaption>C\u1eaft kim lo\u1ea1i ph\u1ebf li\u1ec7u<\/figcaption><\/figure>    <h2 class=\"wp-block-heading\">Video c\u1eaft ph\u1ebf li\u1ec7u kim lo\u1ea1i b\u1eb1ng dao c\u1eaft<\/h2>    <figure class=\"wp-block-embed is-type-video is-provider-youtube wp-block-embed-youtube wp-embed-aspect-16-9 wp-has-aspect-ratio\"><div class=\"wp-block-embed__wrapper\"> <iframe loading=\"lazy\" title=\"\u0110\u1ed9 d\u00e0y kim lo\u1ea1i c\u00f3 th\u1ec3 c\u1eaft l\u00e0 bao nhi\u00eau? | M\u00e1y c\u1eaft kim lo\u1ea1i c\u00f3 th\u1ec3 c\u1eaft \u0111\u01b0\u1ee3c g\u00ec? | c\u1eaft kim lo\u1ea1i ph\u1ebf li\u1ec7u\" width=\"500\" height=\"281\" src=\"https:\/\/www.youtube.com\/embed\/v9FmaOvp3nc?feature=oembed\" frameborder=\"0\" allow=\"accelerometer; autoplay; clipboard-write; encrypted-media; gyroscope; picture-in-picture; web-share\" referrerpolicy=\"strict-origin-when-cross-origin\" allowfullscreen><\/iframe> <\/div><figcaption>m\u00e1y c\u1eaft ph\u1ebf li\u1ec7u kim lo\u1ea1i<\/figcaption><\/figure>","protected":false},"excerpt":{"rendered":"<p>Scrap metal cutting shear also called alligator steel shear machine, is very suitable for cutting long metals. Compared with other cutting equipment, it has the characteristics of a lightweight, small footprint, and high efficiency. Therefore, this machine is often used in rolling mills, metal recycling plants, scrap car dismantling plants, electrical recycling plants, etc. It [&hellip;]<\/p>\n","protected":false},"author":1,"featured_media":2055,"parent":0,"template":"","tags":[30],"product-type":[43],"class_list":["post-572","product","type-product","status-publish","has-post-thumbnail","hentry","tag-scrap-metal-cutting-shear","product-type-metal-shear"],"_links":{"self":[{"href":"https:\/\/shuliybaler.com\/vi\/wp-json\/wp\/v2\/product\/572","targetHints":{"allow":["GET"]}}],"collection":[{"href":"https:\/\/shuliybaler.com\/vi\/wp-json\/wp\/v2\/product"}],"about":[{"href":"https:\/\/shuliybaler.com\/vi\/wp-json\/wp\/v2\/types\/product"}],"author":[{"embeddable":true,"href":"https:\/\/shuliybaler.com\/vi\/wp-json\/wp\/v2\/users\/1"}],"wp:featuredmedia":[{"embeddable":true,"href":"https:\/\/shuliybaler.com\/vi\/wp-json\/wp\/v2\/media\/2055"}],"wp:attachment":[{"href":"https:\/\/shuliybaler.com\/vi\/wp-json\/wp\/v2\/media?parent=572"}],"wp:term":[{"taxonomy":"post_tag","embeddable":true,"href":"https:\/\/shuliybaler.com\/vi\/wp-json\/wp\/v2\/tags?post=572"},{"taxonomy":"product-type","embeddable":true,"href":"https:\/\/shuliybaler.com\/vi\/wp-json\/wp\/v2\/product-type?post=572"}],"curies":[{"name":"wp","href":"https:\/\/api.w.org\/{rel}","templated":true}]}}