{"id":654,"date":"2019-12-26T11:08:05","date_gmt":"2019-12-26T03:08:05","guid":{"rendered":"https:\/\/shuliybaler.com\/?p=654"},"modified":"2022-12-27T09:01:48","modified_gmt":"2022-12-27T01:01:48","slug":"scrap-metal-baler","status":"publish","type":"product","link":"https:\/\/shuliybaler.com\/vi\/product\/scrap-metal-baler\/","title":{"rendered":"M\u00e1y n\u00e9n kim lo\u1ea1i ph\u1ebf li\u1ec7u | m\u00e1y \u0111\u00f3ng g\u00f3i kim lo\u1ea1i nh\u00f4m"},"content":{"rendered":"<p class=\"translation-block\">M\u00e1y n\u00e9n kim lo\u1ea1i ph\u1ebf li\u1ec7u \u0111\u01b0\u1ee3c s\u1eed d\u1ee5ng trong ng\u00e0nh c\u00f4ng nghi\u1ec7p t\u00e1i ch\u1ebf kim lo\u1ea1i, l\u00e0 lo\u1ea1i m\u00e1y n\u00e9n kim lo\u1ea1i, qua qu\u00e1 tr\u00ecnh m\u00e1y c\u00f3 th\u1ec3 n\u00e9n kim lo\u1ea1i kh\u00f4ng \u0111\u1ec1u th\u00e0nh h\u00ecnh d\u1ea1ng vu\u00f4ng c\u1ee5 th\u1ec3, d\u1ec5 v\u1eadn chuy\u1ec3n v\u00e0 l\u01b0u tr\u1eef, <a href=\"https:\/\/shuliybaler.com\/vi\/aluminum-can-baler\/\">m\u00e1y \u0111\u00f3ng g\u00f3i kim lo\u1ea1i<\/a> c\u00f3 th\u1ec3 d\u00f9ng trong ng\u00e0nh t\u00e1i ch\u1ebf kim lo\u1ea1i, c\u0169ng c\u00f3 th\u1ec3 d\u00f9ng trong ng\u00e0nh t\u00e1i ch\u1ebf xe c\u1ed9 c\u0169, \u0111\u00f3ng g\u00f3i gi\u1ea5y v\u1ee5n, v.v. M\u00e1y \u0111\u01a1n gi\u1ea3n v\u00e0 d\u1ec5 v\u1eadn h\u00e0nh.<\/p>    <figure class=\"wp-block-image size-full\"><img loading=\"lazy\" decoding=\"async\" width=\"720\" height=\"540\" src=\"https:\/\/shuliybaler.com\/wp-content\/uploads\/2019\/12\/QQ\u622a\u56fe20180930110637.jpg\" alt=\"M\u00e1y n\u00e9n kim lo\u1ea1i ph\u1ebf li\u1ec7u\" class=\"wp-image-2024\" title=\"\"><figcaption class=\"wp-element-caption\">M\u00e1y n\u00e9n kim lo\u1ea1i ph\u1ebf li\u1ec7u<\/figcaption><\/figure>    <h2 class=\"wp-block-heading\" id=\"h-application-range-of-metal-baling-machine\">Ph\u1ea1m vi \u1ee9ng d\u1ee5ng c\u1ee7a m\u00e1y n\u00e9n kim lo\u1ea1i<\/h2>    <p>M\u00e1y n\u00e9n kim lo\u1ea1i ph\u1ebf li\u1ec7u c\u00f3 th\u1ec3 \u0111\u00f9n c\u00e1c c\u1ea1nh kim lo\u1ea1i, m\u1ea3nh th\u00e9p, nh\u00f4m, \u0111\u1ed3ng v\u00e0 c\u00e1c kim lo\u1ea1i kh\u00e1c th\u00e0nh c\u00e1c h\u00ecnh d\u1ea1ng kh\u00e1c nhau nh\u01b0 h\u00ecnh ch\u1eef nh\u1eadt, h\u00ecnh tr\u1ee5, h\u00ecnh l\u1ee5c gi\u00e1c, h\u00ecnh b\u00e1t gi\u00e1c, v.v., l\u00e0m nguy\u00ean li\u1ec7u l\u00f2 nung \u0111\u1ea1t ti\u00eau chu\u1ea9n v\u00e0 gi\u1ea3m chi ph\u00ed v\u1eadn chuy\u1ec3n. N\u00f3 c\u0169ng c\u00f3 th\u1ec3 \u0111\u00f3ng g\u00f3i lon, chai nh\u1ef1a, gi\u1ea5y v\u1ee5n v\u00e0 c\u00e1c s\u1ea3n ph\u1ea9m kh\u00e1c. M\u00e1y n\u00e9n kim lo\u1ea1i ph\u1ebf li\u1ec7u \u0111\u01b0\u1ee3c s\u1eed d\u1ee5ng r\u1ed9ng r\u00e3i trong ng\u00e0nh t\u00e1i ch\u1ebf kim lo\u1ea1i, ng\u00e0nh luy\u1ec7n kim, ng\u00e0nh s\u1ea3n xu\u1ea5t th\u00e9p v\u00e0 ng\u00e0nh t\u00e1i ch\u1ebf ph\u1ebf li\u1ec7u.<\/p>    <figure class=\"wp-block-image size-full\"><img loading=\"lazy\" decoding=\"async\" width=\"720\" height=\"540\" src=\"https:\/\/shuliybaler.com\/wp-content\/uploads\/2019\/12\/\u5fae\u4fe1\u622a\u56fe_20220526143405.jpg\" alt=\"\u1ee9ng d\u1ee5ng c\u1ee7a m\u00e1y n\u00e9n kim lo\u1ea1i ph\u1ebf li\u1ec7u\" class=\"wp-image-2025\" title=\"\"><figcaption class=\"wp-element-caption\">\u1ee8ng d\u1ee5ng c\u1ee7a m\u00e1y n\u00e9n kim lo\u1ea1i ph\u1ebf li\u1ec7u<\/figcaption><\/figure>    <h2 class=\"wp-block-heading\" id=\"h-why-need-to-use-a-metal-baler\">T\u1ea1i sao c\u1ea7n s\u1eed d\u1ee5ng m\u00e1y n\u00e9n kim lo\u1ea1i ph\u1ebf li\u1ec7u?<\/h2>    <figure class=\"wp-block-image size-full\"><img loading=\"lazy\" decoding=\"async\" width=\"720\" height=\"540\" src=\"https:\/\/shuliybaler.com\/wp-content\/uploads\/2019\/12\/\u672a\u547d\u540d\u56fe\u7247-5.jpg\" alt=\"baler kim lo\u1ea1i\" class=\"wp-image-2028\" title=\"\"><figcaption class=\"wp-element-caption\">M\u00e1y n\u00e9n kim lo\u1ea1i<\/figcaption><\/figure>    <p>M\u1ed9t s\u1ed1 kim lo\u1ea1i ph\u1ebf li\u1ec7u \u0111\u01b0\u1ee3c th\u00e1o r\u1eddi t\u1eeb c\u00e1c s\u1ea3n ph\u1ea9m kh\u00e1c nhau c\u00f3 h\u00ecnh d\u1ea1ng kh\u00e1c nhau, g\u00e2y b\u1ea5t ti\u1ec7n trong l\u01b0u tr\u1eef v\u00e0 v\u1eadn chuy\u1ec3n. Sau khi n\u00e9n v\u00e0 \u0111\u00f3ng g\u00f3i, kim lo\u1ea1i c\u00f3 th\u1ec3 \u0111\u1ed3ng nh\u1ea5t v\u1ec1 k\u00edch th\u01b0\u1edbc v\u00e0 c\u00f3 th\u1ec3 li\u1ec7t k\u00ea, ti\u1ebft ki\u1ec7m kh\u00f4ng gian l\u01b0u tr\u1eef trong kho. Khi v\u1eadn chuy\u1ec3n, c\u00f3 th\u1ec3 d\u00f9ng c\u1ea7n c\u1ea9u n\u00e2ng tr\u1ef1c ti\u1ebfp, ti\u1ebft ki\u1ec7m th\u1eddi gian v\u1eadn chuy\u1ec3n. N\u00f3 c\u0169ng gi\u1ea3m chi ph\u00ed v\u1eadn chuy\u1ec3n.<\/p>    <h2 class=\"wp-block-heading\">T\u1ea1i sao tri\u1ec3n v\u1ecdng c\u1ee7a kim lo\u1ea1i ph\u1ebf li\u1ec7u t\u1ed1t?<\/h2>    <figure class=\"wp-block-image size-full\"><img loading=\"lazy\" decoding=\"async\" width=\"720\" height=\"540\" src=\"https:\/\/shuliybaler.com\/wp-content\/uploads\/2019\/12\/\u5fae\u4fe1\u622a\u56fe_20220526143548.jpg\" alt=\"kh\u1ed1i kim lo\u1ea1i\" class=\"wp-image-2026\" title=\"\"><figcaption class=\"wp-element-caption\">Kh\u1ed1i kim lo\u1ea1i<\/figcaption><\/figure>    <p>T\u00e0i nguy\u00ean kho\u00e1ng s\u1ea3n kim lo\u1ea1i l\u00e0 kh\u00f4ng th\u1ec3 t\u00e1i t\u1ea1o v\u00e0 s\u1ebd ng\u00e0y c\u00e0ng \u00edt \u0111i. \u0110\u1ec3 \u0111\u1ea3m b\u1ea3o s\u1eed d\u1ee5ng t\u1ed1i \u0111a t\u00e0i nguy\u00ean kim lo\u1ea1i, nhi\u1ec1u qu\u1ed1c gia \u0111\u00e3 ban h\u00e0nh nhi\u1ec1u ch\u00ednh s\u00e1ch \u01b0u \u0111\u00e3i cho ng\u00e0nh t\u00e1i ch\u1ebf kim lo\u1ea1i. H\u01a1n n\u1eefa, nh\u00e0 n\u01b0\u1edbc nghi\u00eam c\u1ea5m xu\u1ea5t kh\u1ea9u s\u1ed1 l\u01b0\u1ee3ng l\u1edbn kim lo\u1ea1i m\u00e0 kh\u00f4ng c\u00f3 ph\u00e9p. Do \u0111\u00f3, ng\u00e0nh t\u00e1i ch\u1ebf kim lo\u1ea1i \u0111\u00e3 b\u1eaft \u0111\u1ea7u ph\u00e1t tri\u1ec3n li\u00ean t\u1ee5c. T\u00e1i ch\u1ebf kim lo\u1ea1i ph\u1ebf li\u1ec7u kh\u00f4ng ch\u1ec9 mang l\u1ea1i l\u1ee3i nhu\u1eadn cao m\u00e0 c\u00f2n g\u00f3p ph\u1ea7n ti\u1ebft ki\u1ec7m t\u00e0i nguy\u00ean v\u00e0 b\u1ea3o v\u1ec7 m\u00f4i tr\u01b0\u1eddng.<\/p>    <h2 class=\"wp-block-heading\">Quy tr\u00ecnh v\u1eadn h\u00e0nh c\u1ee7a m\u00e1y n\u00e9n kim lo\u1ea1i ph\u1ebf li\u1ec7u<\/h2>    <figure class=\"wp-block-image size-full\"><img loading=\"lazy\" decoding=\"async\" width=\"720\" height=\"540\" src=\"https:\/\/shuliybaler.com\/wp-content\/uploads\/2019\/12\/6.jpg\" alt=\"ho\u1ea1t \u0111\u1ed9ng c\u1ee7a m\u00e1y n\u00e9n kim lo\u1ea1i\" class=\"wp-image-2027\" title=\"\"><figcaption class=\"wp-element-caption\">Quy tr\u00ecnh v\u1eadn h\u00e0nh c\u1ee7a m\u00e1y n\u00e9n kim lo\u1ea1i<\/figcaption><\/figure>    <p>\u0110\u1eb7t kim lo\u1ea1i nh\u00f4m ph\u1ebf li\u1ec7u ho\u1eb7c c\u00e1c kim lo\u1ea1i kh\u00e1c c\u1ea7n n\u00e9n v\u00e0o m\u00e1ng, \u0111\u1ea9y c\u1ea7n g\u1ea1t, sau \u0111\u00f3 c\u00f3 th\u1ec3 ti\u1ebfn h\u00e0nh n\u00e9n, ch\u1edd \u0111\u1ebfn khi m\u00e1y n\u00e9n n\u00e9n v\u00e0 \u0111\u1ea9y ra kh\u1ed1i kim lo\u1ea1i. C\u00f3 b\u1ed1n c\u00e1ch x\u1ea3 m\u00e1y: \u0111\u1ea9y v\u1ec1 ph\u00eda tr\u01b0\u1edbc, quay sang m\u1ed9t b\u00ean, \u0111\u1ea9y sang m\u1ed9t b\u00ean ho\u1eb7c ch\u1ecdn m\u00e1y kh\u00f4ng t\u1ef1 \u0111\u1ed9ng x\u1ea3 n\u00e9n.<\/p>    <h2 class=\"wp-block-heading\">C\u1ea5u tr\u00fac c\u1ee7a m\u00e1y n\u00e9n kim lo\u1ea1i ph\u1ebf li\u1ec7u<\/h2>    <figure class=\"wp-block-image size-full\"><img loading=\"lazy\" decoding=\"async\" width=\"720\" height=\"540\" src=\"https:\/\/shuliybaler.com\/wp-content\/uploads\/2019\/12\/timg-5.jpg\" alt=\"C\u1ea5u tr\u00fac c\u1ee7a m\u00e1y n\u00e9n kim lo\u1ea1i\" class=\"wp-image-2029\" title=\"\"><figcaption class=\"wp-element-caption\">C\u1ea5u tr\u00fac m\u00e1y n\u00e9n kim lo\u1ea1i<\/figcaption><\/figure>    <p>M\u00e1y n\u00e9n kim lo\u1ea1i g\u1ed3m th\u00e2n m\u00e1y, xi lanh ch\u00ednh, xi lanh b\u00ean, xi lanh n\u1eafp, xi lanh kh\u00f3a, b\u01a1m d\u1ea7u \u00e1p l\u1ef1c cao, nh\u00f3m van th\u1ee7y l\u1ef1c, h\u1ec7 th\u1ed1ng \u0111i\u1ec7n v\u00e0 h\u1ec7 th\u1ed1ng \u0111\u01b0\u1eddng \u1ed1ng. M\u00e1y n\u00e9n kim lo\u1ea1i s\u1eed d\u1ee5ng h\u1ec7 th\u1ed1ng truy\u1ec1n \u0111\u1ed9ng th\u1ee7y l\u1ef1c, c\u1ea5u tr\u00fac nh\u1ecf g\u1ecdn, v\u1eadn h\u00e0nh \u0111\u01a1n gi\u1ea3n.<\/p>    <h2 class=\"wp-block-heading\" id=\"h-characteristics-of-scrap-metal-baler\">\u0110\u1eb7c \u0111i\u1ec3m c\u1ee7a m\u00e1y n\u00e9n kim lo\u1ea1i ph\u1ebf li\u1ec7u<\/h2>    <figure class=\"wp-block-gallery has-nested-images columns-default is-cropped wp-block-gallery-2 is-layout-flex wp-block-gallery-is-layout-flex\"> <figure class=\"wp-block-image size-full\"><img loading=\"lazy\" decoding=\"async\" width=\"720\" height=\"540\" data-id=\"2031\" src=\"https:\/\/shuliybaler.com\/wp-content\/uploads\/2019\/12\/QQ\u622a\u56fe20180930110342.jpg\" alt=\"m\u00e1y n\u00e9n kim lo\u1ea1i ph\u1ebf li\u1ec7u\" class=\"wp-image-2031\" title=\"\"><figcaption class=\"wp-element-caption\">M\u00e1y n\u00e9n kim lo\u1ea1i ph\u1ebf li\u1ec7u<\/figcaption><\/figure>    <figure class=\"wp-block-image size-full\"><img loading=\"lazy\" decoding=\"async\" width=\"720\" height=\"540\" data-id=\"2030\" src=\"https:\/\/shuliybaler.com\/wp-content\/uploads\/2019\/12\/QQ\u622a\u56fe20180930110421.jpg\" alt=\"m\u00e1y n\u00e9n kim lo\u1ea1i ph\u1ebf li\u1ec7u\" class=\"wp-image-2030\" title=\"\"><figcaption class=\"wp-element-caption\">M\u00e1y n\u00e9n kim lo\u1ea1i ph\u1ebf li\u1ec7u<\/figcaption><\/figure> <\/figure>    <p class=\"translation-block\"><strong>1. S\u1eed d\u1ee5ng h\u1ec7 th\u1ed1ng truy\u1ec1n \u0111\u1ed9ng th\u1ee7y l\u1ef1c.<\/strong>M\u00e1y ho\u1ea1t \u0111\u1ed9ng tr\u01a1n tru v\u00e0 ph\u00e1t ra ti\u1ebfng \u1ed3n th\u1ea5p trong qu\u00e1 tr\u00ecnh l\u00e0m vi\u1ec7c \u0111\u1ec3 \u0111\u1ea3m b\u1ea3o m\u00f4i tr\u01b0\u1eddng s\u1ea3n xu\u1ea5t t\u1ed1t.<\/p>    <p class=\"translation-block\"><strong>2. \u1ee8ng d\u1ee5ng r\u1ed9ng r\u00e3i.<\/strong> N\u00f3 c\u00f3 th\u1ec3 x\u1eed l\u00fd nhi\u1ec1u lo\u1ea1i v\u1eadt li\u1ec7u v\u00e0 n\u00e9n nhi\u1ec1u v\u1eadt li\u1ec7u th\u00e0nh kh\u1ed1i kim lo\u1ea1i c\u00f3 h\u00ecnh d\u1ea1ng kh\u00e1c nhau.<\/p>    <p class=\"translation-block\"><strong>3. L\u1ef1a ch\u1ecdn \u0111a d\u1ea1ng. <\/strong>Ph\u1ea1m vi \u00e1p l\u1ef1c c\u1ee7a m\u00e1y t\u1eeb 80-400 t\u1ea5n, lu\u00f4n c\u00f3 m\u00e1y ph\u00f9 h\u1ee3p v\u1edbi nhu c\u1ea7u s\u1ea3n xu\u1ea5t c\u1ee7a b\u1ea1n. T\u1ea5t nhi\u00ean, ch\u00fang t\u00f4i c\u0169ng cung c\u1ea5p m\u00e1y c\u00f3 \u00e1p l\u1ef1c tr\u00ean 400 t\u1ea5n, n\u1ebfu c\u1ea7n, b\u1ea1n c\u00f3 th\u1ec3 t\u00f9y ch\u1ec9nh.<\/p>    <p class=\"translation-block\"><strong>4. Ti\u1ebft ki\u1ec7m kh\u00f4ng gian.<\/strong> N\u00e9n m\u1ed9t m\u1ea3nh kim lo\u1ea1i l\u1edbn th\u00e0nh kim lo\u1ea1i \u0111\u1eb7c h\u01a1n c\u00f3 th\u1ec3 ti\u1ebft ki\u1ec7m kh\u00f4ng gian v\u00e0, theo m\u1ed9t ngh\u0129a n\u00e0o \u0111\u00f3, c\u0169ng ti\u1ebft ki\u1ec7m chi ph\u00ed.<\/p>    <p class=\"translation-block\"><strong>5. L\u1eafp \u0111\u1eb7t d\u1ec5 d\u00e0ng. <\/strong>Sau khi l\u1eafp r\u00e1p m\u00e1y, ch\u1ec9 c\u1ea7n \u0111\u1eb7t tr\u00ean m\u1eb7t ph\u1eb3ng, kh\u00f4ng c\u1ea7n l\u1eafp \u0111\u1eb7t th\u00eam g\u00ec kh\u00e1c.<\/p>    <figure class=\"wp-block-gallery has-nested-images columns-2 is-cropped wp-block-gallery-3 is-layout-flex wp-block-gallery-is-layout-flex\"> <figure class=\"wp-block-image size-large\"><img loading=\"lazy\" decoding=\"async\" width=\"720\" height=\"540\" data-id=\"656\" src=\"https:\/\/shuliybaler.com\/wp-content\/uploads\/2019\/12\/Aluminum-sheet-baler.jpg\" alt=\"M\u00e1y n\u00e9n t\u1ea5m nh\u00f4m\" class=\"wp-image-656\" title=\"\" srcset=\"https:\/\/shuliybaler.com\/wp-content\/uploads\/2019\/12\/Aluminum-sheet-baler.jpg 720w, https:\/\/shuliybaler.com\/wp-content\/uploads\/2019\/12\/Aluminum-sheet-baler-360x270.jpg 360w, https:\/\/shuliybaler.com\/wp-content\/uploads\/2019\/12\/Aluminum-sheet-baler-180x135.jpg 180w\" sizes=\"auto, (max-width: 720px) 100vw, 720px\" \/><figcaption class=\"wp-element-caption\">M\u00e1y n\u00e9n t\u1ea5m nh\u00f4m<\/figcaption><\/figure>    <figure class=\"wp-block-image size-large\"><img loading=\"lazy\" decoding=\"async\" width=\"720\" height=\"540\" data-id=\"659\" src=\"https:\/\/shuliybaler.com\/wp-content\/uploads\/2019\/12\/Scrap-iron-baler.jpg\" alt=\"M\u00e1y n\u00e9n s\u1eaft ph\u1ebf li\u1ec7u\" class=\"wp-image-659\" title=\"\" srcset=\"https:\/\/shuliybaler.com\/wp-content\/uploads\/2019\/12\/Scrap-iron-baler.jpg 720w, https:\/\/shuliybaler.com\/wp-content\/uploads\/2019\/12\/Scrap-iron-baler-360x270.jpg 360w, https:\/\/shuliybaler.com\/wp-content\/uploads\/2019\/12\/Scrap-iron-baler-180x135.jpg 180w\" sizes=\"auto, (max-width: 720px) 100vw, 720px\" \/><figcaption class=\"wp-element-caption\">M\u00e1y n\u00e9n s\u1eaft ph\u1ebf li\u1ec7u<\/figcaption><\/figure> <\/figure>    <h2 class=\"wp-block-heading\" id=\"h-scrap-metal-baler-parameters\">Th\u00f4ng s\u1ed1 k\u1ef9 thu\u1eadt c\u1ee7a m\u00e1y n\u00e9n kim lo\u1ea1i ph\u1ebf li\u1ec7u<\/h2>    <figure class=\"wp-block-table\"><table><tbody><tr><td>M\u1eabu m\u00e3<\/td><td>C\u00f4ng su\u1ea5t \u0111\u1ea9y<\/td><td>Kho\u1ea3ng c\u00e1ch n\u00e9n (mm)<\/td><td>K\u00edch th\u01b0\u1edbc m\u00e1y<br>(mm)<\/td><td>M\u1eadt \u0111\u1ed9 kh\u1ed1i (kg\/h)<\/td><td>&nbsp;Hi\u1ec7u qu\u1ea3 (kg\/h)<\/td><td>Th\u1eddi gian chu k\u1ef3 \u0111\u01a1n (gi\u00e2y)<\/td><td>C\u00f4ng su\u1ea5t (kW)<\/td><\/tr><tr><td>Y81-1250A<\/td><td>1250<\/td><td>1200*700*600<\/td><td>300*300<\/td><td>\u22652000<\/td><td>1200-1800<\/td><td>\u2264120<\/td><td>15<\/td><\/tr><tr><td>Y81-1250B<\/td><td>1250<\/td><td>1400*800*700<\/td><td>300*300<\/td><td>\u22652000<\/td><td>1600-2300<\/td><td>\u2264140<\/td><td>15<\/td><\/tr><tr><td>Y81-1350<\/td><td>1350<\/td><td>1400*600*600<\/td><td>600*240<\/td><td>\u22652000<\/td><td>1600-2500<\/td><td>\u2264100<\/td><td>18.5<\/td><\/tr><tr><td>Y81-1600A<\/td><td>1600<\/td><td>1600*1000*800<\/td><td>400*400<\/td><td>\u22652000<\/td><td>2000-3500<\/td><td>\u2264120<\/td><td>22<\/td><\/tr><tr><td>Y81-1600B<\/td><td>1600<\/td><td>1600*1200*800<\/td><td>400*400<\/td><td>\u22652000<\/td><td>2000-4000<\/td><td>\u2264130<\/td><td>30<\/td><\/tr><tr><td>Y81-2000A<\/td><td>2000<\/td><td>1600*1200*800<\/td><td>400*400<\/td><td>\u22652000<\/td><td>2500-4500<\/td><td>\u2264130<\/td><td>22\/15<\/td><\/tr><tr><td>Y81-2000B<\/td><td>2000<\/td><td>1800*1400*900<\/td><td>450*450<\/td><td>\u22652000<\/td><td>3000-5000<\/td><td>\u2264130<\/td><td>30\/37<\/td><\/tr><tr><td>Y81-2500A<\/td><td>2500<\/td><td>2000*1400*900<\/td><td>500*500<\/td><td>\u22652000<\/td><td>4000-6300<\/td><td>\u2264130<\/td><td>44\/60<\/td><\/tr><tr><td>Y81-2500B<\/td><td>2500<\/td><td>2000*1750*1000<\/td><td>500*500<\/td><td>\u22652000<\/td><td>5000-6300<\/td><td>\u2264150<\/td><td>44<\/td><\/tr><tr><td>Y81-2500C<\/td><td>2500<\/td><td>2000*1750*1200<\/td><td>600*600<\/td><td>\u22652000<\/td><td>5500-6500<\/td><td>\u2264150<\/td><td>60<\/td><\/tr><tr><td>Y81-2500D<\/td><td>2500<\/td><td>2500*2000*1200<\/td><td>600*600<\/td><td>\u22652000<\/td><td>5500-6500<\/td><td>\u2264150<\/td><td>60<\/td><\/tr><tr><td>Y81-3150A<\/td><td>3150<\/td><td>2000*1750*1000<\/td><td>500*500<\/td><td>\u22652000<\/td><td>4000-6500<\/td><td>\u2264150<\/td><td>60<\/td><\/tr><tr><td>Y81-3150B<\/td><td>3150<\/td><td>2000*1750*1200<\/td><td>600*600<\/td><td>\u22652000<\/td><td>5000-7000<\/td><td>\u2264150<\/td><td>60<\/td><\/tr><tr><td>Y81-3150C<\/td><td>3150<\/td><td>2500*2000*1200<\/td><td>600*600<\/td><td>\u22652000<\/td><td>6000-8000<\/td><td>\u2264150<\/td><td>90<\/td><\/tr><tr><td>Y81-3150D<\/td><td>3150<\/td><td>3000*2500*1200<\/td><td>600*600<\/td><td>\u22652000<\/td><td>6000-8000<\/td><td>\u2264160<\/td><td>90<\/td><\/tr><tr><td>Y81-4000A<\/td><td>4000<\/td><td>2500*2000*1200<\/td><td>600*600<\/td><td>\u22652000<\/td><td>5000-7500<\/td><td>\u2264160<\/td><td>90<\/td><\/tr><tr><td>Y81-4000B<\/td><td>4000<\/td><td>3000*2500*1200<\/td><td>600*600<\/td><td>\u22652000<\/td><td>8500-13000<\/td><td>\u2264160<\/td><td>90<\/td><\/tr><tr><td>Y81-4000C<\/td><td>4000<\/td><td>3500*3000*1200<\/td><td>600*600<\/td><td>\u22652000<\/td><td>9500-14000<\/td><td>\u2264160<\/td><td>90<\/td><\/tr><\/tbody><\/table><figcaption class=\"wp-element-caption\">Th\u00f4ng s\u1ed1 k\u1ef9 thu\u1eadt c\u1ee7a m\u00e1y n\u00e9n kim lo\u1ea1i<\/figcaption><\/figure>    <figure class=\"wp-block-image size-full\"><img loading=\"lazy\" decoding=\"async\" width=\"720\" height=\"540\" src=\"https:\/\/shuliybaler.com\/wp-content\/uploads\/2019\/12\/3.jpg\" alt=\"baler kim lo\u1ea1i \" class=\"wp-image-2037\" title=\"\"><figcaption class=\"wp-element-caption\">M\u00e1y n\u00e9n kim lo\u1ea1i <\/figcaption><\/figure>    <p class=\"translation-block\">Th\u00f4ng s\u1ed1 m\u00f4 h\u00ecnh c\u1ee7a <a href=\"https:\/\/shuliybaler.com\/vi\/vertical-metal-baler\/\">m\u00e1y n\u00e9n kim lo\u1ea1i<\/a> th\u1ec3 hi\u1ec7n l\u1ef1c \u0111\u1ea9y c\u1ee7a m\u00e1y. M\u00f4 h\u00ecnh c\u00e0ng l\u1edbn, l\u1ef1c \u0111\u1ea9y c\u1ee7a m\u00e1y c\u00e0ng l\u1edbn, c\u00f3 ngh\u0129a l\u00e0 c\u00f3 th\u1ec3 x\u1eed l\u00fd l\u01b0\u1ee3ng kim lo\u1ea1i l\u1edbn h\u01a1n. V\u00e0 c\u00f3 th\u1ec3 th\u1ea5y r\u1eb1ng m\u1ed7i lo\u1ea1i m\u00e1y c\u00f3 th\u1ec3 s\u1ea3n xu\u1ea5t kh\u1ed1i kim lo\u1ea1i c\u00f9ng k\u00edch th\u01b0\u1edbc. Khi mua, b\u1ea1n c\u00f3 th\u1ec3 ch\u1ecdn mua m\u00e1y n\u00e9n kim lo\u1ea1i ph\u00f9 h\u1ee3p v\u1edbi k\u00edch th\u01b0\u1edbc kim lo\u1ea1i b\u1ea1n mu\u1ed1n x\u1eed l\u00fd v\u00e0 k\u00edch th\u01b0\u1edbc b\u1ea1n mu\u1ed1n n\u00e9n.<\/p>    <h2 class=\"wp-block-heading\">C\u00e1c y\u1ebfu t\u1ed1 \u1ea3nh h\u01b0\u1edfng \u0111\u1ebfn ch\u1ea5t l\u01b0\u1ee3ng c\u1ee7a m\u00e1y n\u00e9n kim lo\u1ea1i ph\u1ebf li\u1ec7u l\u00e0 g\u00ec?<\/h2>    <figure class=\"wp-block-gallery has-nested-images columns-2 is-cropped wp-block-gallery-4 is-layout-flex wp-block-gallery-is-layout-flex\"> <figure class=\"wp-block-image size-large\"><img loading=\"lazy\" decoding=\"async\" width=\"720\" height=\"540\" data-id=\"2036\" src=\"https:\/\/shuliybaler.com\/wp-content\/uploads\/2019\/12\/11.jpg\" alt=\"b\u00f3 kim lo\u1ea1i nh\u00f4m\" class=\"wp-image-2036\" title=\"\"><figcaption class=\"wp-element-caption\">Bale nh\u00f4m ph\u1ebf li\u1ec7u<\/figcaption><\/figure>    <figure class=\"wp-block-image size-large\"><img loading=\"lazy\" decoding=\"async\" width=\"720\" height=\"540\" data-id=\"2034\" src=\"https:\/\/shuliybaler.com\/wp-content\/uploads\/2019\/12\/10.jpg\" alt=\"b\u00f3 kim lo\u1ea1i nh\u00f4m\" class=\"wp-image-2034\" title=\"\"><figcaption class=\"wp-element-caption\">Bale nh\u00f4m ph\u1ebf li\u1ec7u<\/figcaption><\/figure>    <figure class=\"wp-block-image size-large\"><img loading=\"lazy\" decoding=\"async\" width=\"720\" height=\"540\" data-id=\"2033\" src=\"https:\/\/shuliybaler.com\/wp-content\/uploads\/2019\/12\/timg-18.jpg\" alt=\"b\u00f3 kim lo\u1ea1i nh\u00f4m\" class=\"wp-image-2033\" title=\"\"><figcaption class=\"wp-element-caption\">Bale nh\u00f4m ph\u1ebf li\u1ec7u<\/figcaption><\/figure>    <figure class=\"wp-block-image size-large\"><img loading=\"lazy\" decoding=\"async\" width=\"720\" height=\"540\" data-id=\"2032\" src=\"https:\/\/shuliybaler.com\/wp-content\/uploads\/2019\/12\/10602767033_1781001424.jpg\" alt=\"b\u00f3 kim lo\u1ea1i nh\u00f4m\" class=\"wp-image-2032\" title=\"\"><figcaption class=\"wp-element-caption\">Bale nh\u00f4m ph\u1ebf li\u1ec7u<\/figcaption><\/figure> <\/figure>    <p class=\"translation-block\"><a href=\"https:\/\/shuliybaler.com\/vi\/what-factors-affect-the-quality-of-the-metal-baler\/\">Ch\u00fang ta n\u00ean \u0111\u00e1nh gi\u00e1 ch\u1ea5t l\u01b0\u1ee3ng c\u1ee7a m\u00e1y n\u00e9n kim lo\u1ea1i d\u1ef1a tr\u00ean nh\u1eefng kh\u00eda c\u1ea1nh n\u00e0o?<\/a> M\u00e1y c\u00f3 th\u1ec3 \u0111\u01b0\u1ee3c ch\u1ecdn d\u1ef1a tr\u00ean v\u1eadt li\u1ec7u, h\u1ec7 th\u1ed1ng th\u1ee7y l\u1ef1c, \u00e1p l\u1ef1c t\u1ed1i \u0111a, v.v. Nhi\u1ec7t \u0111\u1ed9 s\u1ebd t\u0103ng khi m\u00e1y ho\u1ea1t \u0111\u1ed9ng, nhi\u1ec7t \u0111\u1ed9 d\u1ea7u th\u1ee7y l\u1ef1c b\u1ecb \u1ea3nh h\u01b0\u1edfng b\u1edfi nhi\u1ec1u l\u00fd do. Ng\u01b0\u1eddi d\u00f9ng c\u00f3 th\u1ec3 nh\u1eadn bi\u1ebft c\u00e1c nguy\u00ean nh\u00e2n sau khi nhi\u1ec7t \u0111\u1ed9 d\u1ea7u th\u1ee7y l\u1ef1c t\u0103ng. V\u00ed d\u1ee5, kh\u1ea3 n\u0103ng t\u1ea3n nhi\u1ec7t c\u1ee7a m\u00e1y n\u00e9n kim lo\u1ea1i k\u00e9m. V\u1edbi s\u1ef1 ph\u00e1t tri\u1ec3n c\u1ee7a ng\u00e0nh c\u00f4ng nghi\u1ec7p.<\/p>    <h2 class=\"wp-block-heading\">Video v\u1ec1 m\u00e1y n\u00e9n kim lo\u1ea1i<\/h2>    <figure class=\"wp-block-embed is-type-video is-provider-youtube wp-block-embed-youtube wp-embed-aspect-16-9 wp-has-aspect-ratio\"><div class=\"wp-block-embed__wrapper\"> <iframe loading=\"lazy\" title=\"Kim lo\u1ea1i nh\u00f4m \u00e9p trong nh\u00e0 m\u00e1y t\u00e1i ch\u1ebf l\u00e0 g\u00ec? | m\u00e1y n\u00e9n kim lo\u1ea1i | m\u00e1y n\u00e9n kim lo\u1ea1i ph\u1ebf li\u1ec7u\" width=\"500\" height=\"281\" src=\"https:\/\/www.youtube.com\/embed\/XzuHDaIrrcI?feature=oembed\" frameborder=\"0\" allow=\"accelerometer; autoplay; clipboard-write; encrypted-media; gyroscope; picture-in-picture; web-share\" referrerpolicy=\"strict-origin-when-cross-origin\" allowfullscreen><\/iframe> <\/div><figcaption class=\"wp-element-caption\">m\u00e1y \u0111\u00f3ng g\u00f3i kim lo\u1ea1i<\/figcaption><\/figure>","protected":false},"excerpt":{"rendered":"<p>Scrap metal baler&nbsp;is used for metal recycling industry metal compression machine, through the processing of the machine can be irregular metal compression into a specific size of the square, easy to transport and storage, the metal baling machine can be used for the metal recycling industry, can also be used for scrap car recycling industry, [&hellip;]<\/p>\n","protected":false},"author":1,"featured_media":2023,"parent":0,"template":"","tags":[],"product-type":[41],"class_list":["post-654","product","type-product","status-publish","has-post-thumbnail","hentry","product-type-metal-baler-machine"],"_links":{"self":[{"href":"https:\/\/shuliybaler.com\/vi\/wp-json\/wp\/v2\/product\/654","targetHints":{"allow":["GET"]}}],"collection":[{"href":"https:\/\/shuliybaler.com\/vi\/wp-json\/wp\/v2\/product"}],"about":[{"href":"https:\/\/shuliybaler.com\/vi\/wp-json\/wp\/v2\/types\/product"}],"author":[{"embeddable":true,"href":"https:\/\/shuliybaler.com\/vi\/wp-json\/wp\/v2\/users\/1"}],"wp:featuredmedia":[{"embeddable":true,"href":"https:\/\/shuliybaler.com\/vi\/wp-json\/wp\/v2\/media\/2023"}],"wp:attachment":[{"href":"https:\/\/shuliybaler.com\/vi\/wp-json\/wp\/v2\/media?parent=654"}],"wp:term":[{"taxonomy":"post_tag","embeddable":true,"href":"https:\/\/shuliybaler.com\/vi\/wp-json\/wp\/v2\/tags?post=654"},{"taxonomy":"product-type","embeddable":true,"href":"https:\/\/shuliybaler.com\/vi\/wp-json\/wp\/v2\/product-type?post=654"}],"curies":[{"name":"wp","href":"https:\/\/api.w.org\/{rel}","templated":true}]}}